{"id":6836,"date":"2018-01-27T13:09:22","date_gmt":"2018-01-27T12:09:22","guid":{"rendered":"https:\/\/www.alliancefrancaise.cz\/introduction\/"},"modified":"2024-10-21T17:26:51","modified_gmt":"2024-10-21T15:26:51","slug":"introduction","status":"publish","type":"page","link":"https:\/\/www.alliancefrancaise.cz\/fr\/","title":{"rendered":"Introduction"},"content":{"rendered":"\n<h1 class=\"wp-block-heading\">Notre r\u00e9seau<\/h1>\n\n\n\n<p>Le r\u00e9seau des Alliances Fran\u00e7aises en R\u00e9publique tch\u00e8que compte 7 Alliances pr\u00e9sentes dans les villes suivantes :<\/p>\n","protected":false},"excerpt":{"rendered":"<p>Notre r\u00e9seau Le r\u00e9seau des Alliances Fran\u00e7aises en R\u00e9publique tch\u00e8que compte 7 Alliances pr\u00e9sentes dans les villes suivantes :<\/p>\n","protected":false},"author":1,"featured_media":0,"parent":0,"menu_order":0,"comment_status":"closed","ping_status":"open","template":"","meta":{"_acf_changed":false,"footnotes":""},"class_list":["post-6836","page","type-page","status-publish","hentry"],"acf":[],"_links":{"self":[{"href":"https:\/\/www.alliancefrancaise.cz\/fr\/wp-json\/wp\/v2\/pages\/6836","targetHints":{"allow":["GET"]}}],"collection":[{"href":"https:\/\/www.alliancefrancaise.cz\/fr\/wp-json\/wp\/v2\/pages"}],"about":[{"href":"https:\/\/www.alliancefrancaise.cz\/fr\/wp-json\/wp\/v2\/types\/page"}],"author":[{"embeddable":true,"href":"https:\/\/www.alliancefrancaise.cz\/fr\/wp-json\/wp\/v2\/users\/1"}],"replies":[{"embeddable":true,"href":"https:\/\/www.alliancefrancaise.cz\/fr\/wp-json\/wp\/v2\/comments?post=6836"}],"version-history":[{"count":5,"href":"https:\/\/www.alliancefrancaise.cz\/fr\/wp-json\/wp\/v2\/pages\/6836\/revisions"}],"predecessor-version":[{"id":6917,"href":"https:\/\/www.alliancefrancaise.cz\/fr\/wp-json\/wp\/v2\/pages\/6836\/revisions\/6917"}],"wp:attachment":[{"href":"https:\/\/www.alliancefrancaise.cz\/fr\/wp-json\/wp\/v2\/media?parent=6836"}],"curies":[{"name":"wp","href":"https:\/\/api.w.org\/{rel}","templated":true}]}}