{"id":18233,"date":"2023-06-21T08:49:11","date_gmt":"2023-06-21T06:49:11","guid":{"rendered":"https:\/\/www.alliancefrancaise.cz\/jiznicechy\/evenements-a-venir\/"},"modified":"2026-02-24T14:32:27","modified_gmt":"2026-02-24T13:32:27","slug":"evenements-a-venir","status":"publish","type":"page","link":"https:\/\/www.alliancefrancaise.cz\/jiznicechy\/fr\/evenements-a-venir\/","title":{"rendered":"\u00c9v\u00e9nements \u00e0 venir"},"content":{"rendered":"\n<p><strong>27\u00e8me Festival du Film Fran\u00e7ais \u2013 \u010cesk\u00e9 Bud\u011bjovice <\/strong><\/p>\n\n<p><\/p>\n\n<p>FR<\/p>\n\n<p><br\/>Le 27\u00e8me Festival du Film Fran\u00e7ais approche ! Il aura lieu \u00e0 \u010cesk\u00e9 Bud\u011bjovice du 21 au 24 novembre 2024, mais \u00e9galement \u00e0 Prague, Brno, Hradec Kr\u00e1lov\u00e9 et Ostrava.    <\/p>\n\n<p>V Biografu Kotva festival uvede sedm p\u0159edpremi\u00e9rov\u00fdch titul\u016f, v jejich\u017e \u010dele stoj\u00ed sn\u00edmek AZNAVOUR inspirovan\u00fd \u017eivotn\u00edmi osudy sv\u011btozn\u00e1m\u00e9ho francouzsk\u00e9ho \u0161ansoni\u00e9ra arm\u00e9nsk\u00e9ho p\u016fvodu Charlese Aznavoura, kter\u00fd prop\u016fj\u010dil tv\u00e1\u0159 leto\u0161n\u00edmu vizu\u00e1lu. Mezi dal\u0161\u00ed o\u010dek\u00e1van\u00e9 sn\u00edmky pat\u0159\u00ed tak\u00e9 dobrodru\u017en\u00fd film SAINT-EXUP\u00c9RY od Pabla Ag\u00fcera nebo milostn\u00e9 drama CIZ\u00cd JAZYK od Claire Burger. <\/p>\n\n<p>Billets disponibles d\u00e8s maintenant sur https:\/\/www.festivalff.cz\/cz\/ <\/p>\n\n<p><\/p>\n\n<p>FR:<\/p>\n\n<p>La 27<sup>e<\/sup> \u00e9dition du Festival du Film Fran\u00e7ais est bient\u00f4t l\u00e0 ! Elle se d\u00e9roulera \u00e0 \u010cesk\u00e9 Bud\u011bjovice du 21 au 24 novembre 2024, mais sera \u00e9galement \u00e0 Prague, Brno, Ostrava et Hradec Kr\u00e1lov\u00e9. <\/p>\n\n<p>Au Biograf Kotva, le festival pr\u00e9sentera sept titres en avant-premi\u00e8re, avec en t\u00eate d&rsquo;affiche MONSIEUR AZNAVOUR, un hommage \u00e0 la vie du c\u00e9l\u00e8bre chansonnier fran\u00e7ais d&rsquo;origine arm\u00e9nienne, qui a inspir\u00e9 le visuel de cette ann\u00e9e. Parmi les autres films tr\u00e8s attendus figurent le biopic de Pablo Ag\u00fcero SAINT-EX et le drame romantique de Claire Burger LANGUE \u00c9TRANG\u00c8RE.\ud83c\udf9f R\u00e9servez vos billets d\u00e8s maintenant sur :<a href=\"https:\/\/www.festivalff.cz\/cz\/\" target=\"_blank\" rel=\"noopener\"> https:\/\/www.festivalff.cz\/cz\/<\/a><\/p>\n","protected":false},"excerpt":{"rendered":"<p>27\u00e8me Festival du Film Fran\u00e7ais \u2013 \u010cesk\u00e9 Bud\u011bjovice FR Le 27\u00e8me Festival du Film Fran\u00e7ais approche ! Il aura lieu \u00e0 \u010cesk\u00e9 Bud\u011bjovice du 21 au 24 novembre&#8230;<\/p>\n","protected":false},"author":1,"featured_media":16299,"parent":0,"menu_order":0,"comment_status":"closed","ping_status":"closed","template":"page-kultura.php","meta":{"_acf_changed":false,"footnotes":""},"class_list":["post-18233","page","type-page","status-publish","has-post-thumbnail","hentry"],"acf":[],"_links":{"self":[{"href":"https:\/\/www.alliancefrancaise.cz\/jiznicechy\/fr\/wp-json\/wp\/v2\/pages\/18233","targetHints":{"allow":["GET"]}}],"collection":[{"href":"https:\/\/www.alliancefrancaise.cz\/jiznicechy\/fr\/wp-json\/wp\/v2\/pages"}],"about":[{"href":"https:\/\/www.alliancefrancaise.cz\/jiznicechy\/fr\/wp-json\/wp\/v2\/types\/page"}],"author":[{"embeddable":true,"href":"https:\/\/www.alliancefrancaise.cz\/jiznicechy\/fr\/wp-json\/wp\/v2\/users\/1"}],"replies":[{"embeddable":true,"href":"https:\/\/www.alliancefrancaise.cz\/jiznicechy\/fr\/wp-json\/wp\/v2\/comments?post=18233"}],"version-history":[{"count":3,"href":"https:\/\/www.alliancefrancaise.cz\/jiznicechy\/fr\/wp-json\/wp\/v2\/pages\/18233\/revisions"}],"predecessor-version":[{"id":18236,"href":"https:\/\/www.alliancefrancaise.cz\/jiznicechy\/fr\/wp-json\/wp\/v2\/pages\/18233\/revisions\/18236"}],"wp:featuredmedia":[{"embeddable":true,"href":"https:\/\/www.alliancefrancaise.cz\/jiznicechy\/fr\/wp-json\/wp\/v2\/media\/16299"}],"wp:attachment":[{"href":"https:\/\/www.alliancefrancaise.cz\/jiznicechy\/fr\/wp-json\/wp\/v2\/media?parent=18233"}],"curies":[{"name":"wp","href":"https:\/\/api.w.org\/{rel}","templated":true}]}}