{"id":6761,"date":"2018-01-27T13:09:22","date_gmt":"2018-01-27T12:09:22","guid":{"rendered":"https:\/\/www.alliancefrancaise.cz\/jiznicechy\/uvod\/"},"modified":"2025-08-20T14:42:43","modified_gmt":"2025-08-20T12:42:43","slug":"uvod","status":"publish","type":"page","link":"https:\/\/www.alliancefrancaise.cz\/jiznicechy\/fr\/","title":{"rendered":"Accueil"},"content":{"rendered":"\n<div class=\"wp-block-cover alignfull is-light hp-first\"><span aria-hidden=\"true\" class=\"wp-block-cover__background has-white-background-color has-background-dim\"><\/span><video class=\"wp-block-cover__video-background intrinsic-ignore\" autoplay muted loop playsinline src=\"https:\/\/www.alliancefrancaise.cz\/jiznicechy\/wp-content\/uploads\/2024\/02\/Video-site-web-3.mp4\" style=\"object-position:57% 29%\" data-object-fit=\"cover\" data-object-position=\"57% 29%\"><\/video><div class=\"wp-block-cover__inner-container is-layout-flow wp-block-cover-is-layout-flow\">\n<div class=\"wp-block-columns are-vertically-aligned-center is-layout-flex wp-container-core-columns-is-layout-9d6595d7 wp-block-columns-is-layout-flex\">\n<div class=\"wp-block-column is-vertically-aligned-center is-layout-flow wp-block-column-is-layout-flow\"><\/div>\n\n\n\n<div class=\"wp-block-column is-vertically-aligned-center blockText is-layout-flow wp-block-column-is-layout-flow\" style=\"flex-basis:60%\">\n<p class=\"has-text-align-center h1 animTop has-red-color has-text-color\">Parlez fran\u00e7ais.<br\/>Vivez en fran\u00e7ais.<\/p>\n\n\n\n<div class=\"wp-block-buttons is-content-justification-center is-layout-flex wp-container-core-buttons-is-layout-16018d1d wp-block-buttons-is-layout-flex\">\n<div class=\"wp-block-button animTop is-style-fill\"><a class=\"wp-block-button__link wp-element-button\" href=\"https:\/\/www.alliancefrancaise.cz\/jiznicechy\/kategorie-kurzu\/obecna-francouzstina\/\" target=\"_blank\" rel=\"noreferrer noopener\">Voir les cours<\/a><\/div>\n<\/div>\n<\/div>\n<\/div>\n<\/div><\/div>\n\n<div class=\"wp-block-columns is-layout-flex wp-container-core-columns-is-layout-9d6595d7 wp-block-columns-is-layout-flex\">\n<div class=\"wp-block-column is-vertically-aligned-center is-layout-flow wp-block-column-is-layout-flow\">\n<h1 class=\"wp-block-heading\">Parlez fran\u00e7ais<\/h1>\n\n\n\n<p>L\u2019Alliance Fran\u00e7aise Ji\u017en\u00ed \u010cechy est la r\u00e9f\u00e9rence dans l\u2019enseignement du fran\u00e7ais \u00e0 \u010cesk\u00e9 Bud\u011bjovice et en Boh\u00eame du Sud depuis 2004.<\/p>\n\n\n\n<p>Avec plus de 800 centres dans 132 pays et plus de 500 000 \u00e9tudiants, l\u2019Alliance Fran\u00e7aise est le plus vaste r\u00e9seau de diffusion de la langue fran\u00e7aise et des cultures francophones au niveau international.<\/p>\n\n\n\n<p>Nous proposons le plus riche catalogue de cours de fran\u00e7ais disponible, pour les enfants comme pour les adultes, des niveaux d\u00e9butants complets aux niveaux experts, des cours de fran\u00e7ais g\u00e9n\u00e9ral aux cours sp\u00e9cialis\u00e9s (conversation, grammaire, fran\u00e7ais du voyage, pr\u00e9paration aux examens DELF \/ DALF, etc.).<\/p>\n<\/div>\n\n\n\n<div class=\"wp-block-column is-vertically-aligned-center is-layout-flow wp-block-column-is-layout-flow\">\n<figure class=\"wp-block-image size-full mx-lg-5 animZoom is-style-default\"><img loading=\"lazy\" decoding=\"async\" width=\"1414\" height=\"2000\" src=\"https:\/\/www.alliancefrancaise.cz\/jiznicechy\/wp-content\/uploads\/2024\/02\/Femme-Accueil.png\" alt=\"\" class=\"wp-image-7102\" style=\"aspect-ratio:3\/4;object-fit:contain\" srcset=\"https:\/\/www.alliancefrancaise.cz\/jiznicechy\/wp-content\/uploads\/2024\/02\/Femme-Accueil.png 1414w, https:\/\/www.alliancefrancaise.cz\/jiznicechy\/wp-content\/uploads\/2024\/02\/Femme-Accueil-325x460.png 325w, https:\/\/www.alliancefrancaise.cz\/jiznicechy\/wp-content\/uploads\/2024\/02\/Femme-Accueil-962x1360.png 962w, https:\/\/www.alliancefrancaise.cz\/jiznicechy\/wp-content\/uploads\/2024\/02\/Femme-Accueil-768x1086.png 768w\" sizes=\"auto, (max-width: 1414px) 100vw, 1414px\" \/><\/figure>\n<\/div>\n<\/div>\n\n<div style=\"height:50px\" aria-hidden=\"true\" class=\"wp-block-spacer\"><\/div>\n<div class=\"row kategorieKurzu my-4 position-relative\"><div class=\"col-md-8 order-md-1 order-2\"><div class=\"row\"><div class=\"col-md-6 my-4 animTop\"><div class=\"obalKategorieKurzu p-4 pt-5 h-100 w-100\"><h3 class=\"h5 mb-3\"><a href=\"https:\/\/www.alliancefrancaise.cz\/jiznicechy\/fr\/kategorie-kurzu\/obecna-francouzstina\/\">Cours de fran\u00e7ais collectifs<\/a><\/h3><p>Cours de fran\u00e7ais classiques Enseignement selon le manuel (ou plusieurs manuels), grammaire, conversation compl\u00e9t\u00e9e par des \u00e9coutes, des enregistrements vid\u00e9o, etc.<\/p><a href=\"https:\/\/www.alliancefrancaise.cz\/jiznicechy\/fr\/kategorie-kurzu\/obecna-francouzstina\/\" class=\"btn btnMore\">Voir les cours<\/a><\/div><\/div><div class=\"col-md-6 my-4 animTop\"><div class=\"obalKategorieKurzu p-4 pt-5 h-100 w-100\"><h3 class=\"h5 mb-3\"><a href=\"https:\/\/www.alliancefrancaise.cz\/jiznicechy\/fr\/kategorie-kurzu\/francouzske-konverzace\/\">Cours de conversation<\/a><\/h3><p>Id\u00e9al pour ceux qui ont peu de temps pour parler fran\u00e7ais !<\/p><a href=\"https:\/\/www.alliancefrancaise.cz\/jiznicechy\/fr\/kategorie-kurzu\/francouzske-konverzace\/\" class=\"btn btnMore\">Voir les cours<\/a><\/div><\/div><div class=\"col-md-6 my-4 animTop\"><div class=\"obalKategorieKurzu p-4 pt-5 h-100 w-100\"><h3 class=\"h5 mb-3\"><a href=\"https:\/\/www.alliancefrancaise.cz\/jiznicechy\/fr\/kategorie-kurzu\/deti-6-12-let-a-mladez-13-16-let\/\">Enfants (6-12 ans) et jeunes (13-16 ans)<\/a><\/h3><p>Cours pour enfants Cours de fran\u00e7ais classique ou de fran\u00e7ais avec des jeux (selon l&#039;\u00e2ge de l&#039;enfant), des chansons, des comptines, des cours avec des livres.<\/p><a href=\"https:\/\/www.alliancefrancaise.cz\/jiznicechy\/fr\/kategorie-kurzu\/deti-6-12-let-a-mladez-13-16-let\/\" class=\"btn btnMore\">Voir les cours<\/a><\/div><\/div><div class=\"col-md-6 my-4 animTop\"><div class=\"obalKategorieKurzu p-4 pt-5 h-100 w-100\"><h3 class=\"h5 mb-3\"><a href=\"https:\/\/www.alliancefrancaise.cz\/jiznicechy\/fr\/kategorie-kurzu\/seniori-60-let-a-vice\/\">Seniors (60 ans et plus)<\/a><\/h3><p>Apprenez le fran\u00e7ais avec des personnes de votre g\u00e9n\u00e9ration.<\/p><a href=\"https:\/\/www.alliancefrancaise.cz\/jiznicechy\/fr\/kategorie-kurzu\/seniori-60-let-a-vice\/\" class=\"btn btnMore\">Voir les cours<\/a><\/div><\/div><\/div><\/div><div class=\"col-md-4 order-md-2 order-1 mt-4 pb-300\"><\/div><\/div>","protected":false},"excerpt":{"rendered":"<p>Parlez fran\u00e7ais L\u2019Alliance Fran\u00e7aise Ji\u017en\u00ed \u010cechy est la r\u00e9f\u00e9rence dans l\u2019enseignement du fran\u00e7ais \u00e0 \u010cesk\u00e9 Bud\u011bjovice et en Boh\u00eame du Sud depuis 2004. Avec plus de 800 centres&#8230;<\/p>\n","protected":false},"author":1,"featured_media":7170,"parent":0,"menu_order":0,"comment_status":"closed","ping_status":"open","template":"","meta":{"_acf_changed":false,"footnotes":""},"class_list":["post-6761","page","type-page","status-publish","has-post-thumbnail","hentry"],"acf":[],"_links":{"self":[{"href":"https:\/\/www.alliancefrancaise.cz\/jiznicechy\/fr\/wp-json\/wp\/v2\/pages\/6761","targetHints":{"allow":["GET"]}}],"collection":[{"href":"https:\/\/www.alliancefrancaise.cz\/jiznicechy\/fr\/wp-json\/wp\/v2\/pages"}],"about":[{"href":"https:\/\/www.alliancefrancaise.cz\/jiznicechy\/fr\/wp-json\/wp\/v2\/types\/page"}],"author":[{"embeddable":true,"href":"https:\/\/www.alliancefrancaise.cz\/jiznicechy\/fr\/wp-json\/wp\/v2\/users\/1"}],"replies":[{"embeddable":true,"href":"https:\/\/www.alliancefrancaise.cz\/jiznicechy\/fr\/wp-json\/wp\/v2\/comments?post=6761"}],"version-history":[{"count":20,"href":"https:\/\/www.alliancefrancaise.cz\/jiznicechy\/fr\/wp-json\/wp\/v2\/pages\/6761\/revisions"}],"predecessor-version":[{"id":17317,"href":"https:\/\/www.alliancefrancaise.cz\/jiznicechy\/fr\/wp-json\/wp\/v2\/pages\/6761\/revisions\/17317"}],"wp:featuredmedia":[{"embeddable":true,"href":"https:\/\/www.alliancefrancaise.cz\/jiznicechy\/fr\/wp-json\/wp\/v2\/media\/7170"}],"wp:attachment":[{"href":"https:\/\/www.alliancefrancaise.cz\/jiznicechy\/fr\/wp-json\/wp\/v2\/media?parent=6761"}],"curies":[{"name":"wp","href":"https:\/\/api.w.org\/{rel}","templated":true}]}}