{"id":6812,"date":"2023-06-26T10:30:53","date_gmt":"2023-06-26T08:30:53","guid":{"rendered":"https:\/\/www.alliancefrancaise.cz\/jiznicechy\/qui-sommes-nous\/"},"modified":"2026-01-29T10:36:24","modified_gmt":"2026-01-29T09:36:24","slug":"qui-sommes-nous","status":"publish","type":"page","link":"https:\/\/www.alliancefrancaise.cz\/jiznicechy\/fr\/qui-sommes-nous\/","title":{"rendered":"Qui sommes-nous ?"},"content":{"rendered":"\n<p>Qui sommes nous ? L\u2019Alliance Fran\u00e7aise de Boh\u00eame du Sud est une association sans but lucratif cr\u00e9\u00e9e en 2004 d\u00e9di\u00e9e \u00e0 la promotion de la langue fran\u00e7aise et des cultures fran\u00e7aises et francophones. Cr\u00e9\u00e9e en 2004, l\u2019Alliance Fran\u00e7aise de Boh\u00eame du Sud est la seule institution officielle d\u00e9di\u00e9e \u00e0 la langue fran\u00e7aise \u00e0 \u010cesk\u00e9 Bud\u011bjovice. Chaque ann\u00e9e, environ 200 \u00e9tudiants viennent y apprendre le fran\u00e7ais dans un environnement convivial et interculturel.<\/p>\n\n<p>L\u2019Alliance Fran\u00e7aise de Boh\u00eame du Sud est une association \u00e9ducative et culturelle locale \u00e0 but non lucratif, affili\u00e9e au r\u00e9seau international des Alliances Fran\u00e7aises. <strong>Avec plus de 800 centres dans 132 pays et plus de 500 000 \u00e9tudiants<\/strong>, l\u2019Alliance Fran\u00e7aise est le plus vaste r\u00e9seau de diffusion de la langue fran\u00e7aise et des cultures francophones au niveau international. En R\u00e9publique Tch\u00e8que, les francophiles peuvent partager leur enthousiasme \u00e0 Brno, Liberec, Pardubice, Plzen et Ostrava !<\/p>\n\n<figure class=\"wp-block-image size-large is-resized\"><img loading=\"lazy\" decoding=\"async\" width=\"1360\" height=\"765\" src=\"https:\/\/www.alliancefrancaise.cz\/jiznicechy\/wp-content\/uploads\/2024\/02\/Kdo-jsme--1360x765.png\" alt=\"Qui sommes-nous ?\" class=\"wp-image-6810\" style=\"width:478px;height:auto\" srcset=\"https:\/\/www.alliancefrancaise.cz\/jiznicechy\/wp-content\/uploads\/2024\/02\/Kdo-jsme--1360x765.png 1360w, https:\/\/www.alliancefrancaise.cz\/jiznicechy\/wp-content\/uploads\/2024\/02\/Kdo-jsme--460x259.png 460w, https:\/\/www.alliancefrancaise.cz\/jiznicechy\/wp-content\/uploads\/2024\/02\/Kdo-jsme--768x432.png 768w, https:\/\/www.alliancefrancaise.cz\/jiznicechy\/wp-content\/uploads\/2024\/02\/Kdo-jsme-.png 1366w\" sizes=\"auto, (max-width: 1360px) 100vw, 1360px\" \/><\/figure>\n\n<h5 class=\"wp-block-heading\">Nos missions<\/h5>\n\n<p>Lieu d\u2019\u00e9changes interculturels, l\u2019Alliance fran\u00e7aise de Boh\u00eame du Sud remplit au quotidien les missions suivantes :<\/p>\n\n<ul class=\"wp-block-list\">\n<li>Proposer des <strong>cours de fran\u00e7ais de qualit\u00e9<\/strong> adapt\u00e9s \u00e0 tous les niveaux et \u00e0 tous les publics ;<\/li>\n\n\n\n<li><strong>Promouvoir la diversit\u00e9 culturelle<\/strong> et notamment la culture fran\u00e7aise et les cultures francophones, \u00e0 travers l\u2019organisation d\u2019activit\u00e9s culturelles pour tous ;<\/li>\n\n\n\n<li><strong>Accompagner le d\u00e9veloppement de la coop\u00e9ration franco-tch\u00e8que dans tous les domaines<\/strong> : linguistique, \u00e9ducatif, culturel, etc. ;<\/li>\n\n\n\n<li>Faire office de <strong>centre d\u2019examen pour les certifications de fran\u00e7ais<\/strong> : l\u2019Alliance est le seul centre agr\u00e9\u00e9 de passage et de d\u00e9livrance des examens DELF-DALF en Boh\u00eame du Sud.<\/li>\n\n\n\n<li><strong>Soutenir toute initiative visant \u00e0 rapprocher la R\u00e9publique Tch\u00e8que et la France.<\/strong><\/li>\n<\/ul>\n\n<p>En juin 2007, l\u00b4Alliance fran\u00e7aise de Boh\u00eame du Sud s\u2019est vue d\u00e9cerner le prix europ\u00e9en des langues, Label 2007, attribu\u00e9 par l\u00b4Union Europ\u00e9enne. L\u00b4Alliance a obtenu ce prix pour avoir mis en sc\u00e8ne une pi\u00e8ce de th\u00e9\u00e2tre franco-espagnole.<\/p>\n\n<p>D\u00e9couvrez une \u00e9quipe dynamique et passionn\u00e9e \u00e0 votre service !<\/p>\n\n<h1 class=\"wp-block-heading\">Notre \u00e9quipe<\/h1>\n\n<h5 class=\"wp-block-heading\">Le Conseil d\u2019administration<\/h5>\n\n<p>L\u2019Alliance Fran\u00e7aise de Boh\u00eame du Sud est une association \u00e0 but non lucratif avec \u00e0 sa t\u00eate un Conseil d\u2019administration :<\/p>\n\n<ul class=\"wp-block-list\">\n<li><strong>Pr\u00e9sident :<\/strong> Dr. Mgr. Ivo Petr\u016f<\/li>\n\n\n\n<li><strong>Vice-pr\u00e9sident <\/strong>: Mr Fran\u00e7ois Lebrun<\/li>\n\n\n\n<li><strong>Tr\u00e9sorier<\/strong> : M. Mo\u00efse Lemonnier<\/li>\n\n\n\n<li><strong>Secr\u00e9taire<\/strong> : Mme. Caroline Zoubek<\/li>\n\n\n\n<li>Fran\u00e7ois-Xavier Mas<\/li>\n\n\n\n<li>Quentin Rivi\u00e8re<\/li>\n\n\n\n<li>Lucie K\u00e1plov\u00e1<\/li>\n<\/ul>\n\n<h5 class=\"wp-block-heading\">L\u2019\u00e9quipe administrative et p\u00e9dagogique<\/h5>\n<div id=\"kontaktniOsoby-block_d9c008963c7191d1658492b5b0e3f411\" class=\"kontaktyOsoby justify-content-center\">\n        <div class=\"osoba row mb-4 animTop \">\n        <div class=\"col-md-3 text-center order-md-2\">\n\n\n            <div class=\"jmeno h5 mb-0 text-black\">C\u00e9cile Sanz<\/div><div class=\"pozice mb-3\">Directrice<\/div>\n        <\/div>\n        <div class=\"col-md-9 order-md-3\">\n            <div class=\"obalTextuOsoby text-black\"><p>N\u00e9e en France et dipl\u00f4m\u00e9e en Relations Internationales, elle a enrichi son parcours au Ghana et au Tadjikistan avant de poser ses valises en R\u00e9publique Tch\u00e8que.<br \/>\n Aujourd&rsquo;hui professeure et directrice, elle veille \u00e0 faire de l\u2019Alliance Fran\u00e7aise un lieu de vie. Avec l\u2019aide de ses coll\u00e8gues, elle y accueille chaleureusement tous les publics, du grand d\u00e9butant au bilingue, pour partager la langue fran\u00e7aise sous toutes ses formes : cours vivants, \u00e9v\u00e9nements festifs et ressources de la m\u00e9diath\u00e8que !  <\/p>\n<\/div>        <\/div>\n    <\/div>\n        <div class=\"osoba row mb-4 animTop \">\n        <div class=\"col-md-3 text-center order-md-3\">\n\n\n            <div class=\"jmeno h5 mb-0 text-black\">Zuzana \u010cern\u00e1<\/div><div class=\"pozice mb-3\">Assistante administrative<\/div>\n        <\/div>\n        <div class=\"col-md-9 order-md-1 opacnaSipka\">\n            <div class=\"obalTextuOsoby text-black\"><p>Originaire de \u010cesk\u00e9 Bud\u011bjovice, elle a \u00e9tudi\u00e9 le fran\u00e7ais au lyc\u00e9e de \u010cesk\u00e1 et \u00e0 la facult\u00e9 d\u2019\u00e9ducation de l\u2019universit\u00e9 Masaryk de Brno, ainsi qu\u2019\u00e0 l\u2019Institut INALCO \u00e0 Paris. En plus de son travail pour l\u2019AF, o\u00f9 elle travaille depuis janvier 2022, elle propose aux entreprises et aux particuliers des services d\u2019interpr\u00e9tariat et de traduction \u00e0 partir du fran\u00e7ais, et travaille \u00e9galement dans le secteur social. Elle aime les voyages, la musique et la nature.<\/p>\n<\/div>        <\/div>\n    <\/div>\n        <div class=\"osoba row mb-4 animTop \">\n        <div class=\"col-md-3 text-center order-md-2\">\n\n\n            <div class=\"jmeno h5 mb-0 text-black\">Aly Djiba<\/div><div class=\"pozice mb-3\">Professeur<\/div>\n        <\/div>\n        <div class=\"col-md-9 order-md-3\">\n            <div class=\"obalTextuOsoby text-black\"><p>D\u2019origine s\u00e9n\u00e9galaise, Aly enseigne \u00e0 l\u2019Alliance Fran\u00e7aise depuis plus de 10 ans et est la v\u00e9ritable m\u00e9moire de l\u2019association. Toujours le sourire aux l\u00e8vres, Aly est \u00e9galement sp\u00e9cialis\u00e9 dans les th\u00e9matiques d\u2019am\u00e9nagement du territoire et des grandes questions sur la France.<\/p>\n<\/div>        <\/div>\n    <\/div>\n        <div class=\"osoba row mb-4 animTop \">\n        <div class=\"col-md-3 text-center order-md-3\">\n\n\n            <div class=\"jmeno h5 mb-0 text-black\">Eli\u0161ka Binterov\u00e1<\/div><div class=\"pozice mb-3\">Proefsseure<\/div>\n        <\/div>\n        <div class=\"col-md-9 order-md-1 opacnaSipka\">\n            <div class=\"obalTextuOsoby text-black\"><p>Eli\u0161ka est n\u00e9e \u00e0 T\u00e1bor et a v\u00e9cu toute sa vie \u00e0 \u010cesk\u00e9 Bud\u011bjovice ponctu\u00e9 de quelques s\u00e9jours en France. Elle a appliqu\u00e9 ses \u00e9tudes du tch\u00e8que et du fran\u00e7ais surtout au Lyc\u00e9e \u010cesk\u00e1. A l\u2019AF, elle a enseign\u00e9 au cercle d\u2019enseignement du fran\u00e7ais dans les \u00e9coles primaires. Elle organise les Olympiades r\u00e9gionales en fran\u00e7ais en collaboration avec NIDV, SUF, IFP et l\u2019AF.<\/p>\n<\/div>        <\/div>\n    <\/div>\n        <div class=\"osoba row mb-4 animTop \">\n        <div class=\"col-md-3 text-center order-md-2\">\n\n\n            <div class=\"jmeno h5 mb-0 text-black\">Alexandre Geny<\/div><div class=\"pozice mb-3\">Professeur<\/div>\n        <\/div>\n        <div class=\"col-md-9 order-md-3\">\n            <div class=\"obalTextuOsoby text-black\"><p>3 enfants, install\u00e9 \u00e0 Cesk\u00e9 Budejovice et enseignant au Gymnazium de Pisek depuis 2018. Apr\u00e8s des \u00e9tudes d\u2019histoire, Alexandre a travaill\u00e9 dans des associations ainsi que pour le minist\u00e8re de la Jeunesse et des Sports avant de s\u2019orienter vers l\u2019enseignement du Fran\u00e7ais Langue Etrang\u00e8re pour partager la langue et les cultures fran\u00e7aises et francophones.<\/p>\n<\/div>        <\/div>\n    <\/div>\n        <div class=\"osoba row mb-4 animTop \">\n        <div class=\"col-md-3 text-center order-md-3\">\n\n\n            <div class=\"jmeno h5 mb-0 text-black\">Valentin Nambot<\/div><div class=\"pozice mb-3\">Professeur<\/div>\n        <\/div>\n        <div class=\"col-md-9 order-md-1 opacnaSipka\">\n            <div class=\"obalTextuOsoby text-black\"><p>Originaire d\u2019Angers, il enseigne \u00e0 l\u2019Alliance Fran\u00e7aise de Boh\u00eame du Sud depuis janvier 2023. Il a d\u2019abord travaill\u00e9 dans le tourisme comme agent de voyage et comme agent d\u2019accueil dans un site culturel avant de devenir professeur de fran\u00e7ais. Apr\u00e8s une premi\u00e8re exp\u00e9rience d\u2019enseignement \u00e0 l\u2019Alliance Fran\u00e7aise de Plze\u0148, il est tr\u00e8s heureux d\u2019\u00eatre de retour en R\u00e9publique tch\u00e8que pour transmettre et partager sa passion de la langue fran\u00e7aise et des cultures francophones.<\/p>\n<\/div>        <\/div>\n    <\/div>\n        <div class=\"osoba row mb-4 animTop \">\n        <div class=\"col-md-3 text-center order-md-2\">\n\n\n            <div class=\"jmeno h5 mb-0 text-black\">Krist\u00fdna Juri\u0161ov\u00e1<\/div><div class=\"pozice mb-3\">Proefsseure<\/div>\n        <\/div>\n        <div class=\"col-md-9 order-md-3\">\n            <div class=\"obalTextuOsoby text-black\"><p>Je m&rsquo;appelle Krist\u00fdna Juri\u0161ov\u00e1 et le fran\u00e7ais est mon univers tant sur le plan acad\u00e9mique que professionnel. Je m&rsquo;y consacre dans le cadre de mes \u00e9tudes et de mes recherches \u00e0 l&rsquo;Universit\u00e9 de Boh\u00eame du Sud et, depuis trois ans d\u00e9j\u00e0, en tant que professeure \u00e0 l&rsquo;Alliance fran\u00e7aise. J&rsquo;ai eu l&rsquo;occasion de visiter la France \u00e0 plusieurs reprises, et les deux ann\u00e9es que j&rsquo;ai pass\u00e9es \u00e0 Paris comptent parmi les plus belles exp\u00e9riences de ma vie. Je me r\u00e9jouis de partager (et peut-\u00eatre m\u00eame d&rsquo;approfondir) avec vous mon amour pour la langue fran\u00e7aise \ud83c\uddeb\ud83c\uddf7\u2728   <\/p>\n<\/div>        <\/div>\n    <\/div>\n        <div class=\"osoba row mb-4 animTop \">\n        <div class=\"col-md-3 text-center order-md-3\">\n\n\n            <div class=\"jmeno h5 mb-0 text-black\">Tereza Heiderova<\/div><div class=\"pozice mb-3\">Proefsseure<\/div>\n        <\/div>\n        <div class=\"col-md-9 order-md-1 opacnaSipka\">\n            <div class=\"obalTextuOsoby text-black\"><p>Je viens de Prague, j\u2019ai \u00e9tudi\u00e9 le fran\u00e7ais au lyc\u00e9e Jan Neruda et \u00e0 la facult\u00e9 de lettres de l\u2019universit\u00e9 Palack\u00fd \u00e0 Olomouc. Lorsque nous vivions encore \u00e0 Prague, j\u2019ai enseign\u00e9 le fran\u00e7ais au lyc\u00e9e Na Pra\u017ea\u010dka. J\u2019aime le th\u00e9\u00e2tre, et j\u2019avais l\u2019habitude de pr\u00e9parer des repr\u00e9sentations th\u00e9\u00e2trales en fran\u00e7ais avec mes \u00e9l\u00e8ves. Mon amour pour le fran\u00e7ais ne m\u2019a pas quitt\u00e9e, m\u00eame pendant mon cong\u00e9 de maternit\u00e9. Je traduis des livres pour enfants \u00e0 partir du fran\u00e7ais et je suis garante des examens de fran\u00e7ais au TFJU. J\u2019enseigne \u00e0 l\u2019Alliance fran\u00e7aise depuis septembre 2023. Mon mari et moi avons cinq enfants, ma vie est donc pleine d\u2019aventures et d\u2019impr\u00e9vus. J\u2019aime la lecture, les promenades dans la nature et les conversations amicales autour d\u2019un verre de vin fran\u00e7ais.<\/p>\n<\/div>        <\/div>\n    <\/div>\n    <\/div>\n","protected":false},"excerpt":{"rendered":"<p>Qui sommes nous ? L\u2019Alliance Fran\u00e7aise de Boh\u00eame du Sud est une association sans but lucratif cr\u00e9\u00e9e en 2004 d\u00e9di\u00e9e \u00e0 la promotion de la langue fran\u00e7aise et&#8230;<\/p>\n","protected":false},"author":1,"featured_media":6811,"parent":0,"menu_order":0,"comment_status":"closed","ping_status":"closed","template":"","meta":{"_acf_changed":false,"footnotes":""},"class_list":["post-6812","page","type-page","status-publish","has-post-thumbnail","hentry"],"acf":[],"_links":{"self":[{"href":"https:\/\/www.alliancefrancaise.cz\/jiznicechy\/fr\/wp-json\/wp\/v2\/pages\/6812","targetHints":{"allow":["GET"]}}],"collection":[{"href":"https:\/\/www.alliancefrancaise.cz\/jiznicechy\/fr\/wp-json\/wp\/v2\/pages"}],"about":[{"href":"https:\/\/www.alliancefrancaise.cz\/jiznicechy\/fr\/wp-json\/wp\/v2\/types\/page"}],"author":[{"embeddable":true,"href":"https:\/\/www.alliancefrancaise.cz\/jiznicechy\/fr\/wp-json\/wp\/v2\/users\/1"}],"replies":[{"embeddable":true,"href":"https:\/\/www.alliancefrancaise.cz\/jiznicechy\/fr\/wp-json\/wp\/v2\/comments?post=6812"}],"version-history":[{"count":5,"href":"https:\/\/www.alliancefrancaise.cz\/jiznicechy\/fr\/wp-json\/wp\/v2\/pages\/6812\/revisions"}],"predecessor-version":[{"id":18038,"href":"https:\/\/www.alliancefrancaise.cz\/jiznicechy\/fr\/wp-json\/wp\/v2\/pages\/6812\/revisions\/18038"}],"wp:featuredmedia":[{"embeddable":true,"href":"https:\/\/www.alliancefrancaise.cz\/jiznicechy\/fr\/wp-json\/wp\/v2\/media\/6811"}],"wp:attachment":[{"href":"https:\/\/www.alliancefrancaise.cz\/jiznicechy\/fr\/wp-json\/wp\/v2\/media?parent=6812"}],"curies":[{"name":"wp","href":"https:\/\/api.w.org\/{rel}","templated":true}]}}