{"id":6926,"date":"2018-08-05T10:21:42","date_gmt":"2018-08-05T08:21:42","guid":{"rendered":"https:\/\/www.alliancefrancaise.cz\/jiznicechy\/contact\/"},"modified":"2025-08-20T13:55:31","modified_gmt":"2025-08-20T11:55:31","slug":"contact","status":"publish","type":"page","link":"https:\/\/www.alliancefrancaise.cz\/jiznicechy\/fr\/contact\/","title":{"rendered":"Contact"},"content":{"rendered":"\n<div class=\"wp-block-group\"><div class=\"wp-block-group__inner-container is-layout-constrained wp-block-group-is-layout-constrained\">\n<div class=\"wp-block-columns is-layout-flex wp-container-core-columns-is-layout-9d6595d7 wp-block-columns-is-layout-flex\">\n<div class=\"wp-block-column is-layout-flow wp-block-column-is-layout-flow\">\n<h2 class=\"wp-block-heading h3\">Coordonn\u00e9es<\/h2>\n\n\n<ul id=\"kontakty-block_06c4a703eeb129164c3f77c5b8cf73c2\" class=\"kontakty\">\n        <li class=\"mb-4\">\n        <img loading=\"lazy\" decoding=\"async\" width=\"1\" height=\"1\" src=\"https:\/\/www.alliancefrancaise.cz\/jiznicechy\/wp-content\/uploads\/2023\/06\/pin.svg\" class=\"ikonaKontaktu\" alt=\"\" \/>        <div class=\"textkontaktu\"><p><span class=\"nom\">Alliance Fran\u00e7aise Ji\u017en\u00ed \u010cechy<\/span><\/p>\n<p><span class=\"rue\">N\u00e1m\u011bst\u00ed P\u0159emysla Otakara II, 21<\/span><\/p>\n<p><span class=\"code_postal\">\u010cesk\u00e9 Bud\u011bjovice &#8211; 37001<\/span> <\/p>\n<\/div>\n    <\/li>\n    <\/ul>\n\n\n\n<h2 class=\"wp-block-heading h3\">Secr\u00e9tariat<\/h2>\n\n\n<ul id=\"kontakty-block_9ca052ee13e8339ccbcb40ccb28b24a4\" class=\"kontakty\">\n        <li class=\"\">\n        <img loading=\"lazy\" decoding=\"async\" width=\"1\" height=\"1\" src=\"https:\/\/www.alliancefrancaise.cz\/jiznicechy\/wp-content\/uploads\/2023\/06\/telefon.svg\" class=\"ikonaKontaktu\" alt=\"\" \/>        <div class=\"textkontaktu\"><p>(+420) 721 416 034<\/p>\n<\/div>\n    <\/li>\n        <li class=\"mb-4\">\n        <img loading=\"lazy\" decoding=\"async\" width=\"1\" height=\"1\" src=\"https:\/\/www.alliancefrancaise.cz\/jiznicechy\/wp-content\/uploads\/2023\/06\/email.svg\" class=\"ikonaKontaktu\" alt=\"\" \/>        <div class=\"textkontaktu\"><p><a href=\"mailto:jiznicechy@alliancefrancaise.cz\">jiznicechy@alliancefrancaise.cz<\/a><\/p>\n<\/div>\n    <\/li>\n    <\/ul>\n\n\n\n<h2 class=\"wp-block-heading h3\">Inscription \u00e0 la newsletter<\/h2>\n\n\n\n<div id=\"mc_embed_shell\">\n      <link href=\"\/\/cdn-images.mailchimp.com\/embedcode\/classic-061523.css\" rel=\"stylesheet\" type=\"text\/css\"\/>\n  <style type=\"text\/css\">\n        #mc_embed_signup{background:#fff; false;clear:left; font:14px Helvetica,Arial,sans-serif; width: 600px;}\n        \/* Add your own Mailchimp form style overrides in your site stylesheet or in this style block.\n           We recommend moving this block and the preceding CSS link to the HEAD of your HTML file. *\/\n<\/style>\n<div id=\"mc_embed_signup\">\n    <form action=\"https:\/\/alliancefrancaise.us18.list-manage.com\/subscribe\/post?u=dedfef6a91fb2fbd905cba1b2&#038;id=edadb159e3&#038;f_id=009397e6f0\" method=\"post\" id=\"mc-embedded-subscribe-form\" name=\"mc-embedded-subscribe-form\" class=\"validate\" target=\"_blank\">\n        <div id=\"mc_embed_signup_scroll\">\n            <div class=\"indicates-required\"><span class=\"asterisk\">*<\/span> obligatoire<\/div>\n            <div class=\"mc-field-group\"><label for=\"mce-EMAIL\">Adresse email <span class=\"asterisk\">*<\/span><\/label><input type=\"email\" name=\"EMAIL\" class=\"required email\" id=\"mce-EMAIL\" required=\"\" value=\"\"\/><\/div>\n        <div id=\"mce-responses\" class=\"clear foot\">\n            <div class=\"response\" id=\"mce-error-response\" style=\"display: none;\"><\/div>\n            <div class=\"response\" id=\"mce-success-response\" style=\"display: none;\"><\/div>\n        <\/div>\n    <div aria-hidden=\"true\" style=\"position: absolute; left: -5000px;\">\n \/* Les personnes r\u00e9elles ne devraient pas remplir ce formulaire et s&rsquo;attendre \u00e0 de bonnes choses &#8211; ne le supprimez pas ou vous risquez de voir des robots s&rsquo;inscrire dans le formulaire *\/.\n        <input type=\"text\" name=\"b_dedfef6a91fb2fbd905cba1b2_edadb159e3\" tabindex=\"-1\" value=\"\"\/>\n    <\/div>\n        <div class=\"optionalParent\">\n            <div class=\"clear foot\">\n                <input type=\"submit\" name=\"subscribe\" id=\"mc-embedded-subscribe\" class=\"button\" value=\"Inscription\"\/>\n                <p style=\"margin: 0px auto;\"><a href=\"http:\/\/eepurl.com\/iKVLO2\" title=\"Avec Mailchimp, les campagnes de marketing par e-mail sont un jeu d&#039;enfant\" target=\"_blank\" rel=\"noopener\"><span style=\"display: inline-block; background-color: transparent; border-radius: 4px;\"><img decoding=\"async\" class=\"refferal_badge\" src=\"https:\/\/digitalasset.intuit.com\/render\/content\/dam\/intuit\/mc-fe\/en_us\/images\/intuit-mc-rewards-text-dark.svg\" alt=\"Intuit Mailchimp\" style=\"width: 220px; height: 40px; display: flex; padding: 2px 0px; justify-content: center; align-items: center;\"\/><\/span><\/a><\/p>\n            <\/div>\n        <\/div>\n    <\/div>\n<\/form>\n<\/div>\n<script type=\"text\/javascript\" src=\"\/\/s3.amazonaws.com\/downloads.mailchimp.com\/js\/mc-validate.js\"><\/script><script type=\"text\/javascript\">(function($) {window.fnames = new Array(); window.ftypes = new Array();fnames[0]='EMAIL';ftypes[0]='email';fnames[1]='FNAME';ftypes[1]='text';fnames[2]='LNAME';ftypes[2]='text';fnames[3]='ADDRESS';ftypes[3]='address';fnames[4]='PHONE';ftypes[4]='phone';fnames[5]='BIRTHDAY';ftypes[5]='birthday';}(jQuery));var $mcj = jQuery.noConflict(true);<\/script><\/div>\n\n\n\n<h2 class=\"wp-block-heading h3\">Informations de facturation<\/h2>\n\n\n<ul id=\"kontakty-block_5c8f57ceec18c78b706405544035b3c2\" class=\"kontakty\">\n        <li class=\"mb-4\">\n                <div class=\"textkontaktu\"><p><strong>Alliance franc\u0327aise Jiz\u030cni\u0301 C\u030cechy z.s.<\/strong><\/p>\n<p><span style=\"font-weight: 400;\">N\u00e1m. P\u0159emysla Otakara II. 21<\/span><\/p>\n<p><span style=\"font-weight: 400;\">\u010cesk\u00e9 Bud\u011bjovice, 370 01<\/span><\/p>\n<p><strong>I\u010cO:<\/strong> <span style=\"font-weight: 400;\">26 51 74 34<\/span><br \/>\n<strong>DI\u010c:<\/strong> <span style=\"font-weight: 400;\">CZ 26 51 74<\/span><span style=\"font-weight: 400;\"> 34<\/span><br \/>\n<strong>Nous ne sommes pas assujettis \u00e0 la TVA.<\/strong><\/p>\n<\/div>\n    <\/li>\n    <\/ul>\n\n\n\n<h2 class=\"wp-block-heading h3\">Informations bancaires<\/h2>\n\n\n<ul id=\"kontakty-block_f6320663ea0e54a952863ac28ec208e8\" class=\"kontakty\">\n        <li class=\"mb-4\">\n                <div class=\"textkontaktu\"><p><strong>\u010c\u00edslo \u00fa\u010dtu:<\/strong> <span style=\"font-weight: 400;\">212 215 433 \/ 0300<\/span><br \/>\n<strong>Banka:<\/strong> \u010cSOB<br \/>\n<strong>IBAN:<\/strong> <span style=\"font-weight: 400;\">CZ32 0300 0000 0002 1221 5433<\/span><\/p>\n<\/div>\n    <\/li>\n    <\/ul>\n<\/div>\n\n\n\n<div class=\"wp-block-column is-layout-flow wp-block-column-is-layout-flow\">\n<iframe src=\"https:\/\/www.google.com\/maps\/embed?pb=!1m18!1m12!1m3!1d1398.5614452714183!2d14.475095968567972!3d48.975019639995516!2m3!1f0!2f0!3f0!3m2!1i1024!2i768!4f13.1!3m3!1m2!1s0x47734fcf1da7b40b%3A0x1fc5a28f77e20b63!2zQWxsaWFuY2UgRnJhbsOnYWlzZSBKacW-bsOtIMSMZWNoeQ!5e0!3m2!1sfr!2scz!4v1707237212891!5m2!1sfr!2scz\" width=\"600\" height=\"450\" style=\"border:0;\" allowfullscreen=\"\" loading=\"lazy\" referrerpolicy=\"no-referrer-when-downgrade\"><\/iframe>\n\n\n\n<h2 class=\"wp-block-heading h3\">Voiture<\/h2>\n\n\n<ul id=\"kontakty-block_9b0b51e2f5dd87aa70c86c2af169bd2a\" class=\"kontakty\">\n        <li class=\"mb-4\">\n                <div class=\"textkontaktu\"><p>parkov\u00e1n\u00ed pro ve\u0159ejnost:<\/p>\n<p><a href=\"https:\/\/www.parkovanicb.cz\" target=\"_blank\" rel=\"noopener\"><strong>Parkovac\u00ed N\u00e1m\u011bst\u00ed P\u0159emysla Otakara II.<\/strong><\/a><\/p>\n<p><strong>Parkovac\u00ed Senov\u00e1\u017en\u00e9 Square<\/strong><\/p>\n<\/div>\n    <\/li>\n    <\/ul>\n\n\n\n<h2 class=\"wp-block-heading h3\">Transports en commun<\/h2>\n\n\n<ul id=\"kontakty-block_6637d6e857181216e9c1ed4a8e9e242c\" class=\"kontakty\">\n        <li class=\"mb-4\">\n                <div class=\"textkontaktu\"><p><strong>Autobusy 21, 22, 23<\/strong> &#8211; zast\u00e1vka N\u00e1m\u011bst\u00ed P\u0159emysla Otakara II<\/p>\n<p><a href=\"https:\/\/www.dpmcb.cz\" target=\"_blank\" rel=\"noopener\"><strong><span class=\"text-uppercase\">vyhledat spojen\u00ed<\/span><\/strong><\/a><\/p>\n<\/div>\n    <\/li>\n    <\/ul>\n<\/div>\n<\/div>\n<\/div><\/div>\n","protected":false},"excerpt":{"rendered":"<p>Coordonn\u00e9es Secr\u00e9tariat Inscription \u00e0 la newsletter * obligatoire Adresse email * \/* Les personnes r\u00e9elles ne devraient pas remplir ce formulaire et s&rsquo;attendre \u00e0 de bonnes choses &#8211;&#8230;<\/p>\n","protected":false},"author":1,"featured_media":0,"parent":0,"menu_order":0,"comment_status":"closed","ping_status":"closed","template":"","meta":{"_acf_changed":false,"footnotes":""},"class_list":["post-6926","page","type-page","status-publish","hentry"],"acf":[],"_links":{"self":[{"href":"https:\/\/www.alliancefrancaise.cz\/jiznicechy\/fr\/wp-json\/wp\/v2\/pages\/6926","targetHints":{"allow":["GET"]}}],"collection":[{"href":"https:\/\/www.alliancefrancaise.cz\/jiznicechy\/fr\/wp-json\/wp\/v2\/pages"}],"about":[{"href":"https:\/\/www.alliancefrancaise.cz\/jiznicechy\/fr\/wp-json\/wp\/v2\/types\/page"}],"author":[{"embeddable":true,"href":"https:\/\/www.alliancefrancaise.cz\/jiznicechy\/fr\/wp-json\/wp\/v2\/users\/1"}],"replies":[{"embeddable":true,"href":"https:\/\/www.alliancefrancaise.cz\/jiznicechy\/fr\/wp-json\/wp\/v2\/comments?post=6926"}],"version-history":[{"count":5,"href":"https:\/\/www.alliancefrancaise.cz\/jiznicechy\/fr\/wp-json\/wp\/v2\/pages\/6926\/revisions"}],"predecessor-version":[{"id":17310,"href":"https:\/\/www.alliancefrancaise.cz\/jiznicechy\/fr\/wp-json\/wp\/v2\/pages\/6926\/revisions\/17310"}],"wp:attachment":[{"href":"https:\/\/www.alliancefrancaise.cz\/jiznicechy\/fr\/wp-json\/wp\/v2\/media?parent=6926"}],"curies":[{"name":"wp","href":"https:\/\/api.w.org\/{rel}","templated":true}]}}