{"id":6932,"date":"2024-02-06T17:57:32","date_gmt":"2024-02-06T16:57:32","guid":{"rendered":"https:\/\/www.alliancefrancaise.cz\/jiznicechy\/nous-soutenir\/"},"modified":"2025-08-20T13:40:24","modified_gmt":"2025-08-20T11:40:24","slug":"nous-soutenir","status":"publish","type":"page","link":"https:\/\/www.alliancefrancaise.cz\/jiznicechy\/fr\/nous-soutenir\/","title":{"rendered":"Nous soutenir"},"content":{"rendered":"\n<figure class=\"wp-block-image size-full is-resized\"><img loading=\"lazy\" decoding=\"async\" width=\"1024\" height=\"768\" src=\"https:\/\/www.alliancefrancaise.cz\/jiznicechy\/wp-content\/uploads\/2024\/02\/Nase-podpora.png\" alt=\"\" class=\"wp-image-7405\" style=\"width:477px;height:auto\" srcset=\"https:\/\/www.alliancefrancaise.cz\/jiznicechy\/wp-content\/uploads\/2024\/02\/Nase-podpora.png 1024w, https:\/\/www.alliancefrancaise.cz\/jiznicechy\/wp-content\/uploads\/2024\/02\/Nase-podpora-460x345.png 460w, https:\/\/www.alliancefrancaise.cz\/jiznicechy\/wp-content\/uploads\/2024\/02\/Nase-podpora-768x576.png 768w\" sizes=\"auto, (max-width: 1024px) 100vw, 1024px\" \/><\/figure>\n\n<p>Soutenez-nous ! L&rsquo;Alliance Fran\u00e7aise Ji\u017en\u00ed \u010cechy est une organisation \u00e0 but non lucratif, sans affiliation politique ou religieuse.  Elle promeut la langue fran\u00e7aise et les cultures francophones \u00e0 travers l\u2019offre de cours qu\u2019elle propose et les nombreuses manifestations culturelles qu\u2019elle organise pour tous les publics toute l\u2019ann\u00e9e.<\/p>\n\n<p>Pour mener \u00e0 bien ses missions, l\u2019Alliance entretient des relations \u00e9troites avec les institutions et acteurs culturels et \u00e9ducatifs locaux. Elle contribue ainsi au dynamisme culturel de la r\u00e9gion de Boh\u00eame du Sud. Elle est membre du r\u00e9seau des Alliances fran\u00e7aises, plus grand r\u00e9seau culturel mondial avec 834 implantations dans 34 pays et travaille en \u00e9troit partenariat avec l\u2019Ambassade de France en R\u00e9publique Tch\u00e8que.<\/p>\n\n<p>Il existe plusieurs mani\u00e8res de soutenir l\u2019Alliance fran\u00e7aise de Boh\u00eame du Sud et d\u2019aider au d\u00e9veloppement de ses activit\u00e9s :<\/p>\n\n<p><strong>1 \/ Devenir membre de l\u2019association :<\/strong><\/p>\n\n<p>En adh\u00e9rant \u00e0 l\u2019association pour 250 ,- czk par ann\u00e9e scolaire, vous disposez d\u2019un libre acc\u00e8s \u00e0 notre m\u00e9diath\u00e8que, \u00e0 des tarifs r\u00e9duits pour nos manifestations culturels et des promotions chez nos partenaires ainsi qu\u2019\u00e0 toute l\u2019information concernant notre actualit\u00e9.<\/p>\n\n<p><strong>2 \/ S\u2019engager comme b\u00e9n\u00e9vole :<\/strong><\/p>\n\n<p>Nous offrons toute l\u2019ann\u00e9e de nombreuses activit\u00e9s culturelles. Rejoignez-nous pour d\u00e9couvrir les coulisses de nos \u00e9v\u00e9nements et contribuer \u00e0 notre succ\u00e8s actuel.<br\/>Devenir b\u00e9n\u00e9vole est \u00e9galement une excellente occasion de profiter au maximum de la culture fran\u00e7aise et de rencontrer d&rsquo;autres membres francophones !<\/p>\n\n<p><strong>3 \/ Faire un don de mat\u00e9riel :<\/strong><\/p>\n\n<p>Il est possible de soutenir notre m\u00e9diath\u00e8que via le don de livres, DVD, CD, etc. Nous recherchons de la litt\u00e9rature adulte et jeunesse, des bande-dessin\u00e9e ou des livres pour les plus petits. Nous acceptons les ouvrages en fran\u00e7ais, en bon \u00e9tat et de pr\u00e9f\u00e9rence r\u00e9cents.<\/p>\n\n<p><strong>4 \/ Faire une donation :<\/strong><\/p>\n\n<p>En devenant donateur, vous contribuez \u00e0 r\u00e9aliser les projets que nous imaginons et \u00e0 nous permettre de vous offrir des services \u00e0 la hauteur de vos attentes. Il est possible de faire une donation pour soutenir la manifestation culturelle de votre choix ou de faire une donation libre.<\/p>\n\n<p><strong>Vous souhaitez soutenir l\u2019Alliance fran\u00e7aise de Boh\u00eame du Sud ? Contactez-nous \u00e0 jiznicechy@alliancefrancaise.cz<\/strong><\/p>\n\n<h1 class=\"wp-block-heading\">Devenez membre de l&rsquo;Alliance Fran\u00e7aise<\/h1>\n\n<p>L&rsquo;adh\u00e9sion vous offre plusieurs avantages tels que :<\/p>\n\n<ul class=\"wp-block-list\">\n<li> possibilit\u00e9 d&#8217;emprunter des livres ou des CD \u00e0 la m\u00e9diath\u00e8que<\/li>\n\n\n\n<li> acc\u00e8s en ligne \u00e0 la \u00ab\u00a0Cultureth\u00e8que\u00a0\u00bb, un portail num\u00e9rique en ligne o\u00f9 vous trouverez presse fran\u00e7aise, musique, concerts en ligne, conf\u00e9rences, documentaires, bandes dessin\u00e9es, litt\u00e9rature jeunesse, m\u00e9thodes d&rsquo;enseignement de la langue fran\u00e7aise, jeux et bien plus encore.<\/li>\n\n\n\n<li> la possibilit\u00e9 de voter \u00e0 l&rsquo;assembl\u00e9e g\u00e9n\u00e9rale annuelle de l&rsquo;association<\/li>\n\n\n\n<li> r\u00e9duction pour les \u00e9v\u00e9nements culturels organis\u00e9s par l&rsquo;AF<\/li>\n\n\n\n<li> 15% de r\u00e9duction \u00e0 la librairie Oxford de la rue Plach\u00e9ho \u00e0 \u010cB<\/li>\n\n\n\n<li> 10% de r\u00e9duction sur le livre <a href=\"https:\/\/www.francouzskakucharka.cz\/\" rel=\"noreferrer noopener\" target=\"_blank\">\u00ab\u00a0Le Guide Illustr\u00e9 de la Cuisine Fran\u00e7aise\u00a0\u00bb<\/a> de Marie Verdier et Eva Aubry<\/li>\n<\/ul>\n\n<p><\/p>\n","protected":false},"excerpt":{"rendered":"<p>Soutenez-nous ! L&rsquo;Alliance Fran\u00e7aise Ji\u017en\u00ed \u010cechy est une organisation \u00e0 but non lucratif, sans affiliation politique ou religieuse. Elle promeut la langue fran\u00e7aise et les cultures francophones \u00e0&#8230;<\/p>\n","protected":false},"author":4,"featured_media":7406,"parent":0,"menu_order":0,"comment_status":"closed","ping_status":"closed","template":"","meta":{"_acf_changed":false,"footnotes":""},"class_list":["post-6932","page","type-page","status-publish","has-post-thumbnail","hentry"],"acf":[],"_links":{"self":[{"href":"https:\/\/www.alliancefrancaise.cz\/jiznicechy\/fr\/wp-json\/wp\/v2\/pages\/6932","targetHints":{"allow":["GET"]}}],"collection":[{"href":"https:\/\/www.alliancefrancaise.cz\/jiznicechy\/fr\/wp-json\/wp\/v2\/pages"}],"about":[{"href":"https:\/\/www.alliancefrancaise.cz\/jiznicechy\/fr\/wp-json\/wp\/v2\/types\/page"}],"author":[{"embeddable":true,"href":"https:\/\/www.alliancefrancaise.cz\/jiznicechy\/fr\/wp-json\/wp\/v2\/users\/4"}],"replies":[{"embeddable":true,"href":"https:\/\/www.alliancefrancaise.cz\/jiznicechy\/fr\/wp-json\/wp\/v2\/comments?post=6932"}],"version-history":[{"count":4,"href":"https:\/\/www.alliancefrancaise.cz\/jiznicechy\/fr\/wp-json\/wp\/v2\/pages\/6932\/revisions"}],"predecessor-version":[{"id":17306,"href":"https:\/\/www.alliancefrancaise.cz\/jiznicechy\/fr\/wp-json\/wp\/v2\/pages\/6932\/revisions\/17306"}],"wp:featuredmedia":[{"embeddable":true,"href":"https:\/\/www.alliancefrancaise.cz\/jiznicechy\/fr\/wp-json\/wp\/v2\/media\/7406"}],"wp:attachment":[{"href":"https:\/\/www.alliancefrancaise.cz\/jiznicechy\/fr\/wp-json\/wp\/v2\/media?parent=6932"}],"curies":[{"name":"wp","href":"https:\/\/api.w.org\/{rel}","templated":true}]}}