{"id":6955,"date":"2023-06-20T16:07:16","date_gmt":"2023-06-20T14:07:16","guid":{"rendered":"https:\/\/www.alliancefrancaise.cz\/jiznicechy\/calendrier-inscription-et-tarifs\/"},"modified":"2026-02-24T14:12:50","modified_gmt":"2026-02-24T13:12:50","slug":"calendrier-inscription-et-tarifs","status":"publish","type":"page","link":"https:\/\/www.alliancefrancaise.cz\/jiznicechy\/fr\/calendrier-inscription-et-tarifs\/","title":{"rendered":"DELF DALF: dates, inscriptions et prix"},"content":{"rendered":"\n<p>DELF DALF: dates, inscriptions et prix des examens de l&rsquo;ann\u00e9e 2026<\/p>\n\n<div class=\"wp-block-group\"><div class=\"wp-block-group__inner-container is-layout-constrained wp-block-group-is-layout-constrained\">\n<h2 class=\"wp-block-heading\"><mark style=\"background-color:rgba(0, 0, 0, 0)\" class=\"has-inline-color has-color-text-color\">DELF DALF : prix des examens<\/mark><\/h2>\n<\/div><\/div>\n\n<figure class=\"wp-block-table is-style-stripes\"><table><tbody><tr><td><strong><mark style=\"background-color:rgba(0, 0, 0, 0)\" class=\"has-inline-color has-red-color\">Examen<\/mark><\/strong><\/td><td class=\"has-text-align-center\" data-align=\"center\"><strong><mark style=\"background-color:rgba(0, 0, 0, 0)\" class=\"has-inline-color has-red-color\">A1<\/mark><\/strong><\/td><td class=\"has-text-align-center\" data-align=\"center\"><strong><mark style=\"background-color:rgba(0, 0, 0, 0)\" class=\"has-inline-color has-red-color\">A2<\/mark><\/strong><\/td><td class=\"has-text-align-center\" data-align=\"center\"><strong><mark style=\"background-color:rgba(0, 0, 0, 0)\" class=\"has-inline-color has-red-color\">B1<\/mark><\/strong><\/td><td class=\"has-text-align-center\" data-align=\"center\"><strong><mark style=\"background-color:rgba(0, 0, 0, 0)\" class=\"has-inline-color has-red-color\">B2<\/mark><\/strong><\/td><td class=\"has-text-align-center\" data-align=\"center\"><strong><mark style=\"background-color:rgba(0, 0, 0, 0)\" class=\"has-inline-color has-red-color\">C1<\/mark><\/strong><\/td><td class=\"has-text-align-center\" data-align=\"center\"><strong><mark style=\"background-color:rgba(0, 0, 0, 0)\" class=\"has-inline-color has-red-color\">C2<\/mark><\/strong><\/td><\/tr><tr><td><strong>DELF tout public<\/strong> (*)<\/td><td class=\"has-text-align-center\" data-align=\"center\">1600 czk (1408,- czk*)<\/td><td class=\"has-text-align-center\" data-align=\"center\">1700 czk (1496,- czk*)<\/td><td class=\"has-text-align-center\" data-align=\"center\">2900 K\u010d (2725,- K\u010d*)<\/td><td class=\"has-text-align-center\" data-align=\"center\">3100 K\u010d (2915,- K\u010d*)<\/td><td class=\"has-text-align-center\" data-align=\"center\">&#8211;<\/td><td class=\"has-text-align-center\" data-align=\"center\">&#8211;<\/td><\/tr><tr><td><strong>DELF junior\/scolaire<\/strong><\/td><td class=\"has-text-align-center\" data-align=\"center\">1300 K\u010d<\/td><td class=\"has-text-align-center\" data-align=\"center\">1400 K\u010d<\/td><td class=\"has-text-align-center\" data-align=\"center\">2000 czk<\/td><td class=\"has-text-align-center\" data-align=\"center\">2200 K\u010d<\/td><td class=\"has-text-align-center\" data-align=\"center\">&#8211;<\/td><td class=\"has-text-align-center\" data-align=\"center\">&#8211;<\/td><\/tr><tr><td><strong>DALF<\/strong> (*)<\/td><td class=\"has-text-align-center\" data-align=\"center\">&#8211;<\/td><td class=\"has-text-align-center\" data-align=\"center\">&#8211;<\/td><td class=\"has-text-align-center\" data-align=\"center\">&#8211;<\/td><td class=\"has-text-align-center\" data-align=\"center\">&#8211;<\/td><td class=\"has-text-align-center\" data-align=\"center\">4000 K\u010d (3800,- K\u010d*)<\/td><td class=\"has-text-align-center\" data-align=\"center\">4200 K\u010d (3990,- K\u010d*)<\/td><\/tr><\/tbody><\/table><\/figure>\n\n<p>(*) La r\u00e9duction s\u2019applique aux \u00e9tudiants de l\u2019Alliance Fran\u00e7aise<\/p>\n\n<h2 class=\"wp-block-heading\"><mark style=\"background-color:rgba(0, 0, 0, 0)\" class=\"has-inline-color has-color-text-color\">DELF \/ DALF, qu&rsquo;est-ce que c&rsquo;est ?<\/mark><\/h2>\n\n<p>Le DELF (dipl\u00f4me d\u2019\u00e9tudes en langue fran\u00e7aise) et le DALF (dipl\u00f4me approfondi de langue fran\u00e7aise) sont des dipl\u00f4mes officiels certifiant la connaissance de la langue fran\u00e7aise, d\u00e9livr\u00e9s par le minist\u00e8re fran\u00e7ais de l\u2019\u00e9ducation nationale.<\/p>\n\n<p>L\u2019Alliance Fran\u00e7aise de Boh\u00eame du Sud est un centre d\u2019examen pour le DELF et le DALF et vous aide \u00e0 pr\u00e9parer ces examens de la meilleure fa\u00e7on possible : nos <a href=\"https:\/\/www.alliancefrancaise.cz\/jiznicechy\/rozvrh-zapis-2023-2024-2\/\">cours de fran\u00e7ais g\u00e9n\u00e9ral<\/a> ou les cours de <a href=\"https:\/\/www.alliancefrancaise.cz\/jiznicechy\/fr\/preparation-a-lexamen-delf-dalf\/\">pr\u00e9paration au DELF\/DALF<\/a> vous permettent de vous entra\u00eener aux diff\u00e9rentes parties de l\u2019examen. Il y a 6 niveaux qui correspondent aux niveaux d\u00e9finis par le Cadre europ\u00e9en commun de r\u00e9f\u00e9rence pour les langues.<\/p>\n\n<p><\/p>\n\n<h4 class=\"wp-block-heading\">Pourquoi passer ces examens ? <\/h4>\n\n<ul class=\"wp-block-list\">\n<li> C\u2019est une certification de votre connaissance du fran\u00e7ais et une confirmation officielle de vos capacit\u00e9s, reconnue dans le monde entier ;<\/li>\n\n\n\n<li> Enrichir votre CV et ouvrir la porte \u00e0 un large \u00e9ventail d\u2019opportunit\u00e9s \u00e9ducatives ou professionnelles ;<\/li>\n\n\n\n<li> Vous avez la possibilit\u00e9 d\u2019entrer dans une universit\u00e9 en France ou dans des universit\u00e9s francophones du monde entier sans avoir \u00e0 passer d\u2019examens linguistiques suppl\u00e9mentaires (\u00e0 partir du niveau B2) ;<\/li>\n\n\n\n<li> Vous aurez la possibilit\u00e9 de travailler dans un pays ou une r\u00e9gion francophone ou dans un environnement de travail bilingue.<\/li>\n<\/ul>\n\n<h4 class=\"wp-block-heading\">Quels types de DELF DALF existe-t&rsquo;il ? <\/h4>\n\n<p>Il existe plusieurs types de dipl\u00f4mes DELF, mais ils ont tous la m\u00eame valeur &#8211; ni le DELF Junior ni le DELF Scolaire ne sont consid\u00e9r\u00e9s comme inf\u00e9rieurs, vous ne trouverez aucune notation sur le dipl\u00f4me. A l\u2019Alliance Fran\u00e7aise Boh\u00eame du Sud, nous vous proposons de passer 3 types de DELF.<\/p>\n\n<h6 class=\"wp-block-heading\"><strong>DELF Tout Public &#8211; pour le grand public<\/strong><\/h6>\n\n<p>Il est ouvert \u00e0 toutes les personnes int\u00e9ress\u00e9es, quel que soit leur \u00e2ge. Chacun peut choisir le niveau de son choix.<\/p>\n\n<h6 class=\"wp-block-heading\"><strong>DELF Junior \/ Scolaire<\/strong><\/h6>\n\n<p>Il s\u2019adresse aux \u00e9l\u00e8ves \u00e2g\u00e9s de 12 \u00e0 19 ans qui souhaitent obtenir leur premier certificat pendant qu\u2019ils sont encore \u00e0 l\u2019\u00e9cole primaire ou secondaire. Le dipl\u00f4me de fin d\u2019\u00e9tudes est similaire \u00e0 celui destin\u00e9 au grand public, les diff\u00e9rences se situant principalement au niveau du vocabulaire et des sujets adapt\u00e9s aux \u00e9l\u00e8ves de l\u2019\u00e9cole. Les tests sont pass\u00e9s dans des \u00e9tablissements de langues ou \u00e0 l\u2019Alliance Fran\u00e7aise.<\/p>\n\n<hr class=\"wp-block-separator has-alpha-channel-opacity\"\/>\n\n<h2 class=\"wp-block-heading\">Dates et prix des examens 2026<\/h2>\n\n<h5 class=\"wp-block-heading\">DELF\/DALF Tout Public<\/h5>\n\n<figure class=\"wp-block-table is-style-stripes\"><table><tbody><tr><td><strong><mark style=\"background-color:rgba(0, 0, 0, 0)\" class=\"has-inline-color has-red-color\">Niveau<\/mark><\/strong><\/td><td><strong><mark style=\"background-color:rgba(0, 0, 0, 0)\" class=\"has-inline-color has-red-color\">Date<\/mark><\/strong><\/td><td><strong><mark style=\"background-color:rgba(0, 0, 0, 0)\" class=\"has-inline-color has-red-color\">Horaires des \u00e9preuves \u00e9crites<\/mark><\/strong><\/td><\/tr><tr><td>A1<\/td><td>02. 02. 2026<\/td><td>9.00-10.20<\/td><\/tr><tr><td>A2<\/td><td>02. 02. 2026<\/td><td>9.00-10.40<\/td><\/tr><tr><td>B1<\/td><td>03. 02. 2026<\/td><td>8.30-10.25<\/td><\/tr><tr><td>B2<\/td><td>04.02. 2026<\/td><td>8.30-11.00<\/td><\/tr><tr><td>C1<\/td><td>05. 02. 2026<\/td><td>8.30-12.30<\/td><\/tr><tr><td>C2<\/td><td>06. 02. 2026<\/td><td>8.30-12.00<\/td><\/tr><\/tbody><\/table><figcaption class=\"wp-element-caption\"><strong>Inscriptions :<\/strong> du 08. 12. 2025 au 26. 01. 2026<\/figcaption><\/figure>\n\n<div class=\"wp-block-file\"><a id=\"wp-block-file--media-bc969801-5ac6-443e-9de1-60baebbd6f00\" href=\"https:\/\/www.alliancefrancaise.cz\/jiznicechy\/wp-content\/uploads\/2026\/02\/202602T-Fiche_Inscription.docx.pdf\">202602T-Fiche_Inscription.docx<\/a><a href=\"https:\/\/www.alliancefrancaise.cz\/jiznicechy\/wp-content\/uploads\/2026\/02\/202602T-Fiche_Inscription.docx.pdf\" class=\"wp-block-file__button wp-element-button\" download=\"\" aria-describedby=\"wp-block-file--media-bc969801-5ac6-443e-9de1-60baebbd6f00\">T\u00e9l\u00e9charger<\/a><\/div>\n\n<p><\/p>\n\n<h5 class=\"wp-block-heading\">DELF Junior<\/h5>\n\n<figure class=\"wp-block-table is-style-stripes\"><table><tbody><tr><td><strong><mark style=\"background-color:rgba(0, 0, 0, 0)\" class=\"has-inline-color has-red-color\">Niveau<\/mark><\/strong><\/td><td><strong><mark style=\"background-color:rgba(0, 0, 0, 0)\" class=\"has-inline-color has-red-color\">Date<\/mark><\/strong><\/td><td><strong><mark style=\"background-color:rgba(0, 0, 0, 0)\" class=\"has-inline-color has-red-color\">Horaires des \u00e9preuves \u00e9crites<\/mark><\/strong><\/td><\/tr><tr><td>A1<\/td><td>16. 03. 2026<\/td><td>9.00-10.20<\/td><\/tr><tr><td>A2<\/td><td>16. 03. 2026<\/td><td>9.00-10.40<\/td><\/tr><tr><td>B1<\/td><td>17. 03. 2026<\/td><td>8.30-10.25<\/td><\/tr><tr><td>B2<\/td><td>18. 03. 2026<\/td><td>8.30-11.00<\/td><\/tr><\/tbody><\/table><figcaption class=\"wp-element-caption\"><strong>Inscriptions: du<\/strong> 02. 02. 2026 au 09. 03. 2026<\/figcaption><\/figure>\n\n<p><a href=\"https:\/\/www.alliancefrancaise.cz\/jiznicechy\/IMG\/pdf\/202404j-fiche_inscription-2.pdf\"><\/a><\/p>\n\n<div class=\"wp-block-file\"><a id=\"wp-block-file--media-6b7b0d35-1ecd-4b5a-ab7a-23c22d1bf1c4\" href=\"https:\/\/www.alliancefrancaise.cz\/jiznicechy\/wp-content\/uploads\/2026\/01\/202603J-Fiche_Inscription.docx.pdf\">202603J-Fiche_Inscription.docx<\/a><a href=\"https:\/\/www.alliancefrancaise.cz\/jiznicechy\/wp-content\/uploads\/2026\/01\/202603J-Fiche_Inscription.docx.pdf\" class=\"wp-block-file__button wp-element-button\" download=\"\" aria-describedby=\"wp-block-file--media-6b7b0d35-1ecd-4b5a-ab7a-23c22d1bf1c4\">T\u00e9l\u00e9charger<\/a><\/div>\n\n<p><\/p>\n\n<h5 class=\"wp-block-heading\">DELF Junior<\/h5>\n\n<figure class=\"wp-block-table is-style-stripes\"><table><tbody><tr><td><strong><mark style=\"background-color:rgba(0, 0, 0, 0)\" class=\"has-inline-color has-red-color\">Niveau<\/mark><\/strong><\/td><td><strong><mark style=\"background-color:rgba(0, 0, 0, 0)\" class=\"has-inline-color has-red-color\">Date<\/mark><\/strong><\/td><td><strong><mark style=\"background-color:rgba(0, 0, 0, 0)\" class=\"has-inline-color has-red-color\">Horaires des \u00e9preuves \u00e9crites<\/mark><\/strong><\/td><\/tr><tr><td>A1<\/td><td>02. 06. 2026<\/td><td>9.00-10.20<\/td><\/tr><tr><td>A2<\/td><td>03. 06. 2026<\/td><td>9.00-10.40<\/td><\/tr><tr><td>B1<\/td><td>04. 06. 2026<\/td><td>8.30-10.25<\/td><\/tr><tr><td>B2<\/td><td>05. 06. 2026<\/td><td>8.30-11.00<\/td><\/tr><\/tbody><\/table><figcaption class=\"wp-element-caption\"><strong>Inscriptions: du <\/strong>20. 04. 2026 au 26. 05. 2026<\/figcaption><\/figure>\n\n<div class=\"wp-block-file\"><a id=\"wp-block-file--media-91c89f28-e75e-4e80-b6fd-f081f8b461b1\" href=\"https:\/\/www.alliancefrancaise.cz\/jiznicechy\/wp-content\/uploads\/2026\/01\/202606J-Fiche_Inscription.docx.pdf\">202606J-Fiche_Inscription.docx<\/a><a href=\"https:\/\/www.alliancefrancaise.cz\/jiznicechy\/wp-content\/uploads\/2026\/01\/202606J-Fiche_Inscription.docx.pdf\" class=\"wp-block-file__button wp-element-button\" download=\"\" aria-describedby=\"wp-block-file--media-91c89f28-e75e-4e80-b6fd-f081f8b461b1\">T\u00e9l\u00e9charger<\/a><\/div>\n\n<p><a href=\"https:\/\/www.alliancefrancaise.cz\/jiznicechy\/IMG\/pdf\/202406j-fiche_inscription-2.pdf\"><\/a><\/p>\n\n<h5 class=\"wp-block-heading\">DELF\/DALF Tout Public<\/h5>\n\n<figure class=\"wp-block-table is-style-stripes\"><table><tbody><tr><td><strong><mark style=\"background-color:rgba(0, 0, 0, 0)\" class=\"has-inline-color has-red-color\">Niveau<\/mark><\/strong><\/td><td><strong><mark style=\"background-color:rgba(0, 0, 0, 0)\" class=\"has-inline-color has-red-color\">Date<\/mark><\/strong><\/td><td><strong><mark style=\"background-color:rgba(0, 0, 0, 0)\" class=\"has-inline-color has-red-color\">Horaires des \u00e9preuves \u00e9crites<\/mark><\/strong><\/td><\/tr><tr><td>A1<\/td><td>15. 06. 2026<\/td><td>9.00-10.20<\/td><\/tr><tr><td>A2<\/td><td>15. 06. 2026<\/td><td>9.00-10.40<\/td><\/tr><tr><td>B1<\/td><td>16. 06. 2026<\/td><td>8.30-10.25<\/td><\/tr><tr><td>B2<\/td><td>17. 06. 2026<\/td><td>8.30-11.00<\/td><\/tr><tr><td>C1<\/td><td>18. 06. 2026<\/td><td>8.30-12.30<\/td><\/tr><tr><td>C2<\/td><td>19. 06. 2026<\/td><td>8.30-12.00<\/td><\/tr><\/tbody><\/table><figcaption class=\"wp-element-caption\"><strong>Inscriptions: du <\/strong>20. 04. 2026 au 08. 06. 2026<\/figcaption><\/figure>\n\n<div class=\"wp-block-file\"><a id=\"wp-block-file--media-ca52ccc2-9206-4887-b388-1311a33f9019\" href=\"https:\/\/www.alliancefrancaise.cz\/jiznicechy\/wp-content\/uploads\/2026\/02\/202606T-Fiche_Inscription.docx.pdf\">202606T-Fiche_Inscription.docx<\/a><a href=\"https:\/\/www.alliancefrancaise.cz\/jiznicechy\/wp-content\/uploads\/2026\/02\/202606T-Fiche_Inscription.docx.pdf\" class=\"wp-block-file__button wp-element-button\" download=\"\" aria-describedby=\"wp-block-file--media-ca52ccc2-9206-4887-b388-1311a33f9019\">T\u00e9l\u00e9charger<\/a><\/div>\n\n<p><a href=\"https:\/\/www.alliancefrancaise.cz\/jiznicechy\/IMG\/pdf\/202406t-fiche_inscription.pdf\"><\/a><\/p>\n\n<h5 class=\"wp-block-heading\">DELF\/DALF Tout Public<\/h5>\n\n<figure class=\"wp-block-table is-style-stripes\"><table><tbody><tr><td><strong><mark style=\"background-color:rgba(0, 0, 0, 0)\" class=\"has-inline-color has-red-color\">Niveau<\/mark><\/strong><\/td><td><strong><mark style=\"background-color:rgba(0, 0, 0, 0)\" class=\"has-inline-color has-red-color\">Date<\/mark><\/strong><\/td><td><strong><mark style=\"background-color:rgba(0, 0, 0, 0)\" class=\"has-inline-color has-red-color\">Horaires des \u00e9preuves \u00e9crites<\/mark><\/strong><\/td><\/tr><tr><td>A1<\/td><td>21. 09. 2026<\/td><td>9.00-10.20<\/td><\/tr><tr><td>A2<\/td><td>21. 09. 2026<\/td><td>9.00-10.40<\/td><\/tr><tr><td>B1<\/td><td>22. 09. 2026<\/td><td>8.30-10.25<\/td><\/tr><tr><td>B2<\/td><td>23. 09. 2026<\/td><td>8.30-11.00<\/td><\/tr><tr><td>C1<\/td><td>24. 09. 2026<\/td><td>8.30-12.30<\/td><\/tr><tr><td>C2<\/td><td>25. 09. 2026<\/td><td>8.30-12.00<\/td><\/tr><\/tbody><\/table><figcaption class=\"wp-element-caption\"><strong>Inscriptions : du<\/strong> 06. 07. 2026 au 14. 09. 2026<\/figcaption><\/figure>\n\n<div class=\"wp-block-file\"><a id=\"wp-block-file--media-bdf4ab27-a69a-4959-80d6-6ceb1538413c\" href=\"https:\/\/www.alliancefrancaise.cz\/jiznicechy\/wp-content\/uploads\/2026\/02\/202609T-Fiche_Inscription.docx.pdf\">202609T-Fiche_Inscription.docx<\/a><a href=\"https:\/\/www.alliancefrancaise.cz\/jiznicechy\/wp-content\/uploads\/2026\/02\/202609T-Fiche_Inscription.docx.pdf\" class=\"wp-block-file__button wp-element-button\" download=\"\" aria-describedby=\"wp-block-file--media-bdf4ab27-a69a-4959-80d6-6ceb1538413c\">T\u00e9l\u00e9charger<\/a><\/div>\n\n<p><\/p>\n\n<p><a href=\"https:\/\/www.alliancefrancaise.cz\/jiznicechy\/IMG\/pdf\/202409t-fiche_inscription.pdf\"><\/a><\/p>\n\n<h5 class=\"wp-block-heading\">DELF Scolaire<\/h5>\n\n<figure class=\"wp-block-table is-style-stripes\"><table><tbody><tr><td><strong><mark style=\"background-color:rgba(0, 0, 0, 0)\" class=\"has-inline-color has-red-color\">Niveau<\/mark><\/strong><\/td><td><strong><mark style=\"background-color:rgba(0, 0, 0, 0)\" class=\"has-inline-color has-red-color\">Date<\/mark><\/strong><\/td><td><strong><mark style=\"background-color:rgba(0, 0, 0, 0)\" class=\"has-inline-color has-red-color\">Horaires des \u00e9preuves \u00e9crites<\/mark><\/strong><\/td><\/tr><tr><td>A1<\/td><td>10. 11. 2026<\/td><td>9.00-10.20<\/td><\/tr><tr><td>A2<\/td><td>11. 11. 2026<\/td><td>9.00-10.40<\/td><\/tr><tr><td>B1<\/td><td>12. 11. 2026<\/td><td>8.30-10.25<\/td><\/tr><tr><td>B2<\/td><td>13. 11. 2026<\/td><td>8.30-11.00<\/td><\/tr><\/tbody><\/table><figcaption class=\"wp-element-caption\"><strong>Inscriptions: du<\/strong> 14. 09. 2026 au 03. 11. 2026<\/figcaption><\/figure>\n\n<div class=\"wp-block-file\"><a id=\"wp-block-file--media-ed4c2177-9c82-48e2-9bf6-e9da921feda1\" href=\"https:\/\/www.alliancefrancaise.cz\/jiznicechy\/wp-content\/uploads\/2026\/01\/202611S-Fiche_Inscription.docx.pdf\">202611S-Fiche_Inscription.docx<\/a><a href=\"https:\/\/www.alliancefrancaise.cz\/jiznicechy\/wp-content\/uploads\/2026\/01\/202611S-Fiche_Inscription.docx.pdf\" class=\"wp-block-file__button wp-element-button\" download=\"\" aria-describedby=\"wp-block-file--media-ed4c2177-9c82-48e2-9bf6-e9da921feda1\">T\u00e9l\u00e9charger<\/a><\/div>\n\n<p><a href=\"https:\/\/www.alliancefrancaise.cz\/jiznicechy\/IMG\/pdf\/202411s-fiche_inscription-2.pdf\"><\/a><\/p>\n\n<hr class=\"wp-block-separator has-alpha-channel-opacity\"\/>\n\n<p><\/p>\n","protected":false},"excerpt":{"rendered":"<p>DELF DALF: dates, inscriptions et prix des examens de l&rsquo;ann\u00e9e 2026 DELF DALF : prix des examens Examen A1 A2 B1 B2 C1 C2 DELF tout public (*)&#8230;<\/p>\n","protected":false},"author":1,"featured_media":7352,"parent":0,"menu_order":0,"comment_status":"closed","ping_status":"closed","template":"","meta":{"_acf_changed":false,"footnotes":""},"class_list":["post-6955","page","type-page","status-publish","has-post-thumbnail","hentry"],"acf":[],"_links":{"self":[{"href":"https:\/\/www.alliancefrancaise.cz\/jiznicechy\/fr\/wp-json\/wp\/v2\/pages\/6955","targetHints":{"allow":["GET"]}}],"collection":[{"href":"https:\/\/www.alliancefrancaise.cz\/jiznicechy\/fr\/wp-json\/wp\/v2\/pages"}],"about":[{"href":"https:\/\/www.alliancefrancaise.cz\/jiznicechy\/fr\/wp-json\/wp\/v2\/types\/page"}],"author":[{"embeddable":true,"href":"https:\/\/www.alliancefrancaise.cz\/jiznicechy\/fr\/wp-json\/wp\/v2\/users\/1"}],"replies":[{"embeddable":true,"href":"https:\/\/www.alliancefrancaise.cz\/jiznicechy\/fr\/wp-json\/wp\/v2\/comments?post=6955"}],"version-history":[{"count":9,"href":"https:\/\/www.alliancefrancaise.cz\/jiznicechy\/fr\/wp-json\/wp\/v2\/pages\/6955\/revisions"}],"predecessor-version":[{"id":18229,"href":"https:\/\/www.alliancefrancaise.cz\/jiznicechy\/fr\/wp-json\/wp\/v2\/pages\/6955\/revisions\/18229"}],"wp:featuredmedia":[{"embeddable":true,"href":"https:\/\/www.alliancefrancaise.cz\/jiznicechy\/fr\/wp-json\/wp\/v2\/media\/7352"}],"wp:attachment":[{"href":"https:\/\/www.alliancefrancaise.cz\/jiznicechy\/fr\/wp-json\/wp\/v2\/media?parent=6955"}],"curies":[{"name":"wp","href":"https:\/\/api.w.org\/{rel}","templated":true}]}}