{"id":6977,"date":"2024-02-07T14:54:27","date_gmt":"2024-02-07T13:54:27","guid":{"rendered":"https:\/\/www.alliancefrancaise.cz\/jiznicechy\/?page_id=6977"},"modified":"2026-01-20T13:11:12","modified_gmt":"2026-01-20T12:11:12","slug":"calendrier-inscription-et-tarifs-2","status":"publish","type":"page","link":"https:\/\/www.alliancefrancaise.cz\/jiznicechy\/fr\/calendrier-inscription-et-tarifs-2\/","title":{"rendered":"DELF Scolaire \/ Junior"},"content":{"rendered":"\n<div class=\"wp-block-group\"><div class=\"wp-block-group__inner-container is-layout-constrained wp-block-group-is-layout-constrained\">\n<p>Il correspond dans sa forme au DELF scolaire \/ junior, mais \u00e0 la diff\u00e9rence que les \u00e9l\u00e8ves s&rsquo;inscrivent et passent l&rsquo;examen dans un lyc\u00e9e partenaire et b\u00e9n\u00e9ficient d&rsquo;un tarif pr\u00e9f\u00e9rentiel.<\/p>\n<\/div><\/div>\n\n<h3 class=\"wp-block-heading\">Pourquoi passer ces examens ? <\/h3>\n\n<ul class=\"wp-block-list\">\n<li> C\u2019est une certification de votre connaissance du fran\u00e7ais et une confirmation officielle de vos capacit\u00e9s, reconnue dans le monde entier ;<\/li>\n\n\n\n<li> Enrichir votre CV et ouvrir la porte \u00e0 un large \u00e9ventail d\u2019opportunit\u00e9s \u00e9ducatives ou professionnelles ;<\/li>\n\n\n\n<li> Vous avez la possibilit\u00e9 d\u2019entrer dans une universit\u00e9 en France ou dans des universit\u00e9s francophones du monde entier sans avoir \u00e0 passer d\u2019examens linguistiques suppl\u00e9mentaires (\u00e0 partir du niveau B2) ;<\/li>\n\n\n\n<li> Vous aurez la possibilit\u00e9 de travailler dans un pays ou une r\u00e9gion francophone ou dans un environnement de travail bilingue.<\/li>\n<\/ul>\n\n<h5 class=\"wp-block-heading\">DELF Junior<\/h5>\n\n<figure class=\"wp-block-table is-style-stripes\"><table><tbody><tr><td><strong>Niveau<\/strong><\/td><td><strong>Date<\/strong><\/td><td><strong>Prix<\/strong><\/td><td><strong>Horaires des \u00e9preuves \u00e9crites<\/strong><\/td><\/tr><tr><td>A1<\/td><td>16. 03. 2026<\/td><td>1300,- czk<\/td><td>9.00-10.20<\/td><\/tr><tr><td>A2<\/td><td>16. 03. 2026<\/td><td>1400,- czk<\/td><td>9.00-10.40<\/td><\/tr><tr><td>B1<\/td><td>17. 03. 2026<\/td><td>2000,- czk<\/td><td>8.30-10.25<\/td><\/tr><tr><td>B2<\/td><td>18. 03. 2026<\/td><td>2200,- czk<\/td><td>8.30-11.00<\/td><\/tr><\/tbody><\/table><figcaption class=\"wp-element-caption\"><strong>Inscriptions: du<\/strong> 02. 02. 2026 au 09. 03. 2026<\/figcaption><\/figure>\n\n<p><a href=\"https:\/\/www.alliancefrancaise.cz\/jiznicechy\/IMG\/pdf\/202404j-fiche_inscription.pdf\"><\/a><\/p>\n\n<div class=\"wp-block-file\"><a id=\"wp-block-file--media-b3063b46-c83d-40cf-ac93-ffdc8ad13efb\" href=\"https:\/\/www.alliancefrancaise.cz\/jiznicechy\/wp-content\/uploads\/2026\/01\/202603J-Fiche_Inscription.docx-1.pdf\">202603J-Fiche_Inscription.docx<\/a><a href=\"https:\/\/www.alliancefrancaise.cz\/jiznicechy\/wp-content\/uploads\/2026\/01\/202603J-Fiche_Inscription.docx-1.pdf\" class=\"wp-block-file__button wp-element-button\" download=\"\" aria-describedby=\"wp-block-file--media-b3063b46-c83d-40cf-ac93-ffdc8ad13efb\">T\u00e9l\u00e9charger<\/a><\/div>\n\n<p><\/p>\n\n<h5 class=\"wp-block-heading\">DELF Junior<\/h5>\n\n<figure class=\"wp-block-table is-style-stripes\"><table><tbody><tr><td><strong>Niveau<\/strong><\/td><td><strong>Date<\/strong><\/td><td><strong>Prix<\/strong><\/td><td><strong>Horaires des \u00e9preuves \u00e9crites<\/strong><\/td><\/tr><tr><td>A1<\/td><td>03. 06. 2026<\/td><td>1300,- czk<\/td><td>9.00-10.20<\/td><\/tr><tr><td>A2<\/td><td>04. 06. 2026<\/td><td>1400,- czk<\/td><td>9.00-10.40<\/td><\/tr><tr><td>B1<\/td><td>05. 06. 2026<\/td><td>2000,- czk<\/td><td>8.30-10.25<\/td><\/tr><tr><td>B2<\/td><td>06. 06. 2026<\/td><td>2200,- czk<\/td><td>8.30-11.00<\/td><\/tr><\/tbody><\/table><figcaption class=\"wp-element-caption\"><strong>Inscriptions: du <\/strong>20. 04. 2026 au 26. 05. 2026<\/figcaption><\/figure>\n\n<p><a href=\"https:\/\/www.alliancefrancaise.cz\/jiznicechy\/IMG\/pdf\/202406j-fiche_inscription.pdf\"><\/a><\/p>\n\n<div class=\"wp-block-file\"><a id=\"wp-block-file--media-6699ad07-24e6-4601-bd54-fde83ef8436e\" href=\"https:\/\/www.alliancefrancaise.cz\/jiznicechy\/wp-content\/uploads\/2026\/01\/202606J-Fiche_Inscription.docx-1.pdf\">202606J-Fiche_Inscription.docx<\/a><a href=\"https:\/\/www.alliancefrancaise.cz\/jiznicechy\/wp-content\/uploads\/2026\/01\/202606J-Fiche_Inscription.docx-1.pdf\" class=\"wp-block-file__button wp-element-button\" download=\"\" aria-describedby=\"wp-block-file--media-6699ad07-24e6-4601-bd54-fde83ef8436e\">T\u00e9l\u00e9charger<\/a><\/div>\n\n<p><\/p>\n\n<h5 class=\"wp-block-heading\">DELF scolaire<\/h5>\n\n<figure class=\"wp-block-table is-style-stripes\"><table><tbody><tr><td><strong>Niveau<\/strong><\/td><td><strong>Date<\/strong><\/td><td><strong>Prix<\/strong><\/td><td><strong>Horaires des \u00e9preuves \u00e9crites<\/strong><\/td><\/tr><tr><td>A1<\/td><td>10. 11. 2026<\/td><td>1300,- czk<\/td><td>9.00-10.20<\/td><\/tr><tr><td>A2<\/td><td>11. 11. 2026<\/td><td>1400,- czk<\/td><td>9.00-10.40<\/td><\/tr><tr><td>B1<\/td><td>12. 11. 2026<\/td><td>2000,- czk<\/td><td>8.30-10.25<\/td><\/tr><tr><td>B2<\/td><td>13. 11. 2026<\/td><td>2200,- czk<\/td><td>8.30-11.00<\/td><\/tr><\/tbody><\/table><figcaption class=\"wp-element-caption\"><strong>Inscriptions: du<\/strong> 14. 09. 2026 au 03. 11. 2026<\/figcaption><\/figure>\n\n<div class=\"wp-block-file\"><a id=\"wp-block-file--media-c78d10a0-8516-42a7-b286-762fd82985d2\" href=\"https:\/\/www.alliancefrancaise.cz\/jiznicechy\/wp-content\/uploads\/2026\/01\/202611S-Fiche_Inscription.docx-1.pdf\">202611S-Fiche_Inscription.docx<\/a><a href=\"https:\/\/www.alliancefrancaise.cz\/jiznicechy\/wp-content\/uploads\/2026\/01\/202611S-Fiche_Inscription.docx-1.pdf\" class=\"wp-block-file__button wp-element-button\" download=\"\" aria-describedby=\"wp-block-file--media-c78d10a0-8516-42a7-b286-762fd82985d2\">T\u00e9l\u00e9charger<\/a><\/div>\n\n<p><a href=\"https:\/\/www.alliancefrancaise.cz\/jiznicechy\/IMG\/pdf\/202411s-fiche_inscription.pdf\"><\/a><\/p>\n\n<p><a href=\"https:\/\/www.alliancefrancaise.cz\/jiznicechy\/IMG\/pdf\/202411s-fiche_inscription-2.pdf\"><\/a><\/p>\n","protected":false},"excerpt":{"rendered":"<p>Il correspond dans sa forme au DELF scolaire \/ junior, mais \u00e0 la diff\u00e9rence que les \u00e9l\u00e8ves s&rsquo;inscrivent et passent l&rsquo;examen dans un lyc\u00e9e partenaire et b\u00e9n\u00e9ficient d&rsquo;un&#8230;<\/p>\n","protected":false},"author":4,"featured_media":7352,"parent":0,"menu_order":0,"comment_status":"closed","ping_status":"closed","template":"","meta":{"_acf_changed":false,"footnotes":""},"class_list":["post-6977","page","type-page","status-publish","has-post-thumbnail","hentry"],"acf":[],"_links":{"self":[{"href":"https:\/\/www.alliancefrancaise.cz\/jiznicechy\/fr\/wp-json\/wp\/v2\/pages\/6977","targetHints":{"allow":["GET"]}}],"collection":[{"href":"https:\/\/www.alliancefrancaise.cz\/jiznicechy\/fr\/wp-json\/wp\/v2\/pages"}],"about":[{"href":"https:\/\/www.alliancefrancaise.cz\/jiznicechy\/fr\/wp-json\/wp\/v2\/types\/page"}],"author":[{"embeddable":true,"href":"https:\/\/www.alliancefrancaise.cz\/jiznicechy\/fr\/wp-json\/wp\/v2\/users\/4"}],"replies":[{"embeddable":true,"href":"https:\/\/www.alliancefrancaise.cz\/jiznicechy\/fr\/wp-json\/wp\/v2\/comments?post=6977"}],"version-history":[{"count":7,"href":"https:\/\/www.alliancefrancaise.cz\/jiznicechy\/fr\/wp-json\/wp\/v2\/pages\/6977\/revisions"}],"predecessor-version":[{"id":17944,"href":"https:\/\/www.alliancefrancaise.cz\/jiznicechy\/fr\/wp-json\/wp\/v2\/pages\/6977\/revisions\/17944"}],"wp:featuredmedia":[{"embeddable":true,"href":"https:\/\/www.alliancefrancaise.cz\/jiznicechy\/fr\/wp-json\/wp\/v2\/media\/7352"}],"wp:attachment":[{"href":"https:\/\/www.alliancefrancaise.cz\/jiznicechy\/fr\/wp-json\/wp\/v2\/media?parent=6977"}],"curies":[{"name":"wp","href":"https:\/\/api.w.org\/{rel}","templated":true}]}}