{"id":6985,"date":"2024-02-07T15:01:31","date_gmt":"2024-02-07T14:01:31","guid":{"rendered":"https:\/\/www.alliancefrancaise.cz\/jiznicechy\/?page_id=6985"},"modified":"2026-02-24T14:12:02","modified_gmt":"2026-02-24T13:12:02","slug":"calendrier-inscription-et-tarifs-3","status":"publish","type":"page","link":"https:\/\/www.alliancefrancaise.cz\/jiznicechy\/fr\/calendrier-inscription-et-tarifs-3\/","title":{"rendered":"DELF DALF Tout Public"},"content":{"rendered":"\n<p><a href=\"https:\/\/www.alliancefrancaise.cz\/jiznicechy\/IMG\/pdf\/202411s-fiche_inscription-2.pdf\"><\/a>Les dipl\u00f4mes du DELF DALF Tout Public sont des dipl\u00f4mes officiels attestant de la ma\u00eetrise de la langue fran\u00e7aise d\u00e9livr\u00e9s par le minist\u00e8re fran\u00e7ais de l&rsquo;\u00c9ducation nationale.<\/p>\n\n<p>L\u2019Alliance Fran\u00e7aise de Boh\u00eame du Sud est un centre d\u2019examen pour le DELF et le DALF et vous aide \u00e0 pr\u00e9parer ces examens de la meilleure fa\u00e7on possible : nos <a href=\"https:\/\/www.alliancefrancaise.cz\/jiznicechy\/rozvrh-zapis-2023-2024-2\/\">cours de fran\u00e7ais g\u00e9n\u00e9ral<\/a> ou les cours de <a href=\"https:\/\/www.alliancefrancaise.cz\/jiznicechy\/fr\/preparation-a-lexamen-delf-dalf\/\">pr\u00e9paration au DELF\/DALF<\/a> vous permettent de vous entra\u00eener aux diff\u00e9rentes parties de l\u2019examen. Il y a 6 niveaux qui correspondent aux niveaux d\u00e9finis par le Cadre europ\u00e9en commun de r\u00e9f\u00e9rence pour les langues.<\/p>\n\n<h3 class=\"wp-block-heading\">Pourquoi passer ces examens ? <\/h3>\n\n<ul class=\"wp-block-list\">\n<li> C\u2019est une certification de votre connaissance du fran\u00e7ais et une confirmation officielle de vos capacit\u00e9s, reconnue dans le monde entier ;<\/li>\n\n\n\n<li> Enrichir votre CV et ouvrir la porte \u00e0 un large \u00e9ventail d\u2019opportunit\u00e9s \u00e9ducatives ou professionnelles ;<\/li>\n\n\n\n<li> Vous avez la possibilit\u00e9 d\u2019entrer dans une universit\u00e9 en France ou dans des universit\u00e9s francophones du monde entier sans avoir \u00e0 passer d\u2019examens linguistiques suppl\u00e9mentaires (\u00e0 partir du niveau B2) ;<\/li>\n\n\n\n<li> Vous aurez la possibilit\u00e9 de travailler dans un pays ou une r\u00e9gion francophone ou dans un environnement de travail bilingue.<\/li>\n<\/ul>\n\n<p><\/p>\n\n<h3 class=\"wp-block-heading\">DELF DALF Tout Public \u2013 pour le grand public<\/h3>\n\n<figure class=\"wp-block-table is-style-stripes\"><table><tbody><tr><td><strong>Niveau<\/strong><\/td><td><strong>Date<\/strong><\/td><td><strong>Prix<\/strong><\/td><td><strong>Tarif r\u00e9duit (*)<\/strong><\/td><td><strong>Horaires des \u00e9preuves \u00e9crites<\/strong><\/td><\/tr><tr><td>A1<\/td><td>02. 02. 2026<\/td><td>1600,- czk<\/td><td>,- czk<\/td><td>9.00-10.20<\/td><\/tr><tr><td>A2<\/td><td>02. 02. 2026<\/td><td>1700,- czk<\/td><td>,- czk<\/td><td>9.00-10.40<\/td><\/tr><tr><td>B1<\/td><td>03. 02. 2026<\/td><td>2900,- czk<\/td><td>2725,- K\u010d<\/td><td>8.30-10.25<\/td><\/tr><tr><td>B2<\/td><td>04.02. 2026<\/td><td>3100,- czk<\/td><td>2915,- K\u010d<\/td><td>8.30-11.00<\/td><\/tr><tr><td>C1<\/td><td>05. 02. 2026<\/td><td>4000,- czk<\/td><td>3800,- czk<\/td><td>8.30-12.30<\/td><\/tr><tr><td>C2<\/td><td>06. 02. 2026<\/td><td>4200,- czk<\/td><td>3990,- K\u010d<\/td><td>8.30-12.00<\/td><\/tr><\/tbody><\/table><figcaption class=\"wp-element-caption\">(*) La r\u00e9duction s\u2019applique aux \u00e9tudiants de l\u2019Alliance Fran\u00e7aise<\/figcaption><\/figure>\n\n<p><strong>Inscriptions :<\/strong> du 08. 12. 2026 au 26. 01. 2026<\/p>\n\n<div class=\"wp-block-file\"><a id=\"wp-block-file--media-38330917-b1f6-4274-9bb0-c0d20bb34026\" href=\"https:\/\/www.alliancefrancaise.cz\/jiznicechy\/wp-content\/uploads\/2026\/02\/202602T-Fiche_Inscription.docx-1.pdf\">202602T-Fiche_Inscription.docx<\/a><a href=\"https:\/\/www.alliancefrancaise.cz\/jiznicechy\/wp-content\/uploads\/2026\/02\/202602T-Fiche_Inscription.docx-1.pdf\" class=\"wp-block-file__button wp-element-button\" download=\"\" aria-describedby=\"wp-block-file--media-38330917-b1f6-4274-9bb0-c0d20bb34026\">T\u00e9l\u00e9charger<\/a><\/div>\n\n<hr class=\"wp-block-separator has-alpha-channel-opacity\"\/>\n\n<figure class=\"wp-block-table is-style-stripes\"><table><tbody><tr><td><strong>Niveau<\/strong><\/td><td><strong>Date<\/strong><\/td><td><strong>Prix<\/strong><\/td><td><strong>Tarif r\u00e9duit (*)<\/strong><\/td><td><strong>Horaires des \u00e9preuves \u00e9crites<\/strong><\/td><\/tr><tr><td>A1<\/td><td>15. 06. 2026<\/td><td>1600,- czk<\/td><td>,- czk<\/td><td>9.00-10.20<\/td><\/tr><tr><td>A2<\/td><td>15. 06. 2026<\/td><td>1700,- czk<\/td><td>,- czk<\/td><td>9.00-10.40<\/td><\/tr><tr><td>B1<\/td><td>16. 06. 2026<\/td><td>2900,- czk<\/td><td>2715,- K\u010d<\/td><td>8.30-10.25<\/td><\/tr><tr><td>B2<\/td><td>17. 06. 2026<\/td><td>3100,- czk<\/td><td>2915,- K\u010d<\/td><td>8.30-11.00<\/td><\/tr><tr><td>C1<\/td><td>18. 06. 2026<\/td><td>4000,- czk<\/td><td>3800,- czk<\/td><td>8.30-12.30<\/td><\/tr><tr><td>C2<\/td><td>19. 06. 2026<\/td><td>4200,- czk<\/td><td>3990,- K\u010d<\/td><td>8.30-12.00<\/td><\/tr><\/tbody><\/table><figcaption class=\"wp-element-caption\">(*) La r\u00e9duction s\u2019applique aux \u00e9tudiants de l\u2019Alliance Fran\u00e7aise<\/figcaption><\/figure>\n\n<p><strong>Inscriptions: du <\/strong>20.04. 2026 au 08.  06. 2026<\/p>\n\n<div class=\"wp-block-file\"><a id=\"wp-block-file--media-3883bc21-41ee-4a6d-813e-69e3dc4f29d6\" href=\"https:\/\/www.alliancefrancaise.cz\/jiznicechy\/wp-content\/uploads\/2026\/02\/202606T-Fiche_Inscription.docx-1.pdf\">202606T-Fiche_Inscription.docx<\/a><a href=\"https:\/\/www.alliancefrancaise.cz\/jiznicechy\/wp-content\/uploads\/2026\/02\/202606T-Fiche_Inscription.docx-1.pdf\" class=\"wp-block-file__button wp-element-button\" download=\"\" aria-describedby=\"wp-block-file--media-3883bc21-41ee-4a6d-813e-69e3dc4f29d6\">T\u00e9l\u00e9charger<\/a><\/div>\n\n<hr class=\"wp-block-separator has-alpha-channel-opacity\"\/>\n\n<figure class=\"wp-block-table is-style-stripes\"><table><tbody><tr><td><strong>Niveau<\/strong><\/td><td><strong>Date<\/strong><\/td><td><strong>Prix<\/strong><\/td><td><strong>Tarif r\u00e9duit (*)<\/strong><\/td><td><strong>Horaires des \u00e9preuves \u00e9crites<\/strong><\/td><\/tr><tr><td>A1<\/td><td>21. 09. 2026<\/td><td>1600,- czk<\/td><td>,- czk<\/td><td>9.00-10.20<\/td><\/tr><tr><td>A2<\/td><td>21. 09. 2026<\/td><td>1700,- czk<\/td><td>,- czk<\/td><td>9.00-10.40<\/td><\/tr><tr><td>B1<\/td><td>22. 09. 2026<\/td><td>2900,- czk<\/td><td>2725,- K\u010d<\/td><td>8.30-10.25<\/td><\/tr><tr><td>B2<\/td><td>23. 09. 2026<\/td><td>3100,- czk<\/td><td>2915,- K\u010d<\/td><td>8.30-11.00<\/td><\/tr><tr><td>C1<\/td><td>24. 09. 2026<\/td><td>4000,- czk<\/td><td>3800,- czk<\/td><td>8.30-12.30<\/td><\/tr><tr><td>C2<\/td><td>25. 09. 2026<\/td><td>4200,- czk<\/td><td>3990,- K\u010d<\/td><td>8.30-12.00<\/td><\/tr><\/tbody><\/table><figcaption class=\"wp-element-caption\">(*) La r\u00e9duction s\u2019applique aux \u00e9tudiants de l\u2019Alliance Fran\u00e7aise<\/figcaption><\/figure>\n\n<p><strong>Inscriptions : du<\/strong> 06. 07. 2026 au 14. 09. 2026<\/p>\n\n<div class=\"wp-block-file\"><a id=\"wp-block-file--media-997a7d6f-5923-4717-8a94-69ef3939338a\" href=\"https:\/\/www.alliancefrancaise.cz\/jiznicechy\/wp-content\/uploads\/2026\/02\/202609T-Fiche_Inscription.docx-1.pdf\">202609T-Fiche_Inscription.docx<\/a><a href=\"https:\/\/www.alliancefrancaise.cz\/jiznicechy\/wp-content\/uploads\/2026\/02\/202609T-Fiche_Inscription.docx-1.pdf\" class=\"wp-block-file__button wp-element-button\" download=\"\" aria-describedby=\"wp-block-file--media-997a7d6f-5923-4717-8a94-69ef3939338a\">T\u00e9l\u00e9charger<\/a><\/div>\n\n<p><a href=\"https:\/\/www.alliancefrancaise.cz\/jiznicechy\/IMG\/pdf\/202409t-fiche_inscription-2.pdf\"><\/a><\/p>\n\n<p><\/p>\n","protected":false},"excerpt":{"rendered":"<p>Les dipl\u00f4mes du DELF DALF Tout Public sont des dipl\u00f4mes officiels attestant de la ma\u00eetrise de la langue fran\u00e7aise d\u00e9livr\u00e9s par le minist\u00e8re fran\u00e7ais de l&rsquo;\u00c9ducation nationale. L\u2019Alliance&#8230;<\/p>\n","protected":false},"author":4,"featured_media":7352,"parent":0,"menu_order":0,"comment_status":"closed","ping_status":"closed","template":"","meta":{"_acf_changed":false,"footnotes":""},"class_list":["post-6985","page","type-page","status-publish","has-post-thumbnail","hentry"],"acf":[],"_links":{"self":[{"href":"https:\/\/www.alliancefrancaise.cz\/jiznicechy\/fr\/wp-json\/wp\/v2\/pages\/6985","targetHints":{"allow":["GET"]}}],"collection":[{"href":"https:\/\/www.alliancefrancaise.cz\/jiznicechy\/fr\/wp-json\/wp\/v2\/pages"}],"about":[{"href":"https:\/\/www.alliancefrancaise.cz\/jiznicechy\/fr\/wp-json\/wp\/v2\/types\/page"}],"author":[{"embeddable":true,"href":"https:\/\/www.alliancefrancaise.cz\/jiznicechy\/fr\/wp-json\/wp\/v2\/users\/4"}],"replies":[{"embeddable":true,"href":"https:\/\/www.alliancefrancaise.cz\/jiznicechy\/fr\/wp-json\/wp\/v2\/comments?post=6985"}],"version-history":[{"count":10,"href":"https:\/\/www.alliancefrancaise.cz\/jiznicechy\/fr\/wp-json\/wp\/v2\/pages\/6985\/revisions"}],"predecessor-version":[{"id":18228,"href":"https:\/\/www.alliancefrancaise.cz\/jiznicechy\/fr\/wp-json\/wp\/v2\/pages\/6985\/revisions\/18228"}],"wp:featuredmedia":[{"embeddable":true,"href":"https:\/\/www.alliancefrancaise.cz\/jiznicechy\/fr\/wp-json\/wp\/v2\/media\/7352"}],"wp:attachment":[{"href":"https:\/\/www.alliancefrancaise.cz\/jiznicechy\/fr\/wp-json\/wp\/v2\/media?parent=6985"}],"curies":[{"name":"wp","href":"https:\/\/api.w.org\/{rel}","templated":true}]}}