{"id":7015,"date":"2024-02-07T18:56:22","date_gmt":"2024-02-07T17:56:22","guid":{"rendered":"https:\/\/www.alliancefrancaise.cz\/jiznicechy\/nos-services\/"},"modified":"2026-02-24T14:28:40","modified_gmt":"2026-02-24T13:28:40","slug":"nos-services","status":"publish","type":"page","link":"https:\/\/www.alliancefrancaise.cz\/jiznicechy\/fr\/nos-services\/","title":{"rendered":"Nos services"},"content":{"rendered":"\n<p>La promotion de la langue fran\u00e7aise est l&rsquo;une des principales missions de l&rsquo;Alliance Fran\u00e7aise. C&rsquo;est pourquoi nous proposons diverses activit\u00e9s aux \u00e9coles, non seulement pour les \u00e9l\u00e8ves mais aussi pour les enseignants. Contactez-nous pour plus d&rsquo;informations \u00e0 l&rsquo;adresse suivante : <a href=\"mailto:%20jiznicechy@alliancefrancaise.cz\">jiznicechy@alliancefrancaise.cz.<\/a><\/p>\n","protected":false},"excerpt":{"rendered":"<p>La promotion de la langue fran\u00e7aise est l&rsquo;une des principales missions de l&rsquo;Alliance Fran\u00e7aise. C&rsquo;est pourquoi nous proposons diverses activit\u00e9s aux \u00e9coles, non seulement pour les \u00e9l\u00e8ves mais&#8230;<\/p>\n","protected":false},"author":4,"featured_media":0,"parent":0,"menu_order":0,"comment_status":"closed","ping_status":"closed","template":"","meta":{"_acf_changed":false,"footnotes":""},"class_list":["post-7015","page","type-page","status-publish","hentry"],"acf":[],"_links":{"self":[{"href":"https:\/\/www.alliancefrancaise.cz\/jiznicechy\/fr\/wp-json\/wp\/v2\/pages\/7015","targetHints":{"allow":["GET"]}}],"collection":[{"href":"https:\/\/www.alliancefrancaise.cz\/jiznicechy\/fr\/wp-json\/wp\/v2\/pages"}],"about":[{"href":"https:\/\/www.alliancefrancaise.cz\/jiznicechy\/fr\/wp-json\/wp\/v2\/types\/page"}],"author":[{"embeddable":true,"href":"https:\/\/www.alliancefrancaise.cz\/jiznicechy\/fr\/wp-json\/wp\/v2\/users\/4"}],"replies":[{"embeddable":true,"href":"https:\/\/www.alliancefrancaise.cz\/jiznicechy\/fr\/wp-json\/wp\/v2\/comments?post=7015"}],"version-history":[{"count":3,"href":"https:\/\/www.alliancefrancaise.cz\/jiznicechy\/fr\/wp-json\/wp\/v2\/pages\/7015\/revisions"}],"predecessor-version":[{"id":7018,"href":"https:\/\/www.alliancefrancaise.cz\/jiznicechy\/fr\/wp-json\/wp\/v2\/pages\/7015\/revisions\/7018"}],"wp:attachment":[{"href":"https:\/\/www.alliancefrancaise.cz\/jiznicechy\/fr\/wp-json\/wp\/v2\/media?parent=7015"}],"curies":[{"name":"wp","href":"https:\/\/api.w.org\/{rel}","templated":true}]}}