{"id":7024,"date":"2024-02-07T18:59:01","date_gmt":"2024-02-07T17:59:01","guid":{"rendered":"https:\/\/www.alliancefrancaise.cz\/jiznicechy\/activites-culturelles\/"},"modified":"2025-08-20T14:31:44","modified_gmt":"2025-08-20T12:31:44","slug":"activites-culturelles","status":"publish","type":"page","link":"https:\/\/www.alliancefrancaise.cz\/jiznicechy\/fr\/activites-culturelles\/","title":{"rendered":"Activit\u00e9s culturelles"},"content":{"rendered":"\n<figure class=\"wp-block-image size-large is-resized\"><img loading=\"lazy\" decoding=\"async\" width=\"1360\" height=\"765\" src=\"https:\/\/www.alliancefrancaise.cz\/jiznicechy\/wp-content\/uploads\/2024\/02\/Activites-culturelles-1360x765.png\" alt=\"\" class=\"wp-image-7401\" style=\"width:479px;height:auto\" srcset=\"https:\/\/www.alliancefrancaise.cz\/jiznicechy\/wp-content\/uploads\/2024\/02\/Activites-culturelles-1360x765.png 1360w, https:\/\/www.alliancefrancaise.cz\/jiznicechy\/wp-content\/uploads\/2024\/02\/Activites-culturelles-460x259.png 460w, https:\/\/www.alliancefrancaise.cz\/jiznicechy\/wp-content\/uploads\/2024\/02\/Activites-culturelles-768x432.png 768w, https:\/\/www.alliancefrancaise.cz\/jiznicechy\/wp-content\/uploads\/2024\/02\/Activites-culturelles.png 1920w\" sizes=\"auto, (max-width: 1360px) 100vw, 1360px\" \/><\/figure>\n\n<p>Nous organisons r\u00e9guli\u00e8rement des activit\u00e9s culturelles telles que la course d&rsquo;orientation, le cin\u00e9-club, le caf\u00e9 \u00e0 la fran\u00e7aise, la dict\u00e9e francophone, etc. que nous pouvons adapter \u00e0 vos besoins pour vos classes de fran\u00e7ais.<\/p>\n\n<p>Nous vous proposons d\u2019organiser une course d\u2019orientation portant sur la francophonie o\u00f9 vos \u00e9l\u00e8ves auront l\u2019occasion de montrer leurs connaissances de la langue fran\u00e7aise et des cultures francophones. Cette activit\u00e9 est \u00e9ducative et amusante \u00e0 la fois, ce que les \u00e9l\u00e8ves appr\u00e9cient \u00e9norm\u00e9ment.<\/p>\n\n<p>Nous pouvons \u00e9galement organiser une projection d\u2019un film francophone dans les locaux de l\u2019Alliance fran\u00e7aise. En fonction de l\u2019\u00e2ge de vos \u00e9l\u00e8ves, nous vous recommandons des films adapt\u00e9s \u00e0 vos souhaits mais c\u2019est vous qui choisissez le film qui sera projet\u00e9 en fran\u00e7ais et sous-titr\u00e9 en tch\u00e8que.<\/p>\n\n<p>Pour plus d\u2019informations, vous pouvez nous \u00e9crire un mail \u00e0 l\u2019adresse mail <a href=\"mailto:%20jiznicechy@alliancefrancaise.cz\">jiznicechy@alliancefrancaise.cz.<\/a><\/p>\n","protected":false},"excerpt":{"rendered":"<p>Nous organisons r\u00e9guli\u00e8rement des activit\u00e9s culturelles telles que la course d&rsquo;orientation, le cin\u00e9-club, le caf\u00e9 \u00e0 la fran\u00e7aise, la dict\u00e9e francophone, etc. que nous pouvons adapter \u00e0 vos&#8230;<\/p>\n","protected":false},"author":4,"featured_media":7402,"parent":0,"menu_order":0,"comment_status":"closed","ping_status":"closed","template":"","meta":{"_acf_changed":false,"footnotes":""},"class_list":["post-7024","page","type-page","status-publish","has-post-thumbnail","hentry"],"acf":[],"_links":{"self":[{"href":"https:\/\/www.alliancefrancaise.cz\/jiznicechy\/fr\/wp-json\/wp\/v2\/pages\/7024","targetHints":{"allow":["GET"]}}],"collection":[{"href":"https:\/\/www.alliancefrancaise.cz\/jiznicechy\/fr\/wp-json\/wp\/v2\/pages"}],"about":[{"href":"https:\/\/www.alliancefrancaise.cz\/jiznicechy\/fr\/wp-json\/wp\/v2\/types\/page"}],"author":[{"embeddable":true,"href":"https:\/\/www.alliancefrancaise.cz\/jiznicechy\/fr\/wp-json\/wp\/v2\/users\/4"}],"replies":[{"embeddable":true,"href":"https:\/\/www.alliancefrancaise.cz\/jiznicechy\/fr\/wp-json\/wp\/v2\/comments?post=7024"}],"version-history":[{"count":4,"href":"https:\/\/www.alliancefrancaise.cz\/jiznicechy\/fr\/wp-json\/wp\/v2\/pages\/7024\/revisions"}],"predecessor-version":[{"id":17312,"href":"https:\/\/www.alliancefrancaise.cz\/jiznicechy\/fr\/wp-json\/wp\/v2\/pages\/7024\/revisions\/17312"}],"wp:featuredmedia":[{"embeddable":true,"href":"https:\/\/www.alliancefrancaise.cz\/jiznicechy\/fr\/wp-json\/wp\/v2\/media\/7402"}],"wp:attachment":[{"href":"https:\/\/www.alliancefrancaise.cz\/jiznicechy\/fr\/wp-json\/wp\/v2\/media?parent=7024"}],"curies":[{"name":"wp","href":"https:\/\/api.w.org\/{rel}","templated":true}]}}