{"id":7031,"date":"2024-02-07T19:02:32","date_gmt":"2024-02-07T18:02:32","guid":{"rendered":"https:\/\/www.alliancefrancaise.cz\/jiznicechy\/cours-de-francais\/"},"modified":"2026-02-24T14:25:27","modified_gmt":"2026-02-24T13:25:27","slug":"cours-de-francais","status":"publish","type":"page","link":"https:\/\/www.alliancefrancaise.cz\/jiznicechy\/fr\/cours-de-francais\/","title":{"rendered":"Cours de fran\u00e7ais"},"content":{"rendered":"\n<figure class=\"wp-block-image size-large is-resized\"><img loading=\"lazy\" decoding=\"async\" width=\"1360\" height=\"765\" src=\"https:\/\/www.alliancefrancaise.cz\/jiznicechy\/wp-content\/uploads\/2024\/02\/Cours-de-francais-1360x765.png\" alt=\"\" class=\"wp-image-7397\" style=\"width:476px;height:auto\" srcset=\"https:\/\/www.alliancefrancaise.cz\/jiznicechy\/wp-content\/uploads\/2024\/02\/Cours-de-francais-1360x765.png 1360w, https:\/\/www.alliancefrancaise.cz\/jiznicechy\/wp-content\/uploads\/2024\/02\/Cours-de-francais-460x259.png 460w, https:\/\/www.alliancefrancaise.cz\/jiznicechy\/wp-content\/uploads\/2024\/02\/Cours-de-francais-768x432.png 768w, https:\/\/www.alliancefrancaise.cz\/jiznicechy\/wp-content\/uploads\/2024\/02\/Cours-de-francais.png 1920w\" sizes=\"auto, (max-width: 1360px) 100vw, 1360px\" \/><\/figure>\n\n<p>Nos cours de fran\u00e7ais sont assur\u00e9s par des professeurs tch\u00e8ques, dipl\u00f4m\u00e9s en enseignement du fran\u00e7ais en langue \u00e9trang\u00e8re ou par des francophones natifs, ce qui permet aux \u00e9tudiants de se plonger plus profond\u00e9ment dans la culture francophone. Notre \u00e9quipe accorde une attention particuli\u00e8re \u00e0 \u00e9valuer les besoins d\u2019\u00e9tudiant afin de d\u00e9terminer son niveau et atteindre des objectifs de chaque \u00e9tudiant tout en s\u2019adaptant \u00e0 son propre rythme d\u2019am\u00e9lioration. \u00c9galement, nos professeurs disposent d\u2019outils p\u00e9dagogiques modernes permettant de proposer un apprentissage dynamique. Nous proposons ainsi aux \u00e9coles de la r\u00e9gion Boh\u00eame du sud la mise \u00e0 disposition de nos professeurs natifs afin de compl\u00e9ter l\u2019enseignement de langue fran\u00e7aise dispens\u00e9 dans votre \u00e9cole.<\/p>\n\n<p>Pour plus d&rsquo;informations, vous pouvez nous envoyer un courriel \u00e0 <a href=\"mailto:%20jiznicechy@alliancefrancaise.cz\">jiznicechy@alliancefrancaise.cz<\/a>.<\/p>\n","protected":false},"excerpt":{"rendered":"<p>Nos cours de fran\u00e7ais sont assur\u00e9s par des professeurs tch\u00e8ques, dipl\u00f4m\u00e9s en enseignement du fran\u00e7ais en langue \u00e9trang\u00e8re ou par des francophones natifs, ce qui permet aux \u00e9tudiants&#8230;<\/p>\n","protected":false},"author":4,"featured_media":7398,"parent":0,"menu_order":0,"comment_status":"closed","ping_status":"closed","template":"","meta":{"_acf_changed":false,"footnotes":""},"class_list":["post-7031","page","type-page","status-publish","has-post-thumbnail","hentry"],"acf":[],"_links":{"self":[{"href":"https:\/\/www.alliancefrancaise.cz\/jiznicechy\/fr\/wp-json\/wp\/v2\/pages\/7031","targetHints":{"allow":["GET"]}}],"collection":[{"href":"https:\/\/www.alliancefrancaise.cz\/jiznicechy\/fr\/wp-json\/wp\/v2\/pages"}],"about":[{"href":"https:\/\/www.alliancefrancaise.cz\/jiznicechy\/fr\/wp-json\/wp\/v2\/types\/page"}],"author":[{"embeddable":true,"href":"https:\/\/www.alliancefrancaise.cz\/jiznicechy\/fr\/wp-json\/wp\/v2\/users\/4"}],"replies":[{"embeddable":true,"href":"https:\/\/www.alliancefrancaise.cz\/jiznicechy\/fr\/wp-json\/wp\/v2\/comments?post=7031"}],"version-history":[{"count":5,"href":"https:\/\/www.alliancefrancaise.cz\/jiznicechy\/fr\/wp-json\/wp\/v2\/pages\/7031\/revisions"}],"predecessor-version":[{"id":18232,"href":"https:\/\/www.alliancefrancaise.cz\/jiznicechy\/fr\/wp-json\/wp\/v2\/pages\/7031\/revisions\/18232"}],"wp:featuredmedia":[{"embeddable":true,"href":"https:\/\/www.alliancefrancaise.cz\/jiznicechy\/fr\/wp-json\/wp\/v2\/media\/7398"}],"wp:attachment":[{"href":"https:\/\/www.alliancefrancaise.cz\/jiznicechy\/fr\/wp-json\/wp\/v2\/media?parent=7031"}],"curies":[{"name":"wp","href":"https:\/\/api.w.org\/{rel}","templated":true}]}}