{"id":7038,"date":"2024-02-07T19:06:21","date_gmt":"2024-02-07T18:06:21","guid":{"rendered":"https:\/\/www.alliancefrancaise.cz\/jiznicechy\/formations-professionnelles\/"},"modified":"2026-04-15T07:06:53","modified_gmt":"2026-04-15T05:06:53","slug":"formations-professionnelles","status":"publish","type":"page","link":"https:\/\/www.alliancefrancaise.cz\/jiznicechy\/fr\/formations-professionnelles\/","title":{"rendered":"Formations professionnelles"},"content":{"rendered":"\n<h1 class=\"wp-block-heading\"><strong>Formation continue pour enseignants de FLE<\/strong><\/h1>\n\n<h3 class=\"wp-block-heading\">\u00c9laborer et animer une s\u00e9quence p\u00e9dagogique<\/h3>\n\n<p><\/p>\n\n<p><strong>\ud83d\udcc5 24 avril 2026 (09:00-16:00) | \ud83d\udccd Alliance fran\u00e7aise de Boh\u00eame du Sud <\/strong><\/p>\n\n<p>L&rsquo;Institut fran\u00e7ais de Prague et l\u2019Alliance fran\u00e7aise de Boh\u00eame du Sud ont le plaisir de proposer un module de formation destin\u00e9 aux enseignants et professionnels de l\u2019\u00e9ducation souhaitant renforcer leurs comp\u00e9tences p\u00e9dagogiques :<br\/><strong>\u00ab \u00c9laborer et animer une s\u00e9quence p\u00e9dagogique \u00bb<\/strong>.<\/p>\n\n<p>Cette formation s\u2019inscrit dans une dynamique de coop\u00e9ration avec l\u2019Institut fran\u00e7ais de Prague, avec l\u2019intervention d\u2019un formateur expert. Une belle opportunit\u00e9 de b\u00e9n\u00e9ficier d\u2019une expertise de haut niveau et d\u2019\u00e9changer autour des pratiques p\u00e9dagogiques actuelles. <\/p>\n\n<p><\/p>\n\n<p><\/p>\n\n<h3 class=\"wp-block-heading\">Objectifs du module<\/h3>\n\n<p>Ce module vise \u00e0 accompagner les participants dans la conception et l\u2019animation de s\u00e9quences p\u00e9dagogiques efficaces, structur\u00e9es et adapt\u00e9es aux besoins des apprenants.<br\/><br\/><br\/>Au programme : m\u00e9thodologie, outils concrets, mise en pratique et \u00e9changes d\u2019exp\u00e9riences.<\/p>\n\n<p><\/p>\n\n<p><\/p>\n\n<h3 class=\"wp-block-heading\">Organisation de la journ\u00e9e (6 heures)<\/h3>\n\n<p>La formation se d\u00e9roule sur une journ\u00e9e compl\u00e8te, organis\u00e9e en 4 sessions :<\/p>\n\n<ul class=\"wp-block-list\">\n<li>09:00 \u2013 10:30<\/li>\n\n\n\n<li>10:30 \u2013 12:00<\/li>\n\n\n\n<li>13:00 \u2013 14:30<\/li>\n\n\n\n<li>14:30 \u2013 16:00<\/li>\n<\/ul>\n\n<p>Soit un total de<strong> 6 heures de formation (8 unit\u00e9s d\u2019enseignement).<\/strong><\/p>\n\n<p><\/p>\n\n<p><\/p>\n\n<h3 class=\"wp-block-heading\">Certification<\/h3>\n\n<p>\u00c0 l\u2019issue de la formation, chaque participant recevra<strong> une attestation nominative<\/strong><\/p>\n\n<p><\/p>\n\n<p><\/p>\n\n<h3 class=\"wp-block-heading\">Pourquoi participer ?<\/h3>\n\n<ul class=\"wp-block-list\">\n<li>D\u00e9velopper ses comp\u00e9tences p\u00e9dagogiques<\/li>\n\n\n\n<li>Structurer efficacement ses s\u00e9quences d\u2019enseignement<\/li>\n\n\n\n<li>D\u00e9couvrir des outils concrets et applicables imm\u00e9diatement<\/li>\n\n\n\n<li>\u00c9changer avec d\u2019autres professionnels du secteur<\/li>\n<\/ul>\n\n<p><\/p>\n\n<h3 class=\"wp-block-heading\">Informations pratiques<\/h3>\n\n<ul class=\"wp-block-list\">\n<li><strong>Tarif :<\/strong> 1 500 CZK \/ participant<\/li>\n\n\n\n<li><strong>Format<\/strong> : en pr\u00e9sentiel<\/li>\n\n\n\n<li><strong>Nombre de places limit\u00e9 <\/strong>: 15 participants maximum<\/li>\n\n\n\n<li><strong>Ouverture du cours<\/strong> : minimum <strong>10 participants<\/strong><\/li>\n<\/ul>\n\n<h3 class=\"wp-block-heading\"><\/h3>\n\n<p><\/p>\n\n<p><\/p>\n\n<h3 class=\"wp-block-heading\">Inscription<\/h3>\n\n<p>Les places \u00e9tant limit\u00e9es, nous vous recommandons de r\u00e9server rapidement.<\/p>\n\n<p>\ud83d\udc49<a href=\"https:\/\/forms.gle\/vFeLMbSfaHrs4vgp6\" target=\"_blank\" rel=\"noreferrer noopener\"> S\u2019inscrire \u00e0 la formation<\/a><\/p>\n\n<h5 class=\"wp-block-heading\">Une question ?<\/h5>\n\n<p>Pour toute information compl\u00e9mentaire, n\u2019h\u00e9sitez pas \u00e0 nous contacter :<\/p>\n\n<hr class=\"wp-block-separator has-alpha-channel-opacity\"\/>\n\n<figure class=\"wp-block-image size-large is-resized\"><img loading=\"lazy\" decoding=\"async\" width=\"1360\" height=\"765\" src=\"https:\/\/www.alliancefrancaise.cz\/jiznicechy\/wp-content\/uploads\/2024\/02\/Formation-FLE-1360x765.png\" alt=\"\" class=\"wp-image-7392\" style=\"width:478px;height:auto\" srcset=\"https:\/\/www.alliancefrancaise.cz\/jiznicechy\/wp-content\/uploads\/2024\/02\/Formation-FLE-1360x765.png 1360w, https:\/\/www.alliancefrancaise.cz\/jiznicechy\/wp-content\/uploads\/2024\/02\/Formation-FLE-460x259.png 460w, https:\/\/www.alliancefrancaise.cz\/jiznicechy\/wp-content\/uploads\/2024\/02\/Formation-FLE-768x432.png 768w, https:\/\/www.alliancefrancaise.cz\/jiznicechy\/wp-content\/uploads\/2024\/02\/Formation-FLE.png 1920w\" sizes=\"auto, (max-width: 1360px) 100vw, 1360px\" \/><\/figure>\n\n<p>Notre r\u00e9seau et plus particuli\u00e8rement l\u2019Institut fran\u00e7ais organise r\u00e9guli\u00e8rement des caf\u00e9s p\u00e9dagogiques et des formations \u00e0 destination du corps enseignant. En tant que membre du r\u00e9seau, l\u2019Alliance fran\u00e7aise a un r\u00f4le de facilitateur si vous souhaitez que vos enseignants b\u00e9n\u00e9ficient de ces formations.<\/p>\n\n<p>Pour plus d&rsquo;informations vous pouvez nous envoyer un mail : <a href=\"mailto:%20jiznicechy@alliancefrancaise.cz\">jiznicechy@alliancefrancaise.cz<\/a><\/p>\n","protected":false},"excerpt":{"rendered":"<p>Formation continue pour enseignants de FLE \u00c9laborer et animer une s\u00e9quence p\u00e9dagogique \ud83d\udcc5 24 avril 2026 (09:00-16:00) | \ud83d\udccd Alliance fran\u00e7aise de Boh\u00eame du Sud L&rsquo;Institut fran\u00e7ais de&#8230;<\/p>\n","protected":false},"author":4,"featured_media":7393,"parent":0,"menu_order":0,"comment_status":"closed","ping_status":"closed","template":"","meta":{"_acf_changed":false,"footnotes":""},"class_list":["post-7038","page","type-page","status-publish","has-post-thumbnail","hentry"],"acf":[],"_links":{"self":[{"href":"https:\/\/www.alliancefrancaise.cz\/jiznicechy\/fr\/wp-json\/wp\/v2\/pages\/7038","targetHints":{"allow":["GET"]}}],"collection":[{"href":"https:\/\/www.alliancefrancaise.cz\/jiznicechy\/fr\/wp-json\/wp\/v2\/pages"}],"about":[{"href":"https:\/\/www.alliancefrancaise.cz\/jiznicechy\/fr\/wp-json\/wp\/v2\/types\/page"}],"author":[{"embeddable":true,"href":"https:\/\/www.alliancefrancaise.cz\/jiznicechy\/fr\/wp-json\/wp\/v2\/users\/4"}],"replies":[{"embeddable":true,"href":"https:\/\/www.alliancefrancaise.cz\/jiznicechy\/fr\/wp-json\/wp\/v2\/comments?post=7038"}],"version-history":[{"count":6,"href":"https:\/\/www.alliancefrancaise.cz\/jiznicechy\/fr\/wp-json\/wp\/v2\/pages\/7038\/revisions"}],"predecessor-version":[{"id":18355,"href":"https:\/\/www.alliancefrancaise.cz\/jiznicechy\/fr\/wp-json\/wp\/v2\/pages\/7038\/revisions\/18355"}],"wp:featuredmedia":[{"embeddable":true,"href":"https:\/\/www.alliancefrancaise.cz\/jiznicechy\/fr\/wp-json\/wp\/v2\/media\/7393"}],"wp:attachment":[{"href":"https:\/\/www.alliancefrancaise.cz\/jiznicechy\/fr\/wp-json\/wp\/v2\/media?parent=7038"}],"curies":[{"name":"wp","href":"https:\/\/api.w.org\/{rel}","templated":true}]}}