{"id":7186,"date":"2024-03-20T13:10:14","date_gmt":"2024-03-20T12:10:14","guid":{"rendered":"https:\/\/www.alliancefrancaise.cz\/jiznicechy\/calendrier-et-inscriptions-2023-2024\/"},"modified":"2026-01-29T10:45:52","modified_gmt":"2026-01-29T09:45:52","slug":"calendrier-et-inscriptions-2023-2024","status":"publish","type":"page","link":"https:\/\/www.alliancefrancaise.cz\/jiznicechy\/fr\/calendrier-et-inscriptions-2023-2024\/","title":{"rendered":"Cours de fran\u00e7ais g\u00e9n\u00e9ral"},"content":{"rendered":"\n<p>L&rsquo;Alliance Fran\u00e7aise Ji\u017en\u00ed \u010cechy propose des cours de fran\u00e7ais g\u00e9n\u00e9ral tout au long de l&rsquo;ann\u00e9e. Consultez les modalit\u00e9s d\u2019inscription et le calendrier des cours.<\/p>\n<div class=\"row kategorieKurzu my-4 position-relative\"><div class=\"col-md-8 order-md-1 order-2\"><div class=\"row\"><div class=\"col-md-6 my-4 animTop\"><div class=\"obalKategorieKurzu p-4 pt-5 h-100 w-100\"><h3 class=\"h5 mb-3\"><a href=\"https:\/\/www.alliancefrancaise.cz\/jiznicechy\/fr\/kategorie-kurzu\/deti-6-12-let-a-mladez-13-16-let\/\">D\u011bti (6-12 let) a Ml\u00e1de\u017e (13-16 let)<\/a><\/h3><p>Kurzy pro d\u011bti. Klasick\u00e1 v\u00fduka francouz\u0161tiny anebo francouz\u0161tina hrou (z\u00e1le\u017e\u00ed na v\u011bku d\u00edt\u011bte), p\u00edsni\u010dky, \u0159\u00edkanky, v\u00fduka s u\u010debnicemi.<\/p><a href=\"https:\/\/www.alliancefrancaise.cz\/jiznicechy\/fr\/kategorie-kurzu\/deti-6-12-let-a-mladez-13-16-let\/\" class=\"btn btnMore\">Voir les cours<\/a><\/div><\/div><div class=\"col-md-6 my-4 animTop\"><div class=\"obalKategorieKurzu p-4 pt-5 h-100 w-100\"><h3 class=\"h5 mb-3\"><a href=\"https:\/\/www.alliancefrancaise.cz\/jiznicechy\/fr\/kategorie-kurzu\/francouzske-konverzace\/\">Francouzsk\u00e9 konverzace<\/a><\/h3><p><\/p><a href=\"https:\/\/www.alliancefrancaise.cz\/jiznicechy\/fr\/kategorie-kurzu\/francouzske-konverzace\/\" class=\"btn btnMore\">Voir les cours<\/a><\/div><\/div><div class=\"col-md-6 my-4 animTop\"><div class=\"obalKategorieKurzu p-4 pt-5 h-100 w-100\"><h3 class=\"h5 mb-3\"><a href=\"https:\/\/www.alliancefrancaise.cz\/jiznicechy\/fr\/kategorie-kurzu\/obecna-francouzstina\/\">Obecn\u00e1 francouz\u0161tina<\/a><\/h3><p>Klasick\u00fd kurz francouz\u0161tiny. V\u00fduka dle u\u010debnice (nebo n\u011bkolika u\u010debnic), gramatika, konverzace dopln\u011bn\u00e1 poslechy, videoz\u00e1znamy apodobn\u011b.<\/p><a href=\"https:\/\/www.alliancefrancaise.cz\/jiznicechy\/fr\/kategorie-kurzu\/obecna-francouzstina\/\" class=\"btn btnMore\">Voir les cours<\/a><\/div><\/div><div class=\"col-md-6 my-4 animTop\"><div class=\"obalKategorieKurzu p-4 pt-5 h-100 w-100\"><h3 class=\"h5 mb-3\"><a href=\"https:\/\/www.alliancefrancaise.cz\/jiznicechy\/fr\/kategorie-kurzu\/seniori-60-let-a-vice\/\">Senio\u0159i (60 let a v\u00edce)<\/a><\/h3><p><\/p><a href=\"https:\/\/www.alliancefrancaise.cz\/jiznicechy\/fr\/kategorie-kurzu\/seniori-60-let-a-vice\/\" class=\"btn btnMore\">Voir les cours<\/a><\/div><\/div><\/div><\/div><div class=\"col-md-4 order-md-2 order-1 mt-4\"><\/div><\/div>\n<h2 class=\"wp-block-heading\">Cours de fran\u00e7ais g\u00e9n\u00e9ral<\/h2>\n\n<p>Nos cours collectifs sont organis\u00e9s en trois trimestres, chacun d&rsquo;une dur\u00e9e de 11 semaines.<\/p>\n\n<ul class=\"wp-block-list\">\n<li><strong>Trimestre d&rsquo;automne : du 22 septembre au 12 d\u00e9cembre 2025  <\/strong><\/li>\n\n\n\n<li>Vacances scolaires : du 27 octobre au 2 novembre 2025  <\/li>\n\n\n\n<li>Vacances de No\u00ebl : du 22 d\u00e9cembre 2025 au 4 janvier 2026  <\/li>\n\n\n\n<li><strong>Trimestre d&rsquo;hiver : du 5 janvier au 27 mars 2026  <\/strong><\/li>\n\n\n\n<li>Vacances scolaires : du 9 f\u00e9vrier au 15 f\u00e9vrier 2026  <\/li>\n\n\n\n<li><strong>Trimestre de printemps : du 7 avril au 22 juin 2026  <\/strong><\/li>\n<\/ul>\n\n<p>L\u2019Alliance Fran\u00e7aise est ferm\u00e9e durant les jours f\u00e9ri\u00e9s et les cours sont d\u00e9cal\u00e9s \u00e0 une date ult\u00e9rieure.<br\/>L\u2019Alliance Fran\u00e7aise reste ouverte durant les vacances scolaires, except\u00e9es pour celles mentionn\u00e9es ci-dessus.<\/p>\n\n<p>Certains cours (pr\u00e9paration aux examens DELF\/DALF, fran\u00e7ais du voyage, phon\u00e9tique, etc.) sont ouverts \u00e0 la demande et ind\u00e9pendamment du calendrier. N\u2019h\u00e9sitez pas \u00e0 nous contacter pour plus d\u2019informations !<\/p>\n\n<h2 class=\"wp-block-heading\">Horaires complets des cours de fran\u00e7ais g\u00e9n\u00e9ral<\/h2>\n\n<p><strong>Important : nous nous adaptons \u00e0 vous !<\/strong><\/p>\n\n<p>N\u2019h\u00e9sitez pas \u00e0 nous contacter si les jours\/horaires ne vous conviennent pas ou si le cours de votre niveau n\u2019appara\u00eet pas dans la liste ou si vous pr\u00e9f\u00e9rez un cours en ligne. Nous essayerons d\u2019y rem\u00e9dier !<\/p>\n\n<h5 class=\"wp-block-heading\">Cours de fran\u00e7ais g\u00e9n\u00e9ral<\/h5>\n\n<div class=\"wp-block-columns is-layout-flex wp-container-core-columns-is-layout-9d6595d7 wp-block-columns-is-layout-flex\">\n<div class=\"wp-block-column is-layout-flow wp-block-column-is-layout-flow\" style=\"flex-basis:100%\">\n<figure class=\"wp-block-table is-style-stripes\"><table><tbody><tr><td><strong>Niveau<\/strong><\/td><td><strong>Jour<\/strong><\/td><td><strong>Heure<\/strong><\/td><td><strong>Dur\u00e9e<\/strong><\/td><td><strong>Prix\/trimestre<\/strong><\/td><td><strong>Prix\/ann\u00e9e<\/strong><\/td><\/tr><tr><td>A1.0 (d\u00e9butants complets)<\/td><td>Mercredi<\/td><td>17:30-19:00<\/td><td>1:30<\/td><td>3\u202f000 CZK<\/td><td>8500 CZK<\/td><\/tr><tr><td>A1 &#8211; (D\u00e9butants)<\/td><td>Mercredi<\/td><td>16:00-17:30<\/td><td>1:30<\/td><td>3000 CZK<\/td><td>8500 CZK<\/td><\/tr><tr><td>A1 + (D\u00e9butants)<\/td><td>Mercredi<\/td><td>17:30-19:00<\/td><td>1:30<\/td><td>3000 CZK<\/td><td>8\u202f500 CZK<\/td><\/tr><tr><td>A2 + (D\u00e9butants)<\/td><td>Mardi<\/td><td>10:15-11:45<\/td><td>1:30<\/td><td>3000 CZK<\/td><td>8\u202f500 CZK<\/td><\/tr><tr><td>B1 + (Interm\u00e9diaires)<\/td><td>Jeudi<\/td><td>17:30-19:00<\/td><td>1:30<\/td><td>3000 CZK<\/td><td>8\u202f500 CZK<\/td><\/tr><tr><td>B1 &#8211; (Interm\u00e9diaires)<\/td><td>Mardi<\/td><td>09:15 &#8211; 10:45<\/td><td>1:30<\/td><td>3000 CZK<\/td><td>8\u202f500 CZK<\/td><\/tr><tr><td>B2 (Avanc\u00e9s)<\/td><td>Jeudi<\/td><td>17:00-18:30<\/td><td>1:30<\/td><td>3000 CZK<\/td><td>8\u202f500 CZK<\/td><\/tr><tr><td>C1 + (Avanc\u00e9)<\/td><td>Mercredi<\/td><td>16:45-18:15<\/td><td>1:30<\/td><td>3000 CZK<\/td><td>8\u202f500 CZK<\/td><\/tr><\/tbody><\/table><\/figure>\n<\/div>\n<\/div>\n\n<h5 class=\"wp-block-heading\">Cours de conversation<\/h5>\n\n<figure class=\"wp-block-table is-style-stripes\"><table><tbody><tr><td><strong>Niveau<\/strong><\/td><td><strong>Jour<\/strong><\/td><td><strong>Heure<\/strong><\/td><td><strong>Dur\u00e9e<\/strong><\/td><td><strong>Prix\/trimestre<\/strong><\/td><td><strong>Prix\/ann\u00e9e<\/strong><\/td><\/tr><tr><td>Conversation B1\/B2<\/td><td>Mardi<\/td><td>17:30 &#8211; 18:30<\/td><td>1:00<\/td><td>2\u202f500 CZK<\/td><td>7000 CZK<\/td><\/tr><tr><td>Civilisation B1 + \/ B2 &#8211;<\/td><td>Lundi<\/td><td>17:00 &#8211; 18:30<\/td><td>1:30<\/td><td>3000 CZK<\/td><td>8\u202f500 CZK<\/td><\/tr><tr><td>Conversation C1\/C2<\/td><td>Mardi<\/td><td>17:30 &#8211; 18:30<\/td><td>1:00<\/td><td>2\u202f500 CZK<\/td><td>7000 CZK<\/td><\/tr><\/tbody><\/table><\/figure>\n\n<h5 class=\"wp-block-heading\">Cours de fran\u00e7ais pour enfants et adolescents<\/h5>\n\n<figure class=\"wp-block-table is-style-stripes\"><table><tbody><tr><td><strong>Niveau<\/strong><\/td><td><strong>Jour<\/strong><\/td><td><strong>Heure<\/strong><\/td><td><strong>Dur\u00e9e<\/strong><\/td><td><strong>Prix\/trimestre<\/strong><\/td><td><strong>Prix\/ann\u00e9e<\/strong><\/td><\/tr><tr><td>Adolescents A1- (D\u00e9butants complets)<\/td><td>Mercredi<\/td><td>14:30-15:30<\/td><td>1:00<\/td><td>1\u202f950 CZK<\/td><td>5500 CZK<\/td><\/tr><tr><td> Enfants A2 &#8211; (D\u00e9butants)<\/td><td>Vendredi<\/td><td>14:30-15:30<\/td><td>1:00<\/td><td>1\u202f950 CZK<\/td><td>5500 CZK<\/td><\/tr><tr><td>Enfants B1\/B2 &#8211; (avanc\u00e9s)<\/td><td>Vendredi<\/td><td>16:30-17:30<\/td><td>1:00<\/td><td>1950 CZK<\/td><td>5500 CZK<\/td><\/tr><tr><td>Adolescents A2 &#8211; (D\u00e9butant)<\/td><td>Vendredi<\/td><td>15:30-16:30<\/td><td>1:00<\/td><td>1\u202f950 CZK<\/td><td>5500 CZK<\/td><\/tr><tr><td>Adolescents A2 + (Interm\u00e9diaire)<\/td><td>Lundi<\/td><td>16:00-17:00<\/td><td>1:00<\/td><td>1\u202f950 CZK<\/td><td>5500 CZK<\/td><\/tr><tr><td>Adolescents A1.0 (D\u00e9butants complets)<\/td><td>Lundi<\/td><td>17:00-18:00<\/td><td>1:00<\/td><td>1\u202f950 CZK<\/td><td>5500 CZK<\/td><\/tr><\/tbody><\/table><\/figure>\n\n<h5 class=\"wp-block-heading\">Cours de fran\u00e7ais pour seniors<\/h5>\n\n<figure class=\"wp-block-table is-style-stripes\"><table><tbody><tr><td><strong>Niveau<\/strong><\/td><td><strong>Jour<\/strong><\/td><td><strong>Heure<\/strong><\/td><td><strong>Dur\u00e9e<\/strong><\/td><td><strong>Prix\/trimestre<\/strong><\/td><td><strong>Prix\/ann\u00e9e<\/strong><\/td><\/tr><tr><td>Seniors A.0 (D\u00e9butants complets)<\/td><td>Lundi<\/td><td>14:30 &#8211; 16:00<\/td><td>1:30<\/td><td>1\u202f950 CZK<\/td><td>5500 CZK<\/td><\/tr><tr><td>Seniors A2 &#8211; (Interm\u00e9diaires)<\/td><td>Lundi<\/td><td>15:30 &#8211; 17:00<\/td><td>1:30<\/td><td>1\u202f950 CZK<\/td><td>5500 CZK<\/td><\/tr><tr><td>Niveau A2+ (Interm\u00e9diaire)<\/td><td>Mercredi<\/td><td>11:00 &#8211; 12:30<\/td><td>1:30<\/td><td>1\u202f950 CZK<\/td><td>5500 CZK<\/td><\/tr><tr><td>Seniors B1 &#8211; (Interm\u00e9diaires)<\/td><td>Lundi<\/td><td>16:30 &#8211; 18:00<\/td><td>1:30<\/td><td>1\u202f950 CZK<\/td><td>5500 CZK<\/td><\/tr><\/tbody><\/table><\/figure>\n\n<h3 class=\"wp-block-heading\">Comment s&rsquo;inscrire \u00e0 un cours de fran\u00e7ais g\u00e9n\u00e9ral ?<\/h3>\n\n<p><strong>\u00c9tape 1 :<\/strong> Remplissez le formulaire d&rsquo;inscription en ligne ci-dessous ou envoyez-le directement par e-mail \u00e0 l&rsquo;adresse <a href=\"mailto:%20jiznicechy@alliancefrancaise.cz\">jiznicechy@alliancefrancaise.cz<\/a><br\/><strong>\u00c9tape 2 :<\/strong> Nous vous contacterons dans les plus brefs d\u00e9lais pour finaliser votre inscription.<br\/>Vous pouvez \u00e9galement vous inscrire directement \u00e0 l&rsquo;Alliance Fran\u00e7aise pendant nos heures d&rsquo;ouverture.<br\/><strong>Attention !<\/strong> En remplissant le formulaire d&rsquo;inscription, vous acceptez nos conditions g\u00e9n\u00e9rales d&rsquo;inscription aux cours. Vous pouvez les consulter <a href=\"https:\/\/www.alliancefrancaise.cz\/jiznicechy\/fr\/conditions-generales-dinscription-aux-cours\/vseobecne-registracni-podminky-pro-kurzy-2\/\">en cliquant ici<\/a>. Elles sont \u00e9galement disponibles en t\u00e9l\u00e9chargement au bas de cette page.<\/p>\n\n<h5 class=\"wp-block-heading\">Recommandez-nous !<\/h5>\n\n<p>Vous pouvez si vous le souhaitez inviter un(e) ami(e) \u00e0 suivre nos cours et profiter de r\u00e9ductions sur nos tarifs pour vous comme pour lui\/elle. Pour vous, 10% de r\u00e9duction par personne parrain\u00e9e et pour votre ami(e), 10% de remise \u00e9galement !<\/p>\n\n<h5 class=\"wp-block-heading\">Inscrivez-vous \u00e0 l\u2019ann\u00e9e !<\/h5>\n\n<p>Inscrivez-vous \u00e0 l\u2019ann\u00e9e plut\u00f4t qu\u2019au trimestre pour b\u00e9n\u00e9ficier de tarifs avantageux !<\/p>\n\n<ul class=\"wp-block-list\">\n<li>Cours collectifs : prix annuel de 8 500 CZK, soit 2 830 CZK par trimestre au lieu de 3 000 CZK par trimestre.<\/li>\n\n\n\n<li>Cours de conversation : prix annuel 7 000 CZK, soit 2 330 CZK\/trimestre au lieu de 2 500 CZK\/trimestre.<\/li>\n\n\n\n<li>Cours pour enfants et adolescents : prix annuel de 5 500 CZK, soit 1 830 CZK par trimestre au lieu de 1 950 CZK par trimestre.<\/li>\n\n\n\n<li>Cours pour seniors : prix annuel de 5 500 CZK, soit 1 830 CZK par trimestre au lieu de 1 950 CZK par trimestre.<\/li>\n<\/ul>\n\n<h5 class=\"wp-block-heading\">Inscrivez-vous \u00e0 deux cours !<\/h5>\n\n<p>Inscrivez-vous \u00e0 deux cours durant le m\u00eame trimestre et vous obtiendrez 20% de r\u00e9duction<\/p>\n\n<h5 class=\"wp-block-heading\">R\u00e9duction pour la famille<\/h5>\n\n<p>10% de r\u00e9duction chacun pour les membres d\u2019une m\u00eame famille (enfant, parent, \u00e9pouse, \u00e9poux)<\/p>\n\n<h5 class=\"wp-block-heading\"><strong>R\u00e9duction pour les \u00e9tudiants<\/strong><\/h5>\n\n<p>10 % de r\u00e9duction pour les \u00e9tudiants sur pr\u00e9sentation d&rsquo;un justificatif d&rsquo;inscription. <\/p>\n\n<h4 class=\"wp-block-heading\">A noter avant de commencer <\/h4>\n\n<ul class=\"wp-block-list\">\n<li> Nos conditions g\u00e9n\u00e9rales de vente peuvent \u00eatre t\u00e9l\u00e9charg\u00e9es en bas de page ou en cliquant ici.<\/li>\n\n\n\n<li> L\u2019Alliance fran\u00e7aise se r\u00e9serve le droit de ne pas ouvrir le cours en cas de nombre insuffisant de participants (nombre minimum de 4 \u00e9tudiants).<\/li>\n\n\n\n<li> Il est possible de r\u00e9gler en liquide \u00e0 l\u2019Alliance ou bien par virement bancaire. Nous vous fournirons une facture.<\/li>\n\n\n\n<li> L\u2019Alliance fran\u00e7aise de Boh\u00eame du Sud est une association enregistr\u00e9e et nos \u00e9tudiants inscrits dans les cours se d\u00e9roulant dans les locaux de l\u2019Alliance Fran\u00e7aise deviennent membres de l\u2019association. La cotisation annuelle est de 250 CZK, valabe de septembre \u00e0 ao\u00fbt.<\/li>\n<\/ul>\n\n<p><a href=\"https:\/\/www.alliancefrancaise.cz\/jiznicechy\/fr\/nous-soutenir\/nase-podpora-2\/\">Cliquez ici pour d\u00e9couvrir vos avantages en tant que membre de notre association<\/a><\/p>\n\n<p><a href=\"https:\/\/www.alliancefrancaise.cz\/jiznicechy\/fr\/qui-sommes-nous\/\">Cliquez ici pour lire les statuts de notre association<\/a><\/p>\n\n<h4 class=\"wp-block-heading\">Comment \u00e9valuer mon niveau en fran\u00e7ais ?<\/h4>\n\n<p>Si vous avez un doute concernant votre niveau de fran\u00e7ais et ne savez pas quel cours est fait pour vous, nous vous proposons de passer un test de placement. Ce test est gratuit.<br\/>Si vous avez d&rsquo;autres questions, n&rsquo;h\u00e9sitez pas \u00e0 nous contacter pendant les heures d&rsquo;ouverture du bureau de l&rsquo;Alliance Fran\u00e7aise de Boh\u00eame du Sud ou par e-mail \u00e0 l&rsquo;adresse :<a href=\"mailto:%20jiznicechy@alliancefrancaise.cz\">jiznicechy@alliancefrancaise.cz<\/a>.<\/p>\n\n<p><strong>Attention !<\/strong> En compl\u00e9tant le formulaire d\u2019inscription, vous acceptez nos conditions g\u00e9n\u00e9rales d\u2019inscription \u00e0 nos cours. <a href=\"https:\/\/www.alliancefrancaise.cz\/jiznicechy\/fr\/conditions-generales-dinscription-aux-cours\/vseobecne-registracni-podminky-pro-kurzy-2\/\">Vous pouvez les retrouver en cliquant ici,<\/a> elles sont \u00e9galement \u00e0 t\u00e9l\u00e9charger sur cette page.<\/p>\n<div id=\"dokumenty-block_d9c2702124224b898b7100a35ec2c996\" class=\"dokumenty row mt-5\">\n    \n    <div class=\"col-md-3 col-6 boxDokumentu text-center animTop mb-5\">\n        <a class=\"text-decoration-none\" href=\"https:\/\/www.alliancefrancaise.cz\/jiznicechy\/wp-content\/uploads\/2025\/08\/Formulaire_Inscriptions-Prihlaska_2025_2026.docx.pdf\" target=\"_blank\"\n            rel=\"noopener noreferrer\">\n            <div class=\"coverDokuemntu\"><img decoding=\"async\" src=\"https:\/\/www.alliancefrancaise.cz\/jiznicechy\/wp-content\/themes\/propagon\/img\/svg\/icon-file.svg\" alt=\"soubor\"><\/div>\n            <div class=\"nazevDokumentu fw-bold mt-3\">Formulaire d&rsquo;inscription<\/div>\n            <div class=\"text-body\">\n                120,99 KB            <\/div>\n        <\/a>\n    <\/div>\n    \n    <div class=\"col-md-3 col-6 boxDokumentu text-center animTop mb-5\">\n        <a class=\"text-decoration-none\" href=\"https:\/\/www.alliancefrancaise.cz\/jiznicechy\/wp-content\/uploads\/2025\/08\/CGV-2025-2026-CZ-.docx.pdf\" target=\"_blank\"\n            rel=\"noopener noreferrer\">\n            <div class=\"coverDokuemntu\"><img decoding=\"async\" src=\"https:\/\/www.alliancefrancaise.cz\/jiznicechy\/wp-content\/themes\/propagon\/img\/svg\/icon-file.svg\" alt=\"soubor\"><\/div>\n            <div class=\"nazevDokumentu fw-bold mt-3\">Conditions g\u00e9n\u00e9rales d\u2019inscription aux cours<\/div>\n            <div class=\"text-body\">\n                182,17 KB            <\/div>\n        <\/a>\n    <\/div>\n    <\/div>\n","protected":false},"excerpt":{"rendered":"<p>L&rsquo;Alliance Fran\u00e7aise Ji\u017en\u00ed \u010cechy propose des cours de fran\u00e7ais g\u00e9n\u00e9ral tout au long de l&rsquo;ann\u00e9e. Consultez les modalit\u00e9s d\u2019inscription et le calendrier des cours. Cours de fran\u00e7ais g\u00e9n\u00e9ral&#8230;<\/p>\n","protected":false},"author":4,"featured_media":16402,"parent":0,"menu_order":0,"comment_status":"closed","ping_status":"closed","template":"","meta":{"_acf_changed":false,"footnotes":""},"class_list":["post-7186","page","type-page","status-publish","has-post-thumbnail","hentry"],"acf":[],"_links":{"self":[{"href":"https:\/\/www.alliancefrancaise.cz\/jiznicechy\/fr\/wp-json\/wp\/v2\/pages\/7186","targetHints":{"allow":["GET"]}}],"collection":[{"href":"https:\/\/www.alliancefrancaise.cz\/jiznicechy\/fr\/wp-json\/wp\/v2\/pages"}],"about":[{"href":"https:\/\/www.alliancefrancaise.cz\/jiznicechy\/fr\/wp-json\/wp\/v2\/types\/page"}],"author":[{"embeddable":true,"href":"https:\/\/www.alliancefrancaise.cz\/jiznicechy\/fr\/wp-json\/wp\/v2\/users\/4"}],"replies":[{"embeddable":true,"href":"https:\/\/www.alliancefrancaise.cz\/jiznicechy\/fr\/wp-json\/wp\/v2\/comments?post=7186"}],"version-history":[{"count":9,"href":"https:\/\/www.alliancefrancaise.cz\/jiznicechy\/fr\/wp-json\/wp\/v2\/pages\/7186\/revisions"}],"predecessor-version":[{"id":18039,"href":"https:\/\/www.alliancefrancaise.cz\/jiznicechy\/fr\/wp-json\/wp\/v2\/pages\/7186\/revisions\/18039"}],"wp:featuredmedia":[{"embeddable":true,"href":"https:\/\/www.alliancefrancaise.cz\/jiznicechy\/fr\/wp-json\/wp\/v2\/media\/16402"}],"wp:attachment":[{"href":"https:\/\/www.alliancefrancaise.cz\/jiznicechy\/fr\/wp-json\/wp\/v2\/media?parent=7186"}],"curies":[{"name":"wp","href":"https:\/\/api.w.org\/{rel}","templated":true}]}}