{"id":7236,"date":"2024-02-21T19:00:48","date_gmt":"2024-02-21T18:00:48","guid":{"rendered":"https:\/\/www.alliancefrancaise.cz\/jiznicechy\/cours-de-francais-individuels\/"},"modified":"2026-02-24T14:17:27","modified_gmt":"2026-02-24T13:17:27","slug":"cours-de-francais-individuels","status":"publish","type":"page","link":"https:\/\/www.alliancefrancaise.cz\/jiznicechy\/fr\/cours-de-francais-individuels\/","title":{"rendered":"Cours de fran\u00e7ais individuels"},"content":{"rendered":"\n<p>Nous proposons des cours individuels ou en petits groupes dans nos locaux ou en ligne pour vous permettre de progresser en fran\u00e7ais \u00e0 votre rythme et selon vos objectifs. Avec ces cours, vous am\u00e9liorez votre fran\u00e7ais \u00e0 votre rythme et selon vos besoins.<\/p>\n\n<p>Vous avez des exigences particuli\u00e8res ou pr\u00e9f\u00e9rez apprendre seuls ? Optez pour nos cours individuels ! Nos cours individuels s\u2019adressent \u00e0 tous les publics et \u00e0 tous les niveaux : adultes, enfants et adolescents.<\/p>\n\n<p>Nous offrons aussi des cours individuels de groupe \u2013 si vous \u00eates un groupe d\u2019amis, de camarades de classe ou de coll\u00e8gues, vous pouvez cr\u00e9er votre propre groupe individuel.<\/p>\n\n<p>Nos cours individuels sont \u00e9galement disponible \u00e0 distance, via Google meet. <\/p>\n\n<h5 class=\"wp-block-heading\">Les avantages des cours individuels \u00e0 l\u2019Alliance Fran\u00e7aise Ji\u017en\u00ed \u010cechy<\/h5>\n\n<ul class=\"wp-block-list\">\n<li> Tous nos professeurs sont dipl\u00f4m\u00e9s dans l\u2019enseignement du fran\u00e7ais langue \u00e9trang\u00e8re ;<\/li>\n\n\n\n<li> Les cours individuels s\u2019adaptent \u00e0 votre emploi du temps : vous d\u00e9cidez de la fr\u00e9quence et du rythme de vos cours, en concertation avec votre professeur ;<\/li>\n\n\n\n<li> Vous d\u00e9cidez du programme en fonction de vos objectifs : conversation, pr\u00e9paration aux examens, la grammaire, prononciation, etc.) ;<\/li>\n\n\n\n<li> Vous avez le choix un professeur francophone natif ou un professeur tch\u00e8que<\/li>\n<\/ul>\n\n<p>N\u2019h\u00e9sitez pas \u00e0 nous contacter pour plus d\u2019informations : <a href=\"mailto:jiznicechy@alliancefrancaise.cz\">jiznicechy@alliancefrancaise.cz<\/a><\/p>\n\n<h5 class=\"wp-block-heading\">Notre offre de cours individuels<\/h5>\n\n<p>Les tarifs de nos cours individuels sont d\u00e9gressifs en fonction du nombre d\u2019heures de cours command\u00e9es.<\/p>\n\n<h6 class=\"wp-block-heading\"><strong>Cours 60 min.<\/strong><\/h6>\n\n<figure class=\"wp-block-table is-style-stripes\"><table><tbody><tr><td><strong>Nombre de cours <\/strong><\/td><td><strong>5<\/strong><\/td><td><strong>10<\/strong><\/td><td><strong>15<\/strong><\/td><\/tr><tr><td>Une personne<\/td><td>3 000 K\u010d (600K\u010d\/h)<\/td><td>5 000 K\u010d (500K\u010d\/h)<\/td><td>6 750 K\u010d (450K\u010d\/h)<\/td><\/tr><tr><td>Deux personnes<\/td><td>2 500 K\u010d (500K\u010d\/h)<\/td><td>4 000 K\u010d (400K\u010d\/h)<\/td><td>5 250 K\u010d (350K\u010d\/h)<\/td><\/tr><tr><td>Trois personnes<\/td><td>2 000 K\u010d (400K\u010d\/h)<\/td><td>3 000 K\u010d (300K\u010d\/h)<\/td><td>3 750 K\u010d (250K\u010d\/h)<\/td><\/tr><\/tbody><\/table><\/figure>\n\n<h6 class=\"wp-block-heading\"><strong>Cours 90 min<\/strong><\/h6>\n\n<figure class=\"wp-block-table is-style-stripes\"><table><tbody><tr><td><strong>Nombre de cours <\/strong><\/td><td><strong>5<\/strong><\/td><td><strong>10<\/strong><\/td><td><strong>15<\/strong><\/td><\/tr><tr><td>Une personne<\/td><td>4 500 K\u010d (600K\u010d\/h)<\/td><td>7 500 K\u010d (500K\u010d\/h)<\/td><td>10 125 K\u010d (450K\u010d\/h)<\/td><\/tr><tr><td>Deux personnes<\/td><td>3 750 K\u010d (500K\u010d\/h)<\/td><td>6 000 K\u010d (400K\u010d\/h)<\/td><td>7 875 K\u010d (350K\u010d\/h)<\/td><\/tr><tr><td>Trois personnes<\/td><td>3 000 K\u010d (400K\u010d\/h)<\/td><td>4 500 K\u010d (300K\u010d\/h)<\/td><td>5 625 K\u010d (250K\u010d\/h)<\/td><\/tr><\/tbody><\/table><\/figure>\n\n<h4 class=\"wp-block-heading\">Afin de nous aider \u00e0 r\u00e9pondre \u00e0 votre demande, veuillez s\u2019il vous plait remplir le formulaire ci-dessous :<\/h4>\n\n<iframe loading=\"lazy\" src=\"https:\/\/docs.google.com\/forms\/d\/e\/1FAIpQLScKFgP_Pto4KJlEx5aNHD6Xc0lettVsc_hcsuXv3H26mp83Yg\/viewform?embedded=true\" width=\"640\" height=\"4997\" frameborder=\"0\" marginheight=\"0\" marginwidth=\"0\">Chargement\u2026<\/iframe>\n","protected":false},"excerpt":{"rendered":"<p>Nous proposons des cours individuels ou en petits groupes dans nos locaux ou en ligne pour vous permettre de progresser en fran\u00e7ais \u00e0 votre rythme et selon vos&#8230;<\/p>\n","protected":false},"author":4,"featured_media":7337,"parent":0,"menu_order":0,"comment_status":"closed","ping_status":"closed","template":"","meta":{"_acf_changed":false,"footnotes":""},"class_list":["post-7236","page","type-page","status-publish","has-post-thumbnail","hentry"],"acf":[],"_links":{"self":[{"href":"https:\/\/www.alliancefrancaise.cz\/jiznicechy\/fr\/wp-json\/wp\/v2\/pages\/7236","targetHints":{"allow":["GET"]}}],"collection":[{"href":"https:\/\/www.alliancefrancaise.cz\/jiznicechy\/fr\/wp-json\/wp\/v2\/pages"}],"about":[{"href":"https:\/\/www.alliancefrancaise.cz\/jiznicechy\/fr\/wp-json\/wp\/v2\/types\/page"}],"author":[{"embeddable":true,"href":"https:\/\/www.alliancefrancaise.cz\/jiznicechy\/fr\/wp-json\/wp\/v2\/users\/4"}],"replies":[{"embeddable":true,"href":"https:\/\/www.alliancefrancaise.cz\/jiznicechy\/fr\/wp-json\/wp\/v2\/comments?post=7236"}],"version-history":[{"count":4,"href":"https:\/\/www.alliancefrancaise.cz\/jiznicechy\/fr\/wp-json\/wp\/v2\/pages\/7236\/revisions"}],"predecessor-version":[{"id":17307,"href":"https:\/\/www.alliancefrancaise.cz\/jiznicechy\/fr\/wp-json\/wp\/v2\/pages\/7236\/revisions\/17307"}],"wp:featuredmedia":[{"embeddable":true,"href":"https:\/\/www.alliancefrancaise.cz\/jiznicechy\/fr\/wp-json\/wp\/v2\/media\/7337"}],"wp:attachment":[{"href":"https:\/\/www.alliancefrancaise.cz\/jiznicechy\/fr\/wp-json\/wp\/v2\/media?parent=7236"}],"curies":[{"name":"wp","href":"https:\/\/api.w.org\/{rel}","templated":true}]}}