{"id":7242,"date":"2024-02-22T11:56:20","date_gmt":"2024-02-22T10:56:20","guid":{"rendered":"https:\/\/www.alliancefrancaise.cz\/jiznicechy\/pourquoi-apprendre-le-francais-avec-nous\/"},"modified":"2025-08-20T14:42:10","modified_gmt":"2025-08-20T12:42:10","slug":"pourquoi-apprendre-le-francais-avec-nous","status":"publish","type":"page","link":"https:\/\/www.alliancefrancaise.cz\/jiznicechy\/fr\/pourquoi-apprendre-le-francais-avec-nous\/","title":{"rendered":"Pourquoi apprendre le fran\u00e7ais avec nous ?"},"content":{"rendered":"\n<p>Pourquoi apprendre le fran\u00e7ais ? L\u2019Alliance Fran\u00e7aise de Boh\u00eame du Sud fait partie du r\u00e9seau mondial des Alliances Fran\u00e7aises. L\u2019excellence des services propos\u00e9s motive nos actions au quotidien.<\/p>\n\n<p>L\u2019Alliance Fran\u00e7aise de Boh\u00eame du sud, situ\u00e9e \u00e0 \u010cesk\u00e9 Bud\u011bjovice, est la seule institution officielle de la r\u00e9gion de Boh\u00eame du Sud d\u00e9di\u00e9e \u00e0 la langue fran\u00e7aise et aux cultures francophones. Elle vous permet de d\u00e9couvrir la langue fran\u00e7aise gr\u00e2ce \u00e0 une large offre de cours et de vous familiariser avec les cultures francophones gr\u00e2ce aux manifestations qu\u2019elle organise. Bienvenue en francophonie !<\/p>\n\n<h2 class=\"wp-block-heading\"><strong>L\u2019Alliance Fran\u00e7aise de Boh\u00eame du Sud vous propose :<\/strong><\/h2>\n\n<ul class=\"wp-block-list\">\n<li> Un accueil chaleureux au c\u0153ur de \u010cesk\u00e9 Bud\u011bjovice<\/li>\n\n\n\n<li> Des cours de qualit\u00e9 vous permettant d\u2019apprendre ou de vous perfectionner en fran\u00e7ais dans une atmosph\u00e8re chaleureuse et accueillante<\/li>\n\n\n\n<li> Des cours pour tous les publics (enfants, adolescents, adultes) et pour tous les niveaux selon le Cadre Europ\u00e9en Commun de R\u00e9f\u00e9rence pour les langues (CECRL), adapt\u00e9s \u00e0 vos objectifs et \u00e0 vos disponibilit\u00e9s<\/li>\n\n\n\n<li> Des cours en petit groupes (8 personnes maximum)<\/li>\n\n\n\n<li> Des professeurs francophones natifs ou tch\u00e8ques sp\u00e9cialis\u00e9s dans l\u2019enseignement du fran\u00e7ais langue \u00e9trang\u00e8re (FLE). L\u2019ensemble de nos professeurs suit r\u00e9guli\u00e8rement des formations leur permettant d\u2019adapter leurs techniques avec les derni\u00e8res m\u00e9thodes d\u2019enseignement.<\/li>\n\n\n\n<li> Des tarifs privil\u00e9gi\u00e9s pour passer les examens DELF\/DALF. L\u2019Alliance Fran\u00e7aise de Boh\u00eame du Sud est le seul centre officiel d\u2019examen de la r\u00e9gion pour les dipl\u00f4mes DELF\/DALF \u00e9mis par le Minist\u00e8re fran\u00e7ais de l\u2019\u00c9ducation nationale et reconnus au niveau international<\/li>\n\n\n\n<li> Des tarifs privil\u00e9gi\u00e9s sur nos nombreux \u00e9v\u00e9nements culturels vous permettant de mieux conna\u00eetre les cultures du monde de la francophonie et ses 300 millions de locuteurs.<\/li>\n\n\n\n<li> Un acc\u00e8s illimit\u00e9 \u00e0 notre biblioth\u00e8que francophone contenant plus de 2000 r\u00e9f\u00e9rences (livres, DVD, CD)<\/li>\n\n\n\n<li> Un acc\u00e8s illimit\u00e9 \u00e0 notre m\u00e9diath\u00e8que en ligne Cultureth\u00e8que, contenant plus de 50 000 r\u00e9f\u00e9rences<\/li>\n<\/ul>\n\n<h3 class=\"wp-block-heading\">Notre engagement qualit\u00e9<\/h3>\n\n<p>En R\u00e9publique tch\u00e8que, comme partout dans le monde, l\u2019excellence des services propos\u00e9s motive les actions des Alliances fran\u00e7aises. L\u2019Alliance Fran\u00e7aise est un mouvement international, apolitique et non confessionnel pr\u00e9sent depuis plus de 120 ans. Les Alliances fran\u00e7aises du r\u00e9seau s\u2019engagent :<\/p>\n\n<h4 class=\"wp-block-heading\"><strong>I. Pour l\u2019accueil :<\/strong><\/h4>\n\n<ul class=\"wp-block-list\">\n<li> Offrir un service d\u2019accueil \u00e0 l\u2019apprenant, en lui indiquant la proc\u00e9dure \u00e0 suivre en cas de dol\u00e9ances, et \u00e0 se tenir pr\u00eat \u00e0 l\u2019aider dans toute la mesure du possible pour faciliter son apprentissage \u00e0 l\u2019Alliance fran\u00e7aise.<\/li>\n\n\n\n<li> Donner des informations claires, actuelles et compl\u00e8tes \u00e0 toute personne souhaitant s\u2019inscrire \u00e0 nos cours de langue. Informations adress\u00e9es dans les meilleurs d\u00e9lais, sur les conditions d\u2019inscription, d\u2019annulation et sur le panel des formations propos\u00e9es.<\/li>\n\n\n\n<li> Informer r\u00e9guli\u00e8rement les \u00e9tudiants inscrits \u00e0 l\u2019Alliance des activit\u00e9s culturelles, r\u00e9cr\u00e9atives et sportives, organis\u00e9es tout au long de l\u2019ann\u00e9e, en pr\u00e9cisant pour chacune d\u2019elles si elles sont gratuites ou payantes.<\/li>\n<\/ul>\n\n<h4 class=\"wp-block-heading\"><strong>II. Pour la p\u00e9dagogie :<\/strong><\/h4>\n\n<p>1. Dispenser un enseignement de qualit\u00e9, ce qui passe par :<\/p>\n\n<ul class=\"wp-block-list\">\n<li> L\u2019affectation de l\u2019apprenant dans un groupe selon son niveau, apr\u00e8s \u00e9valuation initiale de ses comp\u00e9tences,<\/li>\n\n\n\n<li> L\u2019encadrement par des enseignants qualifi\u00e9s, natifs et\/ou sp\u00e9cialistes dans l\u2019enseignement du fran\u00e7ais, qui ont \u00e9t\u00e9 choisis pour leurs qualifications, leurs exp\u00e9riences et leurs qualit\u00e9s humaines,<\/li>\n\n\n\n<li> Des locaux et des \u00e9quipements adapt\u00e9s aux m\u00e9thodes modernes d\u2019enseignement des langues vivantes,<\/li>\n\n\n\n<li> Un syst\u00e8me d\u2019\u00e9valuation r\u00e9guli\u00e8re des connaissances.<\/li>\n<\/ul>\n\n<p>2. Proposer une offre de cours \u00e9tablie \u00e0 partir du Cadre europ\u00e9en commun de r\u00e9f\u00e9rence pour les langues (CECRL).<\/p>\n\n<p>3. Diversifier et adapter notre offre de cours aux besoins des apprenants.<\/p>\n\n<p>4. Permettre \u00e0 toutes les personnes qui le souhaitent de se pr\u00e9parer aux certifications de Fran\u00e7ais langue \u00e9trang\u00e8re reconnues et de pr\u00e9senter l\u2019examen dans les meilleures conditions. Toutes les Alliances fran\u00e7aises du r\u00e9seau tch\u00e8que ont le statut de centre d\u2019examen DELF-DALF.<\/p>\n\n<h4 class=\"wp-block-heading\"><strong>III. Pour le culturel :<\/strong><\/h4>\n\n<ul class=\"wp-block-list\">\n<li> Les Alliances fran\u00e7aises proposent aussi des activit\u00e9s culturelles pour faire d\u00e9couvrir au grand public les cultures francophones, tout en favorisant le dialogue interculturel avec la culture tch\u00e8que.<\/li>\n<\/ul>\n","protected":false},"excerpt":{"rendered":"<p>Pourquoi apprendre le fran\u00e7ais ? L\u2019Alliance Fran\u00e7aise de Boh\u00eame du Sud fait partie du r\u00e9seau mondial des Alliances Fran\u00e7aises. L\u2019excellence des services propos\u00e9s motive nos actions au quotidien&#8230;.<\/p>\n","protected":false},"author":4,"featured_media":7341,"parent":0,"menu_order":0,"comment_status":"closed","ping_status":"closed","template":"","meta":{"_acf_changed":false,"footnotes":""},"class_list":["post-7242","page","type-page","status-publish","has-post-thumbnail","hentry"],"acf":[],"_links":{"self":[{"href":"https:\/\/www.alliancefrancaise.cz\/jiznicechy\/fr\/wp-json\/wp\/v2\/pages\/7242","targetHints":{"allow":["GET"]}}],"collection":[{"href":"https:\/\/www.alliancefrancaise.cz\/jiznicechy\/fr\/wp-json\/wp\/v2\/pages"}],"about":[{"href":"https:\/\/www.alliancefrancaise.cz\/jiznicechy\/fr\/wp-json\/wp\/v2\/types\/page"}],"author":[{"embeddable":true,"href":"https:\/\/www.alliancefrancaise.cz\/jiznicechy\/fr\/wp-json\/wp\/v2\/users\/4"}],"replies":[{"embeddable":true,"href":"https:\/\/www.alliancefrancaise.cz\/jiznicechy\/fr\/wp-json\/wp\/v2\/comments?post=7242"}],"version-history":[{"count":4,"href":"https:\/\/www.alliancefrancaise.cz\/jiznicechy\/fr\/wp-json\/wp\/v2\/pages\/7242\/revisions"}],"predecessor-version":[{"id":17316,"href":"https:\/\/www.alliancefrancaise.cz\/jiznicechy\/fr\/wp-json\/wp\/v2\/pages\/7242\/revisions\/17316"}],"wp:featuredmedia":[{"embeddable":true,"href":"https:\/\/www.alliancefrancaise.cz\/jiznicechy\/fr\/wp-json\/wp\/v2\/media\/7341"}],"wp:attachment":[{"href":"https:\/\/www.alliancefrancaise.cz\/jiznicechy\/fr\/wp-json\/wp\/v2\/media?parent=7242"}],"curies":[{"name":"wp","href":"https:\/\/api.w.org\/{rel}","templated":true}]}}