{"id":7275,"date":"2024-02-22T12:38:30","date_gmt":"2024-02-22T11:38:30","guid":{"rendered":"https:\/\/www.alliancefrancaise.cz\/jiznicechy\/bibliotheque\/"},"modified":"2026-02-24T14:24:23","modified_gmt":"2026-02-24T13:24:23","slug":"bibliotheque","status":"publish","type":"page","link":"https:\/\/www.alliancefrancaise.cz\/jiznicechy\/fr\/bibliotheque\/","title":{"rendered":"Biblioth\u00e8que"},"content":{"rendered":"\n<p>L\u2019Alliance Fran\u00e7aise Ji\u017en\u00ed \u010cechy offre \u00e0 ses membres une large s\u00e9lection de livres en fran\u00e7ais gr\u00e2ce \u00e0 la m\u00e9diath\u00e8que dans ses locaux ou via Cultureth\u00e8que, une plateforme en ligne sur internet.<\/p>\n\n<figure class=\"wp-block-image size-large is-resized\"><img loading=\"lazy\" decoding=\"async\" width=\"1360\" height=\"765\" src=\"https:\/\/www.alliancefrancaise.cz\/jiznicechy\/wp-content\/uploads\/2024\/02\/Bibliotheque-1360x765.png\" alt=\"\" class=\"wp-image-7380\" style=\"width:477px;height:auto\" srcset=\"https:\/\/www.alliancefrancaise.cz\/jiznicechy\/wp-content\/uploads\/2024\/02\/Bibliotheque-1360x765.png 1360w, https:\/\/www.alliancefrancaise.cz\/jiznicechy\/wp-content\/uploads\/2024\/02\/Bibliotheque-460x259.png 460w, https:\/\/www.alliancefrancaise.cz\/jiznicechy\/wp-content\/uploads\/2024\/02\/Bibliotheque-768x432.png 768w, https:\/\/www.alliancefrancaise.cz\/jiznicechy\/wp-content\/uploads\/2024\/02\/Bibliotheque.png 1920w\" sizes=\"auto, (max-width: 1360px) 100vw, 1360px\" \/><\/figure>\n\n<h5 class=\"wp-block-heading\">M\u00e9diath\u00e8que<\/h5>\n\n<p><strong>Profitez d\u2019une vaste collection de livres en fran\u00e7ais adapt\u00e9s \u00e0 tous les \u00e2ges et \u00e0 tous niveaux !<\/strong><\/p>\n\n<p>La m\u00e9diath\u00e8que de l\u2019Alliance Fran\u00e7aise de Boh\u00eame du Sud propose plus de 3000 ouvrages : litt\u00e9rature classique et contemporaine, po\u00e9sie, th\u00e9\u00e2tre, litt\u00e9rature jeunesse, livres en fran\u00e7ais facile, traductions en tch\u00e8que d\u2019auteurs fran\u00e7ais, etc&#8230; DVD et CD sont \u00e9galement disponibles.<\/p>\n\n<p>Il est possible consulter les livres et les autres m\u00e9dias sur place et gratuitement pendant les horaires d\u2019ouverture de l\u2019Alliance.<\/p>\n\n<p>L\u2019emprunt est ouvert aux membres de l\u2019Alliance Fran\u00e7aise (cotisation annuelle de 200 ,- CZK) et aux scolaires uniquement. Il est possible d\u2019emprunter jusqu\u2019\u00e0 10 documents pour une dur\u00e9e maximum de 3 semaines. Certains documents sont uniquement consultables sur place.<\/p>\n\n<p>Etre membre de l\u2019Alliance Fran\u00e7aise de Boh\u00eame du Sud vous donne \u00e9galement acc\u00e8s \u00e0 Cultureth\u00e8que, notre m\u00e9diath\u00e8que num\u00e9rique offrant plus de 50 000 livres, magazines, musique, culture, films, tutoriels et bien plus en fran\u00e7ais !<\/p>\n\n<h5 class=\"wp-block-heading\">Cultureth\u00e8que<\/h5>\n\n<p><strong>Cultureth\u00e8que est la m\u00e9diath\u00e8que en ligne et gratuite en fran\u00e7ais de l\u2019Institut fran\u00e7ais.<\/strong><\/p>\n\n<p>Cultureth\u00e8que est la biblioth\u00e8que num\u00e9rique des \u00e9tablissements culturels fran\u00e7ais \u00e0 l\u2019\u00e9tranger.<\/p>\n\n<p>Nous offrons d&rsquo;innombrables ressources \u00e0 t\u00e9l\u00e9charger ou \u00e0 consulter en ligne :<br\/>Litt\u00e9rature fran\u00e7aise, quotidiens fran\u00e7ais, musique, concerts en ligne, conf\u00e9rences, documentaires, bandes dessin\u00e9es, litt\u00e9rature jeunesse, m\u00e9thodes d&rsquo;enseignement du fran\u00e7ais, jeux et bien d&rsquo;autres ressources. Nous vous laissons le soin de tout explorer par vous-m\u00eame !<\/p>\n\n<p>Accessible \u00e0 tous moments, il vous est possible de vous connecter \u00e0 votre compte Cultureth\u00e8que depuis votre ordinateur, tablette ou smartphone personnel.<\/p>\n\n<p><strong>Etre membre de l\u2019Alliance Fran\u00e7aise de Boh\u00eame du Sud (200,- ) vous donne acc\u00e8s \u00e0 Cultureth\u00e8que. Il vous suffit de remplir le formulaire d\u2019inscription et de nous le retourner \u00e0 jiznicechy@alliancefrancaise.cz.<\/strong><\/p>\n","protected":false},"excerpt":{"rendered":"<p>L\u2019Alliance Fran\u00e7aise Ji\u017en\u00ed \u010cechy offre \u00e0 ses membres une large s\u00e9lection de livres en fran\u00e7ais gr\u00e2ce \u00e0 la m\u00e9diath\u00e8que dans ses locaux ou via Cultureth\u00e8que, une plateforme en&#8230;<\/p>\n","protected":false},"author":4,"featured_media":7381,"parent":0,"menu_order":0,"comment_status":"closed","ping_status":"closed","template":"","meta":{"_acf_changed":false,"footnotes":""},"class_list":["post-7275","page","type-page","status-publish","has-post-thumbnail","hentry"],"acf":[],"_links":{"self":[{"href":"https:\/\/www.alliancefrancaise.cz\/jiznicechy\/fr\/wp-json\/wp\/v2\/pages\/7275","targetHints":{"allow":["GET"]}}],"collection":[{"href":"https:\/\/www.alliancefrancaise.cz\/jiznicechy\/fr\/wp-json\/wp\/v2\/pages"}],"about":[{"href":"https:\/\/www.alliancefrancaise.cz\/jiznicechy\/fr\/wp-json\/wp\/v2\/types\/page"}],"author":[{"embeddable":true,"href":"https:\/\/www.alliancefrancaise.cz\/jiznicechy\/fr\/wp-json\/wp\/v2\/users\/4"}],"replies":[{"embeddable":true,"href":"https:\/\/www.alliancefrancaise.cz\/jiznicechy\/fr\/wp-json\/wp\/v2\/comments?post=7275"}],"version-history":[{"count":9,"href":"https:\/\/www.alliancefrancaise.cz\/jiznicechy\/fr\/wp-json\/wp\/v2\/pages\/7275\/revisions"}],"predecessor-version":[{"id":18231,"href":"https:\/\/www.alliancefrancaise.cz\/jiznicechy\/fr\/wp-json\/wp\/v2\/pages\/7275\/revisions\/18231"}],"wp:featuredmedia":[{"embeddable":true,"href":"https:\/\/www.alliancefrancaise.cz\/jiznicechy\/fr\/wp-json\/wp\/v2\/media\/7381"}],"wp:attachment":[{"href":"https:\/\/www.alliancefrancaise.cz\/jiznicechy\/fr\/wp-json\/wp\/v2\/media?parent=7275"}],"curies":[{"name":"wp","href":"https:\/\/api.w.org\/{rel}","templated":true}]}}