{"id":7459,"date":"2024-03-07T12:46:32","date_gmt":"2024-03-07T11:46:32","guid":{"rendered":"https:\/\/www.alliancefrancaise.cz\/jiznicechy\/lete-en-francais\/"},"modified":"2026-01-22T10:53:56","modified_gmt":"2026-01-22T09:53:56","slug":"lete-en-francais-2","status":"publish","type":"page","link":"https:\/\/www.alliancefrancaise.cz\/jiznicechy\/fr\/lete-en-francais-2\/","title":{"rendered":"Cours interactifs de fran\u00e7ais"},"content":{"rendered":"\n<figure class=\"wp-block-image size-large\"><img loading=\"lazy\" decoding=\"async\" width=\"1360\" height=\"766\" src=\"https:\/\/www.alliancefrancaise.cz\/jiznicechy\/wp-content\/uploads\/2026\/01\/Trimestre-dhiver-2026-Couverture-Facebook-1-1360x766.png\" alt=\"\" class=\"wp-image-17962\" srcset=\"https:\/\/www.alliancefrancaise.cz\/jiznicechy\/wp-content\/uploads\/2026\/01\/Trimestre-dhiver-2026-Couverture-Facebook-1-1360x766.png 1360w, https:\/\/www.alliancefrancaise.cz\/jiznicechy\/wp-content\/uploads\/2026\/01\/Trimestre-dhiver-2026-Couverture-Facebook-1-460x259.png 460w, https:\/\/www.alliancefrancaise.cz\/jiznicechy\/wp-content\/uploads\/2026\/01\/Trimestre-dhiver-2026-Couverture-Facebook-1-768x433.png 768w, https:\/\/www.alliancefrancaise.cz\/jiznicechy\/wp-content\/uploads\/2026\/01\/Trimestre-dhiver-2026-Couverture-Facebook-1.png 1640w\" sizes=\"auto, (max-width: 1360px) 100vw, 1360px\" \/><\/figure>\n\n<p><strong>\u2744\ufe0f Ateliers d&rsquo;hiver &#8211; Cours interactif de fran\u00e7ais <\/strong><\/p>\n\n<p>Envie d\u2019apprendre le fran\u00e7ais autrement ? Venez d\u00e9couvrir nos<strong> ateliers interactifs d&rsquo;hiver<\/strong> ! Que vous soyez <strong>adulte ou enfant, d\u00e9butant\u00b7e ou avanc\u00e9\u00b7e<\/strong>, nos ateliers sont con\u00e7us pour <strong>tous les niveaux<\/strong> et mettent l\u2019accent sur <strong><strong>l\u2019immersion, l\u2019\u00e9change et le plaisir d\u2019apprendre<\/strong><\/strong>. <\/p>\n\n<p><\/p>\n\n<h2 class=\"wp-block-heading\">Cours interactifs pour les adultes<\/h2>\n\n<p><\/p>\n\n<h4 class=\"wp-block-heading\">Programme des ateliers :<\/h4>\n\n<p><\/p>\n\n<p><strong>\ud83d\uddd3\ufe0f<\/strong> <strong>Lundi 9 f\u00e9vrier  <\/strong>: <strong>Atelier Prononciation &amp; Phon\u00e9tique<\/strong><\/p>\n\n<p>\ud83d\udd53 15:30\u201317:00<br\/>\ud83d\udd52 Dur\u00e9e: 90 minutes<br\/>\ud83d\udccc Tous niveaux (d\u00e9butants et avanc\u00e9s)<\/p>\n\n<p>\ud83d\udd0a<strong>Cet atelier vous aidera \u00e0 :<\/strong><\/p>\n\n<ul class=\"wp-block-list\">\n<li>mieux comprendre<strong> les sons sp\u00e9cifiques du fran\u00e7ais,<\/strong><\/li>\n\n\n\n<li>am\u00e9liorer votre prononciation et votre intonation,<\/li>\n\n\n\n<li>r\u00e9duire votre accent et gagner en clart\u00e9 \u00e0 l\u2019oral.<\/li>\n<\/ul>\n\n<p>\u00c0 travers des exercices d\u2019\u00e9coute, de r\u00e9p\u00e9tition et de mise en situation, vous apprendrez \u00e0 parler avec plus de confiance, quel que soit votre niveau.<\/p>\n\n<p><\/p>\n\n<p><strong>\ud83d\uddd3\ufe0f <strong>Mardi 10 f\u00e9vrier <\/strong> <strong>&#8211; Cuisine et terroir fran\u00e7ais<\/strong><\/strong><br\/>\ud83d\udd58 15:30\u201317:00<br\/>\ud83d\udd52 Dur\u00e9e : 90 minutes<br\/>\ud83d\udccc Niveau A2 minimum<br\/><strong>\ud83c\udf7d Au programme :<\/strong><\/p>\n\n<ul class=\"wp-block-list\">\n<li>vocabulaire li\u00e9 \u00e0 la cuisine, aux produits et aux r\u00e9gions,<\/li>\n\n\n\n<li>expressions courantes autour des repas,<\/li>\n\n\n\n<li>\u00e9changes et discussions sur les traditions culinaires fran\u00e7aises.<br\/><\/li>\n<\/ul>\n\n<p>Un atelier id\u00e9al pour apprendre le fran\u00e7ais dans un contexte culturel authentique et convivial.<\/p>\n\n<p><\/p>\n\n<p><strong>\ud83d\uddd3\ufe0f <strong> Mercredi 11 f\u00e9vrier <\/strong> \u2013 Comment am\u00e9liorer votre fran\u00e7ais au quotidien<\/strong><br\/>\ud83d\udd53 15:30\u201317:00<br\/>\ud83d\udd52 Dur\u00e9e : 90 minutes<br\/>\ud83d\udccc Niveau B1 minimum<br\/>\ud83d\udde3\ufe0fL&rsquo;atelier propose:<\/p>\n\n<ul class=\"wp-block-list\">\n<li>comment utiliser des<strong> outils du quotidien <\/strong>(applications, m\u00e9dias, r\u00e9seaux sociaux, habitudes simples),<\/li>\n\n\n\n<li>des strat\u00e9gies concr\u00e8tes pour pratiquer le fran\u00e7ais en dehors des cours,<\/li>\n\n\n\n<li>des conseils personnalis\u00e9s pour progresser plus efficacement.<\/li>\n<\/ul>\n\n<p><\/p>\n\n<h4 class=\"wp-block-heading\">Co\u00fbt:<\/h4>\n\n<ul class=\"wp-block-list\">\n<li>Atelier de 90 minutes: <strong>350 CZK<\/strong><\/li>\n<\/ul>\n\n<h4 class=\"wp-block-heading\">Informations pratiques:<\/h4>\n\n<ul class=\"wp-block-list\">\n<li>\ud83d\udc65 <strong>Nombre minimum de participants : 3 personnes<\/strong><\/li>\n\n\n\n<li>\ud83d\udcc6 Vous pouvez vous inscrire \u00e0 <strong>un ou plusieurs ateliers.<\/strong><\/li>\n\n\n\n<li>\ud83d\udd50<strong> L&rsquo;horaire ne vous convient pas<\/strong> ? \u00c9crivez-nous, nous trouverons une solution ! <strong>jiznicechy@alliancefrancaise.cz<\/strong><\/li>\n<\/ul>\n\n<p>\ud83d\udc49 S&rsquo;inscrire \u00e0 l&rsquo;atelier pour adultes : jiznicechy@alliancefrancaise.cz<\/p>\n\n<hr class=\"wp-block-separator has-alpha-channel-opacity\"\/>\n\n<h2 class=\"wp-block-heading\">Cours interactifs pour enfants et adolescents (de 6 \u00e0 16 ans)<\/h2>\n\n<p>Des matin\u00e9es ou apr\u00e8s-midis ludiques pour apprendre le fran\u00e7ais tout en s\u2019amusant !<br\/> Chaque atelier comprend :<br\/> \u270f\ufe0f <strong>Une partie p\u00e9dagogique<\/strong> : jeux, histoires, activit\u00e9s pour progresser en fran\u00e7ais<br\/> \ud83c\udfa8 <strong>Une activit\u00e9 cr\u00e9ative ou sportive<\/strong> : cuisine, travaux manuels, jeux\u2026<\/p>\n\n<p><\/p>\n\n<h4 class=\"wp-block-heading\">Programme des ateliers :<\/h4>\n\n<div class=\"wp-block-group\"><div class=\"wp-block-group__inner-container is-layout-constrained wp-block-group-is-layout-constrained\">\n<p><strong>\ud83d\uddd3\ufe0f <strong>Lundi 9 f\u00e9vrier <\/strong>\u2013 <strong>Cuisine et vocabulaire de la nourriture \u2013 Atelier cr\u00eapes<\/strong><\/strong><br\/>\ud83d\udd51 14:00\u201317:00<br\/>\ud83d\udd52 Dur\u00e9e : 3 heures<br\/>\ud83d\udccc Ouvert \u00e0 tous les niveaux, \u00e0 partir de 6 ans.<br\/><strong>\ud83e\udd5e<\/strong>Les enfants vont apprendre :<\/p>\n\n\n\n<ul class=\"wp-block-list\">\n<li>le vocabulaire de base pour manger et cuisiner,<\/li>\n\n\n\n<li>des instructions simples en fran\u00e7ais,<\/li>\n\n\n\n<li>Communiquer pendant la pr\u00e9paration commune des cr\u00eapes.<\/li>\n<\/ul>\n<\/div><\/div>\n\n<p><\/p>\n\n<p><strong>\ud83d\uddd3\ufe0f <strong><strong>Mardi 10 f\u00e9vrier <\/strong><\/strong> \u2013 <strong>Pr\u00e9paration au DELF junior<\/strong><br\/> (Examen en mars 2026)<\/strong><br\/>\ud83d\udd51 14:00\u201317:00<br\/>\ud83d\udd52 Dur\u00e9e : 3 heures<br\/>\ud83d\udccc Ouvert \u00e0 tous les niveaux, \u00e0 partir de 6 ans.<br\/><strong>\ud83d\udcd8Atelier ax\u00e9 sur :<\/strong><\/p>\n\n<ul class=\"wp-block-list\">\n<li>la structure du DELF Junior,<\/li>\n\n\n\n<li>la pratique des comp\u00e9tences linguistiques,<\/li>\n\n\n\n<li>augmenter la confiance et la motivation des \u00e9l\u00e8ves.<\/li>\n<\/ul>\n\n<p><\/p>\n\n<p><strong>\ud83d\uddd3\ufe0f <strong><strong>Mercredi 11 f\u00e9vrier <\/strong><\/strong> \u2013 Le carnaval et voyage dans les pays francophones<\/strong><br\/>\ud83d\udd51 14:00\u201317:00<br\/>\ud83d\udd52 Dur\u00e9e : 3 heures<br\/>\ud83d\udccc Ouvert \u00e0 tous les niveaux, \u00e0 partir de 6 ans.<\/p>\n\n<p><strong>\ud83c\udfadLes enfants vont d\u00e9couvrir<\/strong><\/p>\n\n<ul class=\"wp-block-list\">\n<li>les pays francophones et leurs traditions,<\/li>\n\n\n\n<li>le vocabulaire li\u00e9 au voyage,<\/li>\n\n\n\n<li>une cr\u00e9ation artistique inspir\u00e9e par le carnaval.<\/li>\n<\/ul>\n\n<p><\/p>\n\n<h4 class=\"wp-block-heading\">Prix :<\/h4>\n\n<p><strong>600 CZK par atelier \/ par enfant<\/strong><\/p>\n\n<p><\/p>\n\n<h4 class=\"wp-block-heading\">Informations pratiques:<\/h4>\n\n<ul class=\"wp-block-list\">\n<li>\ud83d\udc67\ud83d\udc66 Age : de 6 \u00e0 16 ans.<\/li>\n\n\n\n<li>\ud83d\udc65 Nombre minimum de participants : 3 personnes<\/li>\n\n\n\n<li>Merci d&rsquo;apporter un go\u00fbter pour la pause.<\/li>\n\n\n\n<li>Portez des v\u00eatements confortables adapt\u00e9s \u00e0 l&rsquo;activit\u00e9 pratiqu\u00e9e (sport, promenade, cuisine&#8230;).<\/li>\n\n\n\n<li>\ud83e\udded Apr\u00e8s midi : 14:00\u201317:00<\/li>\n\n\n\n<li>\ud83d\udcc6 Il est possible de s&rsquo;inscrire \u00e0 <strong>un ou tous les ateliers.<\/strong><\/li>\n\n\n\n<li>\ud83d\udd50 Si l&rsquo;horaire ne vous convient pas, <strong>contactez-nous<\/strong> \u2013 nous trouverons une solution ensemble. <strong>jiznicechy@alliancefrancaise.cz<\/strong><\/li>\n<\/ul>\n\n<p>\ud83d\udc49 S&rsquo;inscrire aux ateliers enfants et adolescents : jiznicechy@alliancefrancaise.cz<\/p>\n\n<p>\ud83c\udf89 <strong>Venez passer avec nous un hiver plein de cr\u00e9ativit\u00e9, de fran\u00e7ais et de divertissement !<\/strong><br\/>Nous vous attendons avec impatience !<\/p>\n\n<p><a href=\"https:\/\/www.alliancefrancaise.cz\/jiznicechy\/IMG\/pdf\/prihlaska_formulaire-dilny_deti-ateliers_enfants.pdf\"><\/a><\/p>\n","protected":false},"excerpt":{"rendered":"<p>\u2744\ufe0f Ateliers d&rsquo;hiver &#8211; Cours interactif de fran\u00e7ais Envie d\u2019apprendre le fran\u00e7ais autrement ? Venez d\u00e9couvrir nos ateliers interactifs d&rsquo;hiver ! Que vous soyez adulte ou enfant, d\u00e9butant\u00b7e&#8230;<\/p>\n","protected":false},"author":4,"featured_media":18326,"parent":0,"menu_order":0,"comment_status":"closed","ping_status":"closed","template":"","meta":{"_acf_changed":false,"footnotes":""},"class_list":["post-7459","page","type-page","status-publish","has-post-thumbnail","hentry"],"acf":[],"_links":{"self":[{"href":"https:\/\/www.alliancefrancaise.cz\/jiznicechy\/fr\/wp-json\/wp\/v2\/pages\/7459","targetHints":{"allow":["GET"]}}],"collection":[{"href":"https:\/\/www.alliancefrancaise.cz\/jiznicechy\/fr\/wp-json\/wp\/v2\/pages"}],"about":[{"href":"https:\/\/www.alliancefrancaise.cz\/jiznicechy\/fr\/wp-json\/wp\/v2\/types\/page"}],"author":[{"embeddable":true,"href":"https:\/\/www.alliancefrancaise.cz\/jiznicechy\/fr\/wp-json\/wp\/v2\/users\/4"}],"replies":[{"embeddable":true,"href":"https:\/\/www.alliancefrancaise.cz\/jiznicechy\/fr\/wp-json\/wp\/v2\/comments?post=7459"}],"version-history":[{"count":4,"href":"https:\/\/www.alliancefrancaise.cz\/jiznicechy\/fr\/wp-json\/wp\/v2\/pages\/7459\/revisions"}],"predecessor-version":[{"id":17969,"href":"https:\/\/www.alliancefrancaise.cz\/jiznicechy\/fr\/wp-json\/wp\/v2\/pages\/7459\/revisions\/17969"}],"wp:featuredmedia":[{"embeddable":true,"href":"https:\/\/www.alliancefrancaise.cz\/jiznicechy\/fr\/wp-json\/wp\/v2\/media\/18326"}],"wp:attachment":[{"href":"https:\/\/www.alliancefrancaise.cz\/jiznicechy\/fr\/wp-json\/wp\/v2\/media?parent=7459"}],"curies":[{"name":"wp","href":"https:\/\/api.w.org\/{rel}","templated":true}]}}