{"id":2,"date":"2018-01-27T13:09:22","date_gmt":"2018-01-27T12:09:22","guid":{"rendered":"https:\/\/www.alliancefrancaise.cz\/jiznicechy\/?page_id=2"},"modified":"2024-12-17T10:23:46","modified_gmt":"2024-12-17T09:23:46","slug":"uvod","status":"publish","type":"page","link":"https:\/\/www.alliancefrancaise.cz\/jiznicechy\/","title":{"rendered":"\u00davod"},"content":{"rendered":"\n<div class=\"wp-block-cover alignfull is-light hp-first\"><span aria-hidden=\"true\" class=\"wp-block-cover__background has-white-background-color has-background-dim\"><\/span><video class=\"wp-block-cover__video-background intrinsic-ignore\" autoplay muted loop playsinline src=\"https:\/\/www.alliancefrancaise.cz\/jiznicechy\/wp-content\/uploads\/2024\/02\/Video-site-web-3.mp4\" style=\"object-position:57% 29%\" data-object-fit=\"cover\" data-object-position=\"57% 29%\"><\/video><div class=\"wp-block-cover__inner-container is-layout-flow wp-block-cover-is-layout-flow\">\n<div class=\"wp-block-columns are-vertically-aligned-center is-layout-flex wp-container-core-columns-is-layout-9d6595d7 wp-block-columns-is-layout-flex\">\n<div class=\"wp-block-column is-vertically-aligned-center is-layout-flow wp-block-column-is-layout-flow\"><\/div>\n\n\n\n<div class=\"wp-block-column is-vertically-aligned-center blockText is-layout-flow wp-block-column-is-layout-flow\" style=\"flex-basis:60%\">\n<p class=\"has-text-align-center h1 animTop has-red-color has-text-color\">Parlez fran\u00e7ais.<br>Vivez en fran\u00e7ais.<\/p>\n\n\n\n<div class=\"wp-block-buttons is-content-justification-center is-layout-flex wp-container-core-buttons-is-layout-16018d1d wp-block-buttons-is-layout-flex\">\n<div class=\"wp-block-button animTop is-style-fill\"><a class=\"wp-block-button__link wp-element-button\" href=\"https:\/\/www.alliancefrancaise.cz\/jiznicechy\/kategorie-kurzu\/obecna-francouzstina\/\" target=\"_blank\" rel=\"noreferrer noopener\">Zobrazit Kurzy<\/a><\/div>\n<\/div>\n<\/div>\n<\/div>\n<\/div><\/div>\n\n\n\n<div class=\"wp-block-columns is-layout-flex wp-container-core-columns-is-layout-9d6595d7 wp-block-columns-is-layout-flex\">\n<div class=\"wp-block-column is-vertically-aligned-center is-layout-flow wp-block-column-is-layout-flow\">\n<h1 class=\"wp-block-heading\">Mluvte francouzsky<\/h1>\n\n\n\n<p>Alliance Fran\u00e7aise Ji\u017en\u00ed \u010cechy poskytuje v\u00fduku francouz\u0161tiny v \u010cesk\u00fdch Bud\u011bjovic\u00edch ji\u017e od roku 2004.<\/p>\n\n\n\n<p>S v\u00edce ne\u017e&nbsp;800 st\u0159edisky ve 132 zem\u00ed a v\u00edce ne\u017e 500 000 studenty, je Alliance Fran\u00e7aise nejrozs\u00e1hlej\u0161\u00ed s\u00ed\u0165 \u0161\u00ed\u0159\u00edc\u00ed francouz\u0161tinu a frankofonn\u00ed kulturu na mezin\u00e1rodn\u00ed \u00farovni.<\/p>\n\n\n\n<p>Nab\u00edz\u00edme nejbohat\u0161\u00ed nab\u00eddku kurz\u016f francouz\u0161tiny jak pro d\u011bti, tak i pro dosp\u011bl\u00e9, \u00farovn\u00ed od \u00fapln\u00fdch za\u010d\u00e1te\u010dn\u00edk\u016f a\u017e po velmi pokro\u010dil\u00e9, kurzy v\u0161eobecn\u00e9 francouz\u0161tiny i odborn\u00e9 kurzy (konverzaci, gramatiku, francouz\u0161tinu na cesty, p\u0159\u00edpravn\u00e9 kurzy na zkou\u0161ky DELF\/DALF a dal\u0161\u00ed).<\/p>\n<\/div>\n\n\n\n<div class=\"wp-block-column is-vertically-aligned-center is-layout-flow wp-block-column-is-layout-flow\">\n<figure class=\"wp-block-image size-full mx-lg-5 animZoom is-style-default\"><img loading=\"lazy\" decoding=\"async\" width=\"1414\" height=\"2000\" src=\"https:\/\/www.alliancefrancaise.cz\/jiznicechy\/wp-content\/uploads\/2024\/02\/Femme-Accueil.png\" alt=\"\" class=\"wp-image-7102\" style=\"aspect-ratio:3\/4;object-fit:contain\" srcset=\"https:\/\/www.alliancefrancaise.cz\/jiznicechy\/wp-content\/uploads\/2024\/02\/Femme-Accueil.png 1414w, https:\/\/www.alliancefrancaise.cz\/jiznicechy\/wp-content\/uploads\/2024\/02\/Femme-Accueil-325x460.png 325w, https:\/\/www.alliancefrancaise.cz\/jiznicechy\/wp-content\/uploads\/2024\/02\/Femme-Accueil-962x1360.png 962w, https:\/\/www.alliancefrancaise.cz\/jiznicechy\/wp-content\/uploads\/2024\/02\/Femme-Accueil-768x1086.png 768w\" sizes=\"auto, (max-width: 1414px) 100vw, 1414px\" \/><\/figure>\n<\/div>\n<\/div>\n\n\n\n<div style=\"height:50px\" aria-hidden=\"true\" class=\"wp-block-spacer\"><\/div>\n\n\n<div class=\"row kategorieKurzu my-4 position-relative\"><div class=\"col-md-8 order-md-1 order-2\"><div class=\"row\"><div class=\"col-md-6 my-4 animTop\"><div class=\"obalKategorieKurzu p-4 pt-5 h-100 w-100\"><h3 class=\"h5 mb-3\"><a href=\"https:\/\/www.alliancefrancaise.cz\/jiznicechy\/kategorie-kurzu\/obecna-francouzstina\/\">Obecn\u00e1 francouz\u0161tina<\/a><\/h3><p>Klasick\u00fd kurz francouz\u0161tiny. V\u00fduka dle u\u010debnice (nebo n\u011bkolika u\u010debnic), gramatika, konverzace dopln\u011bn\u00e1 poslechy, videoz\u00e1znamy apodobn\u011b.<\/p><a href=\"https:\/\/www.alliancefrancaise.cz\/jiznicechy\/kategorie-kurzu\/obecna-francouzstina\/\" class=\"btn btnMore\">Zobrazit kurzy<\/a><\/div><\/div><div class=\"col-md-6 my-4 animTop\"><div class=\"obalKategorieKurzu p-4 pt-5 h-100 w-100\"><h3 class=\"h5 mb-3\"><a href=\"https:\/\/www.alliancefrancaise.cz\/jiznicechy\/kategorie-kurzu\/francouzske-konverzace\/\">Francouzsk\u00e9 konverzace<\/a><\/h3><p>Ide\u00e1ln\u00ed pro ty, kte\u0159\u00ed maj\u00ed m\u00e1lo \u010dasu mluvit francouzsky!<\/p><a href=\"https:\/\/www.alliancefrancaise.cz\/jiznicechy\/kategorie-kurzu\/francouzske-konverzace\/\" class=\"btn btnMore\">Zobrazit kurzy<\/a><\/div><\/div><div class=\"col-md-6 my-4 animTop\"><div class=\"obalKategorieKurzu p-4 pt-5 h-100 w-100\"><h3 class=\"h5 mb-3\"><a href=\"https:\/\/www.alliancefrancaise.cz\/jiznicechy\/kategorie-kurzu\/deti-6-12-let-a-mladez-13-16-let\/\">D\u011bti (6-12 let) a Ml\u00e1de\u017e (13-16 let)<\/a><\/h3><p>Kurzy pro d\u011bti. Klasick\u00e1 v\u00fduka francouz\u0161tiny anebo francouz\u0161tina hrou (z\u00e1le\u017e\u00ed na v\u011bku d\u00edt\u011bte), p\u00edsni\u010dky, \u0159\u00edkanky, v\u00fduka s u\u010debnicemi.<\/p><a href=\"https:\/\/www.alliancefrancaise.cz\/jiznicechy\/kategorie-kurzu\/deti-6-12-let-a-mladez-13-16-let\/\" class=\"btn btnMore\">Zobrazit kurzy<\/a><\/div><\/div><div class=\"col-md-6 my-4 animTop\"><div class=\"obalKategorieKurzu p-4 pt-5 h-100 w-100\"><h3 class=\"h5 mb-3\"><a href=\"https:\/\/www.alliancefrancaise.cz\/jiznicechy\/kategorie-kurzu\/seniori-60-let-a-vice\/\">Senio\u0159i (60 let a v\u00edce)<\/a><\/h3><p>U\u010dte se francouzsky s lidmi Va\u0161\u00ed generace.<\/p><a href=\"https:\/\/www.alliancefrancaise.cz\/jiznicechy\/kategorie-kurzu\/seniori-60-let-a-vice\/\" class=\"btn btnMore\">Zobrazit kurzy<\/a><\/div><\/div><\/div><\/div><div class=\"col-md-4 order-md-2 order-1 mt-4 pb-300\"><\/div><\/div>","protected":false},"excerpt":{"rendered":"<p>Mluvte francouzsky Alliance Fran\u00e7aise Ji\u017en\u00ed \u010cechy poskytuje v\u00fduku francouz\u0161tiny v \u010cesk\u00fdch Bud\u011bjovic\u00edch ji\u017e od roku 2004. S v\u00edce ne\u017e&nbsp;800 st\u0159edisky ve 132 zem\u00ed a v\u00edce ne\u017e 500 000&#8230;<\/p>\n","protected":false},"author":1,"featured_media":7169,"parent":0,"menu_order":0,"comment_status":"closed","ping_status":"open","template":"","meta":{"_acf_changed":false,"footnotes":""},"class_list":["post-2","page","type-page","status-publish","has-post-thumbnail","hentry"],"acf":[],"_links":{"self":[{"href":"https:\/\/www.alliancefrancaise.cz\/jiznicechy\/wp-json\/wp\/v2\/pages\/2","targetHints":{"allow":["GET"]}}],"collection":[{"href":"https:\/\/www.alliancefrancaise.cz\/jiznicechy\/wp-json\/wp\/v2\/pages"}],"about":[{"href":"https:\/\/www.alliancefrancaise.cz\/jiznicechy\/wp-json\/wp\/v2\/types\/page"}],"author":[{"embeddable":true,"href":"https:\/\/www.alliancefrancaise.cz\/jiznicechy\/wp-json\/wp\/v2\/users\/1"}],"replies":[{"embeddable":true,"href":"https:\/\/www.alliancefrancaise.cz\/jiznicechy\/wp-json\/wp\/v2\/comments?post=2"}],"version-history":[{"count":19,"href":"https:\/\/www.alliancefrancaise.cz\/jiznicechy\/wp-json\/wp\/v2\/pages\/2\/revisions"}],"predecessor-version":[{"id":16415,"href":"https:\/\/www.alliancefrancaise.cz\/jiznicechy\/wp-json\/wp\/v2\/pages\/2\/revisions\/16415"}],"wp:featuredmedia":[{"embeddable":true,"href":"https:\/\/www.alliancefrancaise.cz\/jiznicechy\/wp-json\/wp\/v2\/media\/7169"}],"wp:attachment":[{"href":"https:\/\/www.alliancefrancaise.cz\/jiznicechy\/wp-json\/wp\/v2\/media?parent=2"}],"curies":[{"name":"wp","href":"https:\/\/api.w.org\/{rel}","templated":true}]}}