{"id":6210,"date":"2023-06-20T16:07:16","date_gmt":"2023-06-20T14:07:16","guid":{"rendered":"https:\/\/www.alliancefrancaise.cz\/jiznicechy\/?page_id=6210"},"modified":"2026-02-09T13:21:39","modified_gmt":"2026-02-09T12:21:39","slug":"delf-dalf-terminy-cenik","status":"publish","type":"page","link":"https:\/\/www.alliancefrancaise.cz\/jiznicechy\/delf-dalf-terminy-cenik\/","title":{"rendered":"DELF DALF: term\u00edny, registrace a cen\u00edk"},"content":{"rendered":"\n<p>DELF DALF: term\u00edny, registrace a cen\u00edk zkou\u0161ek konan\u00fdch v roce 2026.<\/p>\n\n\n\n<div class=\"wp-block-group\"><div class=\"wp-block-group__inner-container is-layout-constrained wp-block-group-is-layout-constrained\">\n<h2 class=\"wp-block-heading\"><mark style=\"background-color:rgba(0, 0, 0, 0)\" class=\"has-inline-color has-color-text-color\">DELF DALF : cen\u00edk zkou\u0161ek<\/mark><\/h2>\n<\/div><\/div>\n\n\n\n<figure class=\"wp-block-table is-style-stripes\"><table><tbody><tr><td><strong><mark style=\"background-color:rgba(0, 0, 0, 0)\" class=\"has-inline-color has-red-color\">Zkou\u0161ka<\/mark><\/strong><\/td><td class=\"has-text-align-center\" data-align=\"center\"><strong><mark style=\"background-color:rgba(0, 0, 0, 0)\" class=\"has-inline-color has-red-color\">A1<\/mark><\/strong><\/td><td class=\"has-text-align-center\" data-align=\"center\"><strong><mark style=\"background-color:rgba(0, 0, 0, 0)\" class=\"has-inline-color has-red-color\">A2<\/mark><\/strong><\/td><td class=\"has-text-align-center\" data-align=\"center\"><strong><mark style=\"background-color:rgba(0, 0, 0, 0)\" class=\"has-inline-color has-red-color\">B1<\/mark><\/strong><\/td><td class=\"has-text-align-center\" data-align=\"center\"><strong><mark style=\"background-color:rgba(0, 0, 0, 0)\" class=\"has-inline-color has-red-color\">B2<\/mark><\/strong><\/td><td class=\"has-text-align-center\" data-align=\"center\"><strong><mark style=\"background-color:rgba(0, 0, 0, 0)\" class=\"has-inline-color has-red-color\">C1<\/mark><\/strong><\/td><td class=\"has-text-align-center\" data-align=\"center\"><strong><mark style=\"background-color:rgba(0, 0, 0, 0)\" class=\"has-inline-color has-red-color\">C2<\/mark><\/strong><\/td><\/tr><tr><td><strong>DELF tout public<\/strong> (*)<\/td><td class=\"has-text-align-center\" data-align=\"center\">1600 K\u010d (1408,- K\u010d*)<\/td><td class=\"has-text-align-center\" data-align=\"center\">1700 K\u010d (1496,- K\u010d*)<\/td><td class=\"has-text-align-center\" data-align=\"center\">2900 K\u010d (2725,- K\u010d*)<\/td><td class=\"has-text-align-center\" data-align=\"center\">3100 K\u010d (2915,- K\u010d*)<\/td><td class=\"has-text-align-center\" data-align=\"center\">&#8211;<\/td><td class=\"has-text-align-center\" data-align=\"center\">&#8211;<\/td><\/tr><tr><td><strong>DELF junior\/scolaire<\/strong><\/td><td class=\"has-text-align-center\" data-align=\"center\">1300 K\u010d<\/td><td class=\"has-text-align-center\" data-align=\"center\">1400 K\u010d<\/td><td class=\"has-text-align-center\" data-align=\"center\">2000 K\u010d<\/td><td class=\"has-text-align-center\" data-align=\"center\">2200 K\u010d<\/td><td class=\"has-text-align-center\" data-align=\"center\">&#8211;<\/td><td class=\"has-text-align-center\" data-align=\"center\">&#8211;<\/td><\/tr><tr><td><strong>DALF<\/strong> (*)<\/td><td class=\"has-text-align-center\" data-align=\"center\">&#8211;<\/td><td class=\"has-text-align-center\" data-align=\"center\">&#8211;<\/td><td class=\"has-text-align-center\" data-align=\"center\">&#8211;<\/td><td class=\"has-text-align-center\" data-align=\"center\">&#8211;<\/td><td class=\"has-text-align-center\" data-align=\"center\">4000 K\u010d (3800,- K\u010d*)<\/td><td class=\"has-text-align-center\" data-align=\"center\">4200 K\u010d (3990,- K\u010d*)<\/td><\/tr><\/tbody><\/table><\/figure>\n\n\n\n<p>(*) Sleva se vztahuje na studenty Alliance Fran\u00e7aise<\/p>\n\n\n\n<h2 class=\"wp-block-heading\"><mark style=\"background-color:rgba(0, 0, 0, 0)\" class=\"has-inline-color has-color-text-color\">DELF a DALF, co to je?<\/mark><\/h2>\n\n\n\n<p>DELF&nbsp;(dipl\u00f4me d\u2019\u00e9tudes en langue fran\u00e7aise) a&nbsp;DALF&nbsp;(dipl\u00f4me approfondi de langue fran\u00e7aise) jsou ofici\u00e1ln\u00ed diplomy osv\u011bd\u010duj\u00edc\u00ed znalost francouzsk\u00e9ho jazyka ud\u011blovan\u00e9 francouzsk\u00fdm Ministerstvem \u0161kolstv\u00ed.<\/p>\n\n\n\n<p>Alliance Fran\u00e7aise Ji\u017en\u00ed \u010cechy je zkou\u0161kov\u00fdm centrem pro skl\u00e1d\u00e1n\u00ed DELFu a DALFu a pom\u00e1h\u00e1 V\u00e1m k co nejlep\u0161\u00ed p\u0159\u00edprav\u011b na tyto zkou\u0161ky: na\u0161e&nbsp;<a href=\"https:\/\/www.alliancefrancaise.cz\/jiznicechy\/rozvrh-zapis-2023-2024-2\/\">kurzy obecn\u00e9 francouz\u0161tiny<\/a>&nbsp;\u010di tzv.&nbsp;<a href=\"https:\/\/www.alliancefrancaise.cz\/jiznicechy\/pripravne-kurzy-na-delf-a-dalf\/\">p\u0159\u00edpravn\u00e9 kurzy na DELF\/DALF<\/a>&nbsp;V\u00e1m umo\u017en\u00ed si procvi\u010dit jednotliv\u00e9 \u010d\u00e1sti zkou\u0161ky. 6 \u00farovn\u00ed kter\u00e9 odpov\u00eddaj\u00ed \u00farovn\u00edm definovan\u00fdm Spole\u010dn\u00fdm evropsk\u00fdm referen\u010dn\u00edm r\u00e1mcem pro jazyky.<\/p>\n\n\n\n<p><\/p>\n\n\n\n<h4 class=\"wp-block-heading\">D\u016fvody, pro\u010d skl\u00e1dat tyto zkou\u0161ky?&nbsp;<\/h4>\n\n\n\n<ul class=\"wp-block-list\">\n<li>&nbsp;Je to&nbsp;osv\u011bd\u010den\u00ed Va\u0161\u00ed znalosti francouz\u0161tiny&nbsp;a z\u00e1rove\u0148&nbsp;ofici\u00e1ln\u00ed potvrzen\u00ed Va\u0161ich schopnost\u00ed, je\u017e je uzn\u00e1v\u00e1no po cel\u00e9m sv\u011bt\u011b&nbsp;;<\/li>\n\n\n\n<li>&nbsp;Obohat\u00edte si V\u00e1\u0161 \u017eivotopis&nbsp;a&nbsp;t\u00edm otev\u0159ete dve\u0159e \u0161irok\u00e9 \u0161k\u00e1le vzd\u011bl\u00e1vac\u00edch \u010di profesn\u00edch p\u0159\u00edle\u017eitost\u00ed&nbsp;;<\/li>\n\n\n\n<li>&nbsp;Z\u00edsk\u00e1te t\u00edm \u0161anci&nbsp;dostat se na univerzitu ve Francii&nbsp;\u010di frankofonn\u00ed univerzity po cel\u00e9m sv\u011bt\u011b, ani\u017e byste museli skl\u00e1dat dodate\u010dn\u00e9 jazykov\u00e9 zkou\u0161ky (od \u00farovn\u011b B2) ;<\/li>\n\n\n\n<li>&nbsp;Z\u00edsk\u00e1te mo\u017enost&nbsp;pracovat ve frankofonn\u00ed zemi, regionu&nbsp;\u010di prost\u0159ed\u00ed dvojjazy\u010dn\u00e9 pr\u00e1ce.<\/li>\n<\/ul>\n\n\n\n<h4 class=\"wp-block-heading\">Jak\u00e9 existuj\u00ed DELF DALF?<\/h4>\n\n\n\n<p>Existuje v\u00edce typ\u016f diplom\u016f DELF, v\u0161echny v\u0161ak maj\u00ed stejnou hodnotu &#8211; DELF Junior ani DELF Scolaire nejsou pova\u017eov\u00e1ny za m\u00e9n\u011b v\u00fdznamn\u00e9, na diplomu nenaleznete \u017e\u00e1dn\u00e9 ozna\u010den\u00ed. V Alliance Fran\u00e7aise Boh\u00eame du Sud umo\u017e\u0148ujeme slo\u017eit celkem 3 druhy zkou\u0161ky DELF.<\/p>\n\n\n\n<h6 class=\"wp-block-heading\"><strong>DELF Tout Public \u2013 pro \u0161irokou ve\u0159ejnost<\/strong><\/h6>\n\n\n\n<p>Je otev\u0159en\u00fd pro v\u0161echny z\u00e1jemce bez rozd\u00edlu v\u011bku. Ka\u017ed\u00fd si m\u016f\u017ee zvolit libovolnou \u00farove\u0148 dle sv\u00e9ho uv\u00e1\u017een\u00ed.<\/p>\n\n\n\n<h6 class=\"wp-block-heading\"><strong>DELF Junior \/ DELF Scolaire \u2013 \u0161koln\u00ed DELF<\/strong><\/h6>\n\n\n\n<p>Je ur\u010den pro studenty mezi 12 a 19 lety, kte\u0159\u00ed cht\u011bj\u00ed z\u00edskat sv\u00e9 prvn\u00ed osv\u011bd\u010den\u00ed je\u0161t\u011b na z\u00e1kladn\u00ed \u010di st\u0159edn\u00ed \u0161kole. V\u00fdstupn\u00ed diplom se neli\u0161\u00ed od toho pro \u0161irokou ve\u0159ejnost, rozd\u00edly jsou p\u0159edev\u0161\u00edm ve slovn\u00ed z\u00e1sob\u011b a v t\u00e9matick\u00fd okruz\u00edch, kter\u00e9 jsou p\u0159izp\u016fsobeny pro \u0161koln\u00ed studenty. Testy se skl\u00e1daj\u00ed v jazykov\u00fdch instituc\u00edch.<\/p>\n\n\n\n<hr class=\"wp-block-separator has-alpha-channel-opacity\"\/>\n\n\n\n<h2 class=\"wp-block-heading\">Term\u00edny a cen\u00edk zkou\u0161ek 2026<\/h2>\n\n\n\n<h5 class=\"wp-block-heading\">DELF\/DALF Tout Public<\/h5>\n\n\n\n<figure class=\"wp-block-table is-style-stripes\"><table><tbody><tr><td><strong><mark style=\"background-color:rgba(0, 0, 0, 0)\" class=\"has-inline-color has-red-color\">\u00darove\u0148<\/mark><\/strong><\/td><td><strong><mark style=\"background-color:rgba(0, 0, 0, 0)\" class=\"has-inline-color has-red-color\">Datum zkou\u0161ky<\/mark><\/strong><\/td><td><strong><mark style=\"background-color:rgba(0, 0, 0, 0)\" class=\"has-inline-color has-red-color\">\u010casov\u00fd rozvrh p\u00edsemn\u00e9ho testu<\/mark><\/strong><\/td><\/tr><tr><td>A1<\/td><td>02. 02. 2026<\/td><td>9.00-10.20<\/td><\/tr><tr><td>A2<\/td><td>02. 02. 2026<\/td><td>9.00-10.40<\/td><\/tr><tr><td>B1<\/td><td>03. 02. 2026<\/td><td>8.30-10.25<\/td><\/tr><tr><td>B2<\/td><td>04.02. 2026<\/td><td>8.30-11.00<\/td><\/tr><tr><td>C1<\/td><td>05. 02. 2026<\/td><td>8.30-12.30<\/td><\/tr><tr><td>C2<\/td><td>06. 02. 2026<\/td><td>8.30-12.00<\/td><\/tr><\/tbody><\/table><figcaption class=\"wp-element-caption\"><strong>Z\u00e1pisy:&nbsp;<\/strong>od 08. 12. 2025 do 26. 01. 2026<\/figcaption><\/figure>\n\n\n\n<div class=\"wp-block-file\"><a id=\"wp-block-file--media-bc969801-5ac6-443e-9de1-60baebbd6f00\" href=\"https:\/\/www.alliancefrancaise.cz\/jiznicechy\/wp-content\/uploads\/2026\/02\/202602T-Fiche_Inscription.docx.pdf\">202602T-Fiche_Inscription.docx<\/a><a href=\"https:\/\/www.alliancefrancaise.cz\/jiznicechy\/wp-content\/uploads\/2026\/02\/202602T-Fiche_Inscription.docx.pdf\" class=\"wp-block-file__button wp-element-button\" download aria-describedby=\"wp-block-file--media-bc969801-5ac6-443e-9de1-60baebbd6f00\">T\u00e9l\u00e9charger<\/a><\/div>\n\n\n\n<p><\/p>\n\n\n\n<h5 class=\"wp-block-heading\">DELF Junior<\/h5>\n\n\n\n<figure class=\"wp-block-table is-style-stripes\"><table><tbody><tr><td><strong><mark style=\"background-color:rgba(0, 0, 0, 0)\" class=\"has-inline-color has-red-color\">\u00darove\u0148<\/mark><\/strong><\/td><td><strong><mark style=\"background-color:rgba(0, 0, 0, 0)\" class=\"has-inline-color has-red-color\">Datum zkou\u0161ky<\/mark><\/strong><\/td><td><strong><mark style=\"background-color:rgba(0, 0, 0, 0)\" class=\"has-inline-color has-red-color\">\u010casov\u00fd rozvrh p\u00edsemn\u00e9ho testu<\/mark><\/strong><\/td><\/tr><tr><td>A1<\/td><td>16. 03. 2026<\/td><td>9.00-10.20<\/td><\/tr><tr><td>A2<\/td><td>16. 03. 2026<\/td><td>9.00-10.40<\/td><\/tr><tr><td>B1<\/td><td>17. 03. 2026<\/td><td>8.30-10.25<\/td><\/tr><tr><td>B2<\/td><td>18. 03. 2026<\/td><td>8.30-11.00<\/td><\/tr><\/tbody><\/table><figcaption class=\"wp-element-caption\"><strong>Z\u00e1pisy:&nbsp;<\/strong>od 02. 02. 2026 do 09. 03. 2026<\/figcaption><\/figure>\n\n\n\n<p><a href=\"https:\/\/www.alliancefrancaise.cz\/jiznicechy\/IMG\/pdf\/202404j-fiche_inscription-2.pdf\"><\/a><\/p>\n\n\n\n<div class=\"wp-block-file\"><a id=\"wp-block-file--media-6b7b0d35-1ecd-4b5a-ab7a-23c22d1bf1c4\" href=\"https:\/\/www.alliancefrancaise.cz\/jiznicechy\/wp-content\/uploads\/2026\/01\/202603J-Fiche_Inscription.docx.pdf\">202603J-Fiche_Inscription.docx<\/a><a href=\"https:\/\/www.alliancefrancaise.cz\/jiznicechy\/wp-content\/uploads\/2026\/01\/202603J-Fiche_Inscription.docx.pdf\" class=\"wp-block-file__button wp-element-button\" download aria-describedby=\"wp-block-file--media-6b7b0d35-1ecd-4b5a-ab7a-23c22d1bf1c4\">T\u00e9l\u00e9charger<\/a><\/div>\n\n\n\n<p><\/p>\n\n\n\n<h5 class=\"wp-block-heading\">DELF Junior<\/h5>\n\n\n\n<figure class=\"wp-block-table is-style-stripes\"><table><tbody><tr><td><strong><mark style=\"background-color:rgba(0, 0, 0, 0)\" class=\"has-inline-color has-red-color\">\u00darove\u0148<\/mark><\/strong><\/td><td><strong><mark style=\"background-color:rgba(0, 0, 0, 0)\" class=\"has-inline-color has-red-color\">Datum zkou\u0161ky<\/mark><\/strong><\/td><td><strong><mark style=\"background-color:rgba(0, 0, 0, 0)\" class=\"has-inline-color has-red-color\">\u010casov\u00fd rozvrh p\u00edsemn\u00e9ho testu<\/mark><\/strong><\/td><\/tr><tr><td>A1<\/td><td>02. 06. 2026<\/td><td>9.00-10.20<\/td><\/tr><tr><td>A2<\/td><td>03. 06. 2026<\/td><td>9.00-10.40<\/td><\/tr><tr><td>B1<\/td><td>04. 06. 2026<\/td><td>8.30-10.25<\/td><\/tr><tr><td>B2<\/td><td>05. 06. 2026<\/td><td>8.30-11.00<\/td><\/tr><\/tbody><\/table><figcaption class=\"wp-element-caption\"><strong>Z\u00e1pisy:&nbsp;<\/strong>od 20. 04. 2026 do 26. 05. 2026<\/figcaption><\/figure>\n\n\n\n<div class=\"wp-block-file\"><a id=\"wp-block-file--media-91c89f28-e75e-4e80-b6fd-f081f8b461b1\" href=\"https:\/\/www.alliancefrancaise.cz\/jiznicechy\/wp-content\/uploads\/2026\/01\/202606J-Fiche_Inscription.docx.pdf\">202606J-Fiche_Inscription.docx<\/a><a href=\"https:\/\/www.alliancefrancaise.cz\/jiznicechy\/wp-content\/uploads\/2026\/01\/202606J-Fiche_Inscription.docx.pdf\" class=\"wp-block-file__button wp-element-button\" download aria-describedby=\"wp-block-file--media-91c89f28-e75e-4e80-b6fd-f081f8b461b1\">T\u00e9l\u00e9charger<\/a><\/div>\n\n\n\n<p><a href=\"https:\/\/www.alliancefrancaise.cz\/jiznicechy\/IMG\/pdf\/202406j-fiche_inscription-2.pdf\"><\/a><\/p>\n\n\n\n<h5 class=\"wp-block-heading\">DELF\/DALF Tout Public<\/h5>\n\n\n\n<figure class=\"wp-block-table is-style-stripes\"><table><tbody><tr><td><strong><mark style=\"background-color:rgba(0, 0, 0, 0)\" class=\"has-inline-color has-red-color\">\u00darove\u0148<\/mark><\/strong><\/td><td><strong><mark style=\"background-color:rgba(0, 0, 0, 0)\" class=\"has-inline-color has-red-color\">Datum zkou\u0161ky<\/mark><\/strong><\/td><td><strong><mark style=\"background-color:rgba(0, 0, 0, 0)\" class=\"has-inline-color has-red-color\">\u010casov\u00fd rozvrh p\u00edsemn\u00e9ho testu<\/mark><\/strong><\/td><\/tr><tr><td>A1<\/td><td>15. 06. 2026<\/td><td>9.00-10.20<\/td><\/tr><tr><td>A2<\/td><td>15. 06. 2026<\/td><td>9.00-10.40<\/td><\/tr><tr><td>B1<\/td><td>16. 06. 2026<\/td><td>8.30-10.25<\/td><\/tr><tr><td>B2<\/td><td>17. 06. 2026<\/td><td>8.30-11.00<\/td><\/tr><tr><td>C1<\/td><td>18. 06. 2026<\/td><td>8.30-12.30<\/td><\/tr><tr><td>C2<\/td><td>19. 06. 2026<\/td><td>8.30-12.00<\/td><\/tr><\/tbody><\/table><figcaption class=\"wp-element-caption\"><strong>Z\u00e1pisy:&nbsp;<\/strong>od 20. 04. 2026 do 08. 06. 2026<\/figcaption><\/figure>\n\n\n\n<div class=\"wp-block-file\"><a id=\"wp-block-file--media-ca52ccc2-9206-4887-b388-1311a33f9019\" href=\"https:\/\/www.alliancefrancaise.cz\/jiznicechy\/wp-content\/uploads\/2026\/02\/202606T-Fiche_Inscription.docx.pdf\">202606T-Fiche_Inscription.docx<\/a><a href=\"https:\/\/www.alliancefrancaise.cz\/jiznicechy\/wp-content\/uploads\/2026\/02\/202606T-Fiche_Inscription.docx.pdf\" class=\"wp-block-file__button wp-element-button\" download aria-describedby=\"wp-block-file--media-ca52ccc2-9206-4887-b388-1311a33f9019\">T\u00e9l\u00e9charger<\/a><\/div>\n\n\n\n<p><a href=\"https:\/\/www.alliancefrancaise.cz\/jiznicechy\/IMG\/pdf\/202406t-fiche_inscription.pdf\"><\/a><\/p>\n\n\n\n<h5 class=\"wp-block-heading\">DELF\/DALF Tout Public<\/h5>\n\n\n\n<figure class=\"wp-block-table is-style-stripes\"><table><tbody><tr><td><strong><mark style=\"background-color:rgba(0, 0, 0, 0)\" class=\"has-inline-color has-red-color\">\u00darove\u0148<\/mark><\/strong><\/td><td><strong><mark style=\"background-color:rgba(0, 0, 0, 0)\" class=\"has-inline-color has-red-color\">Datum zkou\u0161ky<\/mark><\/strong><\/td><td><strong><mark style=\"background-color:rgba(0, 0, 0, 0)\" class=\"has-inline-color has-red-color\">\u010casov\u00fd rozvrh p\u00edsemn\u00e9ho testu<\/mark><\/strong><\/td><\/tr><tr><td>A1<\/td><td>21. 09. 2026<\/td><td>9.00-10.20<\/td><\/tr><tr><td>A2<\/td><td>21. 09. 2026<\/td><td>9.00-10.40<\/td><\/tr><tr><td>B1<\/td><td>22. 09. 2026<\/td><td>8.30-10.25<\/td><\/tr><tr><td>B2<\/td><td>23. 09. 2026<\/td><td>8.30-11.00<\/td><\/tr><tr><td>C1<\/td><td>24. 09. 2026<\/td><td>8.30-12.30<\/td><\/tr><tr><td>C2<\/td><td>25. 09. 2026<\/td><td>8.30-12.00<\/td><\/tr><\/tbody><\/table><figcaption class=\"wp-element-caption\"><strong>Z\u00e1pisy:&nbsp;<\/strong>od 06. 07. 2026 do 14. 09. 2026<\/figcaption><\/figure>\n\n\n\n<div class=\"wp-block-file\"><a id=\"wp-block-file--media-bdf4ab27-a69a-4959-80d6-6ceb1538413c\" href=\"https:\/\/www.alliancefrancaise.cz\/jiznicechy\/wp-content\/uploads\/2026\/02\/202609T-Fiche_Inscription.docx.pdf\">202609T-Fiche_Inscription.docx<\/a><a href=\"https:\/\/www.alliancefrancaise.cz\/jiznicechy\/wp-content\/uploads\/2026\/02\/202609T-Fiche_Inscription.docx.pdf\" class=\"wp-block-file__button wp-element-button\" download aria-describedby=\"wp-block-file--media-bdf4ab27-a69a-4959-80d6-6ceb1538413c\">T\u00e9l\u00e9charger<\/a><\/div>\n\n\n\n<p><\/p>\n\n\n\n<p><a href=\"https:\/\/www.alliancefrancaise.cz\/jiznicechy\/IMG\/pdf\/202409t-fiche_inscription.pdf\"><\/a><\/p>\n\n\n\n<h5 class=\"wp-block-heading\">DELF Scolaire<\/h5>\n\n\n\n<figure class=\"wp-block-table is-style-stripes\"><table><tbody><tr><td><strong><mark style=\"background-color:rgba(0, 0, 0, 0)\" class=\"has-inline-color has-red-color\">\u00darove\u0148<\/mark><\/strong><\/td><td><strong><mark style=\"background-color:rgba(0, 0, 0, 0)\" class=\"has-inline-color has-red-color\">Datum zkou\u0161ky<\/mark><\/strong><\/td><td><strong><mark style=\"background-color:rgba(0, 0, 0, 0)\" class=\"has-inline-color has-red-color\">\u010casov\u00fd rozvrh p\u00edsemn\u00e9ho testu<\/mark><\/strong><\/td><\/tr><tr><td>A1<\/td><td>10. 11. 2026<\/td><td>9.00-10.20<\/td><\/tr><tr><td>A2<\/td><td>11. 11. 2026<\/td><td>9.00-10.40<\/td><\/tr><tr><td>B1<\/td><td>12. 11. 2026<\/td><td>8.30-10.25<\/td><\/tr><tr><td>B2<\/td><td>13. 11. 2026<\/td><td>8.30-11.00<\/td><\/tr><\/tbody><\/table><figcaption class=\"wp-element-caption\"><strong>Z\u00e1pisy:&nbsp;<\/strong>od 14. 09. 2026 do 03. 11. 2026<\/figcaption><\/figure>\n\n\n\n<div class=\"wp-block-file\"><a id=\"wp-block-file--media-ed4c2177-9c82-48e2-9bf6-e9da921feda1\" href=\"https:\/\/www.alliancefrancaise.cz\/jiznicechy\/wp-content\/uploads\/2026\/01\/202611S-Fiche_Inscription.docx.pdf\">202611S-Fiche_Inscription.docx<\/a><a href=\"https:\/\/www.alliancefrancaise.cz\/jiznicechy\/wp-content\/uploads\/2026\/01\/202611S-Fiche_Inscription.docx.pdf\" class=\"wp-block-file__button wp-element-button\" download aria-describedby=\"wp-block-file--media-ed4c2177-9c82-48e2-9bf6-e9da921feda1\">T\u00e9l\u00e9charger<\/a><\/div>\n\n\n\n<p><a href=\"https:\/\/www.alliancefrancaise.cz\/jiznicechy\/IMG\/pdf\/202411s-fiche_inscription-2.pdf\"><\/a><\/p>\n\n\n\n<hr class=\"wp-block-separator has-alpha-channel-opacity\"\/>\n\n\n\n<p><\/p>\n","protected":false},"excerpt":{"rendered":"<p>DELF DALF: term\u00edny, registrace a cen\u00edk zkou\u0161ek konan\u00fdch v roce 2026. DELF DALF : cen\u00edk zkou\u0161ek Zkou\u0161ka A1 A2 B1 B2 C1 C2 DELF tout public (*) 1600&#8230;<\/p>\n","protected":false},"author":1,"featured_media":7351,"parent":0,"menu_order":0,"comment_status":"closed","ping_status":"closed","template":"","meta":{"_acf_changed":false,"footnotes":""},"class_list":["post-6210","page","type-page","status-publish","has-post-thumbnail","hentry"],"acf":[],"_links":{"self":[{"href":"https:\/\/www.alliancefrancaise.cz\/jiznicechy\/wp-json\/wp\/v2\/pages\/6210","targetHints":{"allow":["GET"]}}],"collection":[{"href":"https:\/\/www.alliancefrancaise.cz\/jiznicechy\/wp-json\/wp\/v2\/pages"}],"about":[{"href":"https:\/\/www.alliancefrancaise.cz\/jiznicechy\/wp-json\/wp\/v2\/types\/page"}],"author":[{"embeddable":true,"href":"https:\/\/www.alliancefrancaise.cz\/jiznicechy\/wp-json\/wp\/v2\/users\/1"}],"replies":[{"embeddable":true,"href":"https:\/\/www.alliancefrancaise.cz\/jiznicechy\/wp-json\/wp\/v2\/comments?post=6210"}],"version-history":[{"count":14,"href":"https:\/\/www.alliancefrancaise.cz\/jiznicechy\/wp-json\/wp\/v2\/pages\/6210\/revisions"}],"predecessor-version":[{"id":18078,"href":"https:\/\/www.alliancefrancaise.cz\/jiznicechy\/wp-json\/wp\/v2\/pages\/6210\/revisions\/18078"}],"wp:featuredmedia":[{"embeddable":true,"href":"https:\/\/www.alliancefrancaise.cz\/jiznicechy\/wp-json\/wp\/v2\/media\/7351"}],"wp:attachment":[{"href":"https:\/\/www.alliancefrancaise.cz\/jiznicechy\/wp-json\/wp\/v2\/media?parent=6210"}],"curies":[{"name":"wp","href":"https:\/\/api.w.org\/{rel}","templated":true}]}}