{"id":6976,"date":"2024-02-07T14:54:27","date_gmt":"2024-02-07T13:54:27","guid":{"rendered":"https:\/\/www.alliancefrancaise.cz\/jiznicechy\/?page_id=6976"},"modified":"2026-01-20T10:53:56","modified_gmt":"2026-01-20T09:53:56","slug":"skolni-junior-delf","status":"publish","type":"page","link":"https:\/\/www.alliancefrancaise.cz\/jiznicechy\/skolni-junior-delf\/","title":{"rendered":"\u0160koln\u00ed \/ Junior DELF"},"content":{"rendered":"\n<div class=\"wp-block-group\"><div class=\"wp-block-group__inner-container is-layout-constrained wp-block-group-is-layout-constrained\">\n<p>Odpov\u00edd\u00e1 svoj\u00ed formou \u0160koln\u00ed \/ Junior DELF, ale s rozd\u00edlem, \u017ee studenti se p\u0159ihla\u0161uj\u00ed a skl\u00e1daj\u00ed zkou\u0161ku na partnersk\u00e9 st\u0159edn\u00ed \u0161kole a jsou cenov\u011b zv\u00fdhodn\u011bni.<\/p>\n<\/div><\/div>\n\n\n\n<h3 class=\"wp-block-heading\">D\u016fvody, pro\u010d skl\u00e1dat tyto zkou\u0161ky?&nbsp;<\/h3>\n\n\n\n<ul class=\"wp-block-list\">\n<li>&nbsp;Je to&nbsp;osv\u011bd\u010den\u00ed Va\u0161\u00ed znalosti francouz\u0161tiny&nbsp;a z\u00e1rove\u0148&nbsp;ofici\u00e1ln\u00ed potvrzen\u00ed Va\u0161ich schopnost\u00ed, je\u017e je uzn\u00e1v\u00e1no po cel\u00e9m sv\u011bt\u011b&nbsp;;<\/li>\n\n\n\n<li>&nbsp;Obohat\u00edte si V\u00e1\u0161 \u017eivotopis&nbsp;a&nbsp;t\u00edm otev\u0159ete dve\u0159e \u0161irok\u00e9 \u0161k\u00e1le vzd\u011bl\u00e1vac\u00edch \u010di profesn\u00edch p\u0159\u00edle\u017eitost\u00ed&nbsp;;<\/li>\n\n\n\n<li>&nbsp;Z\u00edsk\u00e1te t\u00edm \u0161anci&nbsp;dostat se na univerzitu ve Francii&nbsp;\u010di frankofonn\u00ed univerzity po cel\u00e9m sv\u011bt\u011b, ani\u017e byste museli skl\u00e1dat dodate\u010dn\u00e9 jazykov\u00e9 zkou\u0161ky (od \u00farovn\u011b B2) ;<\/li>\n\n\n\n<li>&nbsp;Z\u00edsk\u00e1te mo\u017enost&nbsp;pracovat ve frankofonn\u00ed zemi, regionu&nbsp;\u010di prost\u0159ed\u00ed dvojjazy\u010dn\u00e9 pr\u00e1ce.<\/li>\n<\/ul>\n\n\n\n<h5 class=\"wp-block-heading\">DELF Junior<\/h5>\n\n\n\n<figure class=\"wp-block-table is-style-stripes\"><table><tbody><tr><td><strong>\u00darove\u0148<\/strong><\/td><td><strong>Datum zkou\u0161ky<\/strong><\/td><td><strong>Cena<\/strong><\/td><td><strong>\u010casov\u00fd rozvrh p\u00edsemn\u00e9ho testu<\/strong><\/td><\/tr><tr><td>A1<\/td><td>16. 03. 2026<\/td><td>1300,- K\u010d<\/td><td>9.00-10.20<\/td><\/tr><tr><td>A2<\/td><td>16. 03. 2026<\/td><td>1400,- K\u010d<\/td><td>9.00-10.40<\/td><\/tr><tr><td>B1<\/td><td>17. 03. 2026<\/td><td>2000,- K\u010d<\/td><td>8.30-10.25<\/td><\/tr><tr><td>B2<\/td><td>18. 03. 2026<\/td><td>2200,- K\u010d<\/td><td>8.30-11.00<\/td><\/tr><\/tbody><\/table><figcaption class=\"wp-element-caption\"><strong>Z\u00e1pisy:&nbsp;<\/strong>od 02. 02. 2026 do 09. 03. 2026<\/figcaption><\/figure>\n\n\n\n<p><a href=\"https:\/\/www.alliancefrancaise.cz\/jiznicechy\/IMG\/pdf\/202404j-fiche_inscription.pdf\"><\/a><\/p>\n\n\n\n<div class=\"wp-block-file\"><a id=\"wp-block-file--media-b3063b46-c83d-40cf-ac93-ffdc8ad13efb\" href=\"https:\/\/www.alliancefrancaise.cz\/jiznicechy\/wp-content\/uploads\/2026\/01\/202603J-Fiche_Inscription.docx-1.pdf\">202603J-Fiche_Inscription.docx<\/a><a href=\"https:\/\/www.alliancefrancaise.cz\/jiznicechy\/wp-content\/uploads\/2026\/01\/202603J-Fiche_Inscription.docx-1.pdf\" class=\"wp-block-file__button wp-element-button\" download aria-describedby=\"wp-block-file--media-b3063b46-c83d-40cf-ac93-ffdc8ad13efb\">T\u00e9l\u00e9charger<\/a><\/div>\n\n\n\n<p><\/p>\n\n\n\n<h5 class=\"wp-block-heading\">DELF Junior<\/h5>\n\n\n\n<figure class=\"wp-block-table is-style-stripes\"><table><tbody><tr><td><strong>\u00darove\u0148<\/strong><\/td><td><strong>Datum zkou\u0161ky<\/strong><\/td><td><strong>Cena<\/strong><\/td><td><strong>\u010casov\u00fd rozvrh p\u00edsemn\u00e9ho testu<\/strong><\/td><\/tr><tr><td>A1<\/td><td>03. 06. 2026<\/td><td>1300,- K\u010d<\/td><td>9.00-10.20<\/td><\/tr><tr><td>A2<\/td><td>04. 06. 2026<\/td><td>1400,- K\u010d<\/td><td>9.00-10.40<\/td><\/tr><tr><td>B1<\/td><td>05. 06. 2026<\/td><td>2000,- K\u010d<\/td><td>8.30-10.25<\/td><\/tr><tr><td>B2<\/td><td>06. 06. 2026<\/td><td>2200,- K\u010d<\/td><td>8.30-11.00<\/td><\/tr><\/tbody><\/table><figcaption class=\"wp-element-caption\"><strong>Z\u00e1pisy:&nbsp;<\/strong>od 20. 04. 2026 do 26. 05. 2026<\/figcaption><\/figure>\n\n\n\n<p><a href=\"https:\/\/www.alliancefrancaise.cz\/jiznicechy\/IMG\/pdf\/202406j-fiche_inscription.pdf\"><\/a><\/p>\n\n\n\n<div class=\"wp-block-file\"><a id=\"wp-block-file--media-6699ad07-24e6-4601-bd54-fde83ef8436e\" href=\"https:\/\/www.alliancefrancaise.cz\/jiznicechy\/wp-content\/uploads\/2026\/01\/202606J-Fiche_Inscription.docx-1.pdf\">202606J-Fiche_Inscription.docx<\/a><a href=\"https:\/\/www.alliancefrancaise.cz\/jiznicechy\/wp-content\/uploads\/2026\/01\/202606J-Fiche_Inscription.docx-1.pdf\" class=\"wp-block-file__button wp-element-button\" download aria-describedby=\"wp-block-file--media-6699ad07-24e6-4601-bd54-fde83ef8436e\">T\u00e9l\u00e9charger<\/a><\/div>\n\n\n\n<p><\/p>\n\n\n\n<h5 class=\"wp-block-heading\">\u0160koln\u00ed DELF<\/h5>\n\n\n\n<figure class=\"wp-block-table is-style-stripes\"><table><tbody><tr><td><strong>\u00darove\u0148<\/strong><\/td><td><strong>Datum zkou\u0161ky<\/strong><\/td><td><strong>Cena<\/strong><\/td><td><strong>\u010casov\u00fd rozvrh p\u00edsemn\u00e9ho testu<\/strong><\/td><\/tr><tr><td>A1<\/td><td>10. 11. 2026<\/td><td>1300,- K\u010d<\/td><td>9.00-10.20<\/td><\/tr><tr><td>A2<\/td><td>11. 11. 2026<\/td><td>1400,- K\u010d<\/td><td>9.00-10.40<\/td><\/tr><tr><td>B1<\/td><td>12. 11. 2026<\/td><td>2000,- K\u010d<\/td><td>8.30-10.25<\/td><\/tr><tr><td>B2<\/td><td>13. 11. 2026<\/td><td>2200,- K\u010d<\/td><td>8.30-11.00<\/td><\/tr><\/tbody><\/table><figcaption class=\"wp-element-caption\"><strong>Z\u00e1pisy:&nbsp;<\/strong>od 14. 09. 2026 do 03. 11. 2026<\/figcaption><\/figure>\n\n\n\n<div class=\"wp-block-file\"><a id=\"wp-block-file--media-c78d10a0-8516-42a7-b286-762fd82985d2\" href=\"https:\/\/www.alliancefrancaise.cz\/jiznicechy\/wp-content\/uploads\/2026\/01\/202611S-Fiche_Inscription.docx-1.pdf\">202611S-Fiche_Inscription.docx<\/a><a href=\"https:\/\/www.alliancefrancaise.cz\/jiznicechy\/wp-content\/uploads\/2026\/01\/202611S-Fiche_Inscription.docx-1.pdf\" class=\"wp-block-file__button wp-element-button\" download aria-describedby=\"wp-block-file--media-c78d10a0-8516-42a7-b286-762fd82985d2\">T\u00e9l\u00e9charger<\/a><\/div>\n\n\n\n<p><a href=\"https:\/\/www.alliancefrancaise.cz\/jiznicechy\/IMG\/pdf\/202411s-fiche_inscription.pdf\"><\/a><\/p>\n\n\n\n<p><a href=\"https:\/\/www.alliancefrancaise.cz\/jiznicechy\/IMG\/pdf\/202411s-fiche_inscription-2.pdf\"><\/a><\/p>\n","protected":false},"excerpt":{"rendered":"<p>Odpov\u00edd\u00e1 svoj\u00ed formou \u0160koln\u00ed \/ Junior DELF, ale s rozd\u00edlem, \u017ee studenti se p\u0159ihla\u0161uj\u00ed a skl\u00e1daj\u00ed zkou\u0161ku na partnersk\u00e9 st\u0159edn\u00ed \u0161kole a jsou cenov\u011b zv\u00fdhodn\u011bni. D\u016fvody, pro\u010d skl\u00e1dat&#8230;<\/p>\n","protected":false},"author":4,"featured_media":7351,"parent":0,"menu_order":0,"comment_status":"closed","ping_status":"closed","template":"","meta":{"_acf_changed":false,"footnotes":""},"class_list":["post-6976","page","type-page","status-publish","has-post-thumbnail","hentry"],"acf":[],"_links":{"self":[{"href":"https:\/\/www.alliancefrancaise.cz\/jiznicechy\/wp-json\/wp\/v2\/pages\/6976","targetHints":{"allow":["GET"]}}],"collection":[{"href":"https:\/\/www.alliancefrancaise.cz\/jiznicechy\/wp-json\/wp\/v2\/pages"}],"about":[{"href":"https:\/\/www.alliancefrancaise.cz\/jiznicechy\/wp-json\/wp\/v2\/types\/page"}],"author":[{"embeddable":true,"href":"https:\/\/www.alliancefrancaise.cz\/jiznicechy\/wp-json\/wp\/v2\/users\/4"}],"replies":[{"embeddable":true,"href":"https:\/\/www.alliancefrancaise.cz\/jiznicechy\/wp-json\/wp\/v2\/comments?post=6976"}],"version-history":[{"count":6,"href":"https:\/\/www.alliancefrancaise.cz\/jiznicechy\/wp-json\/wp\/v2\/pages\/6976\/revisions"}],"predecessor-version":[{"id":17939,"href":"https:\/\/www.alliancefrancaise.cz\/jiznicechy\/wp-json\/wp\/v2\/pages\/6976\/revisions\/17939"}],"wp:featuredmedia":[{"embeddable":true,"href":"https:\/\/www.alliancefrancaise.cz\/jiznicechy\/wp-json\/wp\/v2\/media\/7351"}],"wp:attachment":[{"href":"https:\/\/www.alliancefrancaise.cz\/jiznicechy\/wp-json\/wp\/v2\/media?parent=6976"}],"curies":[{"name":"wp","href":"https:\/\/api.w.org\/{rel}","templated":true}]}}