{"id":6984,"date":"2024-02-07T15:01:31","date_gmt":"2024-02-07T14:01:31","guid":{"rendered":"https:\/\/www.alliancefrancaise.cz\/jiznicechy\/?page_id=6984"},"modified":"2026-02-09T13:25:13","modified_gmt":"2026-02-09T12:25:13","slug":"delf-dalf-tout-public","status":"publish","type":"page","link":"https:\/\/www.alliancefrancaise.cz\/jiznicechy\/delf-dalf-tout-public\/","title":{"rendered":"DELF DALF Tout Public"},"content":{"rendered":"\n<p><a href=\"https:\/\/www.alliancefrancaise.cz\/jiznicechy\/IMG\/pdf\/202411s-fiche_inscription-2.pdf\"><\/a>DELF DALF&nbsp;Tout Public jsou ofici\u00e1ln\u00ed diplomy osv\u011bd\u010duj\u00edc\u00ed znalost francouzsk\u00e9ho jazyka ud\u011blovan\u00e9 francouzsk\u00fdm Ministerstvem \u0161kolstv\u00ed.<\/p>\n\n\n\n<p>Alliance Fran\u00e7aise Ji\u017en\u00ed \u010cechy je zkou\u0161kov\u00fdm centrem pro skl\u00e1d\u00e1n\u00ed DELFu a DALFu a pom\u00e1h\u00e1 V\u00e1m k co nejlep\u0161\u00ed p\u0159\u00edprav\u011b na tyto zkou\u0161ky: na\u0161e&nbsp;<a href=\"https:\/\/www.alliancefrancaise.cz\/jiznicechy\/rozvrh-zapis-2023-2024-2\/\">kurzy obecn\u00e9 francouz\u0161tiny<\/a>&nbsp;\u010di tzv.&nbsp;<a href=\"https:\/\/www.alliancefrancaise.cz\/jiznicechy\/pripravne-kurzy-na-delf-a-dalf\/\">p\u0159\u00edpravn\u00e9 kurzy na DELF\/DALF<\/a>&nbsp;V\u00e1m umo\u017en\u00ed si procvi\u010dit jednotliv\u00e9 \u010d\u00e1sti zkou\u0161ky. 6 \u00farovn\u00ed kter\u00e9 odpov\u00eddaj\u00ed \u00farovn\u00edm definovan\u00fdm Spole\u010dn\u00fdm evropsk\u00fdm referen\u010dn\u00edm r\u00e1mcem pro jazyky.<\/p>\n\n\n\n<h3 class=\"wp-block-heading\">D\u016fvody, pro\u010d skl\u00e1dat tyto zkou\u0161ky?&nbsp;<\/h3>\n\n\n\n<ul class=\"wp-block-list\">\n<li>&nbsp;Je to&nbsp;osv\u011bd\u010den\u00ed Va\u0161\u00ed znalosti francouz\u0161tiny&nbsp;a z\u00e1rove\u0148&nbsp;ofici\u00e1ln\u00ed potvrzen\u00ed Va\u0161ich schopnost\u00ed, je\u017e je uzn\u00e1v\u00e1no po cel\u00e9m sv\u011bt\u011b&nbsp;;<\/li>\n\n\n\n<li>&nbsp;Obohat\u00edte si V\u00e1\u0161 \u017eivotopis&nbsp;a&nbsp;t\u00edm otev\u0159ete dve\u0159e \u0161irok\u00e9 \u0161k\u00e1le vzd\u011bl\u00e1vac\u00edch \u010di profesn\u00edch p\u0159\u00edle\u017eitost\u00ed&nbsp;;<\/li>\n\n\n\n<li>&nbsp;Z\u00edsk\u00e1te t\u00edm \u0161anci&nbsp;dostat se na univerzitu ve Francii&nbsp;\u010di frankofonn\u00ed univerzity po cel\u00e9m sv\u011bt\u011b, ani\u017e byste museli skl\u00e1dat dodate\u010dn\u00e9 jazykov\u00e9 zkou\u0161ky (od \u00farovn\u011b B2) ;<\/li>\n\n\n\n<li>&nbsp;Z\u00edsk\u00e1te mo\u017enost&nbsp;pracovat ve frankofonn\u00ed zemi, regionu&nbsp;\u010di prost\u0159ed\u00ed dvojjazy\u010dn\u00e9 pr\u00e1ce.<\/li>\n<\/ul>\n\n\n\n<p><\/p>\n\n\n\n<h3 class=\"wp-block-heading\">DELF DALF Tout Public \u2013 pro \u0161irokou ve\u0159ejnost<\/h3>\n\n\n\n<figure class=\"wp-block-table is-style-stripes\"><table><tbody><tr><td><strong>\u00darove\u0148<\/strong><\/td><td><strong>Datum zkou\u0161ky<\/strong><\/td><td><strong>Cena<\/strong><\/td><td><strong>Sn\u00ed\u017een\u00e1 sazba (*)<\/strong><\/td><td><strong>\u010casov\u00fd rozvrh p\u00edsemn\u00e9ho testu<\/strong><\/td><\/tr><tr><td>A1<\/td><td>02. 02. 2026<\/td><td>1600,- K\u010d<\/td><td>,- K\u010d<\/td><td>9.00-10.20<\/td><\/tr><tr><td>A2<\/td><td>02. 02. 2026<\/td><td>1700,- K\u010d<\/td><td>,- K\u010d<\/td><td>9.00-10.40<\/td><\/tr><tr><td>B1<\/td><td>03. 02. 2026<\/td><td>2900,- K\u010d<\/td><td>2725,- K\u010d<\/td><td>8.30-10.25<\/td><\/tr><tr><td>B2<\/td><td>04.02. 2026<\/td><td>3100,- K\u010d<\/td><td>2915,- K\u010d<\/td><td>8.30-11.00<\/td><\/tr><tr><td>C1<\/td><td>05. 02. 2026<\/td><td>4000,- K\u010d<\/td><td>3800,- K\u010d<\/td><td>8.30-12.30<\/td><\/tr><tr><td>C2<\/td><td>06. 02. 2026<\/td><td>4200,- K\u010d<\/td><td>3990,- K\u010d<\/td><td>8.30-12.00<\/td><\/tr><\/tbody><\/table><figcaption class=\"wp-element-caption\">(*) Sleva se vztahuje na studenty Alliance Fran\u00e7aise<\/figcaption><\/figure>\n\n\n\n<p><strong>Z\u00e1pisy:&nbsp;<\/strong>od 08. 12. 2026 do 26. 01. 2026<\/p>\n\n\n\n<div class=\"wp-block-file\"><a id=\"wp-block-file--media-38330917-b1f6-4274-9bb0-c0d20bb34026\" href=\"https:\/\/www.alliancefrancaise.cz\/jiznicechy\/wp-content\/uploads\/2026\/02\/202602T-Fiche_Inscription.docx-1.pdf\">202602T-Fiche_Inscription.docx<\/a><a href=\"https:\/\/www.alliancefrancaise.cz\/jiznicechy\/wp-content\/uploads\/2026\/02\/202602T-Fiche_Inscription.docx-1.pdf\" class=\"wp-block-file__button wp-element-button\" download aria-describedby=\"wp-block-file--media-38330917-b1f6-4274-9bb0-c0d20bb34026\">T\u00e9l\u00e9charger<\/a><\/div>\n\n\n\n<hr class=\"wp-block-separator has-alpha-channel-opacity\"\/>\n\n\n\n<figure class=\"wp-block-table is-style-stripes\"><table><tbody><tr><td><strong>\u00darove\u0148<\/strong><\/td><td><strong>Datum zkou\u0161ky<\/strong><\/td><td><strong>Cena<\/strong><\/td><td><strong>Sn\u00ed\u017een\u00e1 sazba (*)<\/strong><\/td><td><strong>\u010casov\u00fd rozvrh p\u00edsemn\u00e9ho testu<\/strong><\/td><\/tr><tr><td>A1<\/td><td>15. 06. 2026<\/td><td>1600,- K\u010d<\/td><td>,- K\u010d<\/td><td>9.00-10.20<\/td><\/tr><tr><td>A2<\/td><td>15. 06. 2026<\/td><td>1700,- K\u010d<\/td><td>,- K\u010d<\/td><td>9.00-10.40<\/td><\/tr><tr><td>B1<\/td><td>16. 06. 2026<\/td><td>2900,- K\u010d<\/td><td>2715,- K\u010d<\/td><td>8.30-10.25<\/td><\/tr><tr><td>B2<\/td><td>17. 06. 2026<\/td><td>3100,- K\u010d<\/td><td>2915,- K\u010d<\/td><td>8.30-11.00<\/td><\/tr><tr><td>C1<\/td><td>18. 06. 2026<\/td><td>4000,- K\u010d<\/td><td>3800,- K\u010d<\/td><td>8.30-12.30<\/td><\/tr><tr><td>C2<\/td><td>19. 06. 2026<\/td><td>4200,- K\u010d<\/td><td>3990,- K\u010d<\/td><td>8.30-12.00<\/td><\/tr><\/tbody><\/table><figcaption class=\"wp-element-caption\">(*) Sleva se vztahuje na studenty Alliance Fran\u00e7aise<\/figcaption><\/figure>\n\n\n\n<p><strong>Z\u00e1pisy:&nbsp;<\/strong>od 20.04. 2026 do 08. 06. 2026<\/p>\n\n\n\n<div class=\"wp-block-file\"><a id=\"wp-block-file--media-3883bc21-41ee-4a6d-813e-69e3dc4f29d6\" href=\"https:\/\/www.alliancefrancaise.cz\/jiznicechy\/wp-content\/uploads\/2026\/02\/202606T-Fiche_Inscription.docx-1.pdf\">202606T-Fiche_Inscription.docx<\/a><a href=\"https:\/\/www.alliancefrancaise.cz\/jiznicechy\/wp-content\/uploads\/2026\/02\/202606T-Fiche_Inscription.docx-1.pdf\" class=\"wp-block-file__button wp-element-button\" download aria-describedby=\"wp-block-file--media-3883bc21-41ee-4a6d-813e-69e3dc4f29d6\">T\u00e9l\u00e9charger<\/a><\/div>\n\n\n\n<hr class=\"wp-block-separator has-alpha-channel-opacity\"\/>\n\n\n\n<figure class=\"wp-block-table is-style-stripes\"><table><tbody><tr><td><strong>\u00darove\u0148<\/strong><\/td><td><strong>Datum zkou\u0161ky<\/strong><\/td><td><strong>Cena<\/strong><\/td><td><strong>Sn\u00ed\u017een\u00e1 sazba (*)<\/strong><\/td><td><strong>\u010casov\u00fd rozvrh p\u00edsemn\u00e9ho testu<\/strong><\/td><\/tr><tr><td>A1<\/td><td>21. 09. 2026<\/td><td>1600,- K\u010d<\/td><td>,- K\u010d<\/td><td>9.00-10.20<\/td><\/tr><tr><td>A2<\/td><td>21. 09. 2026<\/td><td>1700,- K\u010d<\/td><td>,- K\u010d<\/td><td>9.00-10.40<\/td><\/tr><tr><td>B1<\/td><td>22. 09. 2026<\/td><td>2900,- K\u010d<\/td><td>2725,- K\u010d<\/td><td>8.30-10.25<\/td><\/tr><tr><td>B2<\/td><td>23. 09. 2026<\/td><td>3100,- K\u010d<\/td><td>2915,- K\u010d<\/td><td>8.30-11.00<\/td><\/tr><tr><td>C1<\/td><td>24. 09. 2026<\/td><td>4000,- K\u010d<\/td><td>3800,- K\u010d<\/td><td>8.30-12.30<\/td><\/tr><tr><td>C2<\/td><td>25. 09. 2026<\/td><td>4200,- K\u010d<\/td><td>3990,- K\u010d<\/td><td>8.30-12.00<\/td><\/tr><\/tbody><\/table><figcaption class=\"wp-element-caption\">(*) Sleva se vztahuje na studenty Alliance Fran\u00e7aise<\/figcaption><\/figure>\n\n\n\n<p><strong>Z\u00e1pisy:&nbsp;<\/strong>od 06. 07. 2026 do 14. 09. 2026<\/p>\n\n\n\n<div class=\"wp-block-file\"><a id=\"wp-block-file--media-997a7d6f-5923-4717-8a94-69ef3939338a\" href=\"https:\/\/www.alliancefrancaise.cz\/jiznicechy\/wp-content\/uploads\/2026\/02\/202609T-Fiche_Inscription.docx-1.pdf\">202609T-Fiche_Inscription.docx<\/a><a href=\"https:\/\/www.alliancefrancaise.cz\/jiznicechy\/wp-content\/uploads\/2026\/02\/202609T-Fiche_Inscription.docx-1.pdf\" class=\"wp-block-file__button wp-element-button\" download aria-describedby=\"wp-block-file--media-997a7d6f-5923-4717-8a94-69ef3939338a\">T\u00e9l\u00e9charger<\/a><\/div>\n\n\n\n<p><a href=\"https:\/\/www.alliancefrancaise.cz\/jiznicechy\/IMG\/pdf\/202409t-fiche_inscription-2.pdf\"><\/a><\/p>\n\n\n\n<p><\/p>\n","protected":false},"excerpt":{"rendered":"<p>DELF DALF&nbsp;Tout Public jsou ofici\u00e1ln\u00ed diplomy osv\u011bd\u010duj\u00edc\u00ed znalost francouzsk\u00e9ho jazyka ud\u011blovan\u00e9 francouzsk\u00fdm Ministerstvem \u0161kolstv\u00ed. Alliance Fran\u00e7aise Ji\u017en\u00ed \u010cechy je zkou\u0161kov\u00fdm centrem pro skl\u00e1d\u00e1n\u00ed DELFu a DALFu a pom\u00e1h\u00e1&#8230;<\/p>\n","protected":false},"author":4,"featured_media":7351,"parent":0,"menu_order":0,"comment_status":"closed","ping_status":"closed","template":"","meta":{"_acf_changed":false,"footnotes":""},"class_list":["post-6984","page","type-page","status-publish","has-post-thumbnail","hentry"],"acf":[],"_links":{"self":[{"href":"https:\/\/www.alliancefrancaise.cz\/jiznicechy\/wp-json\/wp\/v2\/pages\/6984","targetHints":{"allow":["GET"]}}],"collection":[{"href":"https:\/\/www.alliancefrancaise.cz\/jiznicechy\/wp-json\/wp\/v2\/pages"}],"about":[{"href":"https:\/\/www.alliancefrancaise.cz\/jiznicechy\/wp-json\/wp\/v2\/types\/page"}],"author":[{"embeddable":true,"href":"https:\/\/www.alliancefrancaise.cz\/jiznicechy\/wp-json\/wp\/v2\/users\/4"}],"replies":[{"embeddable":true,"href":"https:\/\/www.alliancefrancaise.cz\/jiznicechy\/wp-json\/wp\/v2\/comments?post=6984"}],"version-history":[{"count":8,"href":"https:\/\/www.alliancefrancaise.cz\/jiznicechy\/wp-json\/wp\/v2\/pages\/6984\/revisions"}],"predecessor-version":[{"id":18086,"href":"https:\/\/www.alliancefrancaise.cz\/jiznicechy\/wp-json\/wp\/v2\/pages\/6984\/revisions\/18086"}],"wp:featuredmedia":[{"embeddable":true,"href":"https:\/\/www.alliancefrancaise.cz\/jiznicechy\/wp-json\/wp\/v2\/media\/7351"}],"wp:attachment":[{"href":"https:\/\/www.alliancefrancaise.cz\/jiznicechy\/wp-json\/wp\/v2\/media?parent=6984"}],"curies":[{"name":"wp","href":"https:\/\/api.w.org\/{rel}","templated":true}]}}