{"id":7042,"date":"2024-02-07T19:07:48","date_gmt":"2024-02-07T18:07:48","guid":{"rendered":"https:\/\/www.alliancefrancaise.cz\/jiznicechy\/?page_id=7042"},"modified":"2024-06-10T18:41:54","modified_gmt":"2024-06-10T16:41:54","slug":"vzdelavaci-workshopy","status":"publish","type":"page","link":"https:\/\/www.alliancefrancaise.cz\/jiznicechy\/vzdelavaci-workshopy\/","title":{"rendered":"Vzd\u011bl\u00e1vac\u00ed workshopy"},"content":{"rendered":"\n<figure class=\"wp-block-image size-large is-resized\"><img loading=\"lazy\" decoding=\"async\" width=\"1360\" height=\"765\" src=\"https:\/\/www.alliancefrancaise.cz\/jiznicechy\/wp-content\/uploads\/2024\/02\/Workshop-1360x765.png\" alt=\"\" class=\"wp-image-7388\" style=\"width:479px;height:auto\" srcset=\"https:\/\/www.alliancefrancaise.cz\/jiznicechy\/wp-content\/uploads\/2024\/02\/Workshop-1360x765.png 1360w, https:\/\/www.alliancefrancaise.cz\/jiznicechy\/wp-content\/uploads\/2024\/02\/Workshop-460x259.png 460w, https:\/\/www.alliancefrancaise.cz\/jiznicechy\/wp-content\/uploads\/2024\/02\/Workshop-768x432.png 768w, https:\/\/www.alliancefrancaise.cz\/jiznicechy\/wp-content\/uploads\/2024\/02\/Workshop.png 1920w\" sizes=\"auto, (max-width: 1360px) 100vw, 1360px\" \/><\/figure>\n\n\n\n<p><strong>Jste u\u010ditel a chcete svou t\u0159\u00eddu sezn\u00e1mit s frankofonn\u00ed kulturou?<\/strong> Po\u0159\u00e1d\u00e1me vzd\u011bl\u00e1vac\u00ed workshopy pro \u0161koly.<\/p>\n\n\n\n<p>Tyto workshopy se mohou t\u00fdkat jak francouzsk\u00e9 kultury, tak francouzsky mluv\u00edc\u00edch zem\u00ed nebo francouzsk\u00e9ho jazyka.<\/p>\n\n\n\n<p>Pro z\u00edsk\u00e1n\u00ed dal\u0161\u00edch informac\u00ed n\u00e1s kontaktujte na&nbsp;<a href=\"mailto:jiznicechy@alliancefrancaise.cz\">jiznicechy@alliancefrancaise.cz<\/a><\/p>\n","protected":false},"excerpt":{"rendered":"<p>Jste u\u010ditel a chcete svou t\u0159\u00eddu sezn\u00e1mit s frankofonn\u00ed kulturou? Po\u0159\u00e1d\u00e1me vzd\u011bl\u00e1vac\u00ed workshopy pro \u0161koly. Tyto workshopy se mohou t\u00fdkat jak francouzsk\u00e9 kultury, tak francouzsky mluv\u00edc\u00edch zem\u00ed nebo&#8230;<\/p>\n","protected":false},"author":4,"featured_media":7388,"parent":0,"menu_order":0,"comment_status":"closed","ping_status":"closed","template":"","meta":{"_acf_changed":false,"footnotes":""},"class_list":["post-7042","page","type-page","status-publish","has-post-thumbnail","hentry"],"acf":[],"_links":{"self":[{"href":"https:\/\/www.alliancefrancaise.cz\/jiznicechy\/wp-json\/wp\/v2\/pages\/7042","targetHints":{"allow":["GET"]}}],"collection":[{"href":"https:\/\/www.alliancefrancaise.cz\/jiznicechy\/wp-json\/wp\/v2\/pages"}],"about":[{"href":"https:\/\/www.alliancefrancaise.cz\/jiznicechy\/wp-json\/wp\/v2\/types\/page"}],"author":[{"embeddable":true,"href":"https:\/\/www.alliancefrancaise.cz\/jiznicechy\/wp-json\/wp\/v2\/users\/4"}],"replies":[{"embeddable":true,"href":"https:\/\/www.alliancefrancaise.cz\/jiznicechy\/wp-json\/wp\/v2\/comments?post=7042"}],"version-history":[{"count":3,"href":"https:\/\/www.alliancefrancaise.cz\/jiznicechy\/wp-json\/wp\/v2\/pages\/7042\/revisions"}],"predecessor-version":[{"id":16177,"href":"https:\/\/www.alliancefrancaise.cz\/jiznicechy\/wp-json\/wp\/v2\/pages\/7042\/revisions\/16177"}],"wp:featuredmedia":[{"embeddable":true,"href":"https:\/\/www.alliancefrancaise.cz\/jiznicechy\/wp-json\/wp\/v2\/media\/7388"}],"wp:attachment":[{"href":"https:\/\/www.alliancefrancaise.cz\/jiznicechy\/wp-json\/wp\/v2\/media?parent=7042"}],"curies":[{"name":"wp","href":"https:\/\/api.w.org\/{rel}","templated":true}]}}