{"id":7184,"date":"2024-03-20T13:10:14","date_gmt":"2024-03-20T12:10:14","guid":{"rendered":"https:\/\/www.alliancefrancaise.cz\/jiznicechy\/?page_id=7184"},"modified":"2025-12-10T09:29:39","modified_gmt":"2025-12-10T08:29:39","slug":"kurzy-obecne-francouzstiny","status":"publish","type":"page","link":"https:\/\/www.alliancefrancaise.cz\/jiznicechy\/kurzy-obecne-francouzstiny\/","title":{"rendered":"Kurzy obecn\u00e9 francouz\u0161tiny"},"content":{"rendered":"\n<p>Alliance Fran\u00e7aise Ji\u017en\u00ed \u010cechy nab\u00edz\u00ed kurzy obecn\u00e9 francouz\u0161tiny po cel\u00fd rok. Pod\u00edvejte se na mo\u017enosti z\u00e1pisu a na kalend\u00e1\u0159 a rozvrh kurz\u016f.<\/p>\n\n\n<div class=\"row kategorieKurzu my-4 position-relative\"><div class=\"col-md-8 order-md-1 order-2\"><div class=\"row\"><div class=\"col-md-6 my-4 animTop\"><div class=\"obalKategorieKurzu p-4 pt-5 h-100 w-100\"><h3 class=\"h5 mb-3\"><a href=\"https:\/\/www.alliancefrancaise.cz\/jiznicechy\/kategorie-kurzu\/deti-6-12-let-a-mladez-13-16-let\/\">D\u011bti (6-12 let) a Ml\u00e1de\u017e (13-16 let)<\/a><\/h3><p>Kurzy pro d\u011bti. Klasick\u00e1 v\u00fduka francouz\u0161tiny anebo francouz\u0161tina hrou (z\u00e1le\u017e\u00ed na v\u011bku d\u00edt\u011bte), p\u00edsni\u010dky, \u0159\u00edkanky, v\u00fduka s u\u010debnicemi.<\/p><a href=\"https:\/\/www.alliancefrancaise.cz\/jiznicechy\/kategorie-kurzu\/deti-6-12-let-a-mladez-13-16-let\/\" class=\"btn btnMore\">Zobrazit kurzy<\/a><\/div><\/div><div class=\"col-md-6 my-4 animTop\"><div class=\"obalKategorieKurzu p-4 pt-5 h-100 w-100\"><h3 class=\"h5 mb-3\"><a href=\"https:\/\/www.alliancefrancaise.cz\/jiznicechy\/kategorie-kurzu\/francouzske-konverzace\/\">Francouzsk\u00e9 konverzace<\/a><\/h3><p><\/p><a href=\"https:\/\/www.alliancefrancaise.cz\/jiznicechy\/kategorie-kurzu\/francouzske-konverzace\/\" class=\"btn btnMore\">Zobrazit kurzy<\/a><\/div><\/div><div class=\"col-md-6 my-4 animTop\"><div class=\"obalKategorieKurzu p-4 pt-5 h-100 w-100\"><h3 class=\"h5 mb-3\"><a href=\"https:\/\/www.alliancefrancaise.cz\/jiznicechy\/kategorie-kurzu\/obecna-francouzstina\/\">Obecn\u00e1 francouz\u0161tina<\/a><\/h3><p>Klasick\u00fd kurz francouz\u0161tiny. V\u00fduka dle u\u010debnice (nebo n\u011bkolika u\u010debnic), gramatika, konverzace dopln\u011bn\u00e1 poslechy, videoz\u00e1znamy apodobn\u011b.<\/p><a href=\"https:\/\/www.alliancefrancaise.cz\/jiznicechy\/kategorie-kurzu\/obecna-francouzstina\/\" class=\"btn btnMore\">Zobrazit kurzy<\/a><\/div><\/div><div class=\"col-md-6 my-4 animTop\"><div class=\"obalKategorieKurzu p-4 pt-5 h-100 w-100\"><h3 class=\"h5 mb-3\"><a href=\"https:\/\/www.alliancefrancaise.cz\/jiznicechy\/kategorie-kurzu\/seniori-60-let-a-vice\/\">Senio\u0159i (60 let a v\u00edce)<\/a><\/h3><p><\/p><a href=\"https:\/\/www.alliancefrancaise.cz\/jiznicechy\/kategorie-kurzu\/seniori-60-let-a-vice\/\" class=\"btn btnMore\">Zobrazit kurzy<\/a><\/div><\/div><\/div><\/div><div class=\"col-md-4 order-md-2 order-1 mt-4\"><\/div><\/div>\n\n\n<h2 class=\"wp-block-heading\">Kurzy obecn\u00e9 francouz\u0161tiny<\/h2>\n\n\n\n<p>Na\u0161e skupinov\u00e9 kurzy jsou organizov\u00e1ny ve t\u0159ech trimestrech, ka\u017ed\u00fd po 11 t\u00fddnech.<\/p>\n\n\n\n<ul class=\"wp-block-list\">\n<li><strong>Podzimn\u00ed trimestr: od 22. z\u00e1\u0159\u00ed do 12. prosince 2025<\/strong><\/li>\n\n\n\n<li>\u0160koln\u00ed pr\u00e1zdniny: od 27. \u0159\u00edjna do 2. listopadu 2025<\/li>\n\n\n\n<li>V\u00e1no\u010dn\u00ed pr\u00e1zdniny: od 22. prosince 2025 do 4. ledna 2026<\/li>\n\n\n\n<li><strong>Zimn\u00ed trimestr: od 5. ledna do 27. b\u0159ezna 2026<\/strong><\/li>\n\n\n\n<li>\u0160koln\u00ed pr\u00e1zdniny: od 9. \u00fanora do 15. \u00fanora 2026<\/li>\n\n\n\n<li><strong>Jarn\u00ed trimestr: od 7. dubna do 22. \u010dervna 2026<\/strong><\/li>\n<\/ul>\n\n\n\n<p>O st\u00e1tn\u00edch sv\u00e1tc\u00edch je Alliance Fran\u00e7aise uzav\u0159ena a v\u00fduka se p\u0159esouv\u00e1.<br>Alliance Fran\u00e7aise je otev\u0159ena i b\u011bhem \u0161koln\u00edch pr\u00e1zdnin, s v\u00fdjimkou v\u00fd\u0161e uveden\u00fdch.<\/p>\n\n\n\n<p>N\u011bkter\u00e9 kurzy (p\u0159\u00edprava na zkou\u0161ku DELF\/DALF, francouz\u0161tina na cesty, fonetika, atd.) budou otev\u0159eny na z\u00e1klad\u011b popt\u00e1vky a bez n\u00e1vaznosti na uveden\u00fd ro\u010dn\u00ed kalend\u00e1\u0159. Nev\u00e1hejte se na n\u00e1s obr\u00e1tit pro v\u00edce informac\u00ed!<\/p>\n\n\n\n<h2 class=\"wp-block-heading\">Kompletn\u00ed rozvrh kurz\u016f obecn\u00e9 francouz\u0161tiny<\/h2>\n\n\n\n<p><strong>D\u016fle\u017eit\u00e9: p\u0159izp\u016fsob\u00edme se Va\u0161im po\u017eadavk\u016fm!<\/strong><\/p>\n\n\n\n<p>Nev\u00e1hejte n\u00e1s kontaktovat pokud V\u00e1m nevyhovuje den nebo \u010das kurz\u016f, pokud v na\u0161\u00ed nab\u00eddce nenaleznete kurz\/\u00farove\u0148 kurzu, kter\u00fd by v\u00e1m vyhovoval nebo pokud byste up\u0159ednostnili v\u00fduku online. Pokus\u00edme se naj\u00edt \u0159e\u0161en\u00ed!<\/p>\n\n\n\n<h5 class=\"wp-block-heading\">Kurzy obecn\u00e9 francouz\u0161tiny<\/h5>\n\n\n\n<div class=\"wp-block-columns is-layout-flex wp-container-core-columns-is-layout-9d6595d7 wp-block-columns-is-layout-flex\">\n<div class=\"wp-block-column is-layout-flow wp-block-column-is-layout-flow\" style=\"flex-basis:100%\">\n<figure class=\"wp-block-table is-style-stripes\"><table><tbody><tr><td><strong>\u00darove\u0148<\/strong><\/td><td><strong>Den<\/strong><\/td><td><strong>\u010cas<\/strong><\/td><td><strong>D\u00e9lka<\/strong><\/td><td><strong>Cena\/trimestr<\/strong><\/td><td><strong>Cena\/rok<\/strong><\/td><\/tr><tr><td>A1.0 (\u00dapln\u00ed za\u010d\u00e1te\u010dn\u00edci)<\/td><td>St\u0159eda<\/td><td>17:30-19:00<\/td><td>1:30<\/td><td>3\u202f000 CZK<\/td><td>8500 CZK<\/td><\/tr><tr><td>A1 &#8211; (Za\u010d\u00e1te\u010dn\u00edci)<\/td><td>St\u0159eda<\/td><td>16:00-17:30<\/td><td>1:30<\/td><td>3000 CZK<\/td><td>8500 CZK<\/td><\/tr><tr><td>A1 + (Za\u010d\u00e1te\u010dn\u00edci)<\/td><td>St\u0159eda<\/td><td>17:30-19:00<\/td><td>1:30<\/td><td>3000 CZK<\/td><td>8\u202f500 CZK<\/td><\/tr><tr><td>A2 + (Za\u010d\u00e1te\u010dn\u00edci)<\/td><td>\u00fater\u00fd<\/td><td>10:15-11:45<\/td><td>1:30<\/td><td>3000 CZK<\/td><td>8\u202f500 CZK<\/td><\/tr><tr><td>B1 + (St\u0159edn\u011b pokro\u010dil\u00ed)<\/td><td>\u010ctvrtek<\/td><td>17:30-19:00<\/td><td>1:30<\/td><td>3000 CZK<\/td><td>8\u202f500 CZK<\/td><\/tr><tr><td>B1 &#8211; (St\u0159edn\u011b pokro\u010dil\u00ed)<\/td><td>\u00dater\u00fd<\/td><td>09:15 &#8211; 10:45<\/td><td>1:30<\/td><td>3000 CZK<\/td><td>8\u202f500 CZK<\/td><\/tr><tr><td>B2  (Pokro\u010dil\u00ed)<\/td><td>\u010ctvrtek<\/td><td>17:00-18:30<\/td><td>1:30<\/td><td>3000 CZK<\/td><td>8\u202f500 CZK<\/td><\/tr><tr><td>C1 + (Pokro\u010dil\u00ed)<\/td><td>St\u0159eda<\/td><td>16:45-18:15<\/td><td>1:30<\/td><td>3000 CZK<\/td><td>8\u202f500 CZK<\/td><\/tr><\/tbody><\/table><\/figure>\n<\/div>\n<\/div>\n\n\n\n<h5 class=\"wp-block-heading\">Kurz konverzace<\/h5>\n\n\n\n<figure class=\"wp-block-table is-style-stripes\"><table><tbody><tr><td><strong>\u00darove\u0148<\/strong><\/td><td><strong>Den<\/strong><\/td><td><strong>\u010cas<\/strong><\/td><td><strong>D\u00e9lka<\/strong><\/td><td><strong>Cena\/trimestr<\/strong><\/td><td><strong>Cena\/rok<\/strong><\/td><\/tr><tr><td>Konverzace B1\/B2<\/td><td>\u00dater\u00fd<\/td><td>17:30 &#8211; 18:30<\/td><td>1:00<\/td><td>2\u202f500 CZK<\/td><td>7000 CZK<\/td><\/tr><tr><td>Civilizace B1 + \/ B2 &#8211;<\/td><td>Pond\u011bl\u00ed<\/td><td>17:00 &#8211; 18:30<\/td><td>1:30<\/td><td>\u202f3000 CZK<\/td><td>8\u202f500 CZK<\/td><\/tr><tr><td>Konverzace C1\/C2<\/td><td>\u00dater\u00fd<\/td><td>17:30 &#8211; 18:30<\/td><td>1:00<\/td><td>2\u202f500 CZK<\/td><td>7000 CZK<\/td><\/tr><\/tbody><\/table><\/figure>\n\n\n\n<h5 class=\"wp-block-heading\">Kurz pro d\u011bti a adolescenty<\/h5>\n\n\n\n<figure class=\"wp-block-table is-style-stripes\"><table><tbody><tr><td><strong>\u00darove\u0148<\/strong><\/td><td><strong>Den<\/strong><\/td><td><strong>\u010cas<\/strong><\/td><td><strong>D\u00e9lka<\/strong><\/td><td><strong>Cena\/trimestr<\/strong><\/td><td><strong>Cena\/rok<\/strong><\/td><\/tr><tr><td>D\u011bti A1.1 (\u00dapln\u00ed za\u010d\u00e1te\u010dn\u00edci)<\/td><td>St\u0159eda<\/td><td>14:30-15:30<\/td><td>1:00<\/td><td>1\u202f950 CZK<\/td><td>5500 CZK<\/td><\/tr><tr><td> D\u011bti A2 &#8211; (Za\u010d\u00e1te\u010dn\u00edci)<\/td><td>P\u00e1tek<\/td><td>14:30-15:30<\/td><td>1:00<\/td><td>1\u202f950 CZK<\/td><td>5500 CZK<\/td><\/tr><tr><td>D\u011bti B1\/B2 ((Pokro\u010dil\u00ed)<\/td><td>P\u00e1tek<\/td><td>16:30-17:30<\/td><td>1:00<\/td><td>1950 CZK<\/td><td>5500 CZK<\/td><\/tr><tr><td>Adolescenti A2 &#8211; (Za\u010d\u00e1te\u010dn\u00edci)<\/td><td>P\u00e1tek<\/td><td>15:30-16:30<\/td><td>1:00<\/td><td>1\u202f950 CZK<\/td><td>5500 CZK<\/td><\/tr><tr><td>Adolescenti A2 + (St\u0159edn\u011b pokro\u010dil\u00ed)<\/td><td>Pond\u011bl\u00ed<\/td><td>16:00-17:00<\/td><td>1:00<\/td><td>1\u202f950 CZK<\/td><td>5500 CZK<\/td><\/tr><tr><td>Adolescenti A1.0 (\u00dapln\u00ed za\u010d\u00e1te\u010dn\u00edci)<\/td><td>Pond\u011bl\u00ed<\/td><td>17:00-18:00<\/td><td>1:00<\/td><td>1\u202f950 CZK<\/td><td>5500 CZK<\/td><\/tr><\/tbody><\/table><\/figure>\n\n\n\n<h5 class=\"wp-block-heading\">Kurzy pro seniory<\/h5>\n\n\n\n<figure class=\"wp-block-table is-style-stripes\"><table><tbody><tr><td><strong>\u00darove\u0148<\/strong><\/td><td><strong>Den<\/strong><\/td><td><strong>\u010cas<\/strong><\/td><td><strong>D\u00e9lka<\/strong><\/td><td><strong>Cena\/trimestr<\/strong><\/td><td><strong>Cena\/rok<\/strong><\/td><\/tr><tr><td>Senio\u0159i A.0 (\u00dapln\u00ed za\u010d\u00e1te\u010dn\u00edci)<\/td><td>Pond\u011bl\u00ed<\/td><td>14:30 &#8211; 16:00<\/td><td>1:30<\/td><td>1\u202f950 CZK<\/td><td>5500 CZK<\/td><\/tr><tr><td>Senio\u0159i A2 &#8211; (St\u0159edn\u011b pokro\u010dil\u00ed)<\/td><td>Pond\u011bl\u00ed<\/td><td>15:30 &#8211; 17:00<\/td><td>1:30<\/td><td>1\u202f950 CZK<\/td><td>5500 CZK<\/td><\/tr><tr><td>Senio\u0159i A2 + (St\u0159edn\u011b pokro\u010dil\u00ed)<\/td><td>St\u0159eda<\/td><td>11:00 &#8211; 12:30<\/td><td>1:30<\/td><td>1\u202f950 CZK<\/td><td>5500 CZK<\/td><\/tr><tr><td>Senio\u0159i B1 &#8211; (St\u0159edn\u011b pokro\u010dil\u00ed)<\/td><td>Pond\u011bl\u00ed<\/td><td>16:30 &#8211; 18:00<\/td><td>1:30<\/td><td>1\u202f950 CZK<\/td><td>5500 CZK<\/td><\/tr><\/tbody><\/table><\/figure>\n\n\n\n<h3 class=\"wp-block-heading\">Jak se p\u0159ihl\u00e1sit do kurzu obecn\u00e9 francouz\u0161tiny?<\/h3>\n\n\n\n<p><strong>Krok 1 :&nbsp;<\/strong>Vypl\u0148te n\u00ed\u017ee uveden\u00fd online registra\u010dn\u00ed formul\u00e1\u0159 nebo jej za\u0161lete e-mailem p\u0159\u00edmo na adresu&nbsp;<a href=\"mailto:%20jiznicechy@alliancefrancaise.cz\">jiznicechy@alliancefrancaise.cz<br><\/a><strong>Krok 2 :&nbsp;<\/strong>My V\u00e1s budeme co nejd\u0159\u00edve kontaktovat a dokon\u010d\u00edme Va\u0161i registraci.<br>M\u016f\u017eete se tak\u00e9 zaregistrovat p\u0159\u00edmo v Alliance Francaise b\u011bhem na\u0161\u00ed otev\u00edrac\u00ed doby.<br><strong>Pozor!&nbsp;<\/strong>Vypln\u011bn\u00edm registra\u010dn\u00edho formul\u00e1\u0159e souhlas\u00edte s na\u0161imi v\u0161eobecn\u00fdmi podm\u00ednkami registrace do kurz\u016f.&nbsp;<a href=\"https:\/\/www.alliancefrancaise.cz\/jiznicechy\/vseobecne-registracni-podminky-pro-kurzy\/\">Najdete je po kliknut\u00ed sem<\/a>, ke sta\u017een\u00ed jsou tak\u00e9 v doln\u00ed \u010d\u00e1sti t\u00e9to str\u00e1nky.<\/p>\n\n\n\n<h5 class=\"wp-block-heading\">Doporu\u010dte n\u00e1s!<\/h5>\n\n\n\n<p>Pokud budete cht\u00edt, m\u016f\u017eete \u0159\u00edci o na\u0161ich kurzech n\u011bkomu z Va\u0161ich p\u0159\u00e1tel a z\u00edskat tak slevu z ceny kurzu pro V\u00e1s i pro ni\/n\u011bj. Pro V\u00e1s bude platit sleva 10% za ka\u017edou doporu\u010denou osobu, pro Va\u0161i kamar\u00e1dku\/Va\u0161eho kamar\u00e1da bude platit rovn\u011b\u017e sleva 10%!<\/p>\n\n\n\n<h5 class=\"wp-block-heading\">Zapi\u0161te se na cek\u00fd rok!<\/h5>\n\n\n\n<p>Zapi\u0161te se na cel\u00fd rok sp\u00ed\u0161e ne\u017e na jednotliv\u00e9 trimestry a z\u00edskejte v\u00fdhodn\u011bj\u0161\u00ed ceny kurz\u016f!<\/p>\n\n\n\n<ul class=\"wp-block-list\">\n<li>Skupinov\u00e9 kurzy: cena za rok 8 500,- K\u010d, tedy 2 830,- K\u010d\/trimestr nam\u00edsto 3000,- K\u010d\/trimestr.<\/li>\n\n\n\n<li>Kurz konverzace: cena za rok 7 000,- K\u010d, tedy 2 330 K\u010d\/trimestr nam\u00edsto 2 500,- K\u010d\/trimestr.<\/li>\n\n\n\n<li>Kurz pro d\u011bti a adolescenty: cena za rok 5 500,- K\u010d, tedy 1 830,- K\u010d\/trimestr nam\u00edsto 1 950,- K\u010d\/trimestr.<\/li>\n\n\n\n<li>Kurz pro seniory: cena za rok 5 500,- K\u010d, tedy 1 830,- K\u010d\/trimestr nam\u00edsto 1 950,- K\u010d\/trimestr.<\/li>\n<\/ul>\n\n\n\n<h5 class=\"wp-block-heading\">Zapi\u0161te se na dva kurzy!<\/h5>\n\n\n\n<p>Zapi\u0161te se na dva kurzy b\u011bhem jednoho trimestru a z\u00edskejte tak slevu 20%.<\/p>\n\n\n\n<h5 class=\"wp-block-heading\">Rodinn\u00e1 sleva<\/h5>\n\n\n\n<p>10% sleva pro ka\u017ed\u00e9ho \u010dlena rodiny (d\u00edt\u011b, rodi\u010d, man\u017eelka, man\u017eel)<\/p>\n\n\n\n<h5 class=\"wp-block-heading\"><strong>Studentsk\u00e1 sleva<\/strong><\/h5>\n\n\n\n<p>10% sleva pro studenty po p\u0159edlo\u017een\u00ed dokladu o zaps\u00e1n\u00ed ke studiu.&nbsp;<\/p>\n\n\n\n<h4 class=\"wp-block-heading\">Ne\u017e za\u010dnete&nbsp;<\/h4>\n\n\n\n<ul class=\"wp-block-list\">\n<li>&nbsp;Na\u0161e V\u0161eobecn\u00e9 registra\u010dn\u00ed podm\u00ednky si m\u016f\u017eete st\u00e1hnout n\u00ed\u017ee na konci str\u00e1nky nebo zde.<\/li>\n\n\n\n<li>&nbsp;Alliance Fran\u00e7aise si vyhrazuje pr\u00e1vo zru\u0161it kurz v p\u0159\u00edpad\u011b, kdy se p\u0159ihl\u00e1s\u00ed nedostate\u010dn\u00fd po\u010det student\u016f (minim\u00e1ln\u00ed po\u010det student\u016f je 4).<\/li>\n\n\n\n<li>&nbsp;Platba je mo\u017en\u00e1 v hotovosti v Alliance Fran\u00e7aise nebo bankovn\u00edm p\u0159evodem. Na kurz V\u00e1m vystav\u00edme fakturu.<\/li>\n\n\n\n<li>&nbsp;Alliance Fran\u00e7aise Ji\u017en\u00ed \u010cechy je registrovan\u00fdm sdru\u017een\u00edm a na\u0161i studenti zapsan\u00ed do kurz\u016f po\u0159\u00e1dan\u00fdch v Alliance Fran\u00e7aise se st\u00e1vaj\u00ed jej\u00edmi \u010dleny. \u010clensk\u00fd p\u0159\u00edsp\u011bvek \u010din\u00ed 250 K\u010d ro\u010dn\u011b od z\u00e1\u0159\u00ed do srpna.<\/li>\n<\/ul>\n\n\n\n<p><a href=\"https:\/\/www.alliancefrancaise.cz\/jiznicechy\/nase-podpora\/\">Klikn\u011bte zde, abyste zjistili v\u00fdhody plynouc\u00ed z \u010dlenstv\u00ed v na\u0161em sdru\u017een\u00ed<\/a><\/p>\n\n\n\n<p><a href=\"https:\/\/www.alliancefrancaise.cz\/jiznicechy\/kdo-jsme\/\">Kliknut\u00edm sem si m\u016f\u017eete p\u0159e\u010d\u00edst stanovy na\u0161eho sdru\u017een\u00ed<\/a><\/p>\n\n\n\n<h4 class=\"wp-block-heading\">Jak zjist\u00edm \u00farove\u0148 sv\u00fdch znalost\u00ed francouz\u0161tiny?<\/h4>\n\n\n\n<p>Pokud si nejste jist\u00ed, jak\u00e1 je \u00farove\u0148 Va\u0161\u00ed francouz\u0161tiny a nev\u00edte, jak\u00fd kurz zvolit, m\u016f\u017eete si u n\u00e1s vypracovat test pro ur\u010den\u00ed \u00farovn\u011b Va\u0161ich znalost\u00ed. Tento test je zdarma.<br>V p\u0159\u00edpad\u011b jak\u00fdchkoliv dal\u0161\u00edch dotaz\u016f se na n\u00e1s nev\u00e1hejte obr\u00e1tit b\u011bhem otev\u00edrac\u00ed doby v kancel\u00e1\u0159i Alliance Francaise Ji\u017en\u00ed \u010cechy nebo emailem na adrese:<a href=\"mailto: jiznicechy@alliancefrancaise.cz\">jiznicechy@alliancefrancaise.cz<\/a><\/p>\n\n\n\n<p><strong>Pozor!<\/strong>&nbsp;Vypln\u011bn\u00edm registra\u010dn\u00edho formul\u00e1\u0159e souhlas\u00edte s na\u0161imi v\u0161eobecn\u00fdmi podm\u00ednkami registrace do kurz\u016f.&nbsp;<a href=\"https:\/\/www.alliancefrancaise.cz\/jiznicechy\/vseobecne-registracni-podminky-pro-kurzy\/\">Najdete je po kliknut\u00ed sem<\/a>, ke sta\u017een\u00ed jsou tak\u00e9 v doln\u00ed \u010d\u00e1sti t\u00e9to str\u00e1nky.<\/p>\n\n\n<div id=\"dokumenty-block_a938bd99504c0424d2d06b8d8bdc940f\" class=\"dokumenty row mt-5\">\n    \n    <div class=\"col-md-3 col-6 boxDokumentu text-center animTop mb-5\">\n        <a class=\"text-decoration-none\" href=\"https:\/\/www.alliancefrancaise.cz\/jiznicechy\/wp-content\/uploads\/2025\/08\/Formulaire_Inscriptions-Prihlaska_2025_2026.docx.pdf\" target=\"_blank\"\n            rel=\"noopener noreferrer\">\n            <div class=\"coverDokuemntu\"><img decoding=\"async\" src=\"https:\/\/www.alliancefrancaise.cz\/jiznicechy\/wp-content\/themes\/propagon\/img\/svg\/icon-file.svg\" alt=\"soubor\"><\/div>\n            <div class=\"nazevDokumentu fw-bold mt-3\">Registra\u010dn\u00ed formul\u00e1\u0159<\/div>\n            <div class=\"text-body\">\n                120,99 KB            <\/div>\n        <\/a>\n    <\/div>\n    \n    <div class=\"col-md-3 col-6 boxDokumentu text-center animTop mb-5\">\n        <a class=\"text-decoration-none\" href=\"https:\/\/www.alliancefrancaise.cz\/jiznicechy\/wp-content\/uploads\/2025\/08\/CGV-2025-2026-CZ-.docx.pdf\" target=\"_blank\"\n            rel=\"noopener noreferrer\">\n            <div class=\"coverDokuemntu\"><img decoding=\"async\" src=\"https:\/\/www.alliancefrancaise.cz\/jiznicechy\/wp-content\/themes\/propagon\/img\/svg\/icon-file.svg\" alt=\"soubor\"><\/div>\n            <div class=\"nazevDokumentu fw-bold mt-3\">V\u0161eobecn\u00e9 registra\u010dn\u00ed podm\u00ednky pro kurzy<\/div>\n            <div class=\"text-body\">\n                182,17 KB            <\/div>\n        <\/a>\n    <\/div>\n    <\/div>\n\n\n\n\n\n\n\n\n","protected":false},"excerpt":{"rendered":"<p>Alliance Fran\u00e7aise Ji\u017en\u00ed \u010cechy nab\u00edz\u00ed kurzy obecn\u00e9 francouz\u0161tiny po cel\u00fd rok. Pod\u00edvejte se na mo\u017enosti z\u00e1pisu a na kalend\u00e1\u0159 a rozvrh kurz\u016f. Kurzy obecn\u00e9 francouz\u0161tiny Na\u0161e skupinov\u00e9 kurzy&#8230;<\/p>\n","protected":false},"author":4,"featured_media":16401,"parent":0,"menu_order":0,"comment_status":"closed","ping_status":"closed","template":"","meta":{"_acf_changed":false,"footnotes":""},"class_list":["post-7184","page","type-page","status-publish","has-post-thumbnail","hentry"],"acf":[],"_links":{"self":[{"href":"https:\/\/www.alliancefrancaise.cz\/jiznicechy\/wp-json\/wp\/v2\/pages\/7184","targetHints":{"allow":["GET"]}}],"collection":[{"href":"https:\/\/www.alliancefrancaise.cz\/jiznicechy\/wp-json\/wp\/v2\/pages"}],"about":[{"href":"https:\/\/www.alliancefrancaise.cz\/jiznicechy\/wp-json\/wp\/v2\/types\/page"}],"author":[{"embeddable":true,"href":"https:\/\/www.alliancefrancaise.cz\/jiznicechy\/wp-json\/wp\/v2\/users\/4"}],"replies":[{"embeddable":true,"href":"https:\/\/www.alliancefrancaise.cz\/jiznicechy\/wp-json\/wp\/v2\/comments?post=7184"}],"version-history":[{"count":19,"href":"https:\/\/www.alliancefrancaise.cz\/jiznicechy\/wp-json\/wp\/v2\/pages\/7184\/revisions"}],"predecessor-version":[{"id":17889,"href":"https:\/\/www.alliancefrancaise.cz\/jiznicechy\/wp-json\/wp\/v2\/pages\/7184\/revisions\/17889"}],"wp:featuredmedia":[{"embeddable":true,"href":"https:\/\/www.alliancefrancaise.cz\/jiznicechy\/wp-json\/wp\/v2\/media\/16401"}],"wp:attachment":[{"href":"https:\/\/www.alliancefrancaise.cz\/jiznicechy\/wp-json\/wp\/v2\/media?parent=7184"}],"curies":[{"name":"wp","href":"https:\/\/api.w.org\/{rel}","templated":true}]}}