{"id":7204,"date":"2024-02-17T22:17:04","date_gmt":"2024-02-17T21:17:04","guid":{"rendered":"https:\/\/www.alliancefrancaise.cz\/jiznicechy\/?page_id=7204"},"modified":"2025-08-20T14:37:48","modified_gmt":"2025-08-20T12:37:48","slug":"pracovat-s-nami","status":"publish","type":"page","link":"https:\/\/www.alliancefrancaise.cz\/jiznicechy\/pracovat-s-nami\/","title":{"rendered":"Pracovat s n\u00e1mi"},"content":{"rendered":"\n<p>Pracovat s n\u00e1mi\u00a0! Zde najdete nejnov\u011bj\u0161\u00ed nab\u00eddky pr\u00e1ce a st\u00e1\u017e\u00ed od Alliance Fran\u00e7aise.<\/p>\n\n\n\n<hr class=\"wp-block-separator has-alpha-channel-opacity\"\/>\n\n\n\n<h4 class=\"wp-block-heading\">Lecteur \/ lectrice de FLE<\/h4>\n\n\n\n<p>L\u2019Alliance Fran\u00e7aise Ji\u017en\u00ed \u010cechy est une association sans but lucratif cr\u00e9\u00e9e en 2004 d\u00e9di\u00e9e \u00e0 la promotion de la langue fran\u00e7aise et des cultures fran\u00e7aises et francophones. Elle est situ\u00e9e \u00e0 \u010cesk\u00e9 Bud\u011bjovice, capitale politique et \u00e9conomique de la Boh\u00eame du Sud. La ville offre un cadre de vie particuli\u00e8rement agr\u00e9able et \u00e0 2h en bus\/train de Prague. L\u2019Alliance Fran\u00e7aise Ji\u017en\u00ed \u010cechy est une association \u00e0 taille humaine, jeune et dynamique, et propose un environnement de travail \u00e9panouissant et convivial. L\u2019Alliance Fran\u00e7aise Ji\u017en\u00ed \u010cechy recrute un(e) enseignant(e) pour venir renforcer son \u00e9quipe de professeurs !<\/p>\n\n\n\n<h6 class=\"wp-block-heading\"><strong>T\u00e2ches principales : enseignement du FLE<\/strong><\/h6>\n\n\n\n<ul class=\"wp-block-list\">\n<li>&nbsp;Fran\u00e7ais g\u00e9n\u00e9ral du niveau A1 au niveau B2, cours collectifs et individuels \u00e0 destination d\u2019un public enfants, adolescents et adultes<\/li>\n\n\n\n<li>&nbsp;Cours de pr\u00e9paration aux examens DELF-DALF<\/li>\n\n\n\n<li>&nbsp;Cours de conversation<\/li>\n<\/ul>\n\n\n\n<ul class=\"wp-block-list\">\n<li>&nbsp;Le volume horaire d\u00e9pend des inscriptions pour chaque trimestre.<\/li>\n\n\n\n<li>&nbsp;Les classes et les niveaux attribu\u00e9s d\u00e9pendront de la disponibilit\u00e9 du lecteur \/ de la lectrice et de la langue maternelle du lecteur \/ lectrice (lecteur de FLE natif ou non).<\/li>\n\n\n\n<li>&nbsp;Les cours peuvent se d\u00e9rouler en pr\u00e9sentiel \u00e0 l\u2019Alliance fran\u00e7aise, en ligne ou dans un \u00e9tablissement partenaire.<\/li>\n<\/ul>\n\n\n\n<h6 class=\"wp-block-heading\"><strong>Comp\u00e9tences requises<\/strong><\/h6>\n\n\n\n<ul class=\"wp-block-list\">\n<li>&nbsp;Niveau de fran\u00e7ais minimum B2<\/li>\n\n\n\n<li>&nbsp;Exp\u00e9rience pr\u00e9alable de l\u2019enseignement du fran\u00e7ais langue \u00e9trang\u00e8re n\u00e9cessaire si vous \u2028n\u2019avez pas de dipl\u00f4me relatif au poste \u00e0 pourvoir<\/li>\n\n\n\n<li>&nbsp;Professionnalisme, dynamisme, naturel sociable et int\u00e9r\u00eat pour la culture francophone<\/li>\n<\/ul>\n\n\n\n<h5 class=\"wp-block-heading\">R\u00e9mun\u00e9ration &amp; contrat<\/h5>\n\n\n\n<ul class=\"wp-block-list\">\n<li>&nbsp;R\u00e9mun\u00e9ration : 330 CZK\/h<\/li>\n\n\n\n<li>&nbsp;Type de contrat : \u017eivnostensk\u00fd list ou dohoha<\/li>\n<\/ul>\n\n\n\n<h5 class=\"wp-block-heading\">Pour candidater&nbsp;<\/h5>\n\n\n\n<p>Envoyez votre CV et lettre de motivation en fran\u00e7ais \u00e0 l\u2019attention de la directrice Madame C\u00e9cile Sanz : direction.bohemedusud@alliancefrancaise.cz en indiquant \u00ab NOM Pr\u00e9nom &#8211; Candidature FLE \u00bb en objet du mail.<\/p>\n","protected":false},"excerpt":{"rendered":"<p>Pracovat s n\u00e1mi\u00a0! Zde najdete nejnov\u011bj\u0161\u00ed nab\u00eddky pr\u00e1ce a st\u00e1\u017e\u00ed od Alliance Fran\u00e7aise. Lecteur \/ lectrice de FLE L\u2019Alliance Fran\u00e7aise Ji\u017en\u00ed \u010cechy est une association sans but lucratif&#8230;<\/p>\n","protected":false},"author":4,"featured_media":16038,"parent":0,"menu_order":0,"comment_status":"closed","ping_status":"closed","template":"","meta":{"_acf_changed":false,"footnotes":""},"class_list":["post-7204","page","type-page","status-publish","has-post-thumbnail","hentry"],"acf":[],"_links":{"self":[{"href":"https:\/\/www.alliancefrancaise.cz\/jiznicechy\/wp-json\/wp\/v2\/pages\/7204","targetHints":{"allow":["GET"]}}],"collection":[{"href":"https:\/\/www.alliancefrancaise.cz\/jiznicechy\/wp-json\/wp\/v2\/pages"}],"about":[{"href":"https:\/\/www.alliancefrancaise.cz\/jiznicechy\/wp-json\/wp\/v2\/types\/page"}],"author":[{"embeddable":true,"href":"https:\/\/www.alliancefrancaise.cz\/jiznicechy\/wp-json\/wp\/v2\/users\/4"}],"replies":[{"embeddable":true,"href":"https:\/\/www.alliancefrancaise.cz\/jiznicechy\/wp-json\/wp\/v2\/comments?post=7204"}],"version-history":[{"count":7,"href":"https:\/\/www.alliancefrancaise.cz\/jiznicechy\/wp-json\/wp\/v2\/pages\/7204\/revisions"}],"predecessor-version":[{"id":17315,"href":"https:\/\/www.alliancefrancaise.cz\/jiznicechy\/wp-json\/wp\/v2\/pages\/7204\/revisions\/17315"}],"wp:featuredmedia":[{"embeddable":true,"href":"https:\/\/www.alliancefrancaise.cz\/jiznicechy\/wp-json\/wp\/v2\/media\/16038"}],"wp:attachment":[{"href":"https:\/\/www.alliancefrancaise.cz\/jiznicechy\/wp-json\/wp\/v2\/media?parent=7204"}],"curies":[{"name":"wp","href":"https:\/\/api.w.org\/{rel}","templated":true}]}}