{"id":7253,"date":"2024-02-22T12:10:28","date_gmt":"2024-02-22T11:10:28","guid":{"rendered":"https:\/\/www.alliancefrancaise.cz\/jiznicechy\/?page_id=7253"},"modified":"2026-02-23T13:26:55","modified_gmt":"2026-02-23T12:26:55","slug":"frantastique","status":"publish","type":"page","link":"https:\/\/www.alliancefrancaise.cz\/jiznicechy\/frantastique\/","title":{"rendered":"Frantastique"},"content":{"rendered":"\n<p>D\u00e9couvrez Frantastique, application facile d\u2019utilisation pour approfondir et renforcer ses notions de fran\u00e7ais, \u00e0 c\u00f4t\u00e9 des cours.<\/p>\n\n\n\n<h5 class=\"wp-block-heading\">Frantastique c\u2019est quoi&nbsp;?<\/h5>\n\n\n\n<p>C\u2019est une application facile d\u2019utilisation pour approfondir et renforcer ses notions de fran\u00e7ais, \u00e0 c\u00f4t\u00e9 des cours. Elle est accessible d\u00e8s le niveau A1 jusqu\u2019au C2 sur smartphone, tablette ou ordinateur.<\/p>\n\n\n\n<h5 class=\"wp-block-heading\">Et comment \u00e7a marche&nbsp;?<\/h5>\n\n\n\n<p>Pour une pratique de seulement 15 min par jour, Frantastique vous propose une le\u00e7on quotidienne, ludique et motivante, accompagn\u00e9e de contenus \u00e9crits, audio ou vid\u00e9o avec une r\u00e9elle d\u00e9couverte culturelle. Chaque parcours est personnalis\u00e9 et adapt\u00e9 \u00e0 votre niveau de langue. En fin de formation, vous recevrez votre certificat avec l\u2019ensemble des statistiques de niveaux, progression et participation.<\/p>\n\n\n\n<h5 class=\"wp-block-heading\">Quels sont les avantages pour vous&nbsp;?<\/h5>\n\n\n\n<p>Nous vous offrons un mois gratuit sans engagement pour d\u00e9couvrir Frantastique. Inscrivez-vous directement ci-dessous.<\/p>\n\n\n\n<p><strong>Il est grand temps d\u2019apprendre le fran\u00e7ais\u00a0!<\/strong><\/p>\n\n\n\n<html><div id=\"a9-parent-iframe\" data-src=\"https:\/\/www.gymglish.com\/partner\/sevgldelml\/52719\/iframe\"><\/div>\n    <script>\n        (function(){\n            var js = document.createElement('script');\n            js.type='text\/javascript';\n            js.src='https:\/\/www.gymglish.com\/static\/scripts\/partner-iframe.min.js';\n            var s = document.getElementsByTagName('script')[0];\n            s.parentNode.insertBefore(js, s);\n        })();\n    <\/script><html>\n","protected":false},"excerpt":{"rendered":"<p>D\u00e9couvrez Frantastique, application facile d\u2019utilisation pour approfondir et renforcer ses notions de fran\u00e7ais, \u00e0 c\u00f4t\u00e9 des cours. Frantastique c\u2019est quoi&nbsp;? C\u2019est une application facile d\u2019utilisation pour approfondir et&#8230;<\/p>\n","protected":false},"author":4,"featured_media":0,"parent":0,"menu_order":0,"comment_status":"closed","ping_status":"closed","template":"","meta":{"_acf_changed":false,"footnotes":""},"class_list":["post-7253","page","type-page","status-publish","hentry"],"acf":[],"_links":{"self":[{"href":"https:\/\/www.alliancefrancaise.cz\/jiznicechy\/wp-json\/wp\/v2\/pages\/7253","targetHints":{"allow":["GET"]}}],"collection":[{"href":"https:\/\/www.alliancefrancaise.cz\/jiznicechy\/wp-json\/wp\/v2\/pages"}],"about":[{"href":"https:\/\/www.alliancefrancaise.cz\/jiznicechy\/wp-json\/wp\/v2\/types\/page"}],"author":[{"embeddable":true,"href":"https:\/\/www.alliancefrancaise.cz\/jiznicechy\/wp-json\/wp\/v2\/users\/4"}],"replies":[{"embeddable":true,"href":"https:\/\/www.alliancefrancaise.cz\/jiznicechy\/wp-json\/wp\/v2\/comments?post=7253"}],"version-history":[{"count":1,"href":"https:\/\/www.alliancefrancaise.cz\/jiznicechy\/wp-json\/wp\/v2\/pages\/7253\/revisions"}],"predecessor-version":[{"id":7254,"href":"https:\/\/www.alliancefrancaise.cz\/jiznicechy\/wp-json\/wp\/v2\/pages\/7253\/revisions\/7254"}],"wp:attachment":[{"href":"https:\/\/www.alliancefrancaise.cz\/jiznicechy\/wp-json\/wp\/v2\/media?parent=7253"}],"curies":[{"name":"wp","href":"https:\/\/api.w.org\/{rel}","templated":true}]}}