{"id":7260,"date":"2024-02-22T12:26:34","date_gmt":"2024-02-22T11:26:34","guid":{"rendered":"https:\/\/www.alliancefrancaise.cz\/jiznicechy\/?page_id=7260"},"modified":"2026-02-23T13:04:46","modified_gmt":"2026-02-23T12:04:46","slug":"firemni-kurz-francouzstiny","status":"publish","type":"page","link":"https:\/\/www.alliancefrancaise.cz\/jiznicechy\/firemni-kurz-francouzstiny\/","title":{"rendered":"Firemn\u00ed kurz francouz\u0161tiny"},"content":{"rendered":"\n<p>Kdo jin\u00fd by m\u011bl vyu\u010dovat francouzsk\u00fd jazyk ne\u017e Alliance Fran\u00e7aise? Alliance Fran\u00e7aise de Boh\u00eame du Sud nab\u00edz\u00ed kurzy \u0161it\u00e9 na m\u00edru pot\u0159eb\u00e1m a c\u00edl\u016fm firem a instituc\u00ed. Optimalizujte svou komunikaci s francouzsky mluv\u00edc\u00edmi kolegy, partnery a z\u00e1kazn\u00edky!<\/p>\n\n\n\n<h5 class=\"wp-block-heading\">Pro\u010d si vybrat pr\u00e1v\u011b Alliance Fran\u00e7aise?<\/h5>\n\n\n\n<h6 class=\"wp-block-heading\"><strong>Kurzy skute\u010dn\u011b \u0161it\u00e9 na m\u00edru<\/strong><\/h6>\n\n\n\n<ul class=\"wp-block-list\">\n<li>Flexibiln\u00ed rozvrh a tempo<\/li>\n\n\n\n<li>Mo\u017enost volby m\u00edsta a formy (prezen\u010dn\u00ed, distan\u010dn\u00ed nebo asynchronn\u00ed)<\/li>\n\n\n\n<li>Sestaven\u00ed programu podle va\u0161ich c\u00edl\u016f na z\u00e1klad\u011b posouzen\u00ed pot\u0159eb<\/li>\n<\/ul>\n\n\n\n<h6 class=\"wp-block-heading\"><strong>Kvalitn\u00ed \u0161kolen\u00ed<\/strong><\/h6>\n\n\n\n<ul class=\"wp-block-list\">\n<li>Kompetentn\u00ed u\u010ditel\u00e9 se spr\u00e1vn\u00fdm profilem.<\/li>\n\n\n\n<li>Smlouva o vzd\u011bl\u00e1v\u00e1n\u00ed s p\u0159edb\u011b\u017en\u00fdm programem.<\/li>\n\n\n\n<li>N\u00e1sledn\u00e1 kontrola ze strany u\u010ditele.<\/li>\n\n\n\n<li>Mo\u017enost dal\u0161\u00edch samostatn\u00fdch aktivit.<\/li>\n<\/ul>\n\n\n\n<h6 class=\"wp-block-heading\"><strong>Jedine\u010dn\u00e9 francouzsky mluv\u00edc\u00ed prost\u0159ed\u00ed<\/strong><\/h6>\n\n\n\n<p>Kulturn\u00ed aktivity v Alliance Fran\u00e7aise: kulturn\u00ed aktivity jsou nab\u00edzeny pravideln\u011b a m\u016f\u017eete vyu\u017e\u00edt zv\u00fdhodn\u011bn\u00e9 ceny vstupenek na akce.<br>Voln\u00fd p\u0159\u00edstup ke stovk\u00e1m knih, CD a DVD a tak\u00e9 k Cultureth\u00e8que, digit\u00e1ln\u00ed knihovn\u011b Francouzsk\u00e9ho institutu.<\/p>\n\n\n\n<h6 class=\"wp-block-heading\"><strong>P\u0159\u00edstup do zkou\u0161kov\u00e9ho centra pro francouz\u0161tinu<\/strong><\/h6>\n\n\n\n<p>Francouzsk\u00fd institut a Francouzsk\u00e1 aliance jsou jedin\u00e1 schv\u00e1len\u00e1 zku\u0161ebn\u00ed centra v \u010cesk\u00e9 republice, kter\u00e1 v\u00e1m mohou nab\u00eddnout zkou\u0161ky DELF\/DALF.<\/p>\n\n\n\n<h5 class=\"wp-block-heading\">Jak\u00fd typ kurzu pro jak\u00fd typ pot\u0159eby?<\/h5>\n\n\n\n<h6 class=\"wp-block-heading\"><strong>V\u00fduka francouz\u0161tiny pro specifick\u00e9 \u00fa\u010dely<\/strong><\/h6>\n\n\n\n<p>Chcete b\u00fdt schopni :<\/p>\n\n\n\n<ul class=\"wp-block-list\">\n<li>Rozum\u011bt dokument\u016fm psan\u00fdm ve francouz\u0161tin\u011b, kter\u00e9 jsou b\u011b\u017en\u00e9 ve va\u0161em profesn\u00edm prost\u0159ed\u00ed?<\/li>\n\n\n\n<li>Rozum\u011bt konverzaci ve francouz\u0161tin\u011b nebo jak\u00e9koliv profesion\u00e1ln\u00ed situaci v \u00fastn\u00ed komunikaci?<\/li>\n\n\n\n<li>Komunikovat ve francouz\u0161tin\u011b v konkr\u00e9tn\u00edm profesn\u00edm kontextu?<\/li>\n\n\n\n<li>Um\u011bt vhodn\u011b reagovat v situac\u00edch tv\u00e1\u0159\u00ed v tv\u00e1\u0159 d\u00edky znalosti pravidel spole\u010densk\u00e9 a profesn\u00ed komunikace ve Francii?<\/li>\n<\/ul>\n\n\n\n<p>N\u011bkter\u00e9 nebo v\u0161echny tyto dovednosti m\u016f\u017eeme za\u010dlenit do vzd\u011bl\u00e1vac\u00edho programu, kter\u00fd spole\u010dn\u011b sestav\u00edme. V z\u00e1vislosti na va\u0161ich pot\u0159eb\u00e1ch v\u00e1m m\u016f\u017eeme nab\u00eddnout skupinov\u00e9 \u0161kolen\u00ed nebo individu\u00e1ln\u00ed v\u00fduku.<\/p>\n\n\n\n<h6 class=\"wp-block-heading\"><strong>Interkulturn\u00ed \u0161kolen\u00ed<\/strong><\/h6>\n\n\n\n<p>M\u00e1te francouzsky mluv\u00edc\u00ed klienty nebo kontakty a r\u00e1di byste v\u011bd\u011bli, jak\u00e9 chyby ned\u011blat, nebo pochopili jejich reakce, ale nem\u00e1te \u010das na kompletn\u00ed jazykov\u00fd kurz?<\/p>\n\n\n\n<p>M\u016f\u017eeme v\u00e1m nab\u00eddnout interkulturn\u00ed \u0161kolen\u00ed francouz\u0161tiny nebo \u010de\u0161tiny v d\u00e9lce trv\u00e1n\u00ed dle va\u0161eho v\u00fdb\u011bru.<\/p>\n\n\n\n<h6 class=\"wp-block-heading\"><strong>\u0160kolen\u00ed v profesn\u00edm ekosyst\u00e9mu Francie nebo francouzsky mluv\u00edc\u00ed zem\u011b.<\/strong><\/h6>\n\n\n\n<p>Cht\u011bli byste se sezn\u00e1mit s ekonomick\u00fdm prost\u0159ed\u00edm Francie nebo n\u011bkter\u00e9 z francouzsky mluv\u00edc\u00edch zem\u00ed? Cht\u011bli byste se sezn\u00e1mit s hlavn\u00edmi francouzsk\u00fdmi institucemi (obchodn\u00ed komora, ministerstvo financ\u00ed atd.) a\/nebo v\u00fdznamn\u00fdmi soukrom\u00fdmi subjekty?<\/p>\n\n\n\n<p>M\u016f\u017eeme pro va\u0161i organizaci uspo\u0159\u00e1dat kr\u00e1tk\u00e9 konference a diskuse na jedno nebo v\u00edce z t\u011bchto t\u00e9mat ve francouz\u0161tin\u011b nebo \u010de\u0161tin\u011b.<\/p>\n\n\n\n<h5 class=\"wp-block-heading\">Jak m\u016f\u017eete propagovat sv\u00e9 dovednosti ve francouz\u0161tin\u011b?<\/h5>\n\n\n\n<p>Abyste mohli co nejl\u00e9pe vyu\u017e\u00edt sv\u00e9 znalosti francouz\u0161tiny v profesn\u00edm kontextu, je d\u016fle\u017eit\u00e9, abyste byli schopni prok\u00e1zat svou \u00farove\u0148 ofici\u00e1ln\u011b uzn\u00e1vanou zkou\u0161kou nebo diplomem.<\/p>\n\n\n\n<p>Informace o v\u0161ech t\u011bchto zkou\u0161k\u00e1ch naleznete na na\u0161\u00ed str\u00e1nce v\u011bnovan\u00e9 test\u016fm a zkou\u0161k\u00e1m. Diplomy DELF \/ DALF maj\u00ed do\u017eivotn\u00ed platnost a jsou ud\u011blov\u00e1ny ve v\u00edce ne\u017e 160 zem\u00edch, tak\u017ee jsou dob\u0159e zn\u00e1m\u00e9 po cel\u00e9m sv\u011bt\u011b.<\/p>\n\n\n\n<p>Alliance Fran\u00e7aise nab\u00edz\u00ed posouzen\u00ed pot\u0159eb a tak\u00e9 jazykov\u00fd roz\u0159azovac\u00ed test. Napi\u0161te si o individu\u00e1ln\u00ed nab\u00eddku!<\/p>\n\n\n<div class='fluentform ff-default fluentform_wrapper_2  ff_guten_block ff_guten_block-2 ffs_default_wrap'><form data-form_id=\"2\" id=\"fluentform_2\" class=\"frm-fluent-form fluent_form_2 ff-el-form-top ff_form_instance_2_1 ff-form-loading ffs_default\" data-form_instance=\"ff_form_instance_2_1\" method=\"POST\" ><fieldset  style=\"border: none!important;margin: 0!important;padding: 0!important;background-color: transparent!important;box-shadow: none!important;outline: none!important; min-inline-size: 100%;\">\n                    <legend class=\"ff_screen_reader_title\" style=\"display: block; margin: 0!important;padding: 0!important;height: 0!important;text-indent: -999999px;width: 0!important;overflow:hidden;\">Popt\u00e1vka<\/legend><input type='hidden' name='__fluent_form_embded_post_id' value='7260' \/><input type=\"hidden\" id=\"_fluentform_2_fluentformnonce\" name=\"_fluentform_2_fluentformnonce\" value=\"d793975619\" \/><input type=\"hidden\" name=\"_wp_http_referer\" value=\"\/jiznicechy\/wp-json\/wp\/v2\/pages\/7260\" \/><div class='ff-el-group'><div class=\"ff-el-input--label asterisk-right\"><label for='ff_2_name' id='label_ff_2_name' >Jm\u00e9no<\/label><\/div><div class='ff-el-input--content'><input type=\"text\" name=\"name\" class=\"ff-el-form-control\" placeholder=\"Va\u0161e Jm\u00e9no\" data-name=\"name\" id=\"ff_2_name\"  aria-invalid=\"false\" aria-required=false><\/div><\/div><div class='ff-el-group'><div class=\"ff-el-input--label ff-el-is-required asterisk-right\"><label for='ff_2_email' id='label_ff_2_email' aria-label=\"E-mail\">E-mail<\/label><\/div><div class='ff-el-input--content'><input type=\"email\" name=\"email\" id=\"ff_2_email\" class=\"ff-el-form-control\" placeholder=\"vas@email.cz\" data-name=\"email\"  aria-invalid=\"false\" aria-required=true><\/div><\/div><div class='ff-el-group'><div class=\"ff-el-input--label ff-el-is-required asterisk-right\"><label for='ff_2_input_text' id='label_ff_2_input_text' aria-label=\"Telefon\">Telefon<\/label><\/div><div class='ff-el-input--content'><input type=\"text\" name=\"input_text\" class=\"ff-el-form-control\" placeholder=\"+420 ...\" data-name=\"input_text\" id=\"ff_2_input_text\"  aria-invalid=\"false\" aria-required=true><\/div><\/div><div class='ff-el-group'><div class=\"ff-el-input--label asterisk-right\"><label for='ff_2_description' id='label_ff_2_description' aria-label=\"Zpr\u00e1va\">Zpr\u00e1va<\/label><\/div><div class='ff-el-input--content'><textarea aria-required=\"false\" aria-labelledby=\"label_ff_2_description\" name=\"description\" id=\"ff_2_description\" class=\"ff-el-form-control\" placeholder=\"V\u00e1\u0161 dotaz\" rows=\"3\" cols=\"2\" data-name=\"description\" ><\/textarea><\/div><\/div><div class='ff-el-group  mt-2  ff-el-input--content'><div class='ff-el-form-check ff-el-tc'><label aria-label='Terms and Conditions: Souhlas\u00edm se zpracov\u00e1n\u00edm osobn\u00edch \u00fadaj\u016f Contains 1 link. Use tab navigation to review.' class='ff-el-form-check-label ff_tc_label' for=terms-n-condition_3952af959a1bc170d4e654f32020e021><span class='ff_tc_checkbox'><input type=\"checkbox\" name=\"terms-n-condition\" class=\"ff-el-form-check-input\" data-name=\"terms-n-condition\" id=\"terms-n-condition_3952af959a1bc170d4e654f32020e021\"  value='on' aria-invalid='false' aria-required=false><\/span> <div class='ff_t_c'><p>Souhlas\u00edm se zpracov\u00e1n\u00edm <a href=\"#\">osobn\u00edch \u00fadaj\u016f<\/a><\/p><\/div><\/label><\/div><\/div><div class='ff-el-group ff-text-center ff_submit_btn_wrapper ff_submit_btn_wrapper_custom'><button class=\"ff-btn ff-btn-submit ff-btn-md btn btn-primary mt-4 ff_btn_no_style\" type=\"submit\" name=\"custom_submit_button-2_1\" data-name=\"custom_submit_button-2_1\"  aria-label=\"Odeslat zpr\u00e1vu\">Odeslat zpr\u00e1vu<\/button><\/div><\/fieldset><\/form><div id='fluentform_2_errors' class='ff-errors-in-stack ff_form_instance_2_1 ff-form-loading_errors ff_form_instance_2_1_errors'><\/div><\/div>            <script type=\"text\/javascript\">\n                window.fluent_form_ff_form_instance_2_1 = {\"id\":\"2\",\"settings\":{\"layout\":{\"labelPlacement\":\"top\",\"helpMessagePlacement\":\"with_label\",\"errorMessagePlacement\":\"inline\",\"asteriskPlacement\":\"asterisk-right\"},\"restrictions\":{\"denyEmptySubmission\":{\"enabled\":false}}},\"form_instance\":\"ff_form_instance_2_1\",\"form_id_selector\":\"fluentform_2\",\"rules\":{\"name\":{\"required\":{\"value\":false,\"message\":\"This field is required\"}},\"email\":{\"required\":{\"value\":true,\"message\":\"Email je povinn\\u00fd\"},\"email\":{\"value\":true,\"message\":\"E-mail nen\\u00ed ve spr\\u00e1vn\\u00edm tvaru.\"}},\"input_text\":{\"required\":{\"value\":true,\"message\":\"Telefon je povinn\\u00fd\"}},\"description\":{\"required\":{\"value\":false,\"message\":\"This field is required\"}},\"terms-n-condition\":{\"required\":{\"value\":false,\"message\":\"This field is required\"}}},\"debounce_time\":300};\n                            <\/script>\n            ","protected":false},"excerpt":{"rendered":"<p>Kdo jin\u00fd by m\u011bl vyu\u010dovat francouzsk\u00fd jazyk ne\u017e Alliance Fran\u00e7aise? Alliance Fran\u00e7aise de Boh\u00eame du Sud nab\u00edz\u00ed kurzy \u0161it\u00e9 na m\u00edru pot\u0159eb\u00e1m a c\u00edl\u016fm firem a instituc\u00ed. Optimalizujte&#8230;<\/p>\n","protected":false},"author":4,"featured_media":7338,"parent":0,"menu_order":0,"comment_status":"closed","ping_status":"closed","template":"","meta":{"_acf_changed":false,"footnotes":""},"class_list":["post-7260","page","type-page","status-publish","has-post-thumbnail","hentry"],"acf":[],"_links":{"self":[{"href":"https:\/\/www.alliancefrancaise.cz\/jiznicechy\/wp-json\/wp\/v2\/pages\/7260","targetHints":{"allow":["GET"]}}],"collection":[{"href":"https:\/\/www.alliancefrancaise.cz\/jiznicechy\/wp-json\/wp\/v2\/pages"}],"about":[{"href":"https:\/\/www.alliancefrancaise.cz\/jiznicechy\/wp-json\/wp\/v2\/types\/page"}],"author":[{"embeddable":true,"href":"https:\/\/www.alliancefrancaise.cz\/jiznicechy\/wp-json\/wp\/v2\/users\/4"}],"replies":[{"embeddable":true,"href":"https:\/\/www.alliancefrancaise.cz\/jiznicechy\/wp-json\/wp\/v2\/comments?post=7260"}],"version-history":[{"count":2,"href":"https:\/\/www.alliancefrancaise.cz\/jiznicechy\/wp-json\/wp\/v2\/pages\/7260\/revisions"}],"predecessor-version":[{"id":7309,"href":"https:\/\/www.alliancefrancaise.cz\/jiznicechy\/wp-json\/wp\/v2\/pages\/7260\/revisions\/7309"}],"wp:featuredmedia":[{"embeddable":true,"href":"https:\/\/www.alliancefrancaise.cz\/jiznicechy\/wp-json\/wp\/v2\/media\/7338"}],"wp:attachment":[{"href":"https:\/\/www.alliancefrancaise.cz\/jiznicechy\/wp-json\/wp\/v2\/media?parent=7260"}],"curies":[{"name":"wp","href":"https:\/\/api.w.org\/{rel}","templated":true}]}}