{"id":7448,"date":"2024-03-07T12:46:32","date_gmt":"2024-03-07T11:46:32","guid":{"rendered":"https:\/\/www.alliancefrancaise.cz\/jiznicechy\/?page_id=7448"},"modified":"2026-04-17T10:01:35","modified_gmt":"2026-04-17T08:01:35","slug":"kurzy-francouzstiny-2","status":"publish","type":"page","link":"https:\/\/www.alliancefrancaise.cz\/jiznicechy\/kurzy-francouzstiny-2\/","title":{"rendered":"Interaktivn\u00ed kurzy francouz\u0161tiny"},"content":{"rendered":"\n<figure class=\"wp-block-image size-large\"><img loading=\"lazy\" decoding=\"async\" width=\"1360\" height=\"765\" src=\"https:\/\/www.alliancefrancaise.cz\/jiznicechy\/wp-content\/uploads\/2026\/04\/SITE-1-1360x765.png\" alt=\"\" class=\"wp-image-18325\" srcset=\"https:\/\/www.alliancefrancaise.cz\/jiznicechy\/wp-content\/uploads\/2026\/04\/SITE-1-1360x765.png 1360w, https:\/\/www.alliancefrancaise.cz\/jiznicechy\/wp-content\/uploads\/2026\/04\/SITE-1-460x259.png 460w, https:\/\/www.alliancefrancaise.cz\/jiznicechy\/wp-content\/uploads\/2026\/04\/SITE-1-768x432.png 768w, https:\/\/www.alliancefrancaise.cz\/jiznicechy\/wp-content\/uploads\/2026\/04\/SITE-1.png 1920w\" sizes=\"auto, (max-width: 1360px) 100vw, 1360px\" \/><\/figure>\n\n\n\n<p>\u2600\ufe0f<strong>Letn\u00ed workshopy \u2013 Interaktivn\u00ed kurzy francouz\u0161tiny<\/strong><\/p>\n\n\n\n<p>Jazyk je pot\u0159eba procvi\u010dovat \u2013 a to i v l\u00e9t\u011b! A\u0165 u\u017e chcete za\u010d\u00edt s francouz\u0161tinou od nuly, udr\u017eet si svou \u00farove\u0148, zlep\u0161it se, nebo se p\u0159ipravit na nov\u00fd \u0161koln\u00ed rok, nab\u00edz\u00edme letn\u00ed kurzy pr\u00e1v\u011b pro v\u00e1s. \ud83c\udf53 A\u0165 jste dosp\u011bl\u00ed \u010di d\u011bti, \u00fapln\u00ed za\u010d\u00e1te\u010dn\u00edci nebo pokro\u010dil\u00ed, na\u0161e kurzy jsou navr\u017eeny tak, aby vyhovovaly va\u0161im pot\u0159eb\u00e1m. \ud83c\udf3b<\/p>\n\n\n\n<h2 class=\"wp-block-heading\"><strong>Term\u00edny kurz\u016f<\/strong><\/h2>\n\n\n\n<p>Kurz 1: 29. \u010dervna \u2013 3. \u010dervence<br>Kurz 2: 24.\u201328. srpna<br>(Kurz 3 bude je\u0161t\u011b potvrzen)<\/p>\n\n\n\n<h2 class=\"wp-block-heading\"><strong>Praktick\u00e9 informace<\/strong><\/h2>\n\n\n\n<ul class=\"wp-block-list\">\n<li>Cena :\u00a0<br>Dosp\u011bl\u00ed: 500 K\u010d\/den \/ 2000 K\u010d\/t\u00fdden (2 h\/den)<br>D\u011bti (6-16 let) : 700 K\u010d\/den \/ 3000 K\u010d\/t\u00fdden (3 h\/den)<br><\/li>\n\n\n\n<li>Minim\u00e1ln\u00ed po\u010det \u00fa\u010dastn\u00edk\u016f: 3 osoby na kurz <strong>\ud83d\udc65<\/strong><\/li>\n\n\n\n<li>Flexibiln\u00ed p\u0159ihl\u00e1\u0161en\u00ed: lze se p\u0159ihl\u00e1sit na cel\u00fd kurz nebo jen na vybran\u00e9 dny <strong>\ud83d\udcd8<\/strong><\/li>\n\n\n\n<li>\u010casy: pokud v\u00e1m uveden\u00e9 \u010dasy nevyhovuj\u00ed, napi\u0161te n\u00e1m a spole\u010dn\u011b najdeme \u0159e\u0161en\u00ed <strong>\ud83d\udcc6<\/strong><\/li>\n<\/ul>\n\n\n\n<h6 class=\"wp-block-heading\">\ud83d\udc49 <strong>P\u0159ihl\u00e1\u0161en\u00ed: <\/strong>e-mailem na adresu <strong>jiznicechy@alliancefrancaise.cz<\/strong><\/h6>\n\n\n\n<p>Nebo <strong>Form : <a href=\"https:\/\/forms.gle\/1S9imnvVDuTKiryD\" target=\"_blank\" rel=\"noopener\">https:\/\/forms.gle\/1S9imnvVDuTKiryD<\/a><\/strong><\/p>\n\n\n\n<p><\/p>\n\n\n\n<h2 class=\"wp-block-heading\">Interaktivn\u00ed kurzy pro dosp\u011bl\u00e9<\/h2>\n\n\n\n<h4 class=\"wp-block-heading\">Program workshop\u016f:<\/h4>\n\n\n\n<p>Intenzivn\u00ed t\u00fddenn\u00ed kurzy s ka\u017edodenn\u00ed v\u00fdukou pro praktick\u00e9 a efektivn\u00ed procvi\u010den\u00ed jazyka. Ide\u00e1ln\u00ed form\u00e1t pro za\u010d\u00e1tek i rychl\u00e9 zlep\u0161en\u00ed!<\/p>\n\n\n\n<p>\ud83d\udd53 D\u00e9lka: 120 minut denn\u011b (podrobnosti budou up\u0159esn\u011bny)<\/p>\n\n\n\n<p><strong>Dopoledne<\/strong> (9:00\u201311:00) : <\/p>\n\n\n\n<p>\ud83d\udccc\u00farovn\u011b \u00fapln\u00ed za\u010d\u00e1te\u010dn\u00edci (A0) a A1\/A2<\/p>\n\n\n\n<p><strong>Odpoledne:<\/strong> (13:00-15:0)<\/p>\n\n\n\n<p>\ud83d\udccc\u00farovn\u011b B1\/B2\/C1<\/p>\n\n\n\n<h2 class=\"wp-block-heading\">Interaktivn\u00ed kurzy <strong>pro d\u011bti a teenagery (6 a\u017e 16 let)<\/strong><\/h2>\n\n\n\n<p><strong>\ud83d\udc67\ud83d\udc66<\/strong> Hrav\u00e1 a z\u00e1bavn\u00e1 dopoledne, b\u011bhem nich\u017e se d\u011bti u\u010d\u00ed francouzsky a z\u00e1rove\u0148 si hraj\u00ed. Ka\u017ed\u00fd workshop je rozd\u011blen na dv\u011b \u010d\u00e1sti: v\u00fdukovou ( \u270f\ufe0f lekce p\u0159izp\u016fsoben\u00e9 v\u011bku) a z\u00e1bavnou (\ud83c\udfa8sportovn\u00ed nebo kreativn\u00ed aktivita). P\u0159ij\u00edm\u00e1me d\u011bti v\u0161ech \u00farovn\u00ed.<\/p>\n\n\n\n<p>\ud83d\udd53 D\u00e9lka: 3 hodiny denn\u011b (dopoledne od 9:00 do 12:00)<br>Pozn\u00e1mka: sta\u010d\u00ed si p\u0159in\u00e9st malou sva\u010dinu<\/p>\n\n\n\n<p>\ud83c\udf89 <strong>P\u0159ij\u010fte si s n\u00e1mi u\u017e\u00edt l\u00e9to<\/strong> <strong>pln\u00fd kreativity, francouz\u0161tiny a z\u00e1bavy!<\/strong><br>T\u011b\u0161\u00edme se na v\u00e1s!<\/p>\n\n\n\n<p><a href=\"https:\/\/www.alliancefrancaise.cz\/jiznicechy\/IMG\/pdf\/prihlaska_formulaire-dilny_deti-ateliers_enfants.pdf\"><\/a><\/p>\n","protected":false},"excerpt":{"rendered":"<p>\u2600\ufe0fLetn\u00ed workshopy \u2013 Interaktivn\u00ed kurzy francouz\u0161tiny Jazyk je pot\u0159eba procvi\u010dovat \u2013 a to i v l\u00e9t\u011b! A\u0165 u\u017e chcete za\u010d\u00edt s francouz\u0161tinou od nuly, udr\u017eet si svou \u00farove\u0148,&#8230;<\/p>\n","protected":false},"author":4,"featured_media":18325,"parent":0,"menu_order":0,"comment_status":"closed","ping_status":"closed","template":"","meta":{"_acf_changed":false,"footnotes":""},"class_list":["post-7448","page","type-page","status-publish","has-post-thumbnail","hentry"],"acf":[],"_links":{"self":[{"href":"https:\/\/www.alliancefrancaise.cz\/jiznicechy\/wp-json\/wp\/v2\/pages\/7448","targetHints":{"allow":["GET"]}}],"collection":[{"href":"https:\/\/www.alliancefrancaise.cz\/jiznicechy\/wp-json\/wp\/v2\/pages"}],"about":[{"href":"https:\/\/www.alliancefrancaise.cz\/jiznicechy\/wp-json\/wp\/v2\/types\/page"}],"author":[{"embeddable":true,"href":"https:\/\/www.alliancefrancaise.cz\/jiznicechy\/wp-json\/wp\/v2\/users\/4"}],"replies":[{"embeddable":true,"href":"https:\/\/www.alliancefrancaise.cz\/jiznicechy\/wp-json\/wp\/v2\/comments?post=7448"}],"version-history":[{"count":19,"href":"https:\/\/www.alliancefrancaise.cz\/jiznicechy\/wp-json\/wp\/v2\/pages\/7448\/revisions"}],"predecessor-version":[{"id":18363,"href":"https:\/\/www.alliancefrancaise.cz\/jiznicechy\/wp-json\/wp\/v2\/pages\/7448\/revisions\/18363"}],"wp:featuredmedia":[{"embeddable":true,"href":"https:\/\/www.alliancefrancaise.cz\/jiznicechy\/wp-json\/wp\/v2\/media\/18325"}],"wp:attachment":[{"href":"https:\/\/www.alliancefrancaise.cz\/jiznicechy\/wp-json\/wp\/v2\/media?parent=7448"}],"curies":[{"name":"wp","href":"https:\/\/api.w.org\/{rel}","templated":true}]}}