{"id":2,"date":"2018-01-27T13:09:22","date_gmt":"2018-01-27T12:09:22","guid":{"rendered":"https:\/\/www.alliancefrancaise.cz\/liberec\/?page_id=2"},"modified":"2026-01-16T10:50:41","modified_gmt":"2026-01-16T09:50:41","slug":"uvod","status":"publish","type":"page","link":"https:\/\/www.alliancefrancaise.cz\/liberec\/","title":{"rendered":"\u00davod"},"content":{"rendered":"\n<div class=\"wp-block-cover alignfull is-light hp-first\"><img loading=\"lazy\" decoding=\"async\" width=\"2560\" height=\"1920\" class=\"wp-block-cover__image-background wp-image-7066\" alt=\"\" src=\"https:\/\/www.alliancefrancaise.cz\/liberec\/wp-content\/uploads\/2024\/09\/kurz-scaled.jpg\" data-object-fit=\"cover\" srcset=\"https:\/\/www.alliancefrancaise.cz\/liberec\/wp-content\/uploads\/2024\/09\/kurz-scaled.jpg 2560w, https:\/\/www.alliancefrancaise.cz\/liberec\/wp-content\/uploads\/2024\/09\/kurz-460x345.jpg 460w, https:\/\/www.alliancefrancaise.cz\/liberec\/wp-content\/uploads\/2024\/09\/kurz-1360x1020.jpg 1360w, https:\/\/www.alliancefrancaise.cz\/liberec\/wp-content\/uploads\/2024\/09\/kurz-768x576.jpg 768w\" sizes=\"auto, (max-width: 2560px) 100vw, 2560px\" \/><span aria-hidden=\"true\" class=\"wp-block-cover__background has-white-background-color has-background-dim\"><\/span><div class=\"wp-block-cover__inner-container is-layout-flow wp-block-cover-is-layout-flow\">\n<div class=\"wp-block-columns are-vertically-aligned-center is-layout-flex wp-container-core-columns-is-layout-9d6595d7 wp-block-columns-is-layout-flex\">\n<div class=\"wp-block-column is-vertically-aligned-center is-layout-flow wp-block-column-is-layout-flow\"><\/div>\n\n\n\n<div class=\"wp-block-column is-vertically-aligned-center blockText is-layout-flow wp-block-column-is-layout-flow\" style=\"flex-basis:60%\">\n<p class=\"has-text-align-center h1 animTop has-red-color has-text-color\">Mluvte francouzsky! <\/p>\n\n\n\n<p class=\"has-text-align-center h1 animTop has-red-color has-text-color\">\u017dijte francouzsky!<\/p>\n<\/div>\n<\/div>\n<\/div><\/div>\n\n\n\n<div class=\"wp-block-columns is-layout-flex wp-container-core-columns-is-layout-9d6595d7 wp-block-columns-is-layout-flex\">\n<div class=\"wp-block-column is-vertically-aligned-center is-layout-flow wp-block-column-is-layout-flow\">\n<h1 class=\"wp-block-heading\">O n\u00e1s<\/h1>\n\n\n\n<p class=\"has-text-align-left\">Alliance Fran\u00e7aise p\u016fsob\u00ed v p\u0159ibli\u017en\u011b 130 zem\u00edch a t\u011b\u017e\u00ed z v\u00edce ne\u017e 100 let zku\u0161enost\u00ed. Za tu dobu dok\u00e1zala AF rozvinout&nbsp;vynikaj\u00edc\u00ed poznatky ve v\u00fduce francouzsk\u00e9ho jazyka.<\/p>\n\n\n\n<p><strong>V&nbsp;Liberci Alliance p\u016fsob\u00ed od roku 1991<\/strong>.<\/p>\n\n\n\n<p><strong>Odborn\u00edk na v\u00fduku i praktick\u00e9 pou\u017e\u00edv\u00e1n\u00ed francouz\u0161tiny, AF Liberec V\u00e1m nab\u00edz\u00ed :<\/strong><\/p>\n\n\n\n<div class=\"wp-block-group is-vertical is-layout-flex wp-container-core-group-is-layout-8cf370e7 wp-block-group-is-layout-flex\">\n<p>T\u00fdm pedagog\u016f specializovan\u00fdch na v\u00fduku francouz\u0161tiny<\/p>\n\n\n\n<p>Modern\u00ed a efektivn\u00ed v\u00fduku<\/p>\n\n\n\n<p>Nab\u00eddku kurz\u016f vych\u00e1zej\u00edc\u00ed ze Spole\u010dn\u00e9ho Evropsk\u00e9ho Referen\u010dn\u00edho R\u00e1mce (CECR)&nbsp;<\/p>\n\n\n\n<p>Sympatick\u00e9 m\u00edsto k setk\u00e1v\u00e1n\u00ed, kde se mluv\u00ed francouzsky&nbsp;<\/p>\n\n\n\n<p>Kontaktn\u00ed m\u00edsto pro frankofonn\u00ed n\u00e1v\u0161t\u011bvn\u00edky i pracovn\u00edky&nbsp;<\/p>\n<\/div>\n<\/div>\n\n\n\n<div class=\"wp-block-column is-vertically-aligned-center is-layout-flow wp-block-column-is-layout-flow\">\n<figure class=\"wp-block-image size-full mx-lg-5 animZoom\"><img loading=\"lazy\" decoding=\"async\" width=\"2048\" height=\"1536\" src=\"https:\/\/www.alliancefrancaise.cz\/liberec\/wp-content\/uploads\/2024\/09\/atelier-cuisine.jpg\" alt=\"\" class=\"wp-image-7081\" srcset=\"https:\/\/www.alliancefrancaise.cz\/liberec\/wp-content\/uploads\/2024\/09\/atelier-cuisine.jpg 2048w, https:\/\/www.alliancefrancaise.cz\/liberec\/wp-content\/uploads\/2024\/09\/atelier-cuisine-460x345.jpg 460w, https:\/\/www.alliancefrancaise.cz\/liberec\/wp-content\/uploads\/2024\/09\/atelier-cuisine-1360x1020.jpg 1360w, https:\/\/www.alliancefrancaise.cz\/liberec\/wp-content\/uploads\/2024\/09\/atelier-cuisine-768x576.jpg 768w\" sizes=\"auto, (max-width: 2048px) 100vw, 2048px\" \/><\/figure>\n<\/div>\n<\/div>\n\n\n\n<div style=\"height:50px\" aria-hidden=\"true\" class=\"wp-block-spacer\"><\/div>\n\n\n\n<div class=\"wp-block-columns are-vertically-aligned-top is-layout-flex wp-container-core-columns-is-layout-9d6595d7 wp-block-columns-is-layout-flex\">\n<div class=\"wp-block-column is-vertically-aligned-top is-layout-flow wp-block-column-is-layout-flow\"><\/div>\n\n\n\n<div class=\"wp-block-column is-vertically-aligned-top is-layout-flow wp-block-column-is-layout-flow\">\n<h2 class=\"wp-block-heading\">Nab\u00eddka kurz\u016f<\/h2>\n<\/div>\n<\/div>\n\n\n\n<div class=\"wp-block-columns are-vertically-aligned-top is-layout-flex wp-container-core-columns-is-layout-9d6595d7 wp-block-columns-is-layout-flex\">\n<div class=\"wp-block-column is-layout-flow wp-block-column-is-layout-flow\">\n<figure class=\"wp-block-image size-full is-resized\"><img loading=\"lazy\" decoding=\"async\" width=\"1209\" height=\"907\" src=\"https:\/\/www.alliancefrancaise.cz\/liberec\/wp-content\/uploads\/2024\/09\/formation.jpg\" alt=\"\" class=\"wp-image-7079\" style=\"width:446px;height:auto\" srcset=\"https:\/\/www.alliancefrancaise.cz\/liberec\/wp-content\/uploads\/2024\/09\/formation.jpg 1209w, https:\/\/www.alliancefrancaise.cz\/liberec\/wp-content\/uploads\/2024\/09\/formation-460x345.jpg 460w, https:\/\/www.alliancefrancaise.cz\/liberec\/wp-content\/uploads\/2024\/09\/formation-768x576.jpg 768w\" sizes=\"auto, (max-width: 1209px) 100vw, 1209px\" \/><\/figure>\n<\/div>\n\n\n\n<div class=\"wp-block-column is-layout-flow wp-block-column-is-layout-flow\">\n<p>Francouzsk\u00e1 aliance v Liberci V\u00e1m nab\u00edz\u00ed r\u016fzn\u00e9 typy kurz\u016f francouz\u0161tiny:<\/p>\n\n\n\n<ul class=\"wp-block-list\">\n<li>&nbsp;skupinov\u00e9<\/li>\n\n\n\n<li>&nbsp;individu\u00e1ln\u00ed<\/li>\n\n\n\n<li>&nbsp;firemn\u00ed<\/li>\n\n\n\n<li>&nbsp;a v\u0161ech \u00farovn\u00ed od za\u010d\u00e1te\u010dn\u00edk\u016f po pokro\u010dil\u00e9<\/li>\n<\/ul>\n\n\n\n<p>Dok\u00e1\u017eeme naslouchat na\u0161im student\u016fm a p\u0159izp\u016fsobit se jejich pot\u0159eb\u00e1m. Pokud nenajdete kurz, kter\u00fd by V\u00e1m vyhovoval, a\u0165 u\u017e z hlediska \u010dasov\u00e9ho \u010di obsahov\u00e9ho, napi\u0161te n\u00e1m. Pokus\u00edme se V\u00e1m pomoci.<\/p>\n<\/div>\n<\/div>\n","protected":false},"excerpt":{"rendered":"<p>O n\u00e1s Alliance Fran\u00e7aise p\u016fsob\u00ed v p\u0159ibli\u017en\u011b 130 zem\u00edch a t\u011b\u017e\u00ed z v\u00edce ne\u017e 100 let zku\u0161enost\u00ed. Za tu dobu dok\u00e1zala AF rozvinout&nbsp;vynikaj\u00edc\u00ed poznatky ve v\u00fduce francouzsk\u00e9ho jazyka&#8230;.<\/p>\n","protected":false},"author":1,"featured_media":0,"parent":0,"menu_order":0,"comment_status":"closed","ping_status":"open","template":"","meta":{"_acf_changed":false,"footnotes":""},"class_list":["post-2","page","type-page","status-publish","hentry"],"acf":[],"_links":{"self":[{"href":"https:\/\/www.alliancefrancaise.cz\/liberec\/wp-json\/wp\/v2\/pages\/2","targetHints":{"allow":["GET"]}}],"collection":[{"href":"https:\/\/www.alliancefrancaise.cz\/liberec\/wp-json\/wp\/v2\/pages"}],"about":[{"href":"https:\/\/www.alliancefrancaise.cz\/liberec\/wp-json\/wp\/v2\/types\/page"}],"author":[{"embeddable":true,"href":"https:\/\/www.alliancefrancaise.cz\/liberec\/wp-json\/wp\/v2\/users\/1"}],"replies":[{"embeddable":true,"href":"https:\/\/www.alliancefrancaise.cz\/liberec\/wp-json\/wp\/v2\/comments?post=2"}],"version-history":[{"count":20,"href":"https:\/\/www.alliancefrancaise.cz\/liberec\/wp-json\/wp\/v2\/pages\/2\/revisions"}],"predecessor-version":[{"id":7741,"href":"https:\/\/www.alliancefrancaise.cz\/liberec\/wp-json\/wp\/v2\/pages\/2\/revisions\/7741"}],"wp:attachment":[{"href":"https:\/\/www.alliancefrancaise.cz\/liberec\/wp-json\/wp\/v2\/media?parent=2"}],"curies":[{"name":"wp","href":"https:\/\/api.w.org\/{rel}","templated":true}]}}