{"id":6281,"date":"2023-06-26T10:30:53","date_gmt":"2023-06-26T08:30:53","guid":{"rendered":"https:\/\/www.alliancefrancaise.cz\/liberec\/?page_id=6281"},"modified":"2024-03-26T21:18:16","modified_gmt":"2024-03-26T20:18:16","slug":"kdo-jsme","status":"publish","type":"page","link":"https:\/\/www.alliancefrancaise.cz\/liberec\/kdo-jsme\/","title":{"rendered":"Kdo jsme"},"content":{"rendered":"\n<figure class=\"wp-block-image\"><img decoding=\"async\" src=\"https:\/\/www.alliancefrancaise.cz\/liberec\/local\/cache-vignettes\/L640xH152\/logo_af_liberec-6dff1.jpg?1531848061\" alt=\"\"\/><\/figure>\n\n\n\n<p><strong><mark style=\"background-color:rgba(0, 0, 0, 0)\" class=\"has-inline-color has-red-color\">Alliance fran\u00e7aise Liberec<\/mark><\/strong> je \u010desk\u00e1 neziskov\u00e1 organizace (nez\u00e1visl\u00e1 a apolitick\u00e1), kter\u00e1 vznikla d\u00edky n\u011bkolika nad\u0161en\u00fdm dobrovoln\u00edk\u016fm\u00a0<strong>ji\u017e v roce 1991<\/strong>. V\u011bnuje se \u0161\u00ed\u0159en\u00ed francouzsk\u00e9ho jazyka a kultury Francie a frankofonn\u00edch zem\u00ed v Libereck\u00e9m kraji.<\/p>\n\n\n\n<p><strong>S\u00ed\u0165 francouzsk\u00fdch alianc\u00ed ve sv\u011bt\u011b<\/strong><\/p>\n\n\n\n<p>Je&nbsp;<strong>nejrozs\u00e1hlej\u0161\u00ed sv\u011btovou s\u00edt\u00ed<\/strong>, zam\u011b\u0159enou na \u0161\u00ed\u0159en\u00ed francouzsk\u00e9ho jazyka a frankofonn\u00edch kultur na mezin\u00e1rodn\u00ed \u00farovni. P\u0159edstavuje p\u0159es&nbsp;<strong>1000 pobo\u010dek ve 137 zem\u00edch sv\u011bta<\/strong>&nbsp;a m\u016f\u017ee se pochlubit v\u00edce ne\u017e 500.000 student\u016f. Hlavn\u00ed s\u00eddlo t\u00e9to organizace,&nbsp;<strong>Nadace Francouzsk\u00e9 Aliance<\/strong>&nbsp;(Fondation Alliance fran\u00e7aise) je&nbsp;v&nbsp;<strong>Pa\u0159\u00ed\u017ei<\/strong>.<\/p>\n\n\n\n<h3 class=\"wp-block-heading\">Jak funguje Francouzsk\u00e1 aliance Liberec<\/h3>\n\n\n\n<p>V \u010dele ob\u010dansk\u00e9ho sdru\u017een\u00ed Alliance fran\u00e7aise Liberec stoj\u00ed spr\u00e1vn\u00ed rada, jej\u00ed\u017e \u010dlenov\u00e9 jsou voleni z \u0159ad \u010dlen\u016f aliance ka\u017edoro\u010dn\u00edm Valn\u00fdm shrom\u00e1\u017ed\u011bn\u00edm do dobrovoln\u00fdch a neplacen\u00fdch funkc\u00ed.<br>Spr\u00e1vn\u00ed rada rozhoduje o vnit\u0159n\u00edch z\u00e1le\u017eitostech sdru\u017een\u00ed, v \u00fazk\u00e9 spolupr\u00e1ci s \u0159editelem aliance.<\/p>\n\n\n\n<p>Alliance fran\u00e7aise zam\u011bstn\u00e1v\u00e1 \u010desk\u00e9ho frankofonn\u00edho \u0159editele, kter\u00fd pracuje v souladu s rozhodnut\u00edmi v\u00fdboru aliance a spr\u00e1vn\u00ed rady. Do jeho kompetenc\u00ed spad\u00e1 komunikace s n\u00e1v\u0161t\u011bvn\u00edky a \u010dleny asociace, p\u0159ij\u00edm\u00e1n\u00ed p\u0159ihl\u00e1\u0161ek do kurz\u016f a p\u0159\u00edprava kulturn\u00edch akc\u00ed. Na projektech pracuje spole\u010dn\u011b s pov\u011b\u0159en\u00fdmi \u010dleny v\u00fdboru nebo spr\u00e1vn\u00ed rady.<\/p>\n\n\n\n<h3 class=\"wp-block-heading\">\u010clenov\u00e9 v\u00fdboru a spr\u00e1vn\u00ed rady aliance<\/h3>\n\n\n\n<p><strong>Martin Mertl\u00edk<\/strong>&nbsp;\u2013 p\u0159edseda <\/p>\n\n\n\n<p><strong>Radoslav \u0160kvor<\/strong>&nbsp;\u2013 m\u00edstop\u0159edseda <\/p>\n\n\n\n<p><strong>Petra Hanu\u0161ov\u00e1<\/strong>&nbsp;\u2013 \u010dlenka spr\u00e1vn\u00ed rady <\/p>\n\n\n\n<p><strong>Nela Pavl\u00edkov\u00e1<\/strong>&nbsp;\u2013 \u010dlenka spr\u00e1vn\u00ed rady <\/p>\n\n\n\n<p><strong>Jitka Stracho\u0148ov\u00e1<\/strong> \u2013 \u010dlenka spr\u00e1vn\u00ed rady <\/p>\n\n\n\n<h3 class=\"wp-block-heading\">\u0158editelka aliance<\/h3>\n\n\n\n<p><strong>Anna Blechov\u00e1<\/strong><\/p>\n","protected":false},"excerpt":{"rendered":"<p>Alliance fran\u00e7aise Liberec je \u010desk\u00e1 neziskov\u00e1 organizace (nez\u00e1visl\u00e1 a apolitick\u00e1), kter\u00e1 vznikla d\u00edky n\u011bkolika nad\u0161en\u00fdm dobrovoln\u00edk\u016fm\u00a0ji\u017e v roce 1991. V\u011bnuje se \u0161\u00ed\u0159en\u00ed francouzsk\u00e9ho jazyka a kultury Francie a&#8230;<\/p>\n","protected":false},"author":1,"featured_media":0,"parent":0,"menu_order":0,"comment_status":"closed","ping_status":"closed","template":"","meta":{"_acf_changed":false,"footnotes":""},"class_list":["post-6281","page","type-page","status-publish","hentry"],"acf":[],"_links":{"self":[{"href":"https:\/\/www.alliancefrancaise.cz\/liberec\/wp-json\/wp\/v2\/pages\/6281","targetHints":{"allow":["GET"]}}],"collection":[{"href":"https:\/\/www.alliancefrancaise.cz\/liberec\/wp-json\/wp\/v2\/pages"}],"about":[{"href":"https:\/\/www.alliancefrancaise.cz\/liberec\/wp-json\/wp\/v2\/types\/page"}],"author":[{"embeddable":true,"href":"https:\/\/www.alliancefrancaise.cz\/liberec\/wp-json\/wp\/v2\/users\/1"}],"replies":[{"embeddable":true,"href":"https:\/\/www.alliancefrancaise.cz\/liberec\/wp-json\/wp\/v2\/comments?post=6281"}],"version-history":[{"count":5,"href":"https:\/\/www.alliancefrancaise.cz\/liberec\/wp-json\/wp\/v2\/pages\/6281\/revisions"}],"predecessor-version":[{"id":7017,"href":"https:\/\/www.alliancefrancaise.cz\/liberec\/wp-json\/wp\/v2\/pages\/6281\/revisions\/7017"}],"wp:attachment":[{"href":"https:\/\/www.alliancefrancaise.cz\/liberec\/wp-json\/wp\/v2\/media?parent=6281"}],"curies":[{"name":"wp","href":"https:\/\/api.w.org\/{rel}","templated":true}]}}