{"id":6303,"date":"2023-06-26T13:18:21","date_gmt":"2023-06-26T11:18:21","guid":{"rendered":"https:\/\/www.alliancefrancaise.cz\/liberec\/?page_id=6303"},"modified":"2024-03-26T20:55:45","modified_gmt":"2024-03-26T19:55:45","slug":"ke-stazeni","status":"publish","type":"page","link":"https:\/\/www.alliancefrancaise.cz\/liberec\/ke-stazeni\/","title":{"rendered":"Ke sta\u017een\u00ed"},"content":{"rendered":"\n<div class=\"wp-block-columns is-layout-flex wp-container-core-columns-is-layout-9d6595d7 wp-block-columns-is-layout-flex\">\n<div class=\"wp-block-column is-layout-flow wp-block-column-is-layout-flow\">\n<p>M\u00e1te-li z\u00e1jem o\u00a0<strong>pou\u017eit\u00ed loga Alliance Fran\u00e7aise Liberec<\/strong>, postupujte n\u00e1sledovn\u011b:<\/p>\n\n\n\n<ul class=\"wp-block-list\">\n<li>&nbsp;zvolte n\u011bkterou z uveden\u00fdch variant loga<\/li>\n\n\n\n<li>\u00a0obra\u0165te se e-mailem na\u00a0<a href=\"direction.liberec@alliancefrancaise.cz\">direction.liberec@alliancefrancaise.cz<\/a>\u00a0se \u017e\u00e1dost\u00ed o mo\u017enost pou\u017eit\u00ed loga<\/li>\n<\/ul>\n\n\n\n<p><strong>\u017d\u00e1dost mus\u00ed obsahovat:<\/strong><\/p>\n\n\n\n<ul class=\"wp-block-list\">\n<li>&nbsp;kterou verzi loga po\u017eadujete<\/li>\n\n\n\n<li>&nbsp;k jak\u00e9mu \u00fa\u010delu chcete logo pou\u017e\u00edt<\/li>\n\n\n\n<li>&nbsp;n\u00e1hled materi\u00e1lu, na kter\u00e9m bude logo um\u00edst\u011bn\u00e9<\/li>\n<\/ul>\n\n\n\n<p>Dodr\u017ete pravidla stanoven\u00e1 grafick\u00fdm manu\u00e1lem pro pou\u017eit\u00ed loga Alliance Fran\u00e7aise Liberec.<\/p>\n<\/div>\n\n\n\n<div class=\"wp-block-column is-layout-flow wp-block-column-is-layout-flow\">\n<figure class=\"wp-block-image size-full\"><img decoding=\"async\" src=\"https:\/\/www.alliancefrancaise.cz\/liberec\/wp-content\/uploads\/2024\/03\/AF_Cartouche_Logo-Liberec_RVB.jpg\" alt=\"\" class=\"wp-image-6992\"\/><\/figure>\n<\/div>\n<\/div>\n\n\n\n<h2 class=\"wp-block-heading\">Soubory:<\/h2>\n\n\n<div id=\"dokumenty-block_f9db2f95410584546172712c9cbcf3c9\" class=\"dokumenty row mt-5\">\n    \n    <div class=\"col-md-3 col-6 boxDokumentu text-center animTop mb-5\">\n        <a class=\"text-decoration-none\" href=\"\" target=\"_blank\"\n            rel=\"noopener noreferrer\">\n            <div class=\"coverDokuemntu\"><img decoding=\"async\" src=\"https:\/\/www.alliancefrancaise.cz\/liberec\/wp-content\/themes\/propagon\/img\/svg\/icon-file.svg\" alt=\"soubor\"><\/div>\n            <div class=\"nazevDokumentu fw-bold mt-3\">loga Alliance Fran\u00e7aise<\/div>\n            <div class=\"text-body\">\n                            <\/div>\n        <\/a>\n    <\/div>\n    \n    <div class=\"col-md-3 col-6 boxDokumentu text-center animTop mb-5\">\n        <a class=\"text-decoration-none\" href=\"https:\/\/www.alliancefrancaise.cz\/liberec\/wp-content\/uploads\/2023\/06\/d62d038f-8bf6-4bd1-a1d9-b2440307b514.pdf\" target=\"_blank\"\n            rel=\"noopener noreferrer\">\n            <div class=\"coverDokuemntu\"><img decoding=\"async\" src=\"https:\/\/www.alliancefrancaise.cz\/liberec\/wp-content\/themes\/propagon\/img\/svg\/icon-file.svg\" alt=\"soubor\"><\/div>\n            <div class=\"nazevDokumentu fw-bold mt-3\">grafick\u00fd manu\u00e1l <\/div>\n            <div class=\"text-body\">\n                2,44 MB            <\/div>\n        <\/a>\n    <\/div>\n    <\/div>\n","protected":false},"excerpt":{"rendered":"<p>M\u00e1te-li z\u00e1jem o\u00a0pou\u017eit\u00ed loga Alliance Fran\u00e7aise Liberec, postupujte n\u00e1sledovn\u011b: \u017d\u00e1dost mus\u00ed obsahovat: Dodr\u017ete pravidla stanoven\u00e1 grafick\u00fdm manu\u00e1lem pro pou\u017eit\u00ed loga Alliance Fran\u00e7aise Liberec. Soubory:<\/p>\n","protected":false},"author":1,"featured_media":0,"parent":0,"menu_order":0,"comment_status":"closed","ping_status":"closed","template":"","meta":{"_acf_changed":false,"footnotes":""},"class_list":["post-6303","page","type-page","status-publish","hentry"],"acf":[],"_links":{"self":[{"href":"https:\/\/www.alliancefrancaise.cz\/liberec\/wp-json\/wp\/v2\/pages\/6303","targetHints":{"allow":["GET"]}}],"collection":[{"href":"https:\/\/www.alliancefrancaise.cz\/liberec\/wp-json\/wp\/v2\/pages"}],"about":[{"href":"https:\/\/www.alliancefrancaise.cz\/liberec\/wp-json\/wp\/v2\/types\/page"}],"author":[{"embeddable":true,"href":"https:\/\/www.alliancefrancaise.cz\/liberec\/wp-json\/wp\/v2\/users\/1"}],"replies":[{"embeddable":true,"href":"https:\/\/www.alliancefrancaise.cz\/liberec\/wp-json\/wp\/v2\/comments?post=6303"}],"version-history":[{"count":2,"href":"https:\/\/www.alliancefrancaise.cz\/liberec\/wp-json\/wp\/v2\/pages\/6303\/revisions"}],"predecessor-version":[{"id":6995,"href":"https:\/\/www.alliancefrancaise.cz\/liberec\/wp-json\/wp\/v2\/pages\/6303\/revisions\/6995"}],"wp:attachment":[{"href":"https:\/\/www.alliancefrancaise.cz\/liberec\/wp-json\/wp\/v2\/media?parent=6303"}],"curies":[{"name":"wp","href":"https:\/\/api.w.org\/{rel}","templated":true}]}}