{"id":6427,"date":"2023-10-09T13:14:02","date_gmt":"2023-10-09T11:14:02","guid":{"rendered":"https:\/\/www.alliancefrancaise.cz\/liberec\/?page_id=6427"},"modified":"2024-03-26T09:32:10","modified_gmt":"2024-03-26T08:32:10","slug":"pripravne-kurzy-na-delf-a-dalf","status":"publish","type":"page","link":"https:\/\/www.alliancefrancaise.cz\/liberec\/pripravne-kurzy-na-delf-a-dalf\/","title":{"rendered":"P\u0159\u00edpravn\u00e9 kurzy na DELF"},"content":{"rendered":"\n<p>M\u00e1te-li z\u00e1jem o p\u0159\u00edpravn\u00fd kurz na zkou\u0161ku DELF, kontaktujte n\u00e1s na <strong>liberec@alliancefrancaise.cz<\/strong><\/p>\n","protected":false},"excerpt":{"rendered":"<p>M\u00e1te-li z\u00e1jem o p\u0159\u00edpravn\u00fd kurz na zkou\u0161ku DELF, kontaktujte n\u00e1s na liberec@alliancefrancaise.cz<\/p>\n","protected":false},"author":4,"featured_media":0,"parent":0,"menu_order":0,"comment_status":"closed","ping_status":"closed","template":"","meta":{"_acf_changed":false,"footnotes":""},"class_list":["post-6427","page","type-page","status-publish","hentry"],"acf":[],"_links":{"self":[{"href":"https:\/\/www.alliancefrancaise.cz\/liberec\/wp-json\/wp\/v2\/pages\/6427","targetHints":{"allow":["GET"]}}],"collection":[{"href":"https:\/\/www.alliancefrancaise.cz\/liberec\/wp-json\/wp\/v2\/pages"}],"about":[{"href":"https:\/\/www.alliancefrancaise.cz\/liberec\/wp-json\/wp\/v2\/types\/page"}],"author":[{"embeddable":true,"href":"https:\/\/www.alliancefrancaise.cz\/liberec\/wp-json\/wp\/v2\/users\/4"}],"replies":[{"embeddable":true,"href":"https:\/\/www.alliancefrancaise.cz\/liberec\/wp-json\/wp\/v2\/comments?post=6427"}],"version-history":[{"count":1,"href":"https:\/\/www.alliancefrancaise.cz\/liberec\/wp-json\/wp\/v2\/pages\/6427\/revisions"}],"predecessor-version":[{"id":6960,"href":"https:\/\/www.alliancefrancaise.cz\/liberec\/wp-json\/wp\/v2\/pages\/6427\/revisions\/6960"}],"wp:attachment":[{"href":"https:\/\/www.alliancefrancaise.cz\/liberec\/wp-json\/wp\/v2\/media?parent=6427"}],"curies":[{"name":"wp","href":"https:\/\/api.w.org\/{rel}","templated":true}]}}