{"id":7093,"date":"2024-10-21T21:57:22","date_gmt":"2024-10-21T19:57:22","guid":{"rendered":"https:\/\/www.alliancefrancaise.cz\/liberec\/?page_id=7093"},"modified":"2024-12-16T21:26:09","modified_gmt":"2024-12-16T20:26:09","slug":"individualni-kurzy","status":"publish","type":"page","link":"https:\/\/www.alliancefrancaise.cz\/liberec\/individualni-kurzy\/","title":{"rendered":"Individu\u00e1ln\u00ed kurzy"},"content":{"rendered":"\n<p>Cena: <strong>10 lekc\u00ed<\/strong> (60 minut) <strong>6.500,- K\u010d<\/strong> (1 student)\/ <strong>8.000,-<\/strong> (2 studenti)<\/p>\n\n\n\n<p>M\u00e1te-li z\u00e1jem o individu\u00e1ln\u00ed kurz, kontaktujte n\u00e1s na\u00a0<strong>liberec@alliancefrancaise.cz<\/strong><\/p>\n\n\n\n<p><\/p>\n","protected":false},"excerpt":{"rendered":"<p>Cena: 10 lekc\u00ed (60 minut) 6.500,- K\u010d (1 student)\/ 8.000,- (2 studenti) M\u00e1te-li z\u00e1jem o individu\u00e1ln\u00ed kurz, kontaktujte n\u00e1s na\u00a0liberec@alliancefrancaise.cz<\/p>\n","protected":false},"author":4,"featured_media":0,"parent":0,"menu_order":0,"comment_status":"closed","ping_status":"closed","template":"","meta":{"_acf_changed":false,"footnotes":""},"class_list":["post-7093","page","type-page","status-publish","hentry"],"acf":[],"_links":{"self":[{"href":"https:\/\/www.alliancefrancaise.cz\/liberec\/wp-json\/wp\/v2\/pages\/7093","targetHints":{"allow":["GET"]}}],"collection":[{"href":"https:\/\/www.alliancefrancaise.cz\/liberec\/wp-json\/wp\/v2\/pages"}],"about":[{"href":"https:\/\/www.alliancefrancaise.cz\/liberec\/wp-json\/wp\/v2\/types\/page"}],"author":[{"embeddable":true,"href":"https:\/\/www.alliancefrancaise.cz\/liberec\/wp-json\/wp\/v2\/users\/4"}],"replies":[{"embeddable":true,"href":"https:\/\/www.alliancefrancaise.cz\/liberec\/wp-json\/wp\/v2\/comments?post=7093"}],"version-history":[{"count":2,"href":"https:\/\/www.alliancefrancaise.cz\/liberec\/wp-json\/wp\/v2\/pages\/7093\/revisions"}],"predecessor-version":[{"id":7127,"href":"https:\/\/www.alliancefrancaise.cz\/liberec\/wp-json\/wp\/v2\/pages\/7093\/revisions\/7127"}],"wp:attachment":[{"href":"https:\/\/www.alliancefrancaise.cz\/liberec\/wp-json\/wp\/v2\/media?parent=7093"}],"curies":[{"name":"wp","href":"https:\/\/api.w.org\/{rel}","templated":true}]}}