{"id":7111,"date":"2024-10-21T22:09:59","date_gmt":"2024-10-21T20:09:59","guid":{"rendered":"https:\/\/www.alliancefrancaise.cz\/liberec\/?page_id=7111"},"modified":"2025-11-19T10:04:27","modified_gmt":"2025-11-19T09:04:27","slug":"kurzy-2","status":"publish","type":"page","link":"https:\/\/www.alliancefrancaise.cz\/liberec\/kurzy-2\/","title":{"rendered":"Kurzy"},"content":{"rendered":"\n<p><a href=\"https:\/\/www.alliancefrancaise.cz\/liberec\/skupinove-kurzy\/\" data-type=\"page\" data-id=\"7090\">Skupinov\u00e9 kurzy<\/a><\/p>\n\n\n\n<p><a href=\"https:\/\/www.alliancefrancaise.cz\/liberec\/individualni-kurzy\/\" data-type=\"page\" data-id=\"7093\">Individu\u00e1ln\u00ed kurzy<\/a><\/p>\n\n\n\n<p><\/p>\n","protected":false},"excerpt":{"rendered":"<p>Skupinov\u00e9 kurzy Individu\u00e1ln\u00ed kurzy<\/p>\n","protected":false},"author":4,"featured_media":0,"parent":0,"menu_order":0,"comment_status":"closed","ping_status":"closed","template":"","meta":{"_acf_changed":false,"footnotes":""},"class_list":["post-7111","page","type-page","status-publish","hentry"],"acf":[],"_links":{"self":[{"href":"https:\/\/www.alliancefrancaise.cz\/liberec\/wp-json\/wp\/v2\/pages\/7111","targetHints":{"allow":["GET"]}}],"collection":[{"href":"https:\/\/www.alliancefrancaise.cz\/liberec\/wp-json\/wp\/v2\/pages"}],"about":[{"href":"https:\/\/www.alliancefrancaise.cz\/liberec\/wp-json\/wp\/v2\/types\/page"}],"author":[{"embeddable":true,"href":"https:\/\/www.alliancefrancaise.cz\/liberec\/wp-json\/wp\/v2\/users\/4"}],"replies":[{"embeddable":true,"href":"https:\/\/www.alliancefrancaise.cz\/liberec\/wp-json\/wp\/v2\/comments?post=7111"}],"version-history":[{"count":4,"href":"https:\/\/www.alliancefrancaise.cz\/liberec\/wp-json\/wp\/v2\/pages\/7111\/revisions"}],"predecessor-version":[{"id":7546,"href":"https:\/\/www.alliancefrancaise.cz\/liberec\/wp-json\/wp\/v2\/pages\/7111\/revisions\/7546"}],"wp:attachment":[{"href":"https:\/\/www.alliancefrancaise.cz\/liberec\/wp-json\/wp\/v2\/media?parent=7111"}],"curies":[{"name":"wp","href":"https:\/\/api.w.org\/{rel}","templated":true}]}}