{"id":7134,"date":"2025-01-09T22:24:35","date_gmt":"2025-01-09T21:24:35","guid":{"rendered":"https:\/\/www.alliancefrancaise.cz\/liberec\/?page_id=7134"},"modified":"2025-09-09T12:09:35","modified_gmt":"2025-09-09T10:09:35","slug":"konverzace-pro-verejnost","status":"publish","type":"page","link":"https:\/\/www.alliancefrancaise.cz\/liberec\/konverzace-pro-verejnost\/","title":{"rendered":"Konverzace pro ve\u0159ejnost"},"content":{"rendered":"\n<p>I v tomto pololet\u00ed <strong>, od z\u00e1\u0159\u00ed do prosince 2025, <\/strong>po\u0159\u00e1d\u00e1me ve spolupr\u00e1ci s Krajskou v\u011bdeckou knihovnou Liberec <strong>kurzy francouzsk\u00e9 konverzace pro ve\u0159ejnost<\/strong>, kter\u00e9 se budou konat jednou m\u011bs\u00ed\u010dn\u011b v libereck\u00e9 knihovn\u011b (v\u017edy v pond\u011bl\u00ed od 17:00 do 18:00, <span style=\"text-decoration: underline;\">pouze v \u0159\u00edjnu ve \u010dtvrtek<\/span>). Nen\u00ed pot\u0159eba se registrovat p\u0159edem, sta\u010d\u00ed p\u0159ij\u00edt a na m\u00edst\u011b zaplatit \u00fa\u010dastnick\u00fd poplatek 50 K\u010d za lekci. Konverzaci povede rodil\u00fd mluv\u010d\u00ed.<\/p>\n\n\n\n<p><strong>Term\u00edny lekc\u00ed jsou: 22. z\u00e1\u0159\u00ed, 23. \u0159\u00edjna, 24. listopadu, 15. prosince.<\/strong><\/p>\n\n\n\n<figure class=\"wp-block-image size-large\"><img loading=\"lazy\" decoding=\"async\" width=\"962\" height=\"1360\" src=\"https:\/\/www.alliancefrancaise.cz\/liberec\/wp-content\/uploads\/2025\/09\/plakat_francouzstina_podzim_2025-962x1360.jpg\" alt=\"\" class=\"wp-image-7460\" srcset=\"https:\/\/www.alliancefrancaise.cz\/liberec\/wp-content\/uploads\/2025\/09\/plakat_francouzstina_podzim_2025-962x1360.jpg 962w, https:\/\/www.alliancefrancaise.cz\/liberec\/wp-content\/uploads\/2025\/09\/plakat_francouzstina_podzim_2025-325x460.jpg 325w, https:\/\/www.alliancefrancaise.cz\/liberec\/wp-content\/uploads\/2025\/09\/plakat_francouzstina_podzim_2025-768x1086.jpg 768w, https:\/\/www.alliancefrancaise.cz\/liberec\/wp-content\/uploads\/2025\/09\/plakat_francouzstina_podzim_2025.jpg 1273w\" sizes=\"auto, (max-width: 962px) 100vw, 962px\" \/><\/figure>\n","protected":false},"excerpt":{"rendered":"<p>I v tomto pololet\u00ed , od z\u00e1\u0159\u00ed do prosince 2025, po\u0159\u00e1d\u00e1me ve spolupr\u00e1ci s Krajskou v\u011bdeckou knihovnou Liberec kurzy francouzsk\u00e9 konverzace pro ve\u0159ejnost, kter\u00e9 se budou konat jednou&#8230;<\/p>\n","protected":false},"author":4,"featured_media":0,"parent":0,"menu_order":0,"comment_status":"closed","ping_status":"closed","template":"","meta":{"_acf_changed":false,"footnotes":""},"class_list":["post-7134","page","type-page","status-publish","hentry"],"acf":[],"_links":{"self":[{"href":"https:\/\/www.alliancefrancaise.cz\/liberec\/wp-json\/wp\/v2\/pages\/7134","targetHints":{"allow":["GET"]}}],"collection":[{"href":"https:\/\/www.alliancefrancaise.cz\/liberec\/wp-json\/wp\/v2\/pages"}],"about":[{"href":"https:\/\/www.alliancefrancaise.cz\/liberec\/wp-json\/wp\/v2\/types\/page"}],"author":[{"embeddable":true,"href":"https:\/\/www.alliancefrancaise.cz\/liberec\/wp-json\/wp\/v2\/users\/4"}],"replies":[{"embeddable":true,"href":"https:\/\/www.alliancefrancaise.cz\/liberec\/wp-json\/wp\/v2\/comments?post=7134"}],"version-history":[{"count":6,"href":"https:\/\/www.alliancefrancaise.cz\/liberec\/wp-json\/wp\/v2\/pages\/7134\/revisions"}],"predecessor-version":[{"id":7461,"href":"https:\/\/www.alliancefrancaise.cz\/liberec\/wp-json\/wp\/v2\/pages\/7134\/revisions\/7461"}],"wp:attachment":[{"href":"https:\/\/www.alliancefrancaise.cz\/liberec\/wp-json\/wp\/v2\/media?parent=7134"}],"curies":[{"name":"wp","href":"https:\/\/api.w.org\/{rel}","templated":true}]}}