{"id":7428,"date":"2025-08-28T13:04:15","date_gmt":"2025-08-28T11:04:15","guid":{"rendered":"https:\/\/www.alliancefrancaise.cz\/liberec\/?page_id=7428"},"modified":"2025-08-28T13:06:47","modified_gmt":"2025-08-28T11:06:47","slug":"nabidky-prace","status":"publish","type":"page","link":"https:\/\/www.alliancefrancaise.cz\/liberec\/nabidky-prace\/","title":{"rendered":"Nab\u00eddky pr\u00e1ce"},"content":{"rendered":"\n<p><strong>Alliance Fran\u00e7aise Liberec hled\u00e1 lektora francouz\u0161tiny<\/strong><br>Do na\u0161eho t\u00fdmu hled\u00e1me motivovan\u00e9ho lektora\/lektorku francouzsk\u00e9ho jazyka pro v\u00fduku d\u011bt\u00ed, ml\u00e1de\u017ee i dosp\u011bl\u00fdch. Po\u017eadujeme v\u00fdbornou znalost francouz\u0161tiny, pedagogick\u00e9 schopnosti a flexibilitu. Zku\u0161enosti s v\u00fdukou v\u00edt\u00e1ny.<\/p>\n\n\n\n<p>Za\u0161lete sv\u016fj \u017eivotopis na:&nbsp;<a href=\"mailto:liberec@alliancefrancaise.cz\" target=\"_blank\" rel=\"noreferrer noopener\">liberec@alliancefrancaise.cz<\/a><\/p>\n\n\n\n<p>T\u011b\u0161\u00edme se na V\u00e1s!<\/p>\n\n\n\n<p><strong>L\u2019Alliance Fran\u00e7aise de Liberec recherche un(e) enseignant(e) de fran\u00e7ais<\/strong><br>Nous cherchons un(e) enseignant(e) motiv\u00e9(e) pour dispenser des cours de fran\u00e7ais \u00e0 des enfants, adolescents et adultes. Une excellente ma\u00eetrise du fran\u00e7ais, des comp\u00e9tences p\u00e9dagogiques et de la flexibilit\u00e9 sont requises. Une exp\u00e9rience dans l\u2019enseignement est un atout.<\/p>\n\n\n\n<p>Merci d\u2019envoyer votre CV \u00e0 :&nbsp;<a href=\"mailto:liberec@alliancefrancaise.cz\" target=\"_blank\" rel=\"noreferrer noopener\">liberec@alliancefrancaise.cz<\/a><\/p>\n\n\n\n<p>Nous avons h\u00e2te de vous rencontrer !<\/p>\n","protected":false},"excerpt":{"rendered":"<p>Alliance Fran\u00e7aise Liberec hled\u00e1 lektora francouz\u0161tinyDo na\u0161eho t\u00fdmu hled\u00e1me motivovan\u00e9ho lektora\/lektorku francouzsk\u00e9ho jazyka pro v\u00fduku d\u011bt\u00ed, ml\u00e1de\u017ee i dosp\u011bl\u00fdch. Po\u017eadujeme v\u00fdbornou znalost francouz\u0161tiny, pedagogick\u00e9 schopnosti a flexibilitu. Zku\u0161enosti&#8230;<\/p>\n","protected":false},"author":4,"featured_media":0,"parent":0,"menu_order":0,"comment_status":"closed","ping_status":"closed","template":"","meta":{"_acf_changed":false,"footnotes":""},"class_list":["post-7428","page","type-page","status-publish","hentry"],"acf":[],"_links":{"self":[{"href":"https:\/\/www.alliancefrancaise.cz\/liberec\/wp-json\/wp\/v2\/pages\/7428","targetHints":{"allow":["GET"]}}],"collection":[{"href":"https:\/\/www.alliancefrancaise.cz\/liberec\/wp-json\/wp\/v2\/pages"}],"about":[{"href":"https:\/\/www.alliancefrancaise.cz\/liberec\/wp-json\/wp\/v2\/types\/page"}],"author":[{"embeddable":true,"href":"https:\/\/www.alliancefrancaise.cz\/liberec\/wp-json\/wp\/v2\/users\/4"}],"replies":[{"embeddable":true,"href":"https:\/\/www.alliancefrancaise.cz\/liberec\/wp-json\/wp\/v2\/comments?post=7428"}],"version-history":[{"count":2,"href":"https:\/\/www.alliancefrancaise.cz\/liberec\/wp-json\/wp\/v2\/pages\/7428\/revisions"}],"predecessor-version":[{"id":7431,"href":"https:\/\/www.alliancefrancaise.cz\/liberec\/wp-json\/wp\/v2\/pages\/7428\/revisions\/7431"}],"wp:attachment":[{"href":"https:\/\/www.alliancefrancaise.cz\/liberec\/wp-json\/wp\/v2\/media?parent=7428"}],"curies":[{"name":"wp","href":"https:\/\/api.w.org\/{rel}","templated":true}]}}