{"id":7620,"date":"2025-12-10T14:32:00","date_gmt":"2025-12-10T13:32:00","guid":{"rendered":"https:\/\/www.alliancefrancaise.cz\/liberec\/?page_id=7620"},"modified":"2025-12-10T14:38:32","modified_gmt":"2025-12-10T13:38:32","slug":"kurz-pro-zacatecniky-od-ledna-2026","status":"publish","type":"page","link":"https:\/\/www.alliancefrancaise.cz\/liberec\/kurz-pro-zacatecniky-od-ledna-2026\/","title":{"rendered":"Kurz pro za\u010d\u00e1te\u010dn\u00edky od ledna 2026"},"content":{"rendered":"\n<p>Nab\u00edz\u00edme nov\u00fd kurz pro \u00fapln\u00e9 za\u010d\u00e1te\u010dn\u00edky, kter\u00fd za\u010dne <strong>6. ledna 2026<\/strong>. Kurz bude prob\u00edhat od <strong>17:45 do 19:15<\/strong> v rozsahu 10x 90 minut. <\/p>\n\n\n\n<p>P\u0159ihl\u00e1sit do kurzu se m\u016f\u017eete prost\u0159ednictv\u00edm tohoto odkazu:<\/p>\n\n\n\n<p><a href=\"https:\/\/forms.gle\/yrBsYwtwDx7TMExH7\" target=\"_blank\" rel=\"noopener\">https:\/\/forms.gle\/yrBsYwtwDx7TMExH7<\/a><\/p>\n\n\n\n<p><strong>Cena kurz\u016f:<\/strong><br><strong>2800,-\/2700,-<\/strong>&nbsp;(pro studenty, d\u016fchodce, maminky na MD a nezam\u011bstnan\u00e9).<\/p>\n\n\n\n<p><strong>Platbu kurzovn\u00e9ho pros\u00edm prov\u00e1d\u011bjte p\u0159evodem na \u00fa\u010det \u010d. 981222339\/0800<\/strong><br>(do pozn\u00e1mky k platb\u011b uve\u010fte jm\u00e9no studenta)<\/p>\n\n\n\n<p>Kurz se otev\u0159e v z\u00e1vislosti na po\u010dtu p\u0159ihl\u00e1\u0161en\u00fdch.<\/p>\n\n\n\n<figure class=\"wp-block-image size-large\"><img loading=\"lazy\" decoding=\"async\" width=\"961\" height=\"1360\" src=\"https:\/\/www.alliancefrancaise.cz\/liberec\/wp-content\/uploads\/2025\/12\/Kurz-pro-zacatecniky-2026_leden-961x1360.jpg\" alt=\"\" class=\"wp-image-7623\" srcset=\"https:\/\/www.alliancefrancaise.cz\/liberec\/wp-content\/uploads\/2025\/12\/Kurz-pro-zacatecniky-2026_leden-961x1360.jpg 961w, https:\/\/www.alliancefrancaise.cz\/liberec\/wp-content\/uploads\/2025\/12\/Kurz-pro-zacatecniky-2026_leden-325x460.jpg 325w, https:\/\/www.alliancefrancaise.cz\/liberec\/wp-content\/uploads\/2025\/12\/Kurz-pro-zacatecniky-2026_leden-768x1086.jpg 768w, https:\/\/www.alliancefrancaise.cz\/liberec\/wp-content\/uploads\/2025\/12\/Kurz-pro-zacatecniky-2026_leden.jpg 1587w\" sizes=\"auto, (max-width: 961px) 100vw, 961px\" \/><\/figure>\n\n\n\n<p><\/p>\n","protected":false},"excerpt":{"rendered":"<p>Nab\u00edz\u00edme nov\u00fd kurz pro \u00fapln\u00e9 za\u010d\u00e1te\u010dn\u00edky, kter\u00fd za\u010dne 6. ledna 2026. Kurz bude prob\u00edhat od 17:45 do 19:15 v rozsahu 10x 90 minut. P\u0159ihl\u00e1sit do kurzu se m\u016f\u017eete&#8230;<\/p>\n","protected":false},"author":4,"featured_media":0,"parent":0,"menu_order":0,"comment_status":"closed","ping_status":"closed","template":"","meta":{"_acf_changed":false,"footnotes":""},"class_list":["post-7620","page","type-page","status-publish","hentry"],"acf":[],"_links":{"self":[{"href":"https:\/\/www.alliancefrancaise.cz\/liberec\/wp-json\/wp\/v2\/pages\/7620","targetHints":{"allow":["GET"]}}],"collection":[{"href":"https:\/\/www.alliancefrancaise.cz\/liberec\/wp-json\/wp\/v2\/pages"}],"about":[{"href":"https:\/\/www.alliancefrancaise.cz\/liberec\/wp-json\/wp\/v2\/types\/page"}],"author":[{"embeddable":true,"href":"https:\/\/www.alliancefrancaise.cz\/liberec\/wp-json\/wp\/v2\/users\/4"}],"replies":[{"embeddable":true,"href":"https:\/\/www.alliancefrancaise.cz\/liberec\/wp-json\/wp\/v2\/comments?post=7620"}],"version-history":[{"count":3,"href":"https:\/\/www.alliancefrancaise.cz\/liberec\/wp-json\/wp\/v2\/pages\/7620\/revisions"}],"predecessor-version":[{"id":7651,"href":"https:\/\/www.alliancefrancaise.cz\/liberec\/wp-json\/wp\/v2\/pages\/7620\/revisions\/7651"}],"wp:attachment":[{"href":"https:\/\/www.alliancefrancaise.cz\/liberec\/wp-json\/wp\/v2\/media?parent=7620"}],"curies":[{"name":"wp","href":"https:\/\/api.w.org\/{rel}","templated":true}]}}