{"id":7625,"date":"2025-12-15T21:30:50","date_gmt":"2025-12-15T20:30:50","guid":{"rendered":"https:\/\/www.alliancefrancaise.cz\/liberec\/?page_id=7625"},"modified":"2025-12-15T22:00:30","modified_gmt":"2025-12-15T21:00:30","slug":"konverzace-s-rodilym-mluvcim","status":"publish","type":"page","link":"https:\/\/www.alliancefrancaise.cz\/liberec\/konverzace-s-rodilym-mluvcim\/","title":{"rendered":"Konverzace s rodil\u00fdm mluv\u010d\u00edm"},"content":{"rendered":"\n<p>Nab\u00edz\u00edme kurz francouzsk\u00e9 konverzace s rodil\u00fdm mluv\u010d\u00edm pro pokro\u010dil\u00e9 (\u00farove\u0148 B2 a vy\u0161\u0161\u00ed) , kter\u00fd za\u010dne&nbsp;v pond\u011bl\u00ed <strong>12. ledna 2026<\/strong>. Kurz bude prob\u00edhat od&nbsp;<strong>18:00 do 19:30<\/strong>&nbsp;v rozsahu 10x 90 minut,<strong> 1x za 14 dn\u016f<\/strong>, tzn. 10 lekc\u00ed v obdob\u00ed leden &#8211; kv\u011bten 2026.<\/p>\n\n\n\n<p><strong>Kurz  bude prob\u00edhat v u\u010debn\u011b Francouzsk\u00e9 aliance v budov\u011b H Technick\u00e9 univerzity Liberec, ve Voron\u011b\u017esk\u00e9 ulici<\/strong><\/p>\n\n\n\n<p>P\u0159ihl\u00e1sit se m\u016f\u017eete prost\u0159ednictv\u00edm tohoto odkazu:<\/p>\n\n\n\n<p><a href=\"https:\/\/forms.gle\/yrBsYwtwDx7TMExH7\" target=\"_blank\" rel=\"noopener\">https:\/\/forms.gle\/yrBsYwtwDx7TMExH7<\/a><\/p>\n\n\n\n<p><strong>Cena kurzu:<\/strong><br><strong>2800,-\/2700,-<\/strong>&nbsp;(pro studenty, d\u016fchodce, maminky na MD a nezam\u011bstnan\u00e9).<\/p>\n\n\n\n<p><mark style=\"background-color:rgba(0, 0, 0, 0)\" class=\"has-inline-color has-red-color\">Platbu pros\u00edm prove\u010fte a\u017e po potvrzen\u00ed, \u017ee se kurz otev\u0159e.<\/mark><\/p>\n\n\n\n<p><strong>Platbu kurzovn\u00e9ho pros\u00edm prov\u00e1d\u011bjte p\u0159evodem na \u00fa\u010det \u010d. 981222339\/0800<\/strong><br>(do pozn\u00e1mky k platb\u011b uve\u010fte jm\u00e9no studenta)<\/p>\n\n\n\n<p>Kurz se otev\u0159e v z\u00e1vislosti na po\u010dtu p\u0159ihl\u00e1\u0161en\u00fdch. <mark style=\"background-color:rgba(0, 0, 0, 0)\" class=\"has-inline-color has-red-color\"><strong>Maxim\u00e1ln\u00ed po\u010det p\u0159ihl\u00e1\u0161en\u00fdch je 8 student\u016f.<\/strong><\/mark><\/p>\n\n\n\n<figure class=\"wp-block-image size-large\"><img loading=\"lazy\" decoding=\"async\" width=\"762\" height=\"1360\" src=\"https:\/\/www.alliancefrancaise.cz\/liberec\/wp-content\/uploads\/2025\/12\/NOVY-KURZ-FRANCOUZSKE-KONVERZACE-S-RODILYM-MLUVCIM-762x1360.jpg\" alt=\"\" class=\"wp-image-7634\" srcset=\"https:\/\/www.alliancefrancaise.cz\/liberec\/wp-content\/uploads\/2025\/12\/NOVY-KURZ-FRANCOUZSKE-KONVERZACE-S-RODILYM-MLUVCIM-762x1360.jpg 762w, https:\/\/www.alliancefrancaise.cz\/liberec\/wp-content\/uploads\/2025\/12\/NOVY-KURZ-FRANCOUZSKE-KONVERZACE-S-RODILYM-MLUVCIM-258x460.jpg 258w, https:\/\/www.alliancefrancaise.cz\/liberec\/wp-content\/uploads\/2025\/12\/NOVY-KURZ-FRANCOUZSKE-KONVERZACE-S-RODILYM-MLUVCIM-768x1371.jpg 768w, https:\/\/www.alliancefrancaise.cz\/liberec\/wp-content\/uploads\/2025\/12\/NOVY-KURZ-FRANCOUZSKE-KONVERZACE-S-RODILYM-MLUVCIM.jpg 896w\" sizes=\"auto, (max-width: 762px) 100vw, 762px\" \/><\/figure>\n","protected":false},"excerpt":{"rendered":"<p>Nab\u00edz\u00edme kurz francouzsk\u00e9 konverzace s rodil\u00fdm mluv\u010d\u00edm pro pokro\u010dil\u00e9 (\u00farove\u0148 B2 a vy\u0161\u0161\u00ed) , kter\u00fd za\u010dne&nbsp;v pond\u011bl\u00ed 12. ledna 2026. Kurz bude prob\u00edhat od&nbsp;18:00 do 19:30&nbsp;v rozsahu 10x&#8230;<\/p>\n","protected":false},"author":4,"featured_media":0,"parent":0,"menu_order":0,"comment_status":"closed","ping_status":"closed","template":"","meta":{"_acf_changed":false,"footnotes":""},"class_list":["post-7625","page","type-page","status-publish","hentry"],"acf":[],"_links":{"self":[{"href":"https:\/\/www.alliancefrancaise.cz\/liberec\/wp-json\/wp\/v2\/pages\/7625","targetHints":{"allow":["GET"]}}],"collection":[{"href":"https:\/\/www.alliancefrancaise.cz\/liberec\/wp-json\/wp\/v2\/pages"}],"about":[{"href":"https:\/\/www.alliancefrancaise.cz\/liberec\/wp-json\/wp\/v2\/types\/page"}],"author":[{"embeddable":true,"href":"https:\/\/www.alliancefrancaise.cz\/liberec\/wp-json\/wp\/v2\/users\/4"}],"replies":[{"embeddable":true,"href":"https:\/\/www.alliancefrancaise.cz\/liberec\/wp-json\/wp\/v2\/comments?post=7625"}],"version-history":[{"count":5,"href":"https:\/\/www.alliancefrancaise.cz\/liberec\/wp-json\/wp\/v2\/pages\/7625\/revisions"}],"predecessor-version":[{"id":7635,"href":"https:\/\/www.alliancefrancaise.cz\/liberec\/wp-json\/wp\/v2\/pages\/7625\/revisions\/7635"}],"wp:attachment":[{"href":"https:\/\/www.alliancefrancaise.cz\/liberec\/wp-json\/wp\/v2\/media?parent=7625"}],"curies":[{"name":"wp","href":"https:\/\/api.w.org\/{rel}","templated":true}]}}