{"id":7827,"date":"2026-03-01T13:17:26","date_gmt":"2026-03-01T12:17:26","guid":{"rendered":"https:\/\/www.alliancefrancaise.cz\/liberec\/?page_id=7827"},"modified":"2026-03-04T10:15:38","modified_gmt":"2026-03-04T09:15:38","slug":"jarni-trimestr-2026","status":"publish","type":"page","link":"https:\/\/www.alliancefrancaise.cz\/liberec\/jarni-trimestr-2026\/","title":{"rendered":"Jarn\u00ed trimestr 2026"},"content":{"rendered":"\n<p>Kurzy v zimn\u00edm trimestru prob\u00edhaj\u00ed v t\u00fddnu <strong><mark style=\"background-color:rgba(0, 0, 0, 0)\" class=\"has-inline-color has-red-color\">od 30. b\u0159ezna do 5. \u010dervna&nbsp;2026<\/mark><\/strong>, nen\u00ed-li uvedeno jinak. V p\u0159\u00edpad\u011b, \u017ee kurz odpadne z d\u016fvodu pr\u00e1zdnin, st\u00e1tn\u00edho sv\u00e1tku \u010di nenad\u00e1l\u00e9 indispozice lektora, je v\u017edy nahrazen na konci trimestru. V tomto trimestru kurzy neprob\u00edhaj\u00ed v dob\u011b velikono\u010dn\u00edch sv\u00e1tk\u016f (3. \u2013 6.4.) a ve st\u00e1tn\u00ed sv\u00e1tky 1. a 8. 5.<br>Celkov\u00e1 \u010dasov\u00e1 dotace je 10 x 90 minut.&nbsp;<strong>Kurzy francouz\u0161tiny prob\u00edhaj\u00ed v budov\u011b H Technick\u00e9 univerzity Liberec, ve Voron\u011b\u017esk\u00e9 ulici.<\/strong><\/p>\n\n\n\n<p>P\u0159ihl\u00e1sit se m\u016f\u017eete prost\u0159ednictv\u00edm formul\u00e1\u0159e zde:<\/p>\n\n\n\n<p><a href=\"https:\/\/forms.gle\/eQao7WfzMfEy9tr79\" target=\"_blank\" rel=\"noopener\">https:\/\/forms.gle\/eQao7WfzMfEy9tr79<\/a><\/p>\n\n\n\n<p><strong>Cena kurz\u016f:<\/strong><br><mark><strong>2800,-\/2700,-<\/strong>&nbsp;<\/mark>(pro studenty, d\u016fchodce, maminky na MD a nezam\u011bstnan\u00e9) za kurz 10 x 90 minut.<br>Minim\u00e1ln\u00ed po\u010det \u00fa\u010dastn\u00edk\u016f pro otev\u0159en\u00ed kurzu jsou 4. V p\u0159\u00edpad\u011b ni\u017e\u0161\u00edho po\u010dtu student\u016f si vyhrazujeme pr\u00e1vo upravit cenu nebo sn\u00ed\u017eit po\u010det lekc\u00ed za trimestr.<\/p>\n\n\n\n<p><strong><mark>Platbu kurzovn\u00e9ho pros\u00edm prov\u00e1d\u011bjte p\u0159evodem na \u00fa\u010det \u010d. 981222339\/0800<\/mark><\/strong><br>(do pozn\u00e1mky k platb\u011b uve\u010fte jm\u00e9no studenta)<\/p>\n\n\n\n<p>Kurzy se otev\u0159ou v z\u00e1vislosti na po\u010dtu p\u0159ihl\u00e1\u0161en\u00fdch.<\/p>\n\n\n\n<p>Nev\u00edte si rady s v\u00fdb\u011brem kurzu? Zavolejte n\u00e1m na&nbsp;<strong>tel. 601 357 597<\/strong>&nbsp;nebo napi\u0161te na&nbsp;<strong>liberec@alliancefrancaise.cz<\/strong>, r\u00e1di V\u00e1m porad\u00edme.<\/p>\n\n\n\n<figure class=\"wp-block-image size-large\"><img loading=\"lazy\" decoding=\"async\" width=\"971\" height=\"1360\" src=\"https:\/\/www.alliancefrancaise.cz\/liberec\/wp-content\/uploads\/2026\/03\/Plakat-jaro-26-971x1360.jpg\" alt=\"\" class=\"wp-image-7832\" srcset=\"https:\/\/www.alliancefrancaise.cz\/liberec\/wp-content\/uploads\/2026\/03\/Plakat-jaro-26-971x1360.jpg 971w, https:\/\/www.alliancefrancaise.cz\/liberec\/wp-content\/uploads\/2026\/03\/Plakat-jaro-26-329x460.jpg 329w, https:\/\/www.alliancefrancaise.cz\/liberec\/wp-content\/uploads\/2026\/03\/Plakat-jaro-26-768x1075.jpg 768w, https:\/\/www.alliancefrancaise.cz\/liberec\/wp-content\/uploads\/2026\/03\/Plakat-jaro-26-scaled.jpg 1829w\" sizes=\"auto, (max-width: 971px) 100vw, 971px\" \/><\/figure>\n","protected":false},"excerpt":{"rendered":"<p>Kurzy v zimn\u00edm trimestru prob\u00edhaj\u00ed v t\u00fddnu od 30. b\u0159ezna do 5. \u010dervna&nbsp;2026, nen\u00ed-li uvedeno jinak. V p\u0159\u00edpad\u011b, \u017ee kurz odpadne z d\u016fvodu pr\u00e1zdnin, st\u00e1tn\u00edho sv\u00e1tku \u010di nenad\u00e1l\u00e9&#8230;<\/p>\n","protected":false},"author":4,"featured_media":0,"parent":0,"menu_order":0,"comment_status":"closed","ping_status":"closed","template":"","meta":{"_acf_changed":false,"footnotes":""},"class_list":["post-7827","page","type-page","status-publish","hentry"],"acf":[],"_links":{"self":[{"href":"https:\/\/www.alliancefrancaise.cz\/liberec\/wp-json\/wp\/v2\/pages\/7827","targetHints":{"allow":["GET"]}}],"collection":[{"href":"https:\/\/www.alliancefrancaise.cz\/liberec\/wp-json\/wp\/v2\/pages"}],"about":[{"href":"https:\/\/www.alliancefrancaise.cz\/liberec\/wp-json\/wp\/v2\/types\/page"}],"author":[{"embeddable":true,"href":"https:\/\/www.alliancefrancaise.cz\/liberec\/wp-json\/wp\/v2\/users\/4"}],"replies":[{"embeddable":true,"href":"https:\/\/www.alliancefrancaise.cz\/liberec\/wp-json\/wp\/v2\/comments?post=7827"}],"version-history":[{"count":5,"href":"https:\/\/www.alliancefrancaise.cz\/liberec\/wp-json\/wp\/v2\/pages\/7827\/revisions"}],"predecessor-version":[{"id":7834,"href":"https:\/\/www.alliancefrancaise.cz\/liberec\/wp-json\/wp\/v2\/pages\/7827\/revisions\/7834"}],"wp:attachment":[{"href":"https:\/\/www.alliancefrancaise.cz\/liberec\/wp-json\/wp\/v2\/media?parent=7827"}],"curies":[{"name":"wp","href":"https:\/\/api.w.org\/{rel}","templated":true}]}}