{"id":90,"date":"2018-08-05T10:21:42","date_gmt":"2018-08-05T08:21:42","guid":{"rendered":"https:\/\/www.alliancefrancaise.cz\/liberec\/?page_id=90"},"modified":"2024-09-25T13:21:39","modified_gmt":"2024-09-25T11:21:39","slug":"kontakt","status":"publish","type":"page","link":"https:\/\/www.alliancefrancaise.cz\/liberec\/kontakt\/","title":{"rendered":"Kontakt"},"content":{"rendered":"\n<div class=\"wp-block-group\"><div class=\"wp-block-group__inner-container is-layout-constrained wp-block-group-is-layout-constrained\">\n<div class=\"wp-block-columns is-layout-flex wp-container-core-columns-is-layout-9d6595d7 wp-block-columns-is-layout-flex\">\n<div class=\"wp-block-column is-layout-flow wp-block-column-is-layout-flow\">\n<h2 class=\"wp-block-heading h3\"><\/h2>\n\n\n<ul id=\"kontakty-block_3d181a14975cf0d878eed044829b1af5\" class=\"kontakty\">\n        <li class=\"mb-4\">\n        <img loading=\"lazy\" decoding=\"async\" width=\"1\" height=\"1\" src=\"https:\/\/www.alliancefrancaise.cz\/liberec\/wp-content\/uploads\/2023\/06\/pin.svg\" class=\"ikonaKontaktu\" alt=\"\" \/>        <div class=\"textkontaktu\"><p><strong>Alliance fran\u00e7aise Liberec<\/strong><\/p>\n<p>&nbsp;<\/p>\n<p><strong>Adresa:<\/strong><br class=\"autobr\" \/>Voron\u011b\u017esk\u00e1 1329\/13, 460 01 Liberec<br class=\"autobr\" \/>(budova H Technick\u00e9 univerzity Liberec, nedaleko knihovny, u\u010debna aliance se nach\u00e1z\u00ed ve 4. pat\u0159e)<\/p>\n<p>&nbsp;<\/p>\n<p><strong>\u0158editelka:<\/strong>\u00a0Mgr. Anna Blechov\u00e1<\/p>\n<p><strong>Tel.:<\/strong>\u00a0+420 601 357 597<br class=\"autobr\" \/><strong>E-mail:<\/strong>\u00a0liberec@alliancefrancaise.cz<br class=\"autobr\" \/><strong>WWW str\u00e1nky<\/strong>:\u00a0<a class=\"spip_url spip_out auto\" href=\"http:\/\/www.alliancefrancaise.cz\/liberec\/\" target=\"_blank\" rel=\"external nofollow noopener\">http:\/\/www.alliancefrancaise.cz\/liberec\/<\/a><br class=\"autobr\" \/><strong>Facebook:<\/strong>\u00a0<a class=\"spip_url spip_out auto\" href=\"https:\/\/www.facebook.com\/alliancefrancaise.liberec\" target=\"_blank\" rel=\"external nofollow noopener\">https:\/\/www.facebook.com\/alliancefrancaise.liberec<\/a><\/p>\n<p><br class=\"autobr\" \/><strong>I\u010cO:<\/strong>\u00a046744363<br class=\"autobr\" \/><strong>\u010c\u00edslo \u00fa\u010dtu:<\/strong>\u00a0981222339\/0800<\/p>\n<p>P\u0159ejete si nav\u0161t\u00edvit AF Liberec ? Domluvte si s n\u00e1mi, pros\u00edm, sch\u016fzku, a\u0165 se m\u016f\u017eeme v\u011bnovat jenom V\u00e1m ! D\u011bkujeme.<\/p>\n<\/div>\n    <\/li>\n    <\/ul>\n\n\n\n\n\n<h2 class=\"wp-block-heading h3\"><\/h2>\n\n\n\n<iframe src=\"https:\/\/www.google.com\/maps\/embed?pb=!1m18!1m12!1m3!1d2523.1850591784396!2d15.05877247580412!3d50.77214296415024!2m3!1f0!2f0!3f0!3m2!1i1024!2i768!4f13.1!3m3!1m2!1s0x470936a103f913bb%3A0x4ecc9cabdfd1070e!2zVm9yb27Em8W-c2vDoSAxMzI5LzEzLCA0NjAgMDEgTGliZXJlYy1TdGFyw6kgTcSbc3Rv!5e0!3m2!1scs!2scz!4v1727263278586!5m2!1scs!2scz\" width=\"100%\" height=\"450\" style=\"border:0;\" allowfullscreen=\"\" loading=\"lazy\" referrerpolicy=\"no-referrer-when-downgrade\"><\/iframe>\n<\/div>\n<\/div>\n<\/div><\/div>\n","protected":false},"excerpt":{"rendered":"","protected":false},"author":1,"featured_media":0,"parent":0,"menu_order":0,"comment_status":"closed","ping_status":"closed","template":"","meta":{"_acf_changed":false,"footnotes":""},"class_list":["post-90","page","type-page","status-publish","hentry"],"acf":[],"_links":{"self":[{"href":"https:\/\/www.alliancefrancaise.cz\/liberec\/wp-json\/wp\/v2\/pages\/90","targetHints":{"allow":["GET"]}}],"collection":[{"href":"https:\/\/www.alliancefrancaise.cz\/liberec\/wp-json\/wp\/v2\/pages"}],"about":[{"href":"https:\/\/www.alliancefrancaise.cz\/liberec\/wp-json\/wp\/v2\/types\/page"}],"author":[{"embeddable":true,"href":"https:\/\/www.alliancefrancaise.cz\/liberec\/wp-json\/wp\/v2\/users\/1"}],"replies":[{"embeddable":true,"href":"https:\/\/www.alliancefrancaise.cz\/liberec\/wp-json\/wp\/v2\/comments?post=90"}],"version-history":[{"count":20,"href":"https:\/\/www.alliancefrancaise.cz\/liberec\/wp-json\/wp\/v2\/pages\/90\/revisions"}],"predecessor-version":[{"id":7075,"href":"https:\/\/www.alliancefrancaise.cz\/liberec\/wp-json\/wp\/v2\/pages\/90\/revisions\/7075"}],"wp:attachment":[{"href":"https:\/\/www.alliancefrancaise.cz\/liberec\/wp-json\/wp\/v2\/media?parent=90"}],"curies":[{"name":"wp","href":"https:\/\/api.w.org\/{rel}","templated":true}]}}