{"id":6761,"date":"2018-01-27T13:09:22","date_gmt":"2018-01-27T12:09:22","guid":{"rendered":"https:\/\/www.alliancefrancaise.cz\/ostrava\/uvod\/"},"modified":"2026-02-13T13:59:43","modified_gmt":"2026-02-13T12:59:43","slug":"uvod-2","status":"publish","type":"page","link":"https:\/\/www.alliancefrancaise.cz\/ostrava\/fr\/","title":{"rendered":"Accueil"},"content":{"rendered":"\n<div class=\"wp-block-cover alignfull is-light hp-first\" style=\"min-height:100vh;aspect-ratio:unset;\"><img loading=\"lazy\" decoding=\"async\" width=\"1360\" height=\"691\" class=\"wp-block-cover__image-background wp-image-10134 size-large\" alt=\"\" src=\"https:\/\/www.alliancefrancaise.cz\/ostrava\/wp-content\/uploads\/2026\/02\/1200x610-banniere-site-internet-HQ-1360x691.png\" data-object-fit=\"cover\" srcset=\"https:\/\/www.alliancefrancaise.cz\/ostrava\/wp-content\/uploads\/2026\/02\/1200x610-banniere-site-internet-HQ-1360x691.png 1360w, https:\/\/www.alliancefrancaise.cz\/ostrava\/wp-content\/uploads\/2026\/02\/1200x610-banniere-site-internet-HQ-460x234.png 460w, https:\/\/www.alliancefrancaise.cz\/ostrava\/wp-content\/uploads\/2026\/02\/1200x610-banniere-site-internet-HQ-768x390.png 768w\" sizes=\"auto, (max-width: 1360px) 100vw, 1360px\" \/><span aria-hidden=\"true\" class=\"wp-block-cover__background has-white-background-color has-background-dim\"><\/span><div class=\"wp-block-cover__inner-container is-layout-flow wp-block-cover-is-layout-flow\">\n<div class=\"wp-block-columns are-vertically-aligned-center is-layout-flex wp-container-core-columns-is-layout-9d6595d7 wp-block-columns-is-layout-flex\">\n<div class=\"wp-block-column is-vertically-aligned-center is-layout-flow wp-block-column-is-layout-flow\"><\/div>\n\n\n\n<div class=\"wp-block-column is-vertically-aligned-center blockText is-layout-flow wp-block-column-is-layout-flow\" style=\"flex-basis:60%\">\n<p class=\"has-text-align-center h1 animTop has-red-color has-text-color\">Parlez fran\u00e7ais.<br>Vivez en fran\u00e7ais.<\/p>\n\n\n\n<div class=\"wp-block-buttons is-content-justification-center is-layout-flex wp-container-core-buttons-is-layout-16018d1d wp-block-buttons-is-layout-flex\">\n<div class=\"wp-block-button animTop is-style-fill\"><a class=\"wp-block-button__link wp-element-button\" href=\"https:\/\/www.alliancefrancaise.cz\/ostrava\/fr\/cours-collectifs-2025-2026\/\">Voir les cours<\/a><\/div>\n<\/div>\n<\/div>\n<\/div>\n<\/div><\/div>\n\n\n\n<div class=\"wp-block-columns are-vertically-aligned-top is-layout-flex wp-container-core-columns-is-layout-9d6595d7 wp-block-columns-is-layout-flex\">\n<div class=\"wp-block-column is-vertically-aligned-top is-layout-flow wp-block-column-is-layout-flow\">\n<h2 class=\"wp-block-heading\">Pourquoi apprendre le fran\u00e7ais ? <\/h2>\n\n\n\n<p><strong>Une langue parl\u00e9e dans le monde entier !<\/strong> <\/p>\n\n\n\n<p>En 2024, 321 millions de personnes sur les 5 continents pourraient parler fran\u00e7ais. La Francophonie est unie par 88 pays et gouvernements.<\/p>\n\n\n\n<p><strong>La langue qui vous aide \u00e0 trouver un emploi !<\/strong><\/p>\n\n\n\n<p>La connaissance du fran\u00e7ais et de l&rsquo;anglais est un atout qui augmente vos chances sur le march\u00e9 du travail international. Le fran\u00e7ais ouvre les portes des entreprises fran\u00e7aises en France et dans les pays francophones (Canada, Suisse, Belgique et continent africain). La France est la sixi\u00e8me puissance commerciale et le principal b\u00e9n\u00e9ficiaire des investissements \u00e9trangers en Europe, ce qui en fait un partenaire \u00e9conomique important.<\/p>\n\n\n\n<p class=\"has-text-align-left\"><strong>La langue des relations internationales !<\/strong><\/p>\n\n\n\n<p class=\"has-text-align-left\">Le fran\u00e7ais est la langue de travail et la langue officielle des Nations unies, de l&rsquo;Union europ\u00e9enne, de l&rsquo;UNESCO, de l&rsquo;OTAN, du Comit\u00e9 international olympique, de la Croix-Rouge et de plusieurs institutions juridiques europ\u00e9ennes. Le fran\u00e7ais est la langue des trois si\u00e8ges des institutions europ\u00e9ennes : Strasbourg, Bruxelles et Luxembourg.<\/p>\n\n\n\n<p><strong>La langue, bien s\u00fbr, mais aussi la culture !<\/strong><\/p>\n\n\n\n<p>Le fran\u00e7ais est la langue internationale de la cuisine, de la mode, du th\u00e9\u00e2tre, des beaux-arts, de la danse et de l&rsquo;architecture. La connaissance du fran\u00e7ais permet d&rsquo;acc\u00e9der aux versions originales des grandes \u0153uvres de la litt\u00e9rature, du cin\u00e9ma et de la chanson fran\u00e7aise et francophone. <\/p>\n\n\n\n<figure class=\"wp-block-embed is-type-rich is-provider-spotify wp-block-embed-spotify wp-embed-aspect-21-9 wp-has-aspect-ratio\"><div class=\"wp-block-embed__wrapper\">\n<iframe title=\"Spotify Embed: Musique fran\u00e7aise \" style=\"border-radius: 12px\" width=\"100%\" height=\"352\" frameborder=\"0\" allowfullscreen allow=\"autoplay; clipboard-write; encrypted-media; fullscreen; picture-in-picture\" loading=\"lazy\" src=\"https:\/\/open.spotify.com\/embed\/playlist\/0MG47P1ZEXudxKeuh6Kmae?si=876bb87e24204d12&#038;utm_source=oembed\"><\/iframe>\n<\/div><\/figure>\n\n\n\n<p class=\"has-text-align-left\"><\/p>\n<\/div>\n\n\n\n<div class=\"wp-block-column is-vertically-aligned-top is-layout-flow wp-block-column-is-layout-flow\">\n<figure class=\"wp-block-image size-full is-resized mx-lg-5 animZoom\"><img loading=\"lazy\" decoding=\"async\" width=\"1179\" height=\"1465\" src=\"https:\/\/www.alliancefrancaise.cz\/ostrava\/wp-content\/uploads\/2025\/05\/photo-cours.jpg\" alt=\"\" class=\"wp-image-8769\" style=\"width:436px;height:auto\" srcset=\"https:\/\/www.alliancefrancaise.cz\/ostrava\/wp-content\/uploads\/2025\/05\/photo-cours.jpg 1179w, https:\/\/www.alliancefrancaise.cz\/ostrava\/wp-content\/uploads\/2025\/05\/photo-cours-370x460.jpg 370w, https:\/\/www.alliancefrancaise.cz\/ostrava\/wp-content\/uploads\/2025\/05\/photo-cours-1094x1360.jpg 1094w, https:\/\/www.alliancefrancaise.cz\/ostrava\/wp-content\/uploads\/2025\/05\/photo-cours-768x954.jpg 768w\" sizes=\"auto, (max-width: 1179px) 100vw, 1179px\" \/><\/figure>\n<\/div>\n<\/div>\n\n\n\n<div class=\"wp-block-group is-vertical is-layout-flex wp-container-core-group-is-layout-8cf370e7 wp-block-group-is-layout-flex\">\n<p class=\"has-text-align-left\"><strong>Et bien d&rsquo;autres raisons encore ! Alors n&rsquo;h\u00e9sitez pas \u00e0 nous rejoindre et \u00e0 apprendre le fran\u00e7ais avec des professeurs dynamiques, qualifi\u00e9s et \u00e0 l&rsquo;\u00e9coute.<\/strong><\/p>\n<\/div>\n\n\n\n<div style=\"height:50px\" aria-hidden=\"true\" class=\"wp-block-spacer\"><\/div>\n\n\n<div class=\"row kategorieKurzu my-4 position-relative\"><img loading=\"lazy\" decoding=\"async\" width=\"460\" height=\"377\" src=\"https:\/\/www.alliancefrancaise.cz\/ostrava\/wp-content\/uploads\/2023\/08\/lide-460x377.png\" class=\"imgFloatKurzy\" alt=\"\" srcset=\"https:\/\/www.alliancefrancaise.cz\/ostrava\/wp-content\/uploads\/2023\/08\/lide-460x377.png 460w, https:\/\/www.alliancefrancaise.cz\/ostrava\/wp-content\/uploads\/2023\/08\/lide-768x630.png 768w, https:\/\/www.alliancefrancaise.cz\/ostrava\/wp-content\/uploads\/2023\/08\/lide.png 1000w\" sizes=\"auto, (max-width: 460px) 100vw, 460px\" \/><div class=\"col-md-8 order-md-1 order-2\"><div class=\"row\"><div class=\"col-md-6 my-4 animTop\"><div class=\"obalKategorieKurzu p-4 pt-5 h-100 w-100\"><h3 class=\"h5 mb-3\"><a href=\"https:\/\/www.alliancefrancaise.cz\/ostrava\/fr\/cours-collectifs-2025-2026\/\">Cours collectif<\/a><\/h3><p>D\u00e9veloppez vos comp\u00e9tences linguistiques et culturelles afin d\u2019interagir au mieux en fran\u00e7ais dans les diff\u00e9rentes situations de la vie quotidienne. Ces cours sont pour les d\u00e9butants comme les personnes confirm\u00e9es. <\/p><a href=\"https:\/\/www.alliancefrancaise.cz\/ostrava\/fr\/cours-collectifs-2025-2026\/\" class=\"btn btnMore\">Voir les cours<\/a><\/div><\/div><div class=\"col-md-6 my-4 animTop\"><div class=\"obalKategorieKurzu p-4 pt-5 h-100 w-100\"><h3 class=\"h5 mb-3\"><a href=\"https:\/\/www.alliancefrancaise.cz\/ostrava\/fr\/nos-cours-annee-2024-2025\/\">Cours individuels <\/a><\/h3><p>Les cours individuels sont l\u2019occasion pour l\u2019enseignant de s\u2019adapter enti\u00e8rement aux objectifs des apprenants. D\u00e9couverte de la langue fran\u00e7aise, apprendre \u00e0 faire des phrases, se pr\u00e9senter etc. vous pouvez apprendre le fran\u00e7ais depuis le d\u00e9but jusqu\u2019au niveau bilingue !<\/p><a href=\"https:\/\/www.alliancefrancaise.cz\/ostrava\/fr\/nos-cours-annee-2024-2025\/\" class=\"btn btnMore\">Voir les cours<\/a><\/div><\/div><div class=\"col-md-6 my-4 animTop\"><div class=\"obalKategorieKurzu p-4 pt-5 h-100 w-100\"><h3 class=\"h5 mb-3\"><a href=\"https:\/\/www.alliancefrancaise.cz\/ostrava\/fr\/nos-cours-annee-2024-2025\/\">Cours d&rsquo;entreprises <\/a><\/h3><p>Nous proposons des cours de fran\u00e7ais sp\u00e9cifiques sur certains domaines comme le travail, la sant\u00e9, le management, etc. L\u2019objectif est d\u2019aider nos apprenants \u00e0 utiliser leur comp\u00e9tence de fran\u00e7ais dans leur travail.<\/p><a href=\"https:\/\/www.alliancefrancaise.cz\/ostrava\/fr\/nos-cours-annee-2024-2025\/\" class=\"btn btnMore\">Voir les cours<\/a><\/div><\/div><div class=\"col-md-6 my-4 animTop\"><div class=\"obalKategorieKurzu p-4 pt-5 h-100 w-100\"><h3 class=\"h5 mb-3\"><a href=\"https:\/\/www.alliancefrancaise.cz\/ostrava\/fr\/cours-intensifs-dete\/\">Cours intensifs d\u2019\u00e9t\u00e9<\/a><\/h3><p>Ces cours ont pour objectif d\u2019arriver \u00e0 la rentr\u00e9e avec un niveau int\u00e9ressant en fran\u00e7ais. Ces cours sont \u00e0 destination de personnes qui aimeraient \u00e9tudier le fran\u00e7ais de fa\u00e7on immersive. \r\nIl vise principalement \u00e0 renforcer ses capacit\u00e9s en d\u00e9veloppant ses comp\u00e9tences d\u2019expression orale et l\u2019expression \u00e9crite.<\/p><a href=\"https:\/\/www.alliancefrancaise.cz\/ostrava\/fr\/cours-intensifs-dete\/\" class=\"btn btnMore\">Voir les cours<\/a><\/div><\/div><\/div><\/div><div class=\"col-md-4 order-md-2 order-1 mt-4 pb-300\"><h2>Offre de cours<\/h2>\n<p>L&rsquo;offre de cours de fran\u00e7ais est vari\u00e9e et \u00e9tendue. Vous pouvez choisir entre diff\u00e9rents types de cours en fonction de vos besoins et de vos pr\u00e9f\u00e9rences.<\/p>\n<p>Nous disposons d&rsquo;une offre vaste de cours de fran\u00e7ais, allant du niveau A1, c&rsquo;est \u00e0 dire d\u00e9butant \u00e0 C1, c&rsquo;est \u00e0 dire confirm\u00e9.<\/p>\n<p>Les cours de fran\u00e7ais dans les \u00e9coles de langues sont dispens\u00e9s par des professeurs qualifi\u00e9s qui vous aideront \u00e0 am\u00e9liorer vos comp\u00e9tences en communication, votre grammaire, votre vocabulaire et votre prononciation. Cette forme interactive d&rsquo;apprentissage vous permet de participer \u00e0 des conversations et \u00e0 des exercices avec d&rsquo;autres \u00e9tudiants, ce qui vous permet de progresser rapidement.<\/p>\n<p>&nbsp;<\/p>\n<\/div><\/div>","protected":false},"excerpt":{"rendered":"<p>Pourquoi apprendre le fran\u00e7ais ? Une langue parl\u00e9e dans le monde entier ! En 2024, 321 millions de personnes sur les 5 continents pourraient parler fran\u00e7ais. La Francophonie&#8230;<\/p>\n","protected":false},"author":1,"featured_media":0,"parent":0,"menu_order":0,"comment_status":"closed","ping_status":"closed","template":"","meta":{"_acf_changed":false,"footnotes":""},"class_list":["post-6761","page","type-page","status-publish","hentry"],"acf":[],"_links":{"self":[{"href":"https:\/\/www.alliancefrancaise.cz\/ostrava\/fr\/wp-json\/wp\/v2\/pages\/6761","targetHints":{"allow":["GET"]}}],"collection":[{"href":"https:\/\/www.alliancefrancaise.cz\/ostrava\/fr\/wp-json\/wp\/v2\/pages"}],"about":[{"href":"https:\/\/www.alliancefrancaise.cz\/ostrava\/fr\/wp-json\/wp\/v2\/types\/page"}],"author":[{"embeddable":true,"href":"https:\/\/www.alliancefrancaise.cz\/ostrava\/fr\/wp-json\/wp\/v2\/users\/1"}],"replies":[{"embeddable":true,"href":"https:\/\/www.alliancefrancaise.cz\/ostrava\/fr\/wp-json\/wp\/v2\/comments?post=6761"}],"version-history":[{"count":20,"href":"https:\/\/www.alliancefrancaise.cz\/ostrava\/fr\/wp-json\/wp\/v2\/pages\/6761\/revisions"}],"predecessor-version":[{"id":10136,"href":"https:\/\/www.alliancefrancaise.cz\/ostrava\/fr\/wp-json\/wp\/v2\/pages\/6761\/revisions\/10136"}],"wp:attachment":[{"href":"https:\/\/www.alliancefrancaise.cz\/ostrava\/fr\/wp-json\/wp\/v2\/media?parent=6761"}],"curies":[{"name":"wp","href":"https:\/\/api.w.org\/{rel}","templated":true}]}}