{"id":6808,"date":"2023-06-26T10:30:53","date_gmt":"2023-06-26T08:30:53","guid":{"rendered":"https:\/\/www.alliancefrancaise.cz\/ostrava\/?page_id=6808"},"modified":"2026-02-18T11:22:32","modified_gmt":"2026-02-18T10:22:32","slug":"qui-sommes-nous","status":"publish","type":"page","link":"https:\/\/www.alliancefrancaise.cz\/ostrava\/fr\/qui-sommes-nous\/","title":{"rendered":"Qui sommes-nous ?"},"content":{"rendered":"\n<p>Depuis 1991, l\u2019Alliance fran\u00e7aise d\u2019Ostrava se consacre joyeusement \u00e0 la promotion de la langue fran\u00e7aise et des cultures francophones en Moravie-Sil\u00e9sie.<\/p>\n\n\n\n<p>Association tch\u00e8que \u00e0 but non lucratif, ind\u00e9pendante et apolitique, elle est n\u00e9e de la passion de francophiles b\u00e9n\u00e9voles, d\u00e9sireux de mieux faire conna\u00eetre la langue et les cultures de&nbsp;<a href=\"http:\/\/www.margueriteduras.org\/\" target=\"_blank\" rel=\"noreferrer noopener\">Marguerite Duras<\/a>,&nbsp;<a href=\"http:\/\/henrydunant.croix-rouge.fr\/\" target=\"_blank\" rel=\"noreferrer noopener\">Henri Dunant<\/a>,&nbsp;<a href=\"http:\/\/www.audreytautou.org\/\" target=\"_blank\" rel=\"noreferrer noopener\">Audrey Tautou<\/a>,&nbsp;<a href=\"http:\/\/www.hubertreeves.info\/\" target=\"_blank\" rel=\"noreferrer noopener\">Hubert Reeves<\/a>,&nbsp;<a href=\"http:\/\/www.rokiatraore.net\/\" target=\"_blank\" rel=\"noreferrer noopener\">Rokia Traor\u00e9<\/a>,&nbsp;<a href=\"http:\/\/www.zidane.fr\/#\/fr\/\" target=\"_blank\" rel=\"noreferrer noopener\">Zin\u00e9dine Zidane<\/a>,&nbsp;<a href=\"http:\/\/www.justine-henin.be\/\" target=\"_blank\" rel=\"noopener\">Justine H\u00e9nin<\/a>,&nbsp;<a href=\"http:\/\/www.lebonusage.com\/concept\/auteurs\/grevisse\/grevisse.html\" target=\"_blank\" rel=\"noopener\">Maurice Gr\u00e9visse<\/a>,&nbsp;<a href=\"http:\/\/www.asterix.com\/\" target=\"_blank\" rel=\"noopener\">Ast\u00e9rix<\/a>&nbsp;et tant d\u2019autres&#8230;<\/p>\n\n\n\n<p>A l\u2019Alliance fran\u00e7aise d\u2019Ostrava, vous pouvez&nbsp;:<\/p>\n\n\n\n<ul class=\"wp-block-list\">\n<li>&nbsp;suivre des cours de fran\u00e7ais \u00e0 Ostrava&nbsp;<\/li>\n\n\n\n<li>&nbsp;obtenir un dipl\u00f4me DELF ou DALF (seul centre habilit\u00e9 en Moravie-Sil\u00e9sie)<\/li>\n\n\n\n<li>&nbsp;participer \u00e0 des \u00e9v\u00e9nements culturels toute l\u2019ann\u00e9e (cin\u00e9ma, musique, conf\u00e9rence, exposition, spectacle, etc.)<\/li>\n\n\n\n<li>&nbsp;profiter de notre m\u00e9diath\u00e8que (presque 4000 livres, revues, films, CDs, etc.)<\/li>\n\n\n\n<li>&nbsp;trouver des informations sur la France et les pays francophones (\u00e9tudes, voyages, etc.)<\/li>\n<\/ul>\n\n\n\n<hr class=\"wp-block-separator has-alpha-channel-opacity\"\/>\n\n\n\n<h1 class=\"wp-block-heading\">Un peu d&rsquo;histoire&#8230;<\/h1>\n\n\n\n<p>En 1886, une Alliance fran\u00e7aise voit le jour \u00e0 Prague, soit \u00e0 peine 3 ans apr\u00e8s la cr\u00e9ation de l\u2019Alliance fran\u00e7aise de Paris. En 1887, elle compte d\u00e9j\u00e0 254 membres dont Tom\u00e1\u0161 Masaryk et Edvard Bene\u0161, futurs pr\u00e9sidents de la future Tch\u00e9coslovaquie.<\/p>\n\n\n\n<p>A Ostrava, la premi\u00e8re pr\u00e9sence d\u2019une Alliance fran\u00e7aise remonte au d\u00e9but du si\u00e8cle dernier. Dans les ann\u00e9es 1920, parmi les presque 80 Alliances fran\u00e7aises que compte la toute jeune Tch\u00e9coslovaquie, celle d\u2019Ostrava fait d\u00e9j\u00e0 preuve de beaucoup d\u2019\u00e9nergie. Ses membres assistent en effet \u00e0 des conf\u00e9rences sur des auteurs tels qu\u2019Alfred de Musset ou Anatole France mais aussi sur des sujets br\u00fblants d\u2019actualit\u00e9 comme la TSF, la plan\u00e8te Mars ou encore la travers\u00e9e du Sahara en automobile&nbsp;!<\/p>\n\n\n\n<p>Selon Hubert Beuve-M\u00e9ry, directeur de l\u2019Institut Fran\u00e7ais de Prague et futur fondateur du quotidien Le Monde, \u00ab&nbsp;l\u2019Alliance fran\u00e7aise d\u2019Ostrava a donn\u00e9 de nombreuses preuves de sa prosp\u00e9rit\u00e9\u2026 joli local, beaucoup d\u2019auditeurs, programme vari\u00e9 et attrayant&nbsp;\u00bb. L\u2019arriv\u00e9e de la 2<sup>e<\/sup>&nbsp;guerre mondiale bloque malheureusement cet \u00e9lan.<\/p>\n\n\n\n<figure class=\"wp-block-image\"><img decoding=\"async\" src=\"https:\/\/www.alliancefrancaise.cz\/ostrava\/local\/cache-vignettes\/L236xH151\/CarteMembreAF_1934_web-ac975.jpg?1536770467\" alt=\"\"\/><\/figure>\n\n\n\n<p><\/p>\n\n\n\n<h3 class=\"wp-block-heading\">La 2\u00e8me Guerre mondiale et la R\u00e9volution de 1948<\/h3>\n\n\n\n<p>L\u2019occupation allemande, suivie de peu par la r\u00e9volution de f\u00e9vrier 1948, rend difficile la promotion de la langue et de la culture fran\u00e7aises. Si une Alliance fran\u00e7aise revoit le jour \u00e0 Ostrava apr\u00e8s la fin de la guerre, elle est condamn\u00e9e \u00e0 la fermeture en 1948. Ensuite, dans un pays orient\u00e9 vers l\u2019est pendant plus de 40 ans, le fran\u00e7ais est pratiquement mis aux oubliettes.<\/p>\n\n\n\n<p><\/p>\n\n\n\n<h3 class=\"wp-block-heading\">1991&#8230; et apr\u00e8s ? <\/h3>\n\n\n\n<p>Deux ans apr\u00e8s la \u00ab&nbsp;R\u00e9volution de velours&nbsp;\u00bb, un groupe de francophiles passionn\u00e9s et motiv\u00e9s d\u00e9cide de r\u00e9ouvrir une Alliance fran\u00e7aise \u00e0 Ostrava avec l\u2019aide de l\u2019Ambassade de France \u00e0 Prague. La situation n\u2019est pourtant pas id\u00e9ale&nbsp;: plus de 40 ans de r\u00e9alisme socialiste ont fait d\u2019Ostrava une ville ouvri\u00e8re, pollu\u00e9e, sans centre historique et o\u00f9 la principale culture est celle de l\u2019acier, du charbon et de la sueur. Heureusement, la volont\u00e9 de changer cette r\u00e9alit\u00e9 est tr\u00e8s forte.<\/p>\n\n\n\n<p>Au d\u00e9part, la toute jeune Alliance fran\u00e7aise d\u2019Ostrava accueille son public un apr\u00e8s-midi par semaine dans un petit local disposant d\u2019une biblioth\u00e8que de quelques volumes rassembl\u00e9s \u00e0 la h\u00e2te. Tr\u00e8s vite, elle propose des cours de langue et des manifestations culturelles. Les premi\u00e8res \u00ab&nbsp;Journ\u00e9es fran\u00e7aises&nbsp;\u00bb sont ainsi mises en place en octobre 1992 sous les applaudissements du public et des m\u00e9dias de la r\u00e9gion. Au fil des ans, l\u2019Alliance fran\u00e7aise d\u2019Ostrava poursuit son chemin, port\u00e9e par la ferveur et l\u2019enthousiasme de ses membres et de son conseil d\u2019administration.<\/p>\n\n\n\n<hr class=\"wp-block-separator has-alpha-channel-opacity\"\/>\n\n\n\n<h1 class=\"wp-block-heading\">Le r\u00e9seau des Alliances fran\u00e7aises en R\u00e9publique tch\u00e8que<\/h1>\n\n\n\n<p>L\u2019Alliance fran\u00e7aise d\u2019Ostrava fait partie d\u2019un r\u00e9seau national qui comprend 6 Alliances fran\u00e7aises en R\u00e9publique tch\u00e8que. Les francophiles peuvent ainsi vivre leur passion du fran\u00e7ais \u00e0&nbsp;<a href=\"https:\/\/www.afbrno.cz\/\" target=\"_blank\" data-type=\"link\" data-id=\"https:\/\/www.afbrno.cz\/\" rel=\"noreferrer noopener\">Brno<\/a>,&nbsp;<a href=\"https:\/\/www.alliancefrancaise.cz\/jiznicechy\/\" target=\"_blank\" data-type=\"link\" data-id=\"https:\/\/www.alliancefrancaise.cz\/jiznicechy\/\" rel=\"noreferrer noopener\">\u010cesk\u00e9<\/a>&nbsp;<a href=\"https:\/\/www.alliancefrancaise.cz\/jiznicechy\/\" target=\"_blank\" data-type=\"link\" data-id=\"https:\/\/www.alliancefrancaise.cz\/jiznicechy\/\" rel=\"noreferrer noopener\">Bud\u011bjovice<\/a>,&nbsp;<a href=\"https:\/\/www.alliancefrancaise.cz\/liberec\/\" target=\"_blank\" data-type=\"link\" data-id=\"https:\/\/www.alliancefrancaise.cz\/liberec\/\" rel=\"noreferrer noopener\">Liberec<\/a>,&nbsp;<a href=\"https:\/\/www.alliancefrancaise.cz\/pardubice\/fr\/\" target=\"_blank\" data-type=\"link\" data-id=\"https:\/\/www.alliancefrancaise.cz\/pardubice\/fr\/\" rel=\"noreferrer noopener\">Pardubice<\/a>,&nbsp;<a href=\"https:\/\/www.alliancefrancaise.cz\/plzen\/\" target=\"_blank\" rel=\"noreferrer noopener\">Plzen<\/a> ou encore <a href=\"https:\/\/afzlin.cz\/\" target=\"_blank\" data-type=\"link\" data-id=\"https:\/\/afzlin.cz\/\" rel=\"noreferrer noopener\">Zl\u00edn<\/a>&nbsp;!<\/p>\n\n\n\n<p>Au niveau mondial, l\u2019Alliance fran\u00e7aise, c\u2019est un r\u00e9seau de plus de 800 antennes qui accueillent environ 500&nbsp;000 \u00e9tudiants dans plus de 130 pays. La&nbsp;<a href=\"http:\/\/www.fondation-alliancefr.org\/\" rel=\"noreferrer noopener\" target=\"_blank\">Fondation Alliance fran\u00e7aise<\/a>&nbsp;bas\u00e9e \u00e0 Paris sert de r\u00e9f\u00e9rence morale et juridique pour toutes les Alliances fran\u00e7aises et les accompagne dans leurs multiples activit\u00e9s (culture, professionnalisation, etc.).<\/p>\n\n\n\n<hr class=\"wp-block-separator has-alpha-channel-opacity\"\/>\n\n\n\n<h1 class=\"wp-block-heading\">Nos ancien directeurs<\/h1>\n\n\n\n<p>Depuis sa cr\u00e9ation, l\u2019Alliance Fran\u00e7aise d\u2019Ostrava a \u00e9t\u00e9 port\u00e9e par plusieurs directeurs qui ont chacun contribu\u00e9 \u00e0 son d\u00e9veloppement. Gr\u00e2ce \u00e0 leur engagement, l\u2019Alliance a renforc\u00e9 son r\u00f4le dans la diffusion de la langue fran\u00e7aise, l\u2019organisation d\u2019\u00e9v\u00e9nements culturels et le dialogue entre la France et la R\u00e9publique tch\u00e8que.<\/p>\n\n\n\n<p>D\u00e9couvrez ici ceux qui ont marqu\u00e9 l\u2019histoire de notre institution.<\/p>\n\n\n<div id=\"rank-math-faq\" class=\"rank-math-block\">\n<div class=\"rank-math-list \">\n<div id=\"faq-question-1758185948112\" class=\"rank-math-list-item\">\n<h3 class=\"rank-math-question \">Loris VIVARELLI<\/h3>\n<div class=\"rank-math-answer \">\n<img loading=\"lazy\" decoding=\"async\" width=\"150\" height=\"150\" src=\"https:\/\/www.alliancefrancaise.cz\/ostrava\/wp-content\/uploads\/2026\/02\/PHOTO-2026-02-18-11-14-21-2-150x150.jpg\" class=\"alignright\" alt=\"\" \/>\n<p><em>2025 &#8211; <\/em><br \/><em><br \/><\/em>\u00ab\u00a0Un des \u00e9v\u00e9nements marquants pour moi a \u00e9t\u00e9 l\u2019organisation, ici \u00e0 Ostrava en 2025, du concours international de la chanson francophone, qui a rassembl\u00e9 des participants venus de Pologne et de Slovaquie.\u00a0\u00bb<\/p>\n<p>J\u2019aime Ostrava pour sa capacit\u00e9 \u00e0 r\u00e9actualiser son patrimoine industriel, en transformant ses usines en lieux culturels comme des mus\u00e9es<\/p>\n\n<\/div>\n<\/div>\n<div id=\"faq-question-1758186147616\" class=\"rank-math-list-item\">\n<h3 class=\"rank-math-question \">Nicolas Wasilewski<\/h3>\n<div class=\"rank-math-answer \">\n<img loading=\"lazy\" decoding=\"async\" width=\"150\" height=\"150\" src=\"https:\/\/www.alliancefrancaise.cz\/ostrava\/wp-content\/uploads\/2025\/09\/Nicolas-Wasilewski-150x150.jpg\" class=\"alignright\" alt=\"\" \/>\n<p><em>2024<\/em><\/p>\n<p>Apr\u00e8s plusieurs ann\u00e9es partag\u00e9es notamment entre l&rsquo;Asie, l&rsquo;Am\u00e9rique latine et l&rsquo;Europe du Nord, c&rsquo;est \u00e0 Ostrava que Nicolas a pos\u00e9 ses valises en 2024. <\/p>\n<p>\u00ab\u00a0Que ce soit dans les cours, lors d&rsquo;\u00e9v\u00e9nements culturels ou de moments plus informels, j&rsquo;ai \u00e9t\u00e9 ravi de d\u00e9couvrir ce pays et cette r\u00e9gion\u00a0\u00bb.<\/p>\n\n<\/div>\n<\/div>\n<div id=\"faq-question-1758186197642\" class=\"rank-math-list-item\">\n<h3 class=\"rank-math-question \">Benjamin Jacquet<\/h3>\n<div class=\"rank-math-answer \">\n<img loading=\"lazy\" decoding=\"async\" width=\"150\" height=\"150\" src=\"https:\/\/www.alliancefrancaise.cz\/ostrava\/wp-content\/uploads\/2025\/09\/Benjamin-150x150.jpg\" class=\"alignright\" alt=\"\" \/>\n<p><em>2023-2024<\/em><\/p>\n<p>\u00ab\u00a0Mon objectif \u00e9tait de cr\u00e9er une v\u00e9ritable amiti\u00e9 franco-tch\u00e8que \u00e0 Ostrava. J\u2019ai eu \u00e0 c\u0153ur de fusionner la culture fran\u00e7aise et tch\u00e8que, et de la faire partager au plus grand nombre\u00a0\u00bb.<\/p>\n\n<\/div>\n<\/div>\n<div id=\"faq-question-1758186346783\" class=\"rank-math-list-item\">\n<h3 class=\"rank-math-question \">Pierre Van Cutsem<\/h3>\n<div class=\"rank-math-answer \">\n<img loading=\"lazy\" decoding=\"async\" width=\"150\" height=\"150\" src=\"https:\/\/www.alliancefrancaise.cz\/ostrava\/wp-content\/uploads\/2025\/09\/PierreVan-Cutsem-150x150.jpg\" class=\"alignright\" alt=\"\" \/>\n<p><em>2023<\/em><\/p>\n<p>Calme et r\u00e9fl\u00e9chi, il a su partager avec nous sa passion pour la francophonie et pour la langue fran\u00e7aise, qu\u2019il a transmise avec enthousiasme, toujours accompagn\u00e9e de quelques blagues subtiles qui rendaient ses interventions \u00e0 la fois enrichissantes et conviviales.<\/p>\n\n<\/div>\n<\/div>\n<div id=\"faq-question-1758186416247\" class=\"rank-math-list-item\">\n<h3 class=\"rank-math-question \">Florent Brossolet<\/h3>\n<div class=\"rank-math-answer \">\n\n<p><em>2021 &#8211; 2023<\/em><\/p>\n\n<\/div>\n<\/div>\n<div id=\"faq-question-1758186861973\" class=\"rank-math-list-item\">\n<h3 class=\"rank-math-question \">Valentin Angevin<\/h3>\n<div class=\"rank-math-answer \">\n\n<p><em>2019 &#8211; 2021<\/em><\/p>\n\n<\/div>\n<\/div>\n<div id=\"faq-question-1758186918890\" class=\"rank-math-list-item\">\n<h3 class=\"rank-math-question \">Thomas Dougin<\/h3>\n<div class=\"rank-math-answer \">\n\n<p><em>2017 &#8211; 2019<\/em><\/p>\n\n<\/div>\n<\/div>\n<div id=\"faq-question-1758186965360\" class=\"rank-math-list-item\">\n<h3 class=\"rank-math-question \">Yrieix Bletton<\/h3>\n<div class=\"rank-math-answer \">\n\n<p><em>2017<\/em><\/p>\n\n<\/div>\n<\/div>\n<div id=\"faq-question-1758187026846\" class=\"rank-math-list-item\">\n<h3 class=\"rank-math-question \">Cedric Ramirez<\/h3>\n<div class=\"rank-math-answer \">\n\n<p><em>2016 &#8211; 2017<\/em><\/p>\n\n<\/div>\n<\/div>\n<div id=\"faq-question-1758187057397\" class=\"rank-math-list-item\">\n<h3 class=\"rank-math-question \">St\u00e9phane Roland<\/h3>\n<div class=\"rank-math-answer \">\n\n<p><em>2016<\/em><\/p>\n\n<\/div>\n<\/div>\n<div id=\"faq-question-1758187126144\" class=\"rank-math-list-item\">\n<h3 class=\"rank-math-question \">Olivier Dubert<\/h3>\n<div class=\"rank-math-answer \">\n\n<p><em>2012 &#8211; 2016<\/em><\/p>\n\n<\/div>\n<\/div>\n<div id=\"faq-question-1758187173512\" class=\"rank-math-list-item\">\n<h3 class=\"rank-math-question \">Franck Burlot<\/h3>\n<div class=\"rank-math-answer \">\n\n<p><em>2010 &#8211; 2012<\/em><\/p>\n\n<\/div>\n<\/div>\n<div id=\"faq-question-1758187275582\" class=\"rank-math-list-item\">\n<h3 class=\"rank-math-question \">Xavier Lavry<\/h3>\n<div class=\"rank-math-answer \">\n\n<p><em>2006 &#8211; 2010<\/em><\/p>\n\n<\/div>\n<\/div>\n<div id=\"faq-question-1758187370402\" class=\"rank-math-list-item\">\n<h3 class=\"rank-math-question \">Christophe Simon<\/h3>\n<div class=\"rank-math-answer \">\n\n<p><em>2002 &#8211; 2006<\/em><\/p>\n\n<\/div>\n<\/div>\n<div id=\"faq-question-1758187430333\" class=\"rank-math-list-item\">\n<h3 class=\"rank-math-question \">Robert Masciochi<\/h3>\n<div class=\"rank-math-answer \">\n\n<p><em>1997 &#8211; 2002<\/em><\/p>\n\n<\/div>\n<\/div>\n<\/div>\n<\/div>","protected":false},"excerpt":{"rendered":"<p>Depuis 1991, l\u2019Alliance fran\u00e7aise d\u2019Ostrava se consacre joyeusement \u00e0 la promotion de la langue fran\u00e7aise et des cultures francophones en Moravie-Sil\u00e9sie. Association tch\u00e8que \u00e0 but non lucratif, ind\u00e9pendante&#8230;<\/p>\n","protected":false},"author":4,"featured_media":0,"parent":0,"menu_order":0,"comment_status":"closed","ping_status":"closed","template":"","meta":{"_acf_changed":false,"footnotes":""},"class_list":["post-6808","page","type-page","status-publish","hentry"],"acf":[],"_links":{"self":[{"href":"https:\/\/www.alliancefrancaise.cz\/ostrava\/fr\/wp-json\/wp\/v2\/pages\/6808","targetHints":{"allow":["GET"]}}],"collection":[{"href":"https:\/\/www.alliancefrancaise.cz\/ostrava\/fr\/wp-json\/wp\/v2\/pages"}],"about":[{"href":"https:\/\/www.alliancefrancaise.cz\/ostrava\/fr\/wp-json\/wp\/v2\/types\/page"}],"author":[{"embeddable":true,"href":"https:\/\/www.alliancefrancaise.cz\/ostrava\/fr\/wp-json\/wp\/v2\/users\/4"}],"replies":[{"embeddable":true,"href":"https:\/\/www.alliancefrancaise.cz\/ostrava\/fr\/wp-json\/wp\/v2\/comments?post=6808"}],"version-history":[{"count":20,"href":"https:\/\/www.alliancefrancaise.cz\/ostrava\/fr\/wp-json\/wp\/v2\/pages\/6808\/revisions"}],"predecessor-version":[{"id":10157,"href":"https:\/\/www.alliancefrancaise.cz\/ostrava\/fr\/wp-json\/wp\/v2\/pages\/6808\/revisions\/10157"}],"wp:attachment":[{"href":"https:\/\/www.alliancefrancaise.cz\/ostrava\/fr\/wp-json\/wp\/v2\/media?parent=6808"}],"curies":[{"name":"wp","href":"https:\/\/api.w.org\/{rel}","templated":true}]}}