{"id":6814,"date":"2023-10-09T13:14:02","date_gmt":"2023-10-09T11:14:02","guid":{"rendered":"https:\/\/www.alliancefrancaise.cz\/ostrava\/?page_id=6814"},"modified":"2024-09-17T12:51:18","modified_gmt":"2024-09-17T10:51:18","slug":"cours-preparatoires-au-delf-et-au-dalf","status":"publish","type":"page","link":"https:\/\/www.alliancefrancaise.cz\/ostrava\/fr\/cours-preparatoires-au-delf-et-au-dalf\/","title":{"rendered":"DELF-DALF, qu\u2019est-ce que c\u2019est ?"},"content":{"rendered":"\n<p><\/p>\n\n\n\n<p>Le DELF et le DALF sont des dipl\u00f4mes de langue fran\u00e7aise, d\u00e9livr\u00e9s par le Minist\u00e8re fran\u00e7ais de l\u2019\u00c9ducation nationale. Ils sont reconnus dans tous les pays et sont valables \u00e0 vie.<\/p>\n\n\n\n<p><strong>DELF<\/strong>\u00a0&#8211; Dipl\u00f4me d\u2019\u00c9tudes en Langue Fran\u00e7aise<br><strong>DALF<\/strong>\u00a0&#8211; Dipl\u00f4me Approfondi de Langue Fran\u00e7aise<\/p>\n\n\n\n<figure class=\"wp-block-table\"><table><thead><tr><th><strong>Dipl\u00f4me<\/strong><\/th><th>Niveaux<\/th><\/tr><\/thead><tbody><tr><td>DELF<\/td><td>A1, A2, B1, B2<\/td><\/tr><tr><td>DALF<\/td><td>C1, C2<\/td><\/tr><\/tbody><\/table><\/figure>\n\n\n\n<p>Le syst\u00e8me DELF-DALF consiste en six examens ind\u00e9pendants, qui r\u00e9pondent au Cadre Europ\u00e9en Commun de R\u00e9f\u00e9rence pour les Langues (CECRL). Les candidats choisissent librement le niveau de l\u2019examen qu\u2019ils souhaitent pr\u00e9senter, ainsi il n\u2019est pas obligatoire d\u2019\u00eatre titulaire d\u2019un examen de niveau inf\u00e9rieur.<\/p>\n\n\n\n<p>Tous les examens du DELF et du DALF comprennent quatre comp\u00e9tences :<\/p>\n\n\n\n<ul class=\"wp-block-list\">\n<li>&nbsp;compr\u00e9hension de l\u2019oral<\/li>\n\n\n\n<li>&nbsp;compr\u00e9hension des \u00e9crits<\/li>\n\n\n\n<li>&nbsp;production \u00e9crite<\/li>\n\n\n\n<li>&nbsp;production orale<\/li>\n<\/ul>\n\n\n\n<p>Le\u00a0<strong>DELF Tout Public<\/strong>\u00a0et le\u00a0<strong>DALF<\/strong>\u00a0sont destin\u00e9s \u00e0 toutes les personnes d\u00e9sireuses de certifier leurs connaissances de la langue fran\u00e7aise.<\/p>\n\n\n\n<p>Le\u00a0<strong>DELF Junior<\/strong>\u00a0et le\u00a0<strong>DELF Scolaire<\/strong>\u00a0s\u2019adressent plus sp\u00e9cifiquement aux publics scolaires (niveau coll\u00e8ge et lyc\u00e9e). Les sujets des \u00e9preuves sont adapt\u00e9s \u00e0 ces publics.<\/p>\n\n\n\n<p>Le&nbsp;<strong>DELF Prim<\/strong>&nbsp;est r\u00e9serv\u00e9 uniquement aux \u00e9l\u00e8ves des classes primaires (6 \u00e0 11 ans). Les sujets des \u00e9preuves sont adapt\u00e9s \u00e0 ces publics.<\/p>\n\n\n\n<h2 class=\"wp-block-heading\">Pourquoi passer les examens ? <\/h2>\n\n\n\n<ul class=\"wp-block-list\">\n<li>C\u2019est une\u00a0<strong>certification de votre connaissance<\/strong>\u00a0du fran\u00e7ais et une\u00a0<strong>confirmation officielle de vos capacit\u00e9s, reconnue dans le monde entier<\/strong> et <strong>valide \u00e0 vie<\/strong>\u00a0;<\/li>\n\n\n\n<li><strong>Enrichir votre CV<\/strong>&nbsp;et&nbsp;<strong>ouvrir la porte \u00e0 un large \u00e9ventail d\u2019opportunit\u00e9s \u00e9ducatives ou professionnelles<\/strong>&nbsp;;<\/li>\n\n\n\n<li>Vous avez la possibilit\u00e9 d\u2019<strong>entrer dans une universit\u00e9 en France<\/strong>&nbsp;ou dans des universit\u00e9s francophones du monde entier sans avoir \u00e0 passer d\u2019examens linguistiques suppl\u00e9mentaires (\u00e0 partir du niveau B2) ;<\/li>\n\n\n\n<li>Vous aurez la possibilit\u00e9 de&nbsp;<strong>travailler dans un pays ou une r\u00e9gion francophone<\/strong>&nbsp;ou dans un environnement de travail bilingue.<\/li>\n<\/ul>\n\n\n\n<h3 class=\"wp-block-heading\"><\/h3>\n\n\n\n<p><\/p>\n","protected":false},"excerpt":{"rendered":"<p>Le DELF et le DALF sont des dipl\u00f4mes de langue fran\u00e7aise, d\u00e9livr\u00e9s par le Minist\u00e8re fran\u00e7ais de l\u2019\u00c9ducation nationale. Ils sont reconnus dans tous les pays et sont&#8230;<\/p>\n","protected":false},"author":4,"featured_media":0,"parent":0,"menu_order":0,"comment_status":"closed","ping_status":"closed","template":"","meta":{"_acf_changed":false,"footnotes":""},"class_list":["post-6814","page","type-page","status-publish","hentry"],"acf":[],"_links":{"self":[{"href":"https:\/\/www.alliancefrancaise.cz\/ostrava\/fr\/wp-json\/wp\/v2\/pages\/6814","targetHints":{"allow":["GET"]}}],"collection":[{"href":"https:\/\/www.alliancefrancaise.cz\/ostrava\/fr\/wp-json\/wp\/v2\/pages"}],"about":[{"href":"https:\/\/www.alliancefrancaise.cz\/ostrava\/fr\/wp-json\/wp\/v2\/types\/page"}],"author":[{"embeddable":true,"href":"https:\/\/www.alliancefrancaise.cz\/ostrava\/fr\/wp-json\/wp\/v2\/users\/4"}],"replies":[{"embeddable":true,"href":"https:\/\/www.alliancefrancaise.cz\/ostrava\/fr\/wp-json\/wp\/v2\/comments?post=6814"}],"version-history":[{"count":7,"href":"https:\/\/www.alliancefrancaise.cz\/ostrava\/fr\/wp-json\/wp\/v2\/pages\/6814\/revisions"}],"predecessor-version":[{"id":7513,"href":"https:\/\/www.alliancefrancaise.cz\/ostrava\/fr\/wp-json\/wp\/v2\/pages\/6814\/revisions\/7513"}],"wp:attachment":[{"href":"https:\/\/www.alliancefrancaise.cz\/ostrava\/fr\/wp-json\/wp\/v2\/media?parent=6814"}],"curies":[{"name":"wp","href":"https:\/\/api.w.org\/{rel}","templated":true}]}}