{"id":6816,"date":"2023-06-26T10:32:59","date_gmt":"2023-06-26T08:32:59","guid":{"rendered":"https:\/\/www.alliancefrancaise.cz\/ostrava\/?page_id=6816"},"modified":"2026-02-18T11:20:21","modified_gmt":"2026-02-18T10:20:21","slug":"notre-equipe","status":"publish","type":"page","link":"https:\/\/www.alliancefrancaise.cz\/ostrava\/fr\/notre-equipe\/","title":{"rendered":"Notre \u00e9quipe"},"content":{"rendered":"\n<div class=\"wp-block-group\"><div class=\"wp-block-group__inner-container is-layout-constrained wp-block-group-is-layout-constrained\">\n<div class=\"wp-block-group is-vertical is-layout-flex wp-container-core-group-is-layout-8cf370e7 wp-block-group-is-layout-flex\">\n<p><\/p>\n\n\n\n<div class=\"wp-block-group\"><div class=\"wp-block-group__inner-container is-layout-constrained wp-block-group-is-layout-constrained\">\n<div class=\"wp-block-media-text is-stacked-on-mobile\"><figure class=\"wp-block-media-text__media\"><img loading=\"lazy\" decoding=\"async\" width=\"1088\" height=\"1360\" src=\"https:\/\/www.alliancefrancaise.cz\/ostrava\/wp-content\/uploads\/2026\/02\/PHOTO-2026-02-18-11-14-21-1088x1360.jpg\" alt=\"\" class=\"wp-image-10149 size-full\" srcset=\"https:\/\/www.alliancefrancaise.cz\/ostrava\/wp-content\/uploads\/2026\/02\/PHOTO-2026-02-18-11-14-21-1088x1360.jpg 1088w, https:\/\/www.alliancefrancaise.cz\/ostrava\/wp-content\/uploads\/2026\/02\/PHOTO-2026-02-18-11-14-21-368x460.jpg 368w, https:\/\/www.alliancefrancaise.cz\/ostrava\/wp-content\/uploads\/2026\/02\/PHOTO-2026-02-18-11-14-21-768x960.jpg 768w, https:\/\/www.alliancefrancaise.cz\/ostrava\/wp-content\/uploads\/2026\/02\/PHOTO-2026-02-18-11-14-21.jpg 1638w\" sizes=\"auto, (max-width: 1088px) 100vw, 1088px\" \/><\/figure><div class=\"wp-block-media-text__content\">\n<h3 class=\"wp-block-heading\">Loris Vivarelli<\/h3>\n\n\n\n<h4 class=\"wp-block-heading\">Directeur<\/h4>\n\n\n\n<p>Originaire de la r\u00e9gion de Bordeaux, j&rsquo;ai fait des \u00e9tudes des langues avant d&rsquo;obtenir un Master destin\u00e9 \u00e0 l&rsquo;enseignement du fran\u00e7ais pour des francophones. Apr\u00e8s de nombreux stages et exp\u00e9riences professionnelles \u00e0 l&rsquo;\u00e9tranger (Japon, Ukraine, Portugal, Etats-Unis), je suis parti travailler pendant deux ans \u00e0 l&rsquo;Ambassade de France en Jordanie. Ayant l&rsquo;envie de revenir en Europe et de renouer avec le r\u00e9seau des Alliances Fran\u00e7aises, j&rsquo;ai d\u00e9cid\u00e9 de m&rsquo;installer en Tch\u00e9quie, pays que j&rsquo;appr\u00e9cie \u00e9norm\u00e9ment.<\/p>\n\n\n\n<p>Le but de notre Alliance est de proposer des cours de fran\u00e7ais, de faire passer des examens DELF\/DALF et de promouvoir les cultures francophones qui unissent notre belle langue. Je m&rsquo;engage \u00e0 \u00eatre un acteur impliqu\u00e9 au mieux dans cette mission \u00e0 Ostrava.<\/p>\n<\/div><\/div>\n<\/div><\/div>\n<\/div>\n<\/div><\/div>\n\n\n\n<div class=\"wp-block-group\"><div class=\"wp-block-group__inner-container is-layout-constrained wp-block-group-is-layout-constrained\">\n<p><\/p>\n\n\n\n<div class=\"wp-block-media-text has-media-on-the-right is-stacked-on-mobile\"><div class=\"wp-block-media-text__content\">\n<h3 class=\"wp-block-heading\">Miroslava Pavl\u00ednkov\u00e1<\/h3>\n\n\n\n<h4 class=\"wp-block-heading\">Pr\u00e9sidente<\/h4>\n\n\n\n<p><\/p>\n\n\n\n<p>Je fais partie des membres fondateurs de l\u2019Alliance Fran\u00e7aise d\u2019Ostrava. Depuis le d\u00e9but, en tant que premi\u00e8re professeur de fran\u00e7ais, j\u2019ai introduit les \u00e9tudiants dans le monde de cette belle langue.<\/p>\n<\/div><figure class=\"wp-block-media-text__media\"><img loading=\"lazy\" decoding=\"async\" width=\"400\" height=\"400\" src=\"https:\/\/www.alliancefrancaise.cz\/ostrava\/wp-content\/uploads\/2024\/02\/image-1.png\" alt=\"\" class=\"wp-image-6820 size-full\" srcset=\"https:\/\/www.alliancefrancaise.cz\/ostrava\/wp-content\/uploads\/2024\/02\/image-1.png 400w, https:\/\/www.alliancefrancaise.cz\/ostrava\/wp-content\/uploads\/2024\/02\/image-1-150x150.png 150w\" sizes=\"auto, (max-width: 400px) 100vw, 400px\" \/><\/figure><\/div>\n<\/div><\/div>\n\n\n\n<div class=\"wp-block-media-text is-stacked-on-mobile\"><figure class=\"wp-block-media-text__media\"><img loading=\"lazy\" decoding=\"async\" width=\"400\" height=\"400\" src=\"https:\/\/www.alliancefrancaise.cz\/ostrava\/wp-content\/uploads\/2024\/02\/image-2.png\" alt=\"\" class=\"wp-image-6825 size-full\" srcset=\"https:\/\/www.alliancefrancaise.cz\/ostrava\/wp-content\/uploads\/2024\/02\/image-2.png 400w, https:\/\/www.alliancefrancaise.cz\/ostrava\/wp-content\/uploads\/2024\/02\/image-2-150x150.png 150w\" sizes=\"auto, (max-width: 400px) 100vw, 400px\" \/><\/figure><div class=\"wp-block-media-text__content\">\n<h3 class=\"wp-block-heading\">Maxime Marsault<\/h3>\n\n\n\n<h4 class=\"wp-block-heading\">Parrain de l\u2019Alliance Fran\u00e7aise Ostrava<\/h4>\n\n\n\n<p><\/p>\n\n\n\n<p>Depuis plus de 30 ans, l\u2019Alliance Fran\u00e7aise Ostrava participe \u00e0 la vie culturelle et francophone de la r\u00e9gion de Moravie-Sil\u00e9sie. Elle a su s\u2019entourer de nombreux partenaires au fil des ann\u00e9es, notamment de l\u2019entreprise fran\u00e7aise Veolia.<\/p>\n<\/div><\/div>\n\n\n\n<div class=\"wp-block-media-text has-media-on-the-right is-stacked-on-mobile\"><div class=\"wp-block-media-text__content\">\n<h3 class=\"wp-block-heading\">Luk\u00e1\u0161 Musialek<\/h3>\n\n\n\n<h4 class=\"wp-block-heading\">Vice-pr\u00e9sident et enseignant de l\u2019Alliance Fran\u00e7aise Ostrava <\/h4>\n\n\n\n<p>Mon aventure avec le fran\u00e7ais a commenc\u00e9 en 2007-2008 \u00e0 l\u2019Alliance Fran\u00e7aise en tant qu\u2019\u00e9tudiant, puis s\u2019est poursuivie \u00e0 l\u2019universit\u00e9 de Brno et lors d\u2019un s\u00e9jour de deux ans en France. Le fran\u00e7ais est devenu une v\u00e9ritable passion que je transmets aujourd\u2019hui comme enseignant, en cours collectifs et individuels. J\u2019aime motiver mes \u00e9l\u00e8ves en leur faisant d\u00e9couvrir la langue et la richesse du monde francophone. En tant que vice-pr\u00e9sident je souhaite contribuer activement au d\u00e9veloppement de l\u2019Alliance&nbsp;Fran\u00e7aise.<\/p>\n<\/div><figure class=\"wp-block-media-text__media\"><img loading=\"lazy\" decoding=\"async\" width=\"1020\" height=\"1360\" src=\"https:\/\/www.alliancefrancaise.cz\/ostrava\/wp-content\/uploads\/2025\/06\/photo-lukas-1020x1360.jpg\" alt=\"\" class=\"wp-image-8988 size-full\" srcset=\"https:\/\/www.alliancefrancaise.cz\/ostrava\/wp-content\/uploads\/2025\/06\/photo-lukas-1020x1360.jpg 1020w, https:\/\/www.alliancefrancaise.cz\/ostrava\/wp-content\/uploads\/2025\/06\/photo-lukas-345x460.jpg 345w, https:\/\/www.alliancefrancaise.cz\/ostrava\/wp-content\/uploads\/2025\/06\/photo-lukas-768x1024.jpg 768w, https:\/\/www.alliancefrancaise.cz\/ostrava\/wp-content\/uploads\/2025\/06\/photo-lukas.jpg 1536w\" sizes=\"auto, (max-width: 1020px) 100vw, 1020px\" \/><\/figure><\/div>\n\n\n\n<hr class=\"wp-block-separator has-alpha-channel-opacity\"\/>\n\n\n\n<h2 class=\"wp-block-heading\">Nos enseignants et enseignantes<\/h2>\n\n\n\n<div class=\"wp-block-media-text is-stacked-on-mobile\"><figure class=\"wp-block-media-text__media\"><img loading=\"lazy\" decoding=\"async\" width=\"400\" height=\"400\" src=\"https:\/\/www.alliancefrancaise.cz\/ostrava\/wp-content\/uploads\/2024\/02\/image-3.png\" alt=\"\" class=\"wp-image-6827 size-full\" srcset=\"https:\/\/www.alliancefrancaise.cz\/ostrava\/wp-content\/uploads\/2024\/02\/image-3.png 400w, https:\/\/www.alliancefrancaise.cz\/ostrava\/wp-content\/uploads\/2024\/02\/image-3-150x150.png 150w\" sizes=\"auto, (max-width: 400px) 100vw, 400px\" \/><\/figure><div class=\"wp-block-media-text__content\">\n<h3 class=\"wp-block-heading\">Nadia Senhadji<\/h3>\n\n\n\n<p><\/p>\n\n\n\n<p>Bonjour ! Je m\u2019appelle Nadia, je suis fran\u00e7aise. J\u2019enseigne actuellement \u00e0 l\u2019universit\u00e9 d\u2019Ostrava au d\u00e9partement de langues romanes. Ma sp\u00e9cialit\u00e9&#8230; Communiquer en fran\u00e7ais. Prendre plaisir \u00e0 parler fran\u00e7ais est, pour moi, primordial.<\/p>\n<\/div><\/div>\n\n\n\n<div class=\"wp-block-media-text has-media-on-the-right is-stacked-on-mobile\"><div class=\"wp-block-media-text__content\">\n<h3 class=\"wp-block-heading\">Jakub Rube\u0161<\/h3>\n\n\n\n<p><\/p>\n\n\n\n<p>Ayant acquis une bonne connaissance du fran\u00e7ais gr\u00e2ce \u00e0 mes \u00e9tudes sup\u00e9rieures et plusieurs s\u00e9jours de longue dur\u00e9e en France, je suis ravi de pouvoir participer au soutien de la langue et culture fran\u00e7aises, ainsi que de leur promotion dans la ville.<\/p>\n<\/div><figure class=\"wp-block-media-text__media\"><img loading=\"lazy\" decoding=\"async\" width=\"400\" height=\"400\" src=\"https:\/\/www.alliancefrancaise.cz\/ostrava\/wp-content\/uploads\/2024\/02\/image-4.png\" alt=\"\" class=\"wp-image-6829 size-full\" srcset=\"https:\/\/www.alliancefrancaise.cz\/ostrava\/wp-content\/uploads\/2024\/02\/image-4.png 400w, https:\/\/www.alliancefrancaise.cz\/ostrava\/wp-content\/uploads\/2024\/02\/image-4-150x150.png 150w\" sizes=\"auto, (max-width: 400px) 100vw, 400px\" \/><\/figure><\/div>\n\n\n\n<div class=\"wp-block-media-text is-stacked-on-mobile\"><figure class=\"wp-block-media-text__media\"><img loading=\"lazy\" decoding=\"async\" width=\"400\" height=\"400\" src=\"https:\/\/www.alliancefrancaise.cz\/ostrava\/wp-content\/uploads\/2024\/02\/image-5.png\" alt=\"\" class=\"wp-image-6831 size-full\" srcset=\"https:\/\/www.alliancefrancaise.cz\/ostrava\/wp-content\/uploads\/2024\/02\/image-5.png 400w, https:\/\/www.alliancefrancaise.cz\/ostrava\/wp-content\/uploads\/2024\/02\/image-5-150x150.png 150w\" sizes=\"auto, (max-width: 400px) 100vw, 400px\" \/><\/figure><div class=\"wp-block-media-text__content\">\n<h3 class=\"wp-block-heading\">Dagmar \u0160tencov\u00e1<\/h3>\n\n\n\n<p><\/p>\n\n\n\n<p>Le fran\u00e7ais et la France sont mes amours de toujours. J\u2019ai enseign\u00e9 cette merveilleuse langue au lyc\u00e9e. J\u2019ai l\u2019honneur de travailler avec la superbe \u00e9quipe de l\u2019Alliance Fran\u00e7aise \u00e0 Ostrava. Je donne des cours du soir et des cours particuliers.<\/p>\n<\/div><\/div>\n\n\n\n<p><\/p>\n\n\n\n<div class=\"wp-block-media-text has-media-on-the-right is-stacked-on-mobile\"><div class=\"wp-block-media-text__content\">\n<h3 class=\"wp-block-heading\">Radim Hor\u00e1k<\/h3>\n\n\n\n<p><\/p>\n\n\n\n<p>J\u2019ai d\u00e9couvert la langue fran\u00e7aise \u00e0 l\u2019\u00e2ge de 15 ans en tant que lyc\u00e9en. Puis j\u2019ai poursuivi mes \u00e9tudes sup\u00e9rieures \u00e0 l\u2019Universit\u00e9 d\u2019Ostrava pour devenir enseignant de fran\u00e7ais et de tch\u00e8que. J\u2019ai fait mes premiers pas professionnels \u00e0 l\u2019Alliance fran\u00e7aise d\u2018Ostrava. Apr\u00e8s avoir enseign\u00e9 dix ans au Lyc\u00e9e de langues Pavel Tigrid, j\u2019ai bien aim\u00e9 me plonger au sein du milieu interculturel de L\u2019Ecole europ\u00e9enne de Bruxelles III. Amateur de th\u00e9\u00e2tre, de cin\u00e9ma, de journalisme, de langues, de montagne et de nature, je suis heureux de travailler pour l\u2019Alliance fran\u00e7aise d\u2019Ostrava depuis 2004 en partageant mon exp\u00e9rience avec un public motiv\u00e9.<\/p>\n<\/div><figure class=\"wp-block-media-text__media\"><img loading=\"lazy\" decoding=\"async\" width=\"400\" height=\"400\" src=\"https:\/\/www.alliancefrancaise.cz\/ostrava\/wp-content\/uploads\/2024\/02\/image-6.png\" alt=\"\" class=\"wp-image-6833 size-full\" srcset=\"https:\/\/www.alliancefrancaise.cz\/ostrava\/wp-content\/uploads\/2024\/02\/image-6.png 400w, https:\/\/www.alliancefrancaise.cz\/ostrava\/wp-content\/uploads\/2024\/02\/image-6-150x150.png 150w\" sizes=\"auto, (max-width: 400px) 100vw, 400px\" \/><\/figure><\/div>\n\n\n\n<p><\/p>\n","protected":false},"excerpt":{"rendered":"<p>Loris Vivarelli Directeur Originaire de la r\u00e9gion de Bordeaux, j&rsquo;ai fait des \u00e9tudes des langues avant d&rsquo;obtenir un Master destin\u00e9 \u00e0 l&rsquo;enseignement du fran\u00e7ais pour des francophones. Apr\u00e8s&#8230;<\/p>\n","protected":false},"author":4,"featured_media":0,"parent":0,"menu_order":0,"comment_status":"closed","ping_status":"closed","template":"","meta":{"_acf_changed":false,"footnotes":""},"class_list":["post-6816","page","type-page","status-publish","hentry"],"acf":[],"_links":{"self":[{"href":"https:\/\/www.alliancefrancaise.cz\/ostrava\/fr\/wp-json\/wp\/v2\/pages\/6816","targetHints":{"allow":["GET"]}}],"collection":[{"href":"https:\/\/www.alliancefrancaise.cz\/ostrava\/fr\/wp-json\/wp\/v2\/pages"}],"about":[{"href":"https:\/\/www.alliancefrancaise.cz\/ostrava\/fr\/wp-json\/wp\/v2\/types\/page"}],"author":[{"embeddable":true,"href":"https:\/\/www.alliancefrancaise.cz\/ostrava\/fr\/wp-json\/wp\/v2\/users\/4"}],"replies":[{"embeddable":true,"href":"https:\/\/www.alliancefrancaise.cz\/ostrava\/fr\/wp-json\/wp\/v2\/comments?post=6816"}],"version-history":[{"count":20,"href":"https:\/\/www.alliancefrancaise.cz\/ostrava\/fr\/wp-json\/wp\/v2\/pages\/6816\/revisions"}],"predecessor-version":[{"id":10151,"href":"https:\/\/www.alliancefrancaise.cz\/ostrava\/fr\/wp-json\/wp\/v2\/pages\/6816\/revisions\/10151"}],"wp:attachment":[{"href":"https:\/\/www.alliancefrancaise.cz\/ostrava\/fr\/wp-json\/wp\/v2\/media?parent=6816"}],"curies":[{"name":"wp","href":"https:\/\/api.w.org\/{rel}","templated":true}]}}