{"id":6836,"date":"2023-06-20T16:07:16","date_gmt":"2023-06-20T14:07:16","guid":{"rendered":"https:\/\/www.alliancefrancaise.cz\/ostrava\/?page_id=6836"},"modified":"2026-04-28T11:24:01","modified_gmt":"2026-04-28T09:24:01","slug":"dates-inscription-et-tarifs","status":"publish","type":"page","link":"https:\/\/www.alliancefrancaise.cz\/ostrava\/fr\/dates-inscription-et-tarifs\/","title":{"rendered":"Dates, inscription et tarifs 2026"},"content":{"rendered":"\n<p><\/p>\n\n\n\n<h2 class=\"wp-block-heading\"><strong>Calendrier des examens DELF<\/strong>-DALF<\/h2>\n\n\n\n<p>L\u2019Alliance fran\u00e7aise d&rsquo;Ostrava est un des huit centres d\u2019examens DELF-DALF en R\u00e9publique tch\u00e8que. Chaque ann\u00e9e, des cours de pr\u00e9paration \u00e0 ces examens sont propos\u00e9s \u00e0 nos \u00e9tudiants.<\/p>\n\n\n\n<p>Comme chaque ann\u00e9e, plusieurs sessions d&rsquo;examens sont propos\u00e9es dans le pays et certaines sont organis\u00e9es par l&rsquo;Alliance fran\u00e7aise d&rsquo;Ostrava.<\/p>\n\n\n\n<p>Pour savoir si une session ouvre \u00e0 l&rsquo;Alliance fran\u00e7aise d&rsquo;Ostrava, contactez-nous par email ou par t\u00e9l\u00e9phone, ou venez nous voir directement dans nos locaux, nous vous donnerons toutes les informations n\u00e9cessaires.<\/p>\n\n\n\n<div style=\"height:48px\" aria-hidden=\"true\" class=\"wp-block-spacer\"><\/div>\n\n\n\n<h2 class=\"wp-block-heading\">DELF-DALF Tout Public<\/h2>\n\n\n\n<figure class=\"wp-block-table is-style-stripes\"><table class=\"has-fixed-layout\"><tbody><tr><td class=\"has-text-align-center\" data-align=\"center\"><strong>Sessions<\/strong><\/td><td class=\"has-text-align-center\" data-align=\"center\"><strong>2026-02-T<br>(f\u00e9vrier)<\/strong><\/td><td class=\"has-text-align-center\" data-align=\"center\"><strong>2026-06-T<br>(juin)<\/strong><\/td><td class=\"has-text-align-center\" data-align=\"center\"><strong>2026-09-T<br>(septembre)<\/strong><\/td><\/tr><tr><td class=\"has-text-align-center\" data-align=\"center\"><strong>Niveaux<\/strong><\/td><td class=\"has-text-align-center\" data-align=\"center\">A1 &#8211; C2<\/td><td class=\"has-text-align-center\" data-align=\"center\">A1 &#8211; C2<\/td><td class=\"has-text-align-center\" data-align=\"center\">A1 &#8211; C2<\/td><\/tr><tr><td class=\"has-text-align-center\" data-align=\"center\"><strong>Inscriptions<\/strong><\/td><td class=\"has-text-align-center\" data-align=\"center\">16 d\u00e9cembre &#8211; 09 janvier<\/td><td class=\"has-text-align-center\" data-align=\"center\">24 avril &#8211; 26 mai<br><strong>Inscriptions ouvertes<\/strong><\/td><td class=\"has-text-align-center\" data-align=\"center\">06 juillet &#8211; 28 ao\u00fbt<\/td><\/tr><tr><td class=\"has-text-align-center\" data-align=\"center\"><strong>Dates des \u00e9preuves<\/strong><\/td><td class=\"has-text-align-center\" data-align=\"center\">02 au 06 f\u00e9vrier<\/td><td class=\"has-text-align-center\" data-align=\"center\">15 au 19 juin<\/td><td class=\"has-text-align-center\" data-align=\"center\">21 au 25 septembre<\/td><\/tr><\/tbody><\/table><\/figure>\n\n\n\n<div data-wp-interactive=\"core\/file\" class=\"wp-block-file\"><object data-wp-bind--hidden=\"!state.hasPdfPreview\" hidden class=\"wp-block-file__embed\" data=\"https:\/\/www.alliancefrancaise.cz\/ostrava\/wp-content\/uploads\/2025\/02\/Formulaire-dinscription-DELF-DALF.docx-1.pdf\" type=\"application\/pdf\" style=\"width:100%;height:200px\" aria-label=\"Contenu embarqu\u00e9 Formulaire d&apos;inscription DELF DALF.\"><\/object><a id=\"wp-block-file--media-c4947255-bbcd-4190-8028-b205c009c7ef\" href=\"https:\/\/www.alliancefrancaise.cz\/ostrava\/wp-content\/uploads\/2025\/02\/Formulaire-dinscription-DELF-DALF.docx-1.pdf\">Formulaire d&rsquo;inscription DELF DALF<\/a><a href=\"https:\/\/www.alliancefrancaise.cz\/ostrava\/wp-content\/uploads\/2025\/02\/Formulaire-dinscription-DELF-DALF.docx-1.pdf\" class=\"wp-block-file__button wp-element-button\" download aria-describedby=\"wp-block-file--media-c4947255-bbcd-4190-8028-b205c009c7ef\">T\u00e9l\u00e9charger<\/a><\/div>\n\n\n\n<hr class=\"wp-block-separator has-alpha-channel-opacity\"\/>\n\n\n\n<h2 class=\"wp-block-heading\">DELF Junior\/Scolaire<\/h2>\n\n\n\n<figure class=\"wp-block-table is-style-stripes\"><table class=\"has-fixed-layout\"><tbody><tr><td class=\"has-text-align-center\" data-align=\"center\"><strong>Sessions<\/strong><\/td><td class=\"has-text-align-center\" data-align=\"center\"><strong>2026-03-J<br>(mars)<\/strong><\/td><td class=\"has-text-align-center\" data-align=\"center\"><strong>2026-06-J<br>(juin)<\/strong><\/td><td class=\"has-text-align-center\" data-align=\"center\"><strong>2026-11-S<br>(novembre)<\/strong><\/td><\/tr><tr><td class=\"has-text-align-center\" data-align=\"center\"><strong>Niveaux<\/strong><\/td><td class=\"has-text-align-center\" data-align=\"center\">A1 &#8211; B2<\/td><td class=\"has-text-align-center\" data-align=\"center\">A1 &#8211; B2<\/td><td class=\"has-text-align-center\" data-align=\"center\">A1 &#8211; B2<\/td><\/tr><tr><td class=\"has-text-align-center\" data-align=\"center\"><strong>Inscriptions<\/strong><\/td><td class=\"has-text-align-center\" data-align=\"center\">02 f\u00e9vrier &#8211; 08 mars<\/td><td class=\"has-text-align-center\" data-align=\"center\">20 avril &#8211; 20 mai<br><strong>Inscriptions ouvertes <\/strong><\/td><td class=\"has-text-align-center\" data-align=\"center\">14 septembre &#8211; 09 octobre<strong> <\/strong><\/td><\/tr><tr><td class=\"has-text-align-center\" data-align=\"center\"><strong>Dates des \u00e9preuves<\/strong><\/td><td class=\"has-text-align-center\" data-align=\"center\">16 au 18 mars<\/td><td class=\"has-text-align-center\" data-align=\"center\">02 au 05 juin<\/td><td class=\"has-text-align-center\" data-align=\"center\">10 au 13 novembre<\/td><\/tr><\/tbody><\/table><\/figure>\n\n\n\n<div data-wp-interactive=\"core\/file\" class=\"wp-block-file\"><object data-wp-bind--hidden=\"!state.hasPdfPreview\" hidden class=\"wp-block-file__embed\" data=\"https:\/\/www.alliancefrancaise.cz\/ostrava\/wp-content\/uploads\/2025\/02\/Formulaire-dinscription-DELF-DALF.docx-1.pdf\" type=\"application\/pdf\" style=\"width:100%;height:200px\" aria-label=\"Contenu embarqu\u00e9 Formulaire d&apos;inscription DELF DALF.\"><\/object><a id=\"wp-block-file--media-c4947255-bbcd-4190-8028-b205c009c7ef\" href=\"https:\/\/www.alliancefrancaise.cz\/ostrava\/wp-content\/uploads\/2025\/02\/Formulaire-dinscription-DELF-DALF.docx-1.pdf\">Formulaire d&rsquo;inscription DELF DALF<\/a><a href=\"https:\/\/www.alliancefrancaise.cz\/ostrava\/wp-content\/uploads\/2025\/02\/Formulaire-dinscription-DELF-DALF.docx-1.pdf\" class=\"wp-block-file__button wp-element-button\" download aria-describedby=\"wp-block-file--media-c4947255-bbcd-4190-8028-b205c009c7ef\">T\u00e9l\u00e9charger<\/a><\/div>\n\n\n\n<h2 class=\"wp-block-heading\"><\/h2>\n\n\n\n<hr class=\"wp-block-separator has-alpha-channel-opacity\"\/>\n\n\n\n<h2 class=\"wp-block-heading\"><strong>Liste des prix des examens<\/strong><\/h2>\n\n\n\n<p>Liste de prix actualis\u00e9e pour les examens organis\u00e9s en 2026<\/p>\n\n\n\n<figure class=\"wp-block-table is-style-stripes\"><table class=\"has-fixed-layout\"><tbody><tr><td class=\"has-text-align-center\" data-align=\"center\"><\/td><td class=\"has-text-align-center\" data-align=\"center\"><strong>A1.1<\/strong><\/td><td class=\"has-text-align-center\" data-align=\"center\"><strong>A1<\/strong><\/td><td class=\"has-text-align-center\" data-align=\"center\"><strong>A2<\/strong><\/td><td class=\"has-text-align-center\" data-align=\"center\"><strong>B1<\/strong><\/td><td class=\"has-text-align-center\" data-align=\"center\"><strong>B2<\/strong><\/td><td class=\"has-text-align-center\" data-align=\"center\"><strong>C1<\/strong><\/td><td class=\"has-text-align-center\" data-align=\"center\"><strong>C2<\/strong><\/td><\/tr><tr><td class=\"has-text-align-center\" data-align=\"center\">DELF-DALF <br>Tout Public<\/td><td class=\"has-text-align-center\" data-align=\"center\">&#8211;<\/td><td class=\"has-text-align-center\" data-align=\"center\">1 600 K\u010d<\/td><td class=\"has-text-align-center\" data-align=\"center\">1 700 K\u010d<\/td><td class=\"has-text-align-center\" data-align=\"center\">2 900 K\u010d<\/td><td class=\"has-text-align-center\" data-align=\"center\">3 100 K\u010d<\/td><td class=\"has-text-align-center\" data-align=\"center\">4 000 K\u010d<\/td><td class=\"has-text-align-center\" data-align=\"center\">4 200 K\u010d<\/td><\/tr><tr><td class=\"has-text-align-center\" data-align=\"center\">DELF <br>Junior\/Scolaire<\/td><td class=\"has-text-align-center\" data-align=\"center\">&#8211;<\/td><td class=\"has-text-align-center\" data-align=\"center\">1 300 K\u010d<\/td><td class=\"has-text-align-center\" data-align=\"center\">1 400 K\u010d<\/td><td class=\"has-text-align-center\" data-align=\"center\">2 000 K\u010d<\/td><td class=\"has-text-align-center\" data-align=\"center\">2 200 K\u010d<\/td><td class=\"has-text-align-center\" data-align=\"center\">&#8211;<\/td><td class=\"has-text-align-center\" data-align=\"center\">&#8211;<\/td><\/tr><\/tbody><\/table><\/figure>\n\n\n\n<div style=\"height:63px\" aria-hidden=\"true\" class=\"wp-block-spacer\"><\/div>\n\n\n\n<p><strong>Informations compl\u00e9mentaires<\/strong><br>Pour plus d&rsquo;informations sur les examens DELF et DALF, veuillez consulter le site de France \u00c9ducation International (filiale du Minist\u00e8re fran\u00e7ais de l&rsquo;\u00c9ducation nationale) :<\/p>\n\n\n\n<p><a href=\"https:\/\/www.france-education-international.fr\/diplome\/delf-tout-public\" target=\"_blank\" rel=\"noopener\">DELF tout public<br><\/a><a href=\"https:\/\/www.france-education-international.fr\/diplome\/delf-junior-scolaire\" data-type=\"link\" data-id=\"https:\/\/www.france-education-international.fr\/diplome\/delf-junior-scolaire\" target=\"_blank\" rel=\"noopener\">DELF junior<\/a><br><a href=\"https:\/\/www.france-education-international.fr\/diplome\/delf-junior-scolaire\" data-type=\"link\" data-id=\"https:\/\/www.france-education-international.fr\/diplome\/delf-junior-scolaire\" target=\"_blank\" rel=\"noopener\">DELF scolaire<\/a><br><a href=\"https:\/\/www.france-education-international.fr\/diplome\/dalf\" data-type=\"link\" data-id=\"https:\/\/www.france-education-international.fr\/diplome\/dalf\" target=\"_blank\" rel=\"noopener\">DALF<\/a><\/p>\n","protected":false},"excerpt":{"rendered":"<p>Calendrier des examens DELF-DALF L\u2019Alliance fran\u00e7aise d&rsquo;Ostrava est un des huit centres d\u2019examens DELF-DALF en R\u00e9publique tch\u00e8que. Chaque ann\u00e9e, des cours de pr\u00e9paration \u00e0 ces examens sont propos\u00e9s&#8230;<\/p>\n","protected":false},"author":4,"featured_media":0,"parent":0,"menu_order":0,"comment_status":"closed","ping_status":"closed","template":"","meta":{"_acf_changed":false,"footnotes":""},"class_list":["post-6836","page","type-page","status-publish","hentry"],"acf":[],"_links":{"self":[{"href":"https:\/\/www.alliancefrancaise.cz\/ostrava\/fr\/wp-json\/wp\/v2\/pages\/6836","targetHints":{"allow":["GET"]}}],"collection":[{"href":"https:\/\/www.alliancefrancaise.cz\/ostrava\/fr\/wp-json\/wp\/v2\/pages"}],"about":[{"href":"https:\/\/www.alliancefrancaise.cz\/ostrava\/fr\/wp-json\/wp\/v2\/types\/page"}],"author":[{"embeddable":true,"href":"https:\/\/www.alliancefrancaise.cz\/ostrava\/fr\/wp-json\/wp\/v2\/users\/4"}],"replies":[{"embeddable":true,"href":"https:\/\/www.alliancefrancaise.cz\/ostrava\/fr\/wp-json\/wp\/v2\/comments?post=6836"}],"version-history":[{"count":19,"href":"https:\/\/www.alliancefrancaise.cz\/ostrava\/fr\/wp-json\/wp\/v2\/pages\/6836\/revisions"}],"predecessor-version":[{"id":10267,"href":"https:\/\/www.alliancefrancaise.cz\/ostrava\/fr\/wp-json\/wp\/v2\/pages\/6836\/revisions\/10267"}],"wp:attachment":[{"href":"https:\/\/www.alliancefrancaise.cz\/ostrava\/fr\/wp-json\/wp\/v2\/media?parent=6836"}],"curies":[{"name":"wp","href":"https:\/\/api.w.org\/{rel}","templated":true}]}}