{"id":6841,"date":"2023-10-10T17:44:12","date_gmt":"2023-10-10T15:44:12","guid":{"rendered":"https:\/\/www.alliancefrancaise.cz\/ostrava\/?page_id=6841"},"modified":"2024-04-08T16:54:50","modified_gmt":"2024-04-08T14:54:50","slug":"politique-de-securite-et-confidentialite","status":"publish","type":"page","link":"https:\/\/www.alliancefrancaise.cz\/ostrava\/fr\/politique-de-securite-et-confidentialite\/","title":{"rendered":"POLITIQUE DE S\u00c9CURIT\u00c9 ET CONFIDENTIALIT\u00c9"},"content":{"rendered":"\n<p>Informations sur le traitement des donn\u00e9es personnelles au sein de l\u2019Alliance Fran\u00e7aise Ostrava, z.s, si\u00e8ge \u00e0 \u010cs. legi\u00ed 1364\/20, Ostrava \u2013 Moravsk\u00e1 Ostrava,&nbsp;I\u010c 68145446, (ci-apr\u00e8s d\u00e9nomm\u00e9 AF).<\/p>\n\n\n\n<p>\u00c0 la suite de l\u2019entr\u00e9e en vigueur du r\u00e8glement (UE) 2016\/679 du Parlement europ\u00e9en et du Conseil du 27 avril 2016 relatif \u00e0 la protection des personnes physiques \u00e0 l\u2019\u00e9gard du traitement des donn\u00e9es \u00e0 caract\u00e8re personnel et \u00e0 la libre circulation de ces donn\u00e9es, et abrogeant la directive 95\/46 \/ CE (R\u00e8glement g\u00e9n\u00e9ral sur la protection des donn\u00e9es \u00e0 caract\u00e8re personnel) l\u2019AF fournit des informations sur la mani\u00e8re et l\u2019ampleur du traitement des donn\u00e9es \u00e0 caract\u00e8re personnel en ce qui concerne le r\u00e8glement pr\u00e9cit\u00e9 de l\u2019UE sur la protection des donn\u00e9es \u00e0 caract\u00e8re personnel (ci-apr\u00e8s d\u00e9nomm\u00e9 le \u00ab&nbsp;RGPD&nbsp;\u00bb).<\/p>\n\n\n\n<p>L\u2019AF traite les donn\u00e9es personnelles dans les \u00e9tendues suivantes&nbsp;:<\/p>\n\n\n\n<p>\u2022 donn\u00e9es d\u2019identification et coordonn\u00e9es&nbsp;: nom et pr\u00e9nom de l\u2019\u00e9tudiant \/ membre de l\u2019association \/ employ\u00e9 \/ demandeur d\u2019emploi, nom et pr\u00e9nom du repr\u00e9sentant l\u00e9gal, adresse du domicile, t\u00e9l\u00e9phone, adresse \u00e9lectronique&nbsp;;<br>\u2022 photos \u00e0 des fins d\u2019information et de promotion (avec permission)&nbsp;;<br>\u2022 autres donn\u00e9es personnelles sous la forme d\u2019une \u00e9valuation des comp\u00e9tences linguistiques de l\u2019\u00e9tudiant, d\u2019informations de paiement.<\/p>\n\n\n\n<p>Les donn\u00e9es personnelles que nous traitons avec le consentement sont indiqu\u00e9es dans le consentement au traitement des donn\u00e9es personnelles que vous accordez dans le cadre de la demande d\u2019\u00e9tude \/ inscription \u00e0 l\u2019association.<\/p>\n\n\n\n<p>Nous recueillons et traitons uniquement les informations personnelles aux fins pr\u00e9vues et les utilisons pour&nbsp;:<\/p>\n\n\n\n<p>\u2022 l\u2019ex\u00e9cution du contrat et prestation de services, c\u2019est-\u00e0-dire offre de cours de langue et de formation et activit\u00e9s culturelles de l\u2019association&nbsp;;<br>\u2022 la communication avec les \u00e9tudiants \/ membres de l\u2019association \/ employ\u00e9s \/ demandeurs d\u2019emploi et repr\u00e9sentants l\u00e9gaux&nbsp;;<br>\u2022 informer sur les cours, les activit\u00e9s culturelles, \u00e9ducatives et autres de l\u2019association, leurs changements et leurs actualit\u00e9s&nbsp;;<br>\u2022 le respect des obligations l\u00e9gales et \u00e0 des fins comptables et fiscales&nbsp;;<br>\u2022 dossiers des \u00e9tudiants et des membres de l\u2019association&nbsp;;<br>\u2022 les fins promotionnelles&nbsp;;<br>\u2022 le respect des obligations du droit du travail de la part de l\u2019AF en tant qu\u2019employeur, y compris le recrutement et la s\u00e9lection des employ\u00e9s&nbsp;;<br>\u2022 la conclusion et l\u2019ex\u00e9cution d\u2019un contrat avec des partenaires commerciaux&nbsp;;<br>\u2022 r\u00e9alisation du but de l\u2019association selon le registre des associations.<\/p>\n\n\n\n<p>Les donn\u00e9es personnelles aux fins pr\u00e9cis\u00e9es ci-dessus sont trait\u00e9es dans la mesure n\u00e9cessaire \u00e0 la r\u00e9alisation des objectifs de l\u2019Association et \u00e0 ses activit\u00e9s telles que d\u00e9finies dans le registre des associations et pendant le temps n\u00e9cessaire pour les atteindre ou pour une p\u00e9riode directement d\u00e9termin\u00e9e par les lois et r\u00e8glements. Les donn\u00e9es personnelles sont ensuite supprim\u00e9es ou anonymis\u00e9es.<\/p>\n\n\n\n<p>Il est possible de d\u00e9poser une opposition au traitement des donn\u00e9es \u00e0 caract\u00e8re personnel par courrier \u00e9lectronique \u00e0 l\u2019adresse ostrava@alliancefrancaise.cz ou par courrier postal afin d\u2019exercer le droit d\u2019acc\u00e8s, de rectification ou de suppression du traitement des donn\u00e9es \u00e0 caract\u00e8re personnel, ainsi que l\u2019exercice du droit \u00e0 la portabilit\u00e9 des donn\u00e9es et d\u2019autres droits en vertu du r\u00e8glement g\u00e9n\u00e9ral sur la protection des donn\u00e9es. De la mani\u00e8re susmentionn\u00e9e, les personnes concern\u00e9es peuvent contacter l\u2019AF dans le cas du traitement des donn\u00e9es sur la base du consentement et \u00e9galement dans le but de retirer leur consentement au traitement des donn\u00e9es \u00e0 caract\u00e8re personnel.<\/p>\n","protected":false},"excerpt":{"rendered":"<p>Informations sur le traitement des donn\u00e9es personnelles au sein de l\u2019Alliance Fran\u00e7aise Ostrava, z.s, si\u00e8ge \u00e0 \u010cs. legi\u00ed 1364\/20, Ostrava \u2013 Moravsk\u00e1 Ostrava,&nbsp;I\u010c 68145446, (ci-apr\u00e8s d\u00e9nomm\u00e9 AF). \u00c0&#8230;<\/p>\n","protected":false},"author":4,"featured_media":0,"parent":0,"menu_order":0,"comment_status":"closed","ping_status":"closed","template":"","meta":{"_acf_changed":false,"footnotes":""},"class_list":["post-6841","page","type-page","status-publish","hentry"],"acf":[],"_links":{"self":[{"href":"https:\/\/www.alliancefrancaise.cz\/ostrava\/fr\/wp-json\/wp\/v2\/pages\/6841","targetHints":{"allow":["GET"]}}],"collection":[{"href":"https:\/\/www.alliancefrancaise.cz\/ostrava\/fr\/wp-json\/wp\/v2\/pages"}],"about":[{"href":"https:\/\/www.alliancefrancaise.cz\/ostrava\/fr\/wp-json\/wp\/v2\/types\/page"}],"author":[{"embeddable":true,"href":"https:\/\/www.alliancefrancaise.cz\/ostrava\/fr\/wp-json\/wp\/v2\/users\/4"}],"replies":[{"embeddable":true,"href":"https:\/\/www.alliancefrancaise.cz\/ostrava\/fr\/wp-json\/wp\/v2\/comments?post=6841"}],"version-history":[{"count":1,"href":"https:\/\/www.alliancefrancaise.cz\/ostrava\/fr\/wp-json\/wp\/v2\/pages\/6841\/revisions"}],"predecessor-version":[{"id":6842,"href":"https:\/\/www.alliancefrancaise.cz\/ostrava\/fr\/wp-json\/wp\/v2\/pages\/6841\/revisions\/6842"}],"wp:attachment":[{"href":"https:\/\/www.alliancefrancaise.cz\/ostrava\/fr\/wp-json\/wp\/v2\/media?parent=6841"}],"curies":[{"name":"wp","href":"https:\/\/api.w.org\/{rel}","templated":true}]}}