{"id":6867,"date":"2024-04-03T10:18:07","date_gmt":"2024-04-03T08:18:07","guid":{"rendered":"https:\/\/www.alliancefrancaise.cz\/ostrava\/?page_id=6867"},"modified":"2024-11-13T13:01:04","modified_gmt":"2024-11-13T12:01:04","slug":"partenaires-institutionnels","status":"publish","type":"page","link":"https:\/\/www.alliancefrancaise.cz\/ostrava\/fr\/partenaires-institutionnels\/","title":{"rendered":"Partenaires institutionnels"},"content":{"rendered":"\n<h2 class=\"wp-block-heading\">Moravskoslezsk\u00fd kraj<\/h2>\n\n\n\n<p>La r\u00e9gion de Moravie-Sil\u00e9sie a accord\u00e9 une subvention pour la mise en \u0153uvre du projet \u00ab\u00a0Automne fran\u00e7ais \u00e0 Ostrava\u00a0\u00bb pendant l\u2019ann\u00e9e de la Pr\u00e9sidence fran\u00e7aise et tch\u00e8que de l\u2019UE<\/p>\n\n\n\n<figure class=\"wp-block-image size-full is-resized\"><img loading=\"lazy\" decoding=\"async\" width=\"340\" height=\"104\" src=\"https:\/\/www.alliancefrancaise.cz\/ostrava\/wp-content\/uploads\/2024\/04\/image.png\" alt=\"\" class=\"wp-image-7060\" style=\"width:304px;height:auto\"\/><\/figure>\n\n\n\n<p><a href=\"https:\/\/www.msk.cz\/\" target=\"_blank\" rel=\"noreferrer noopener\">MORAVSKOSLEZSK\u00dd KRAJ<\/a><\/p>\n\n\n\n<hr class=\"wp-block-separator has-alpha-channel-opacity\"\/>\n\n\n\n<h2 class=\"wp-block-heading\">Ville d&rsquo;Ostrava<\/h2>\n\n\n\n<figure class=\"wp-block-image size-full is-resized\"><img loading=\"lazy\" decoding=\"async\" width=\"520\" height=\"134\" src=\"https:\/\/www.alliancefrancaise.cz\/ostrava\/wp-content\/uploads\/2024\/11\/image.png\" alt=\"\" class=\"wp-image-7778\" style=\"width:418px;height:auto\" srcset=\"https:\/\/www.alliancefrancaise.cz\/ostrava\/wp-content\/uploads\/2024\/11\/image.png 520w, https:\/\/www.alliancefrancaise.cz\/ostrava\/wp-content\/uploads\/2024\/11\/image-460x119.png 460w\" sizes=\"auto, (max-width: 520px) 100vw, 520px\" \/><\/figure>\n\n\n\n<p><a href=\"https:\/\/www.ostrava.cz\/cs\" target=\"_blank\" rel=\"noopener\">VILLE D&rsquo;OSTRAVA<\/a><\/p>\n\n\n\n<hr class=\"wp-block-separator has-alpha-channel-opacity\"\/>\n\n\n\n<h2 class=\"wp-block-heading\">Ambassade de France en R\u00e9publique tch\u00e8que<\/h2>\n\n\n\n<figure class=\"wp-block-image size-full is-resized\"><img loading=\"lazy\" decoding=\"async\" width=\"1038\" height=\"822\" src=\"https:\/\/www.alliancefrancaise.cz\/ostrava\/wp-content\/uploads\/2024\/04\/image-1.png\" alt=\"\" class=\"wp-image-7062\" style=\"width:333px;height:auto\" srcset=\"https:\/\/www.alliancefrancaise.cz\/ostrava\/wp-content\/uploads\/2024\/04\/image-1.png 1038w, https:\/\/www.alliancefrancaise.cz\/ostrava\/wp-content\/uploads\/2024\/04\/image-1-460x364.png 460w, https:\/\/www.alliancefrancaise.cz\/ostrava\/wp-content\/uploads\/2024\/04\/image-1-768x608.png 768w\" sizes=\"auto, (max-width: 1038px) 100vw, 1038px\" \/><\/figure>\n\n\n\n<p><a href=\"https:\/\/cz.ambafrance.org\/\" target=\"_blank\" rel=\"noreferrer noopener\">AMBASSADE DE FRANCE EN R\u00c9PUBLIQUE TCHEQUE<\/a><\/p>\n\n\n\n<hr class=\"wp-block-separator has-alpha-channel-opacity\"\/>\n\n\n\n<h2 class=\"wp-block-heading\">Institut fran\u00e7ais de Prague<\/h2>\n\n\n\n<figure class=\"wp-block-image size-full is-resized\"><img loading=\"lazy\" decoding=\"async\" width=\"852\" height=\"631\" src=\"https:\/\/www.alliancefrancaise.cz\/ostrava\/wp-content\/uploads\/2024\/04\/image-2.png\" alt=\"\" class=\"wp-image-7064\" style=\"width:317px;height:auto\" srcset=\"https:\/\/www.alliancefrancaise.cz\/ostrava\/wp-content\/uploads\/2024\/04\/image-2.png 852w, https:\/\/www.alliancefrancaise.cz\/ostrava\/wp-content\/uploads\/2024\/04\/image-2-460x341.png 460w, https:\/\/www.alliancefrancaise.cz\/ostrava\/wp-content\/uploads\/2024\/04\/image-2-768x569.png 768w\" sizes=\"auto, (max-width: 852px) 100vw, 852px\" \/><\/figure>\n\n\n\n<p><a href=\"http:\/\/www.ifp.cz\/\" target=\"_blank\" rel=\"noreferrer noopener\">INSTITUT FRANCAIS DE PRAGUE<\/a><\/p>\n\n\n\n<hr class=\"wp-block-separator has-alpha-channel-opacity\"\/>\n\n\n\n<h2 class=\"wp-block-heading\">Statut\u00e1rn\u00ed m\u011bsto Ostrava a Nov\u00e1 radnice<\/h2>\n\n\n\n<figure class=\"wp-block-image size-full is-resized\"><img loading=\"lazy\" decoding=\"async\" width=\"900\" height=\"540\" src=\"https:\/\/www.alliancefrancaise.cz\/ostrava\/wp-content\/uploads\/2024\/04\/image-3.png\" alt=\"\" class=\"wp-image-7066\" style=\"width:333px;height:auto\" srcset=\"https:\/\/www.alliancefrancaise.cz\/ostrava\/wp-content\/uploads\/2024\/04\/image-3.png 900w, https:\/\/www.alliancefrancaise.cz\/ostrava\/wp-content\/uploads\/2024\/04\/image-3-460x276.png 460w, https:\/\/www.alliancefrancaise.cz\/ostrava\/wp-content\/uploads\/2024\/04\/image-3-768x461.png 768w\" sizes=\"auto, (max-width: 900px) 100vw, 900px\" \/><\/figure>\n\n\n\n<p><a href=\"http:\/\/www.ostrava.cz\/\" rel=\"noreferrer noopener\" target=\"_blank\">STATUT\u00c1RN\u00cd M\u011aSTO OSTRAVA<\/a><\/p>\n\n\n\n<hr class=\"wp-block-separator has-alpha-channel-opacity\"\/>\n\n\n\n<h2 class=\"wp-block-heading\">Ostravsk\u00e1 univerzita<\/h2>\n\n\n\n<figure class=\"wp-block-image size-full\"><img loading=\"lazy\" decoding=\"async\" width=\"214\" height=\"235\" src=\"https:\/\/www.alliancefrancaise.cz\/ostrava\/wp-content\/uploads\/2024\/04\/image-4.png\" alt=\"\" class=\"wp-image-7068\"\/><\/figure>\n\n\n\n<p><a href=\"http:\/\/www.osu.cz\/\" rel=\"noreferrer noopener\" target=\"_blank\">OSTRAVSK\u00c1 UNIVERZITA<\/a><\/p>\n\n\n\n<hr class=\"wp-block-separator has-alpha-channel-opacity\"\/>\n\n\n\n<h2 class=\"wp-block-heading\">MOaP<\/h2>\n\n\n\n<figure class=\"wp-block-image size-full is-resized\"><img loading=\"lazy\" decoding=\"async\" width=\"600\" height=\"120\" src=\"https:\/\/www.alliancefrancaise.cz\/ostrava\/wp-content\/uploads\/2024\/04\/image-5.png\" alt=\"\" class=\"wp-image-7070\" style=\"width:460px;height:auto\" srcset=\"https:\/\/www.alliancefrancaise.cz\/ostrava\/wp-content\/uploads\/2024\/04\/image-5.png 600w, https:\/\/www.alliancefrancaise.cz\/ostrava\/wp-content\/uploads\/2024\/04\/image-5-460x92.png 460w\" sizes=\"auto, (max-width: 600px) 100vw, 600px\" \/><\/figure>\n\n\n\n<p><a href=\"http:\/\/www.moap.cz\/\" rel=\"noreferrer noopener\" target=\"_blank\">M\u011aSTSK\u00dd OBVOD MORAVSK\u00c1 OSTRAVA A P\u0158\u00cdVOZ<\/a><\/p>\n\n\n\n<hr class=\"wp-block-separator has-alpha-channel-opacity\"\/>\n\n\n\n<h2 class=\"wp-block-heading\">Lotrinsk\u00fd region<\/h2>\n\n\n\n<figure class=\"wp-block-image size-full is-resized\"><img loading=\"lazy\" decoding=\"async\" width=\"471\" height=\"107\" src=\"https:\/\/www.alliancefrancaise.cz\/ostrava\/wp-content\/uploads\/2024\/04\/image-6.png\" alt=\"\" class=\"wp-image-7072\" style=\"width:383px;height:auto\" srcset=\"https:\/\/www.alliancefrancaise.cz\/ostrava\/wp-content\/uploads\/2024\/04\/image-6.png 471w, https:\/\/www.alliancefrancaise.cz\/ostrava\/wp-content\/uploads\/2024\/04\/image-6-460x105.png 460w\" sizes=\"auto, (max-width: 471px) 100vw, 471px\" \/><\/figure>\n\n\n\n<p><a href=\"http:\/\/www.cr-lorraine.fr\/jahia\/Jahia\/pid\/172\" target=\"_blank\" rel=\"noreferrer noopener\">R\u00c9GION LORRAINE<\/a><\/p>\n\n\n\n<hr class=\"wp-block-separator has-alpha-channel-opacity\"\/>\n\n\n\n<h2 class=\"wp-block-heading\">Lyc\u00e9es<\/h2>\n\n\n\n<p><strong><a href=\"https:\/\/www.jazgym.cz\/\" target=\"_blank\" rel=\"noopener\">Jazykov\u00e9 gymn\u00e1zium Pavla Tigrida<\/a><\/strong> est situ\u00e9 \u00e0 Ostrava &#8211; Poruba et propose depuis 1991 une fili\u00e8re d&rsquo;\u00e9tudes avec un enseignement approfondi des langues \u00e9trang\u00e8res. Depuis 2008, le lyc\u00e9e Pavel Tigrid a \u00e9galement ouvert une classe de fran\u00e7ais (dite section europ\u00e9enne) dans laquelle les \u00e9l\u00e8ves re\u00e7oivent non seulement un enseignement intensif de la langue fran\u00e7aise, mais aussi des cours de g\u00e9ographie et d&rsquo;histoire en fran\u00e7ais, dispens\u00e9s par des locuteurs natifs.<\/p>\n\n\n\n<p>Depuis 2009, l&rsquo;Alliance fran\u00e7aise d&rsquo;Ostrava organise une session d&rsquo;examens DELF Scolaire en collaboration avec le lyc\u00e9e Pavel Tigrid, le lyc\u00e9e Mati\u010dn\u00ed, le lyc\u00e9e de Sil\u00e9sie, le lyc\u00e9e Nov\u00fd Ji\u010d\u00edn, le lyc\u00e9e slave d&rsquo;Olomouc et le lyc\u00e9e J. \u0160koda de P\u0159erov, destin\u00e9 aux \u00e9l\u00e8ves de Moravie du nord et du centre.<\/p>\n\n\n\n<div style=\"height:33px\" aria-hidden=\"true\" class=\"wp-block-spacer\"><\/div>\n\n\n\n<p><strong><a href=\"https:\/\/mgo.cz\/jj\/\" target=\"_blank\" rel=\"noopener\">Mati\u010dn\u00ed gymn\u00e1zium Ostrava<\/a><\/strong>, fond\u00e9 en 1897 comme la premi\u00e8re \u00e9cole secondaire tch\u00e8que dans la r\u00e9gion germanophone de l&rsquo;Empire austro-hongrois, jouait un r\u00f4le tr\u00e8s important dans l&rsquo;\u00e9panouissement de la culture tch\u00e8que.<\/p>\n\n\n\n<p>Le lyc\u00e9e Mati\u010dn\u00ed a non seulement une longue tradition, mais aussi une renomm\u00e9e comme \u00e9tant l&rsquo;une des meilleures \u00e9coles secondaires de la r\u00e9gion. C&rsquo;est un lyc\u00e9e d&rsquo;enseignement g\u00e9n\u00e9ral avec plusieurs options et comptant environ 650 \u00e9l\u00e8ves.<\/p>\n\n\n\n<p>Le lyc\u00e9e Mati\u010dn\u00ed collabore avec l&rsquo;Alliance fran\u00e7aise d&rsquo;Ostrava depuis les ann\u00e9es 1990. Ses \u00e9l\u00e8ves participent r\u00e9guli\u00e8rement aux \u00e9v\u00e9nements culturels et p\u00e9dagogiques organis\u00e9s par l&rsquo;Alliance fran\u00e7aise d&rsquo;Ostrava.<\/p>\n","protected":false},"excerpt":{"rendered":"<p>Moravskoslezsk\u00fd kraj La r\u00e9gion de Moravie-Sil\u00e9sie a accord\u00e9 une subvention pour la mise en \u0153uvre du projet \u00ab\u00a0Automne fran\u00e7ais \u00e0 Ostrava\u00a0\u00bb pendant l\u2019ann\u00e9e de la Pr\u00e9sidence fran\u00e7aise et&#8230;<\/p>\n","protected":false},"author":4,"featured_media":0,"parent":0,"menu_order":0,"comment_status":"closed","ping_status":"closed","template":"","meta":{"_acf_changed":false,"footnotes":""},"class_list":["post-6867","page","type-page","status-publish","hentry"],"acf":[],"_links":{"self":[{"href":"https:\/\/www.alliancefrancaise.cz\/ostrava\/fr\/wp-json\/wp\/v2\/pages\/6867","targetHints":{"allow":["GET"]}}],"collection":[{"href":"https:\/\/www.alliancefrancaise.cz\/ostrava\/fr\/wp-json\/wp\/v2\/pages"}],"about":[{"href":"https:\/\/www.alliancefrancaise.cz\/ostrava\/fr\/wp-json\/wp\/v2\/types\/page"}],"author":[{"embeddable":true,"href":"https:\/\/www.alliancefrancaise.cz\/ostrava\/fr\/wp-json\/wp\/v2\/users\/4"}],"replies":[{"embeddable":true,"href":"https:\/\/www.alliancefrancaise.cz\/ostrava\/fr\/wp-json\/wp\/v2\/comments?post=6867"}],"version-history":[{"count":10,"href":"https:\/\/www.alliancefrancaise.cz\/ostrava\/fr\/wp-json\/wp\/v2\/pages\/6867\/revisions"}],"predecessor-version":[{"id":7781,"href":"https:\/\/www.alliancefrancaise.cz\/ostrava\/fr\/wp-json\/wp\/v2\/pages\/6867\/revisions\/7781"}],"wp:attachment":[{"href":"https:\/\/www.alliancefrancaise.cz\/ostrava\/fr\/wp-json\/wp\/v2\/media?parent=6867"}],"curies":[{"name":"wp","href":"https:\/\/api.w.org\/{rel}","templated":true}]}}