{"id":6872,"date":"2024-04-03T10:20:12","date_gmt":"2024-04-03T08:20:12","guid":{"rendered":"https:\/\/www.alliancefrancaise.cz\/ostrava\/?page_id=6872"},"modified":"2025-01-23T13:49:35","modified_gmt":"2025-01-23T12:49:35","slug":"partenaires-prives","status":"publish","type":"page","link":"https:\/\/www.alliancefrancaise.cz\/ostrava\/fr\/partenaires-prives\/","title":{"rendered":"Partenaires priv\u00e9s"},"content":{"rendered":"\n<p>Nous travaillons en \u00e9troite collaboration avec nos partenaires du secteur priv\u00e9. Nos partenariats avec les entreprises de la r\u00e9gion se caract\u00e9risent par la d\u00e9livrance de cours de fran\u00e7ais sous plusieurs formes :<\/p>\n\n\n\n<ul class=\"wp-block-list\">\n<li>Cours de fran\u00e7ais g\u00e9n\u00e9ral<\/li>\n\n\n\n<li>Cours de fran\u00e7ais th\u00e9matique<\/li>\n\n\n\n<li>Cours de conversation<\/li>\n<\/ul>\n\n\n\n<p>Nous venons au sein m\u00eame des locaux de nos entreprises partenaires afin de faciliter et d&rsquo;optimiser le temps de nos apprenants. <\/p>\n\n\n\n<figure class=\"wp-block-image size-large\"><img loading=\"lazy\" decoding=\"async\" width=\"962\" height=\"1360\" src=\"https:\/\/www.alliancefrancaise.cz\/ostrava\/wp-content\/uploads\/2024\/04\/DOSSIER-PARTENARIAT-Francais-1-962x1360.png\" alt=\"\" class=\"wp-image-7322\" srcset=\"https:\/\/www.alliancefrancaise.cz\/ostrava\/wp-content\/uploads\/2024\/04\/DOSSIER-PARTENARIAT-Francais-1-962x1360.png 962w, https:\/\/www.alliancefrancaise.cz\/ostrava\/wp-content\/uploads\/2024\/04\/DOSSIER-PARTENARIAT-Francais-1-325x460.png 325w, https:\/\/www.alliancefrancaise.cz\/ostrava\/wp-content\/uploads\/2024\/04\/DOSSIER-PARTENARIAT-Francais-1-768x1086.png 768w, https:\/\/www.alliancefrancaise.cz\/ostrava\/wp-content\/uploads\/2024\/04\/DOSSIER-PARTENARIAT-Francais-1.png 1414w\" sizes=\"auto, (max-width: 962px) 100vw, 962px\" \/><\/figure>\n\n\n\n<h2 class=\"wp-block-heading\">Veolia<\/h2>\n\n\n\n<figure class=\"wp-block-image size-full is-resized\"><img loading=\"lazy\" decoding=\"async\" width=\"450\" height=\"112\" src=\"https:\/\/www.alliancefrancaise.cz\/ostrava\/wp-content\/uploads\/2024\/09\/veolia-1.png\" alt=\"\" class=\"wp-image-7501\" style=\"width:350px;height:auto\"\/><\/figure>\n\n\n\n<p><a href=\"http:\/\/www.veolia.cz\/cs\/\" rel=\"noreferrer noopener\" target=\"_blank\">VEOLIA<\/a><\/p>\n\n\n\n<h2 class=\"wp-block-heading\">Ad-Lab<\/h2>\n\n\n\n<figure class=\"wp-block-image size-full\"><img decoding=\"async\" src=\"https:\/\/afostrava.propagondesign.cz\/wp-content\/uploads\/2024\/04\/1630622330328.jpeg\" alt=\"\" class=\"wp-image-6999\"\/><\/figure>\n\n\n\n<p><a href=\"https:\/\/ad-lab.fr\/#:~:text=AD%2DLAB%20est%20plus%20qu&#039;un%20simple%20laboratoire%20d&#039;,et%20de%20compr%C3%A9hension%20des%20chantiers.&amp;text=Professionnels%20de%20l&#039;immobilier%2C%20du,&#039;%C5%93uvre%20et%20d&#039;ouvrage.\" rel=\"noreferrer noopener\" target=\"_blank\">AD-LAB<\/a><\/p>\n\n\n\n<h2 class=\"wp-block-heading\">SUEZ CZ a.s.<\/h2>\n\n\n\n<figure class=\"wp-block-image size-full is-resized\"><img loading=\"lazy\" decoding=\"async\" width=\"2560\" height=\"814\" src=\"https:\/\/www.alliancefrancaise.cz\/ostrava\/wp-content\/uploads\/2024\/09\/suez-scaled.jpg\" alt=\"\" class=\"wp-image-7498\" style=\"width:393px;height:auto\" srcset=\"https:\/\/www.alliancefrancaise.cz\/ostrava\/wp-content\/uploads\/2024\/09\/suez-scaled.jpg 2560w, https:\/\/www.alliancefrancaise.cz\/ostrava\/wp-content\/uploads\/2024\/09\/suez-460x146.jpg 460w, https:\/\/www.alliancefrancaise.cz\/ostrava\/wp-content\/uploads\/2024\/09\/suez-1360x433.jpg 1360w, https:\/\/www.alliancefrancaise.cz\/ostrava\/wp-content\/uploads\/2024\/09\/suez-768x244.jpg 768w\" sizes=\"auto, (max-width: 2560px) 100vw, 2560px\" \/><\/figure>\n\n\n\n<p><a href=\"https:\/\/www.suez.cz\/cs-cz\" rel=\"noreferrer noopener\" target=\"_blank\">SUEZ CZ A.S.<\/a><\/p>\n\n\n\n<h2 class=\"wp-block-heading\">Oxford Bookshop<\/h2>\n\n\n\n<figure class=\"wp-block-image size-full\"><img decoding=\"async\" src=\"https:\/\/afostrava.propagondesign.cz\/wp-content\/uploads\/2024\/04\/telechargement-1.png\" alt=\"\" class=\"wp-image-7003\"\/><\/figure>\n\n\n\n<p><a href=\"https:\/\/www.megabooks.cz\/ostrava\" target=\"_blank\" rel=\"noreferrer noopener\">OXFORD BOOKSHOP OSTRAVA<\/a><\/p>\n\n\n\n<h2 class=\"wp-block-heading\">Hanaf<\/h2>\n\n\n\n<figure class=\"wp-block-image size-full\"><img decoding=\"async\" src=\"https:\/\/afostrava.propagondesign.cz\/wp-content\/uploads\/2024\/04\/telechargement-2.png\" alt=\"\" class=\"wp-image-7005\"\/><\/figure>\n\n\n\n<p><\/p>\n\n\n\n<h2 class=\"wp-block-heading\">FLE.fr <\/h2>\n\n\n\n<figure class=\"wp-block-image size-full is-resized\"><a href=\"https:\/\/www.fle.fr\/\" target=\"_blank\" rel=\"noopener\"><img loading=\"lazy\" decoding=\"async\" width=\"992\" height=\"298\" src=\"https:\/\/www.alliancefrancaise.cz\/ostrava\/wp-content\/uploads\/2025\/01\/LOGO_Fle.fr_-1.jpg\" alt=\"\" class=\"wp-image-7906\" style=\"width:216px;height:auto\" srcset=\"https:\/\/www.alliancefrancaise.cz\/ostrava\/wp-content\/uploads\/2025\/01\/LOGO_Fle.fr_-1.jpg 992w, https:\/\/www.alliancefrancaise.cz\/ostrava\/wp-content\/uploads\/2025\/01\/LOGO_Fle.fr_-1-460x138.jpg 460w, https:\/\/www.alliancefrancaise.cz\/ostrava\/wp-content\/uploads\/2025\/01\/LOGO_Fle.fr_-1-768x231.jpg 768w\" sizes=\"auto, (max-width: 992px) 100vw, 992px\" \/><\/a><\/figure>\n\n\n\n<p><\/p>\n","protected":false},"excerpt":{"rendered":"<p>Nous travaillons en \u00e9troite collaboration avec nos partenaires du secteur priv\u00e9. Nos partenariats avec les entreprises de la r\u00e9gion se caract\u00e9risent par la d\u00e9livrance de cours de fran\u00e7ais&#8230;<\/p>\n","protected":false},"author":4,"featured_media":0,"parent":0,"menu_order":0,"comment_status":"closed","ping_status":"closed","template":"","meta":{"_acf_changed":false,"footnotes":""},"class_list":["post-6872","page","type-page","status-publish","hentry"],"acf":[],"_links":{"self":[{"href":"https:\/\/www.alliancefrancaise.cz\/ostrava\/fr\/wp-json\/wp\/v2\/pages\/6872","targetHints":{"allow":["GET"]}}],"collection":[{"href":"https:\/\/www.alliancefrancaise.cz\/ostrava\/fr\/wp-json\/wp\/v2\/pages"}],"about":[{"href":"https:\/\/www.alliancefrancaise.cz\/ostrava\/fr\/wp-json\/wp\/v2\/types\/page"}],"author":[{"embeddable":true,"href":"https:\/\/www.alliancefrancaise.cz\/ostrava\/fr\/wp-json\/wp\/v2\/users\/4"}],"replies":[{"embeddable":true,"href":"https:\/\/www.alliancefrancaise.cz\/ostrava\/fr\/wp-json\/wp\/v2\/comments?post=6872"}],"version-history":[{"count":11,"href":"https:\/\/www.alliancefrancaise.cz\/ostrava\/fr\/wp-json\/wp\/v2\/pages\/6872\/revisions"}],"predecessor-version":[{"id":7908,"href":"https:\/\/www.alliancefrancaise.cz\/ostrava\/fr\/wp-json\/wp\/v2\/pages\/6872\/revisions\/7908"}],"wp:attachment":[{"href":"https:\/\/www.alliancefrancaise.cz\/ostrava\/fr\/wp-json\/wp\/v2\/media?parent=6872"}],"curies":[{"name":"wp","href":"https:\/\/api.w.org\/{rel}","templated":true}]}}