{"id":6876,"date":"2024-04-03T09:46:20","date_gmt":"2024-04-03T07:46:20","guid":{"rendered":"https:\/\/www.alliancefrancaise.cz\/ostrava\/?page_id=6876"},"modified":"2024-09-17T12:14:51","modified_gmt":"2024-09-17T10:14:51","slug":"partenaires-culturels","status":"publish","type":"page","link":"https:\/\/www.alliancefrancaise.cz\/ostrava\/fr\/partenaires-culturels\/","title":{"rendered":"Partenaires culturels"},"content":{"rendered":"\n<h2 class=\"wp-block-heading\">Conservatoire de Leo\u0161 Jan\u00e1\u010dek<\/h2>\n\n\n\n<figure class=\"wp-block-image size-full is-resized\"><img loading=\"lazy\" decoding=\"async\" width=\"209\" height=\"125\" src=\"https:\/\/www.alliancefrancaise.cz\/ostrava\/wp-content\/uploads\/2024\/04\/images-1.jpeg\" alt=\"\" class=\"wp-image-7038\" style=\"width:255px;height:auto\"\/><\/figure>\n\n\n\n<p><a href=\"http:\/\/www.jko.cz\/\" rel=\"noreferrer noopener\" target=\"_blank\">CONSERVATOIRE DE LEO\u0160 JAN\u00c1\u010cEK<\/a><\/p>\n\n\n\n<hr class=\"wp-block-separator has-alpha-channel-opacity\"\/>\n\n\n\n<h2 class=\"wp-block-heading\">Biblioth\u00e8que d\u2019Ostrava<\/h2>\n\n\n\n<figure class=\"wp-block-image size-full\"><img loading=\"lazy\" decoding=\"async\" width=\"600\" height=\"63\" src=\"https:\/\/www.alliancefrancaise.cz\/ostrava\/wp-content\/uploads\/2024\/04\/telechargement-3-1.png\" alt=\"\" class=\"wp-image-7040\" srcset=\"https:\/\/www.alliancefrancaise.cz\/ostrava\/wp-content\/uploads\/2024\/04\/telechargement-3-1.png 600w, https:\/\/www.alliancefrancaise.cz\/ostrava\/wp-content\/uploads\/2024\/04\/telechargement-3-1-460x48.png 460w\" sizes=\"auto, (max-width: 600px) 100vw, 600px\" \/><\/figure>\n\n\n\n<p><a href=\"http:\/\/www.kmo.cz\/\" rel=\"noreferrer noopener\" target=\"_blank\">BIBLIOTH\u00c8QUE D\u2019OSTRAVA<\/a><\/p>\n\n\n\n<hr class=\"wp-block-separator has-alpha-channel-opacity\"\/>\n\n\n\n<h2 class=\"wp-block-heading\">Babylon Caf\u00e9<\/h2>\n\n\n\n<figure class=\"wp-block-image size-full\"><img loading=\"lazy\" decoding=\"async\" width=\"180\" height=\"180\" src=\"https:\/\/www.alliancefrancaise.cz\/ostrava\/wp-content\/uploads\/2024\/04\/telechargement-1.jpeg\" alt=\"\" class=\"wp-image-7036\" srcset=\"https:\/\/www.alliancefrancaise.cz\/ostrava\/wp-content\/uploads\/2024\/04\/telechargement-1.jpeg 180w, https:\/\/www.alliancefrancaise.cz\/ostrava\/wp-content\/uploads\/2024\/04\/telechargement-1-150x150.jpeg 150w\" sizes=\"auto, (max-width: 180px) 100vw, 180px\" \/><\/figure>\n\n\n\n<p><a href=\"https:\/\/www.facebook.com\/babylonCafeOstrava\/\" rel=\"noreferrer noopener\" target=\"_blank\">BABYLON CAF\u00c9<\/a><\/p>\n\n\n\n<hr class=\"wp-block-separator has-alpha-channel-opacity\"\/>\n\n\n\n<h2 class=\"wp-block-heading\">Klub Parn\u00edk<\/h2>\n\n\n\n<figure class=\"wp-block-image size-full\"><img loading=\"lazy\" decoding=\"async\" width=\"800\" height=\"532\" src=\"https:\/\/www.alliancefrancaise.cz\/ostrava\/wp-content\/uploads\/2024\/04\/6703d6560e83702ae61f8b4360bf688527964506_Klub-Parnik-2-1.jpeg\" alt=\"\" class=\"wp-image-7033\" srcset=\"https:\/\/www.alliancefrancaise.cz\/ostrava\/wp-content\/uploads\/2024\/04\/6703d6560e83702ae61f8b4360bf688527964506_Klub-Parnik-2-1.jpeg 800w, https:\/\/www.alliancefrancaise.cz\/ostrava\/wp-content\/uploads\/2024\/04\/6703d6560e83702ae61f8b4360bf688527964506_Klub-Parnik-2-1-460x306.jpeg 460w, https:\/\/www.alliancefrancaise.cz\/ostrava\/wp-content\/uploads\/2024\/04\/6703d6560e83702ae61f8b4360bf688527964506_Klub-Parnik-2-1-768x511.jpeg 768w, https:\/\/www.alliancefrancaise.cz\/ostrava\/wp-content\/uploads\/2024\/04\/6703d6560e83702ae61f8b4360bf688527964506_Klub-Parnik-2-1-440x294.jpeg 440w\" sizes=\"auto, (max-width: 800px) 100vw, 800px\" \/><\/figure>\n\n\n\n<p><a href=\"https:\/\/www.klub-parnik.cz\/\" target=\"_blank\" rel=\"noreferrer noopener\">CLUB PARN\u00cdK<\/a>\u00a0est partenaire de l&rsquo;Alliance fran\u00e7aise d&rsquo;Ostrava.<\/p>\n\n\n\n<hr class=\"wp-block-separator has-alpha-channel-opacity\"\/>\n\n\n\n<h2 class=\"wp-block-heading\">La Petite Conversation<\/h2>\n\n\n\n<figure class=\"wp-block-image size-full\"><img loading=\"lazy\" decoding=\"async\" width=\"474\" height=\"85\" src=\"https:\/\/www.alliancefrancaise.cz\/ostrava\/wp-content\/uploads\/2024\/04\/lapeco-logo-stit-1.png\" alt=\"\" class=\"wp-image-7031\" srcset=\"https:\/\/www.alliancefrancaise.cz\/ostrava\/wp-content\/uploads\/2024\/04\/lapeco-logo-stit-1.png 474w, https:\/\/www.alliancefrancaise.cz\/ostrava\/wp-content\/uploads\/2024\/04\/lapeco-logo-stit-1-460x82.png 460w\" sizes=\"auto, (max-width: 474px) 100vw, 474px\" \/><\/figure>\n\n\n\n<p>Go\u00fbtez \u00e0 la gastronomie belge dans une atmosph\u00e8re typique d\u2019un caf\u00e9 belge &#8211;\u00a0<a href=\"http:\/\/www.lapeco.cz\/\" target=\"_blank\" rel=\"noreferrer noopener\">LAPECO<\/a><\/p>\n\n\n\n<hr class=\"wp-block-separator has-alpha-channel-opacity\"\/>\n\n\n\n<h2 class=\"wp-block-heading\">Le cin\u00e9ma Minikino<\/h2>\n\n\n\n<figure class=\"wp-block-image size-full\"><img loading=\"lazy\" decoding=\"async\" width=\"900\" height=\"600\" src=\"https:\/\/www.alliancefrancaise.cz\/ostrava\/wp-content\/uploads\/2024\/04\/9d98f3c0090a48f6fb0c202a34e26dcc19f787dd_Minikino_900x600-1.jpeg\" alt=\"\" class=\"wp-image-7042\" srcset=\"https:\/\/www.alliancefrancaise.cz\/ostrava\/wp-content\/uploads\/2024\/04\/9d98f3c0090a48f6fb0c202a34e26dcc19f787dd_Minikino_900x600-1.jpeg 900w, https:\/\/www.alliancefrancaise.cz\/ostrava\/wp-content\/uploads\/2024\/04\/9d98f3c0090a48f6fb0c202a34e26dcc19f787dd_Minikino_900x600-1-460x307.jpeg 460w, https:\/\/www.alliancefrancaise.cz\/ostrava\/wp-content\/uploads\/2024\/04\/9d98f3c0090a48f6fb0c202a34e26dcc19f787dd_Minikino_900x600-1-768x512.jpeg 768w, https:\/\/www.alliancefrancaise.cz\/ostrava\/wp-content\/uploads\/2024\/04\/9d98f3c0090a48f6fb0c202a34e26dcc19f787dd_Minikino_900x600-1-440x294.jpeg 440w\" sizes=\"auto, (max-width: 900px) 100vw, 900px\" \/><\/figure>\n\n\n\n<p><a href=\"https:\/\/www.minikino.cz\/\" target=\"_blank\" rel=\"noopener\">MINIKINO<\/a><\/p>\n","protected":false},"excerpt":{"rendered":"<p>Conservatoire de Leo\u0161 Jan\u00e1\u010dek CONSERVATOIRE DE LEO\u0160 JAN\u00c1\u010cEK Biblioth\u00e8que d\u2019Ostrava BIBLIOTH\u00c8QUE D\u2019OSTRAVA Babylon Caf\u00e9 BABYLON CAF\u00c9 Klub Parn\u00edk CLUB PARN\u00cdK\u00a0est partenaire de l&rsquo;Alliance fran\u00e7aise d&rsquo;Ostrava. La Petite Conversation&#8230;<\/p>\n","protected":false},"author":4,"featured_media":0,"parent":0,"menu_order":0,"comment_status":"closed","ping_status":"closed","template":"","meta":{"_acf_changed":false,"footnotes":""},"class_list":["post-6876","page","type-page","status-publish","hentry"],"acf":[],"_links":{"self":[{"href":"https:\/\/www.alliancefrancaise.cz\/ostrava\/fr\/wp-json\/wp\/v2\/pages\/6876","targetHints":{"allow":["GET"]}}],"collection":[{"href":"https:\/\/www.alliancefrancaise.cz\/ostrava\/fr\/wp-json\/wp\/v2\/pages"}],"about":[{"href":"https:\/\/www.alliancefrancaise.cz\/ostrava\/fr\/wp-json\/wp\/v2\/types\/page"}],"author":[{"embeddable":true,"href":"https:\/\/www.alliancefrancaise.cz\/ostrava\/fr\/wp-json\/wp\/v2\/users\/4"}],"replies":[{"embeddable":true,"href":"https:\/\/www.alliancefrancaise.cz\/ostrava\/fr\/wp-json\/wp\/v2\/comments?post=6876"}],"version-history":[{"count":5,"href":"https:\/\/www.alliancefrancaise.cz\/ostrava\/fr\/wp-json\/wp\/v2\/pages\/6876\/revisions"}],"predecessor-version":[{"id":7487,"href":"https:\/\/www.alliancefrancaise.cz\/ostrava\/fr\/wp-json\/wp\/v2\/pages\/6876\/revisions\/7487"}],"wp:attachment":[{"href":"https:\/\/www.alliancefrancaise.cz\/ostrava\/fr\/wp-json\/wp\/v2\/media?parent=6876"}],"curies":[{"name":"wp","href":"https:\/\/api.w.org\/{rel}","templated":true}]}}