{"id":6915,"date":"2024-03-26T15:48:47","date_gmt":"2024-03-26T14:48:47","guid":{"rendered":"https:\/\/www.alliancefrancaise.cz\/ostrava\/?page_id=6915"},"modified":"2025-03-04T12:13:37","modified_gmt":"2025-03-04T11:13:37","slug":"francophonie","status":"publish","type":"page","link":"https:\/\/www.alliancefrancaise.cz\/ostrava\/fr\/francophonie\/","title":{"rendered":"Francophonie 2025"},"content":{"rendered":"\n<p>Chaque ann\u00e9e la&nbsp;<em>francophonie<\/em>&nbsp;est \u00e0 l\u2019honneur \u00e0 travers des activit\u00e9s et \u00e9v\u00e9nements culturels vari\u00e9s au cours du mois de la francophonie. De clubs de conversations aux ateliers culinaires en passant par des soir\u00e9es cin\u00e9ma fran\u00e7ais, la f\u00eate de la francophonie est l\u2019occasion de d\u00e9couvrir la langue et la culture fran\u00e7aise dans sa diversit\u00e9 et ce dans la bonne humeur et la festivit\u00e9.<\/p>\n\n\n\n<p>Voici le programme de l&rsquo;\u00e9dition 2025 : <\/p>\n\n\n\n<figure class=\"wp-block-image size-large\"><img loading=\"lazy\" decoding=\"async\" width=\"962\" height=\"1360\" src=\"https:\/\/www.alliancefrancaise.cz\/ostrava\/wp-content\/uploads\/2025\/03\/Dny-Frankofonie-2025-962x1360.png\" alt=\"\" class=\"wp-image-8090\" srcset=\"https:\/\/www.alliancefrancaise.cz\/ostrava\/wp-content\/uploads\/2025\/03\/Dny-Frankofonie-2025-962x1360.png 962w, https:\/\/www.alliancefrancaise.cz\/ostrava\/wp-content\/uploads\/2025\/03\/Dny-Frankofonie-2025-325x460.png 325w, https:\/\/www.alliancefrancaise.cz\/ostrava\/wp-content\/uploads\/2025\/03\/Dny-Frankofonie-2025-768x1086.png 768w, https:\/\/www.alliancefrancaise.cz\/ostrava\/wp-content\/uploads\/2025\/03\/Dny-Frankofonie-2025.png 1414w\" sizes=\"auto, (max-width: 962px) 100vw, 962px\" \/><\/figure>\n\n\n\n<p><\/p>\n\n\n\n<p><\/p>\n\n\n\n<p><\/p>\n\n\n\n<p><\/p>\n\n\n\n<p><\/p>\n","protected":false},"excerpt":{"rendered":"<p>Chaque ann\u00e9e la&nbsp;francophonie&nbsp;est \u00e0 l\u2019honneur \u00e0 travers des activit\u00e9s et \u00e9v\u00e9nements culturels vari\u00e9s au cours du mois de la francophonie. De clubs de conversations aux ateliers culinaires en&#8230;<\/p>\n","protected":false},"author":4,"featured_media":0,"parent":0,"menu_order":0,"comment_status":"closed","ping_status":"closed","template":"","meta":{"_acf_changed":false,"footnotes":""},"class_list":["post-6915","page","type-page","status-publish","hentry"],"acf":[],"_links":{"self":[{"href":"https:\/\/www.alliancefrancaise.cz\/ostrava\/fr\/wp-json\/wp\/v2\/pages\/6915","targetHints":{"allow":["GET"]}}],"collection":[{"href":"https:\/\/www.alliancefrancaise.cz\/ostrava\/fr\/wp-json\/wp\/v2\/pages"}],"about":[{"href":"https:\/\/www.alliancefrancaise.cz\/ostrava\/fr\/wp-json\/wp\/v2\/types\/page"}],"author":[{"embeddable":true,"href":"https:\/\/www.alliancefrancaise.cz\/ostrava\/fr\/wp-json\/wp\/v2\/users\/4"}],"replies":[{"embeddable":true,"href":"https:\/\/www.alliancefrancaise.cz\/ostrava\/fr\/wp-json\/wp\/v2\/comments?post=6915"}],"version-history":[{"count":7,"href":"https:\/\/www.alliancefrancaise.cz\/ostrava\/fr\/wp-json\/wp\/v2\/pages\/6915\/revisions"}],"predecessor-version":[{"id":8108,"href":"https:\/\/www.alliancefrancaise.cz\/ostrava\/fr\/wp-json\/wp\/v2\/pages\/6915\/revisions\/8108"}],"wp:attachment":[{"href":"https:\/\/www.alliancefrancaise.cz\/ostrava\/fr\/wp-json\/wp\/v2\/media?parent=6915"}],"curies":[{"name":"wp","href":"https:\/\/api.w.org\/{rel}","templated":true}]}}